{"id":993,"date":"2023-03-24T09:20:33","date_gmt":"2023-03-24T09:20:33","guid":{"rendered":"https:\/\/kalixlinjen.se\/?page_id=993"},"modified":"2025-05-08T08:37:39","modified_gmt":"2025-05-08T08:37:39","slug":"digitalisering","status":"publish","type":"page","link":"https:\/\/kalixlinjen.se\/en\/digitalisering\/","title":{"rendered":"Digitization"},"content":{"rendered":"<div data-colibri-id=\"993-c1\" class=\"style-701 style-local-993-c1 position-relative\">\n  <!---->\n  <div data-colibri-component=\"section\" data-colibri-id=\"993-c2\" id=\"features\" class=\"h-section h-section-global-spacing d-flex align-items-lg-center align-items-md-center align-items-center style-702 style-local-993-c2 position-relative\">\n    <!---->\n    <!---->\n    <div class=\"h-section-grid-container h-section-boxed-container\">\n      <div data-colibri-id=\"993-c22\" class=\"h-row-container gutters-row-lg-2 gutters-row-md-2 gutters-row-2 gutters-row-v-lg-2 gutters-row-v-md-2 gutters-row-v-2 style-710 style-local-993-c22 position-relative\">\n        <!---->\n        <div class=\"h-row justify-content-lg-center justify-content-md-center justify-content-center align-items-lg-stretch align-items-md-stretch align-items-stretch gutters-col-lg-2 gutters-col-md-2 gutters-col-2 gutters-col-v-lg-2 gutters-col-v-md-2 gutters-col-v-2\">\n          <!---->\n          <div class=\"h-column h-column-container d-flex h-col-lg-auto h-col-md-auto h-col-auto style-711-outer style-local-993-c23-outer\">\n            <div data-colibri-id=\"993-c23\" class=\"d-flex h-flex-basis h-column__inner h-px-lg-2 h-px-md-2 h-px-2 v-inner-lg-2 v-inner-md-2 v-inner-2 style-711 style-local-993-c23 position-relative\">\n              <!---->\n              <!---->\n              <div class=\"w-100 h-y-container h-column__content h-column__v-align flex-basis-100 align-self-lg-start align-self-md-start align-self-start\">\n                <!---->\n                <div data-colibri-id=\"993-c24\" class=\"h-global-transition-all h-heading style-712 style-local-993-c24 position-relative h-element\">\n                  <!---->\n                  <div class=\"h-heading__outer style-712 style-local-993-c24\">\n                    <!---->\n                    <!---->\n                    <h1 class=\"\">Digitalization in progress!<\/h1>\n                  <\/div>\n                <\/div>\n                <div data-colibri-id=\"993-c25\" class=\"h-text h-text-component style-713 style-local-993-c25 position-relative h-element\">\n                  <!---->\n                  <!---->\n                  <div class=\"\">\n                    <p>Kalixlinjens museum har tack vare beviljade medel fr\u00e5n\n                      <a href=\"https:\/\/www.kulturradet.se\" target=\"_blank\" class=\"customize-unpreviewable\" draggable=\"false\">the Cultural council,<\/a>&nbsp;and\n                      <a href=\"https:\/\/www.raa.se\" class=\"customize-unpreviewable\" draggable=\"false\" target=\"_blank\">Riksantikvarie\u00e4mbetet<\/a> f\u00f6r att p\u00e5b\u00f6rja&nbsp;och sedan utveckla arbetet med att digitalisera museet.\n                      <br>Our goal is to ensure that even those who cannot visit us in person will be able to experience the items we display.&nbsp;\n                      <br>Fordonen \u00e4r inventerade och de flesta presenterade h\u00e4r p\u00e5 hemsidan, och stor m\u00e4ngd av v\u00e5rt utst\u00e4llningsmaterial p\u00e5 plats \u00e4r omarbetat och dessutom \u00f6versatt till engelska.&nbsp;\n                      <br>\n                      <br>We also aim to preserve the memories from the Kalix line during the preparedness period and the Cold War.&nbsp;\n                      <br>Do you, or anyone close to you, have memories you would like to be preserved for future generations?<\/p>\n                  <\/div>\n                <\/div>\n              <\/div>\n            <\/div>\n          <\/div>\n        <\/div>\n      <\/div>\n      <div data-colibri-id=\"993-c3\" class=\"h-row-container gutters-row-lg-2 gutters-row-md-2 gutters-row-2 gutters-row-v-lg-2 gutters-row-v-md-2 gutters-row-v-2 style-703 style-local-993-c3 position-relative\">\n        <!---->\n        <div class=\"h-row justify-content-lg-center justify-content-md-center justify-content-center align-items-lg-stretch align-items-md-stretch align-items-stretch gutters-col-lg-2 gutters-col-md-2 gutters-col-2 gutters-col-v-lg-2 gutters-col-v-md-2 gutters-col-v-2\">\n          <!---->\n          <div class=\"h-column h-column-container d-flex h-col-lg-4 h-col-md-6 h-col-12 style-704-outer style-local-993-c4-outer\">\n            <div data-colibri-id=\"993-c4\" class=\"d-flex h-flex-basis h-column__inner h-px-lg-0 h-px-md-0 h-px-0 v-inner-lg-0 v-inner-md-0 v-inner-0 style-704 style-local-993-c4 position-relative\">\n              <!---->\n              <!---->\n              <div class=\"w-100 h-y-container h-column__content h-column__v-align flex-basis-100 align-self-lg-start align-self-md-start align-self-start\">\n                <!---->\n                <div data-colibri-id=\"993-c5\" class=\"d-block style-705 style-local-993-c5 position-relative h-element\">\n                  <!---->\n                  <div class=\"h-image__frame-container-outer\">\n                    <div class=\"h-image__frame-container\">\n                      <!---->\n                      <!---->\n                      <img loading=\"lazy\" decoding=\"async\" width=\"2516\" height=\"1911\" src=\"https:\/\/kalixlinjen.se\/wp-content\/uploads\/2023\/03\/cropped-UDY450-029-scaled-1.jpg\" class=\"wp-image-997 style-705-image style-local-993-c5-image\" alt=\"\" srcset=\"https:\/\/kalixlinjen.se\/wp-content\/uploads\/2023\/03\/cropped-UDY450-029-scaled-1.jpg 2516w, https:\/\/kalixlinjen.se\/wp-content\/uploads\/2023\/03\/cropped-UDY450-029-scaled-1-300x228.jpg 300w, https:\/\/kalixlinjen.se\/wp-content\/uploads\/2023\/03\/cropped-UDY450-029-scaled-1-1024x778.jpg 1024w, https:\/\/kalixlinjen.se\/wp-content\/uploads\/2023\/03\/cropped-UDY450-029-scaled-1-768x583.jpg 768w, https:\/\/kalixlinjen.se\/wp-content\/uploads\/2023\/03\/cropped-UDY450-029-scaled-1-1536x1167.jpg 1536w, https:\/\/kalixlinjen.se\/wp-content\/uploads\/2023\/03\/cropped-UDY450-029-scaled-1-2048x1556.jpg 2048w\" sizes=\"auto, (max-width: 2516px) 100vw, 2516px\" \/>\n                      <div class=\"h-image__frame h-hide-lg h-hide-md h-hide-sm style-705-frameImage style-local-993-c5-frameImage\"><\/div>\n                    <\/div>\n                  <\/div>\n                <\/div>\n                <div data-colibri-id=\"993-c6\" class=\"h-global-transition-all h-heading style-706 style-local-993-c6 position-relative h-element\">\n                  <!---->\n                  <div class=\"h-heading__outer style-706 style-local-993-c6\">\n                    <!---->\n                    <!---->\n                    <h4 class=\"\">Vehicles<\/h4>\n                  <\/div>\n                <\/div>\n                <div data-colibri-id=\"993-c7\" class=\"h-text h-text-component style-707 style-local-993-c7 position-relative h-element\">\n                  <!---->\n                  <!---->\n                  <div class=\"\">\n                    <p>There are around 60 vehicles displayed on the site.&nbsp;\n                      <br>We are working on photographing and compiling materials.&nbsp;<\/p>\n                  <\/div>\n                <\/div>\n                <div data-colibri-id=\"993-c8\" class=\"h-x-container style-708 style-local-993-c8 position-relative h-element\">\n                  <!---->\n                  <div class=\"h-x-container-inner style-dynamic-993-c8-group style-708-spacing style-local-993-c8-spacing\"><span class=\"h-link__outer style-709-outer style-local-993-c9-outer d-inline-flex h-element\"><a h-use-smooth-scroll=\"true\" href=\"https:\/\/kalixlinjen.se\/en\/fordon\/\"  data-colibri-id=\"993-c9\" class=\"d-flex w-100 align-items-center h-link style-709 style-local-993-c9 position-relative\"><!----><!----> <span>read more<\/span><\/a>\n                    <\/span>\n                  <\/div>\n                <\/div>\n              <\/div>\n            <\/div>\n          <\/div>\n          <div class=\"h-column h-column-container d-flex h-col-lg-4 h-col-md-6 h-col-12 style-704-outer style-local-993-c10-outer\">\n            <div data-colibri-id=\"993-c10\" class=\"d-flex h-flex-basis h-column__inner h-px-lg-0 h-px-md-0 h-px-0 v-inner-lg-0 v-inner-md-0 v-inner-0 style-704 style-local-993-c10 position-relative\">\n              <!---->\n              <!---->\n              <div class=\"w-100 h-y-container h-column__content h-column__v-align flex-basis-100 align-self-lg-start align-self-md-start align-self-start\">\n                <!---->\n                <div data-colibri-id=\"993-c11\" class=\"d-block style-705 style-local-993-c11 position-relative h-element\">\n                  <!---->\n                  <div class=\"h-image__frame-container-outer\">\n                    <div class=\"h-image__frame-container\">\n                      <!---->\n                      <!---->\n                      <img loading=\"lazy\" decoding=\"async\" width=\"1920\" height=\"1783\" src=\"https:\/\/kalixlinjen.se\/wp-content\/uploads\/2023\/03\/cropped-IMG_20220929_104234-scaled-1.jpg\" class=\"wp-image-998 style-705-image style-local-993-c11-image\" alt=\"\" srcset=\"https:\/\/kalixlinjen.se\/wp-content\/uploads\/2023\/03\/cropped-IMG_20220929_104234-scaled-1.jpg 1920w, https:\/\/kalixlinjen.se\/wp-content\/uploads\/2023\/03\/cropped-IMG_20220929_104234-scaled-1-300x279.jpg 300w, https:\/\/kalixlinjen.se\/wp-content\/uploads\/2023\/03\/cropped-IMG_20220929_104234-scaled-1-1024x951.jpg 1024w, https:\/\/kalixlinjen.se\/wp-content\/uploads\/2023\/03\/cropped-IMG_20220929_104234-scaled-1-768x713.jpg 768w, https:\/\/kalixlinjen.se\/wp-content\/uploads\/2023\/03\/cropped-IMG_20220929_104234-scaled-1-1536x1426.jpg 1536w\" sizes=\"auto, (max-width: 1920px) 100vw, 1920px\" \/>\n                      <div class=\"h-image__frame h-hide-lg h-hide-md h-hide-sm style-705-frameImage style-local-993-c11-frameImage\"><\/div>\n                    <\/div>\n                  <\/div>\n                <\/div>\n                <div data-colibri-id=\"993-c12\" class=\"h-global-transition-all h-heading style-706 style-local-993-c12 position-relative h-element\">\n                  <!---->\n                  <div class=\"h-heading__outer style-706 style-local-993-c12\">\n                    <!---->\n                    <!---->\n                    <h4 class=\"\">Equipment and buildings<\/h4>\n                  <\/div>\n                <\/div>\n                <div data-colibri-id=\"993-c13\" class=\"h-text h-text-component style-707 style-local-993-c13 position-relative h-element\">\n                  <!---->\n                  <!---->\n                  <div class=\"\">\n                    <p>In the buildings on the site, we have collected equipment and supplies that were used during Kalixlinjen's active period.&nbsp;<\/p>\n                  <\/div>\n                <\/div>\n                <div data-colibri-id=\"993-c14\" class=\"h-x-container style-708 style-local-993-c14 position-relative h-element\">\n                  <!---->\n                  <div class=\"h-x-container-inner style-dynamic-993-c14-group style-708-spacing style-local-993-c14-spacing\"><span class=\"h-link__outer style-709-outer style-local-993-c15-outer d-inline-flex h-element\"><a h-use-smooth-scroll=\"true\" href=\"https:\/\/kalixlinjen.se\/en\/materiel-och-byggnader\/\"  data-colibri-id=\"993-c15\" class=\"d-flex w-100 align-items-center h-link style-709 style-local-993-c15 position-relative\"><!----><!----> <span>read more<\/span><\/a>\n                    <\/span>\n                  <\/div>\n                <\/div>\n              <\/div>\n            <\/div>\n          <\/div>\n          <div class=\"h-column h-column-container d-flex h-col-lg-4 h-col-md-6 h-col-12 style-704-outer style-local-993-c16-outer\">\n            <div data-colibri-id=\"993-c16\" class=\"d-flex h-flex-basis h-column__inner h-px-lg-0 h-px-md-0 h-px-0 v-inner-lg-0 v-inner-md-0 v-inner-0 style-704 style-local-993-c16 position-relative\">\n              <!---->\n              <!---->\n              <div class=\"w-100 h-y-container h-column__content h-column__v-align flex-basis-100 align-self-lg-start align-self-md-start align-self-start\">\n                <!---->\n                <div data-colibri-id=\"993-c17\" class=\"d-block style-705 style-local-993-c17 position-relative h-element\">\n                  <!---->\n                  <div class=\"h-image__frame-container-outer\">\n                    <div class=\"h-image__frame-container\">\n                      <!---->\n                      <!---->\n                      <img loading=\"lazy\" decoding=\"async\" width=\"919\" height=\"716\" src=\"https:\/\/kalixlinjen.se\/wp-content\/uploads\/2023\/03\/cropped-minne.png\" class=\"wp-image-1000 style-705-image style-local-993-c17-image\" alt=\"\" srcset=\"https:\/\/kalixlinjen.se\/wp-content\/uploads\/2023\/03\/cropped-minne.png 919w, https:\/\/kalixlinjen.se\/wp-content\/uploads\/2023\/03\/cropped-minne-300x234.png 300w, https:\/\/kalixlinjen.se\/wp-content\/uploads\/2023\/03\/cropped-minne-768x598.png 768w\" sizes=\"auto, (max-width: 919px) 100vw, 919px\" \/>\n                      <div class=\"h-image__frame h-hide-lg h-hide-md h-hide-sm style-705-frameImage style-local-993-c17-frameImage\"><\/div>\n                    <\/div>\n                  <\/div>\n                <\/div>\n                <div data-colibri-id=\"993-c18\" class=\"h-global-transition-all h-heading style-706 style-local-993-c18 position-relative h-element\">\n                  <!---->\n                  <div class=\"h-heading__outer style-706 style-local-993-c18\">\n                    <!---->\n                    <!---->\n                    <h4 class=\"\">Memories<\/h4>\n                  <\/div>\n                <\/div>\n                <div data-colibri-id=\"993-c19\" class=\"h-text h-text-component style-707 style-local-993-c19 position-relative h-element\">\n                  <!---->\n                  <!---->\n                  <div class=\"\">\n                    <p>Would you like to contribute to the memory bank?\n                      <br>\n                    <\/p>\n                  <\/div>\n                <\/div>\n                <div data-colibri-id=\"993-c20\" class=\"h-x-container style-708 style-local-993-c20 position-relative h-element\">\n                  <!---->\n                  <div class=\"h-x-container-inner style-dynamic-993-c20-group style-708-spacing style-local-993-c20-spacing\"><span class=\"h-link__outer style-709-outer style-local-993-c21-outer d-inline-flex h-element\"><a h-use-smooth-scroll=\"true\" href=\"https:\/\/kalixlinjen.se\/en\/minnen\/\"  data-colibri-id=\"993-c21\" class=\"d-flex w-100 align-items-center h-link style-709 style-local-993-c21 position-relative\"><!----><!----> <span>read more<\/span><\/a>\n                    <\/span>\n                  <\/div>\n                <\/div>\n              <\/div>\n            <\/div>\n          <\/div>\n        <\/div>\n      <\/div>\n    <\/div>\n  <\/div>\n<\/div>","protected":false},"excerpt":{"rendered":"<p>Digitalisering p\u00e5g\u00e5r! Kalixlinjens museum har tack vare beviljade medel fr\u00e5n Kulturr\u00e5det&nbsp;och Riksantikvarie\u00e4mbetet f\u00f6r att p\u00e5b\u00f6rja&nbsp;och sedan utveckla arbetet med att digitalisera museet. V\u00e5rt m\u00e5l \u00e4r att \u00e4ven ni som inte kan bes\u00f6ka oss fysiskt, ska kunna ta del av de f\u00f6rem\u00e5l vi st\u00e4ller ut.&nbsp; Fordonen \u00e4r inventerade och de flesta presenterade h\u00e4r p\u00e5 hemsidan, och [&hellip;]<\/p>\n","protected":false},"author":1,"featured_media":0,"parent":0,"menu_order":0,"comment_status":"closed","ping_status":"closed","template":"page-templates\/full-width-page.php","meta":{"_kadence_starter_templates_imported_post":false,"footnotes":""},"class_list":["post-993","page","type-page","status-publish","hentry"],"yoast_head":"<!-- This site is optimized with the Yoast SEO plugin v27.4 - https:\/\/yoast.com\/product\/yoast-seo-wordpress\/ -->\n<title>Digitalisering - Kalixlinjens museum<\/title>\n<meta name=\"robots\" content=\"index, follow, max-snippet:-1, max-image-preview:large, max-video-preview:-1\" \/>\n<link rel=\"canonical\" href=\"https:\/\/kalixlinjen.se\/en\/digitalisering\/\" \/>\n<meta property=\"og:locale\" content=\"en_GB\" \/>\n<meta property=\"og:type\" content=\"article\" \/>\n<meta property=\"og:title\" content=\"Digitalisering - Kalixlinjens museum\" \/>\n<meta property=\"og:description\" content=\"Digitalisering p\u00e5g\u00e5r! Kalixlinjens museum har tack vare beviljade medel fr\u00e5n Kulturr\u00e5det&nbsp;och Riksantikvarie\u00e4mbetet f\u00f6r att p\u00e5b\u00f6rja&nbsp;och sedan utveckla arbetet med att digitalisera museet. V\u00e5rt m\u00e5l \u00e4r att \u00e4ven ni som inte kan bes\u00f6ka oss fysiskt, ska kunna ta del av de f\u00f6rem\u00e5l vi st\u00e4ller ut.&nbsp; Fordonen \u00e4r inventerade och de flesta presenterade h\u00e4r p\u00e5 hemsidan, och [&hellip;]\" \/>\n<meta property=\"og:url\" content=\"https:\/\/kalixlinjen.se\/en\/digitalisering\/\" \/>\n<meta property=\"og:site_name\" content=\"Kalixlinjens museum\" \/>\n<meta property=\"article:publisher\" content=\"https:\/\/www.facebook.com\/kalixlinjensmuseum\" \/>\n<meta property=\"article:modified_time\" content=\"2025-05-08T08:37:39+00:00\" \/>\n<meta property=\"og:image\" content=\"https:\/\/kalixlinjen.se\/wp-content\/uploads\/2023\/03\/cropped-UDY450-029-scaled-1.jpg\" \/>\n\t<meta property=\"og:image:width\" content=\"2516\" \/>\n\t<meta property=\"og:image:height\" content=\"1911\" \/>\n\t<meta property=\"og:image:type\" content=\"image\/jpeg\" \/>\n<meta name=\"twitter:card\" content=\"summary_large_image\" \/>\n<meta name=\"twitter:label1\" content=\"Estimated reading time\" \/>\n\t<meta name=\"twitter:data1\" content=\"1 minute\" \/>\n<script type=\"application\/ld+json\" class=\"yoast-schema-graph\">{\"@context\":\"https:\\\/\\\/schema.org\",\"@graph\":[{\"@type\":\"WebPage\",\"@id\":\"https:\\\/\\\/kalixlinjen.se\\\/digitalisering\\\/\",\"url\":\"https:\\\/\\\/kalixlinjen.se\\\/digitalisering\\\/\",\"name\":\"Digitalisering - Kalixlinjens museum\",\"isPartOf\":{\"@id\":\"https:\\\/\\\/kalixlinjen.se\\\/#website\"},\"primaryImageOfPage\":{\"@id\":\"https:\\\/\\\/kalixlinjen.se\\\/digitalisering\\\/#primaryimage\"},\"image\":{\"@id\":\"https:\\\/\\\/kalixlinjen.se\\\/digitalisering\\\/#primaryimage\"},\"thumbnailUrl\":\"https:\\\/\\\/kalixlinjen.se\\\/wp-content\\\/uploads\\\/2023\\\/03\\\/cropped-UDY450-029-scaled-1.jpg\",\"datePublished\":\"2023-03-24T09:20:33+00:00\",\"dateModified\":\"2025-05-08T08:37:39+00:00\",\"breadcrumb\":{\"@id\":\"https:\\\/\\\/kalixlinjen.se\\\/digitalisering\\\/#breadcrumb\"},\"inLanguage\":\"en-GB\",\"potentialAction\":[{\"@type\":\"ReadAction\",\"target\":[\"https:\\\/\\\/kalixlinjen.se\\\/digitalisering\\\/\"]}]},{\"@type\":\"ImageObject\",\"inLanguage\":\"en-GB\",\"@id\":\"https:\\\/\\\/kalixlinjen.se\\\/digitalisering\\\/#primaryimage\",\"url\":\"https:\\\/\\\/kalixlinjen.se\\\/wp-content\\\/uploads\\\/2023\\\/03\\\/cropped-UDY450-029-scaled-1.jpg\",\"contentUrl\":\"https:\\\/\\\/kalixlinjen.se\\\/wp-content\\\/uploads\\\/2023\\\/03\\\/cropped-UDY450-029-scaled-1.jpg\"},{\"@type\":\"BreadcrumbList\",\"@id\":\"https:\\\/\\\/kalixlinjen.se\\\/digitalisering\\\/#breadcrumb\",\"itemListElement\":[{\"@type\":\"ListItem\",\"position\":1,\"name\":\"Hem\",\"item\":\"https:\\\/\\\/kalixlinjen.se\\\/\"},{\"@type\":\"ListItem\",\"position\":2,\"name\":\"Digitalisering\"}]},{\"@type\":\"WebSite\",\"@id\":\"https:\\\/\\\/kalixlinjen.se\\\/#website\",\"url\":\"https:\\\/\\\/kalixlinjen.se\\\/\",\"name\":\"Kalixlinjens museum\",\"description\":\"St\u00f6rst och hemligast!\",\"publisher\":{\"@id\":\"https:\\\/\\\/kalixlinjen.se\\\/#organization\"},\"potentialAction\":[{\"@type\":\"SearchAction\",\"target\":{\"@type\":\"EntryPoint\",\"urlTemplate\":\"https:\\\/\\\/kalixlinjen.se\\\/?s={search_term_string}\"},\"query-input\":{\"@type\":\"PropertyValueSpecification\",\"valueRequired\":true,\"valueName\":\"search_term_string\"}}],\"inLanguage\":\"en-GB\"},{\"@type\":\"Organization\",\"@id\":\"https:\\\/\\\/kalixlinjen.se\\\/#organization\",\"name\":\"Kalixlinjens museum\",\"url\":\"https:\\\/\\\/kalixlinjen.se\\\/\",\"logo\":{\"@type\":\"ImageObject\",\"inLanguage\":\"en-GB\",\"@id\":\"https:\\\/\\\/kalixlinjen.se\\\/#\\\/schema\\\/logo\\\/image\\\/\",\"url\":\"https:\\\/\\\/kalixlinjen.se\\\/wp-content\\\/uploads\\\/2022\\\/11\\\/cropped-cropped-cropped-cropped-loggo.png\",\"contentUrl\":\"https:\\\/\\\/kalixlinjen.se\\\/wp-content\\\/uploads\\\/2022\\\/11\\\/cropped-cropped-cropped-cropped-loggo.png\",\"width\":512,\"height\":512,\"caption\":\"Kalixlinjens museum\"},\"image\":{\"@id\":\"https:\\\/\\\/kalixlinjen.se\\\/#\\\/schema\\\/logo\\\/image\\\/\"},\"sameAs\":[\"https:\\\/\\\/www.facebook.com\\\/kalixlinjensmuseum\",\"https:\\\/\\\/www.instagram.com\\\/kalixlinjens_museum\\\/\"]}]}<\/script>\n<!-- \/ Yoast SEO plugin. -->","yoast_head_json":{"title":"Digitalisering - Kalixlinjens museum","robots":{"index":"index","follow":"follow","max-snippet":"max-snippet:-1","max-image-preview":"max-image-preview:large","max-video-preview":"max-video-preview:-1"},"canonical":"https:\/\/kalixlinjen.se\/en\/digitalisering\/","og_locale":"en_GB","og_type":"article","og_title":"Digitalisering - Kalixlinjens museum","og_description":"Digitalisering p\u00e5g\u00e5r! Kalixlinjens museum har tack vare beviljade medel fr\u00e5n Kulturr\u00e5det&nbsp;och Riksantikvarie\u00e4mbetet f\u00f6r att p\u00e5b\u00f6rja&nbsp;och sedan utveckla arbetet med att digitalisera museet. V\u00e5rt m\u00e5l \u00e4r att \u00e4ven ni som inte kan bes\u00f6ka oss fysiskt, ska kunna ta del av de f\u00f6rem\u00e5l vi st\u00e4ller ut.&nbsp; Fordonen \u00e4r inventerade och de flesta presenterade h\u00e4r p\u00e5 hemsidan, och [&hellip;]","og_url":"https:\/\/kalixlinjen.se\/en\/digitalisering\/","og_site_name":"Kalixlinjens museum","article_publisher":"https:\/\/www.facebook.com\/kalixlinjensmuseum","article_modified_time":"2025-05-08T08:37:39+00:00","og_image":[{"width":2516,"height":1911,"url":"https:\/\/kalixlinjen.se\/wp-content\/uploads\/2023\/03\/cropped-UDY450-029-scaled-1.jpg","type":"image\/jpeg"}],"twitter_card":"summary_large_image","twitter_misc":{"Estimated reading time":"1 minute"},"schema":{"@context":"https:\/\/schema.org","@graph":[{"@type":"WebPage","@id":"https:\/\/kalixlinjen.se\/digitalisering\/","url":"https:\/\/kalixlinjen.se\/digitalisering\/","name":"Digitalisering - Kalixlinjens museum","isPartOf":{"@id":"https:\/\/kalixlinjen.se\/#website"},"primaryImageOfPage":{"@id":"https:\/\/kalixlinjen.se\/digitalisering\/#primaryimage"},"image":{"@id":"https:\/\/kalixlinjen.se\/digitalisering\/#primaryimage"},"thumbnailUrl":"https:\/\/kalixlinjen.se\/wp-content\/uploads\/2023\/03\/cropped-UDY450-029-scaled-1.jpg","datePublished":"2023-03-24T09:20:33+00:00","dateModified":"2025-05-08T08:37:39+00:00","breadcrumb":{"@id":"https:\/\/kalixlinjen.se\/digitalisering\/#breadcrumb"},"inLanguage":"en-GB","potentialAction":[{"@type":"ReadAction","target":["https:\/\/kalixlinjen.se\/digitalisering\/"]}]},{"@type":"ImageObject","inLanguage":"en-GB","@id":"https:\/\/kalixlinjen.se\/digitalisering\/#primaryimage","url":"https:\/\/kalixlinjen.se\/wp-content\/uploads\/2023\/03\/cropped-UDY450-029-scaled-1.jpg","contentUrl":"https:\/\/kalixlinjen.se\/wp-content\/uploads\/2023\/03\/cropped-UDY450-029-scaled-1.jpg"},{"@type":"BreadcrumbList","@id":"https:\/\/kalixlinjen.se\/digitalisering\/#breadcrumb","itemListElement":[{"@type":"ListItem","position":1,"name":"Hem","item":"https:\/\/kalixlinjen.se\/"},{"@type":"ListItem","position":2,"name":"Digitalisering"}]},{"@type":"WebSite","@id":"https:\/\/kalixlinjen.se\/#website","url":"https:\/\/kalixlinjen.se\/","name":"The Kalix line museum","description":"St\u00f6rst och hemligast!","publisher":{"@id":"https:\/\/kalixlinjen.se\/#organization"},"potentialAction":[{"@type":"SearchAction","target":{"@type":"EntryPoint","urlTemplate":"https:\/\/kalixlinjen.se\/?s={search_term_string}"},"query-input":{"@type":"PropertyValueSpecification","valueRequired":true,"valueName":"search_term_string"}}],"inLanguage":"en-GB"},{"@type":"Organization","@id":"https:\/\/kalixlinjen.se\/#organization","name":"The Kalix line museum","url":"https:\/\/kalixlinjen.se\/","logo":{"@type":"ImageObject","inLanguage":"en-GB","@id":"https:\/\/kalixlinjen.se\/#\/schema\/logo\/image\/","url":"https:\/\/kalixlinjen.se\/wp-content\/uploads\/2022\/11\/cropped-cropped-cropped-cropped-loggo.png","contentUrl":"https:\/\/kalixlinjen.se\/wp-content\/uploads\/2022\/11\/cropped-cropped-cropped-cropped-loggo.png","width":512,"height":512,"caption":"Kalixlinjens museum"},"image":{"@id":"https:\/\/kalixlinjen.se\/#\/schema\/logo\/image\/"},"sameAs":["https:\/\/www.facebook.com\/kalixlinjensmuseum","https:\/\/www.instagram.com\/kalixlinjens_museum\/"]}]}},"_links":{"self":[{"href":"https:\/\/kalixlinjen.se\/en\/wp-json\/wp\/v2\/pages\/993","targetHints":{"allow":["GET"]}}],"collection":[{"href":"https:\/\/kalixlinjen.se\/en\/wp-json\/wp\/v2\/pages"}],"about":[{"href":"https:\/\/kalixlinjen.se\/en\/wp-json\/wp\/v2\/types\/page"}],"author":[{"embeddable":true,"href":"https:\/\/kalixlinjen.se\/en\/wp-json\/wp\/v2\/users\/1"}],"replies":[{"embeddable":true,"href":"https:\/\/kalixlinjen.se\/en\/wp-json\/wp\/v2\/comments?post=993"}],"version-history":[{"count":19,"href":"https:\/\/kalixlinjen.se\/en\/wp-json\/wp\/v2\/pages\/993\/revisions"}],"predecessor-version":[{"id":5986,"href":"https:\/\/kalixlinjen.se\/en\/wp-json\/wp\/v2\/pages\/993\/revisions\/5986"}],"wp:attachment":[{"href":"https:\/\/kalixlinjen.se\/en\/wp-json\/wp\/v2\/media?parent=993"}],"curies":[{"name":"wp","href":"https:\/\/api.w.org\/{rel}","templated":true}]}}