{"id":798,"date":"2023-03-09T13:40:49","date_gmt":"2023-03-09T13:40:49","guid":{"rendered":"https:\/\/kalixlinjen.se\/?page_id=798"},"modified":"2023-12-13T09:08:55","modified_gmt":"2023-12-13T09:08:55","slug":"oppettider-och-pris","status":"publish","type":"page","link":"https:\/\/kalixlinjen.se\/en\/oppettider-och-pris\/","title":{"rendered":"Opening hours and admission fee"},"content":{"rendered":"<div data-colibri-id=\"798-c1\" class=\"style-613 style-local-798-c1 position-relative\">\n  <!---->\n  <div data-colibri-component=\"section\" data-colibri-id=\"798-c2\" id=\"custom\" class=\"h-section h-section-global-spacing d-flex align-items-lg-center align-items-md-center align-items-center style-614 style-local-798-c2 position-relative\">\n    <!---->\n    <!---->\n    <div class=\"h-section-grid-container h-section-boxed-container\">\n      <!---->\n      <div data-colibri-id=\"798-c3\" class=\"h-row-container gutters-row-lg-2 gutters-row-md-2 gutters-row-0 gutters-row-v-lg-2 gutters-row-v-md-2 gutters-row-v-2 style-640 style-local-798-c3 position-relative\">\n        <!---->\n        <div class=\"h-row justify-content-lg-center justify-content-md-center justify-content-center align-items-lg-stretch align-items-md-stretch align-items-stretch gutters-col-lg-2 gutters-col-md-2 gutters-col-0 gutters-col-v-lg-2 gutters-col-v-md-2 gutters-col-v-2\">\n          <!---->\n          <div class=\"h-column h-column-container d-flex h-col-lg-auto h-col-md-auto h-col-auto style-641-outer style-local-798-c4-outer\">\n            <div data-colibri-id=\"798-c4\" class=\"d-flex h-flex-basis h-column__inner h-px-lg-2 h-px-md-2 h-px-2 v-inner-lg-2 v-inner-md-2 v-inner-2 style-641 style-local-798-c4 position-relative\">\n              <!---->\n              <!---->\n              <div class=\"w-100 h-y-container h-column__content h-column__v-align flex-basis-100 align-self-lg-start align-self-md-start align-self-start\">\n                <!---->\n                <div data-colibri-id=\"798-c5\" class=\"h-global-transition-all h-heading style-643 style-local-798-c5 position-relative h-element\">\n                  <!---->\n                  <div class=\"h-heading__outer style-643 style-local-798-c5\">\n                    <!---->\n                    <!---->\n                    <h1 class=\"\">Opening hours and entrance fee<\/h1>\n                  <\/div>\n                <\/div>\n              <\/div>\n            <\/div>\n          <\/div>\n        <\/div>\n      <\/div>\n      <div data-colibri-id=\"798-c6\" class=\"h-row-container gutters-row-lg-2 gutters-row-md-2 gutters-row-0 gutters-row-v-lg-2 gutters-row-v-md-2 gutters-row-v-2 style-615 style-local-798-c6 position-relative\">\n        <!---->\n        <div class=\"h-row justify-content-lg-center justify-content-md-center justify-content-center align-items-lg-stretch align-items-md-stretch align-items-stretch gutters-col-lg-2 gutters-col-md-2 gutters-col-0 gutters-col-v-lg-2 gutters-col-v-md-2 gutters-col-v-2\">\n          <!---->\n          <div class=\"h-column h-column-container d-flex h-col-lg-auto h-col-md-auto h-col-auto style-616-outer style-local-798-c7-outer\">\n            <div data-colibri-id=\"798-c7\" class=\"d-flex h-flex-basis h-column__inner h-px-lg-2 h-px-md-2 h-px-2 v-inner-lg-2 v-inner-md-2 v-inner-2 style-616 style-local-798-c7 position-relative\">\n              <!---->\n              <!---->\n              <div class=\"w-100 h-y-container h-column__content h-column__v-align flex-basis-100 align-self-lg-start align-self-md-start align-self-start\">\n                <!---->\n                <div data-colibri-id=\"798-c8\" class=\"h-text h-text-component style-637 style-local-798-c8 position-relative h-element\">\n                  <!---->\n                  <!---->\n                  <div class=\"\">\n                    <p>Our outdoor exhibition is open 24\/7, all year round!&nbsp;<\/p>\n                    <p>If you want to view the indoor exhibitions, you need to call a day in advance, and we will unlock for you.&nbsp;<\/p>\n                    <p>You also have the option to book a one-hour guided tour for 360 SEK\/person. This is available Thursday-Sunday, please book a few days in advance!&nbsp;&nbsp;<\/p>\n                  <\/div>\n                <\/div>\n              <\/div>\n            <\/div>\n          <\/div>\n          <div class=\"h-column h-column-container d-flex h-col-lg-auto h-col-md-auto h-col-auto style-617-outer style-local-798-c9-outer\">\n            <div data-colibri-id=\"798-c9\" class=\"d-flex h-flex-basis h-column__inner h-px-lg-2 h-px-md-2 h-px-2 v-inner-lg-2 v-inner-md-2 v-inner-2 style-617 style-local-798-c9 position-relative\">\n              <!---->\n              <!---->\n              <div class=\"w-100 h-y-container h-column__content h-column__v-align flex-basis-100 align-self-lg-start align-self-md-start align-self-start\">\n                <!---->\n                <div data-colibri-id=\"798-c10\" class=\"d-block style-639 style-local-798-c10 position-relative h-element\">\n                  <!---->\n                  <div class=\"h-image__frame-container-outer\">\n                    <div class=\"h-image__frame-container\">\n                      <!---->\n                      <!---->\n                      <img loading=\"lazy\" decoding=\"async\" width=\"325\" height=\"325\" src=\"https:\/\/kalixlinjen.se\/wp-content\/uploads\/2023\/03\/cropped-cropped-cropped-letka.jpg\" class=\"wp-image-801 style-639-image style-local-798-c10-image\" alt=\"\" srcset=\"https:\/\/kalixlinjen.se\/wp-content\/uploads\/2023\/03\/cropped-cropped-cropped-letka.jpg 325w, https:\/\/kalixlinjen.se\/wp-content\/uploads\/2023\/03\/cropped-cropped-cropped-letka-300x300.jpg 300w, https:\/\/kalixlinjen.se\/wp-content\/uploads\/2023\/03\/cropped-cropped-cropped-letka-150x150.jpg 150w\" sizes=\"auto, (max-width: 325px) 100vw, 325px\" \/>\n                      <div class=\"h-image__frame h-hide-lg h-hide-md h-hide-sm style-639-frameImage style-local-798-c10-frameImage\"><\/div>\n                    <\/div>\n                  <\/div>\n                <\/div>\n                <div data-colibri-id=\"798-c11\" class=\"h-text h-text-component style-636 style-local-798-c11 position-relative h-element\">\n                  <!---->\n                  <!---->\n                  <div class=\"\">\n                    <p>Personnel carrier 903 Lapland - \"valp\" (\"puppy\")<\/p>\n                  <\/div>\n                <\/div>\n              <\/div>\n            <\/div>\n          <\/div>\n          <div class=\"h-column h-column-container d-flex h-col-lg-auto h-col-md-auto h-col-auto style-618-outer style-local-798-c12-outer\">\n            <div data-colibri-id=\"798-c12\" class=\"d-flex h-flex-basis h-column__inner h-px-lg-2 h-px-md-2 h-px-2 v-inner-lg-2 v-inner-md-2 v-inner-2 style-618 style-local-798-c12 position-relative\">\n              <!---->\n              <!---->\n              <div class=\"w-100 h-y-container h-column__content h-column__v-align flex-basis-100 align-self-lg-start align-self-md-start align-self-start\">\n                <!---->\n                <div data-colibri-id=\"798-c13\" class=\"h-text h-text-component style-638 style-local-798-c13 position-relative h-element\">\n                  <!---->\n                  <!---->\n                  <div class=\"\">\n                    <p>Entrance fee&nbsp;\n                      <br>80 SEK\/adult\n                      <br>220 SEK\/family\n                      <br>\n                      <br>Paid via Swish, or bank account transfer. An information board is located at the Cold War barrack.&nbsp;\n                      <br>\n                      <br>Your fee goes entirely towards keeping the museum running, repairs, maintenance, etc.&nbsp;\n                      <br>Thank you for your contribution!&nbsp;<\/p>\n                  <\/div>\n                <\/div>\n              <\/div>\n            <\/div>\n          <\/div>\n        <\/div>\n      <\/div>\n    <\/div>\n  <\/div>\n<\/div>","protected":false},"excerpt":{"rendered":"<p>\u00d6ppettider och entr\u00e9avgift Vi har \u00f6ppet utomhusutst\u00e4llningarna dygnet runt, \u00e5rets alla dagar!&nbsp; Om ni vill se p\u00e5 utst\u00e4llningarna inomhus, beh\u00f6ver ni ringa n\u00e5gon dag innan, s\u00e5 l\u00e5ser vi upp \u00e5t er.&nbsp; M\u00f6jlighet finns \u00e4ven att boka en timmes guidad tour f\u00f6r 360:-\/person. Detta \u00e4r tillg\u00e4ngligt torsdag-s\u00f6ndag, boka n\u00e5gra dagar i f\u00f6rv\u00e4g!&nbsp;&nbsp; Personlastterr\u00e4ngbil 903 Laplander &#8211; [&hellip;]<\/p>\n","protected":false},"author":1,"featured_media":0,"parent":0,"menu_order":0,"comment_status":"closed","ping_status":"closed","template":"page-templates\/full-width-page.php","meta":{"_kadence_starter_templates_imported_post":false,"footnotes":""},"class_list":["post-798","page","type-page","status-publish","hentry"],"yoast_head":"<!-- This site is optimized with the Yoast SEO plugin v27.4 - https:\/\/yoast.com\/product\/yoast-seo-wordpress\/ -->\n<title>\u00d6ppettider och pris - Kalixlinjens museum<\/title>\n<meta name=\"robots\" content=\"index, follow, max-snippet:-1, max-image-preview:large, max-video-preview:-1\" \/>\n<link rel=\"canonical\" href=\"https:\/\/kalixlinjen.se\/en\/oppettider-och-pris\/\" \/>\n<meta property=\"og:locale\" content=\"en_GB\" \/>\n<meta property=\"og:type\" content=\"article\" \/>\n<meta property=\"og:title\" content=\"\u00d6ppettider och pris - Kalixlinjens museum\" \/>\n<meta property=\"og:description\" content=\"\u00d6ppettider och entr\u00e9avgift Vi har \u00f6ppet utomhusutst\u00e4llningarna dygnet runt, \u00e5rets alla dagar!&nbsp; Om ni vill se p\u00e5 utst\u00e4llningarna inomhus, beh\u00f6ver ni ringa n\u00e5gon dag innan, s\u00e5 l\u00e5ser vi upp \u00e5t er.&nbsp; M\u00f6jlighet finns \u00e4ven att boka en timmes guidad tour f\u00f6r 360:-\/person. Detta \u00e4r tillg\u00e4ngligt torsdag-s\u00f6ndag, boka n\u00e5gra dagar i f\u00f6rv\u00e4g!&nbsp;&nbsp; Personlastterr\u00e4ngbil 903 Laplander &#8211; [&hellip;]\" \/>\n<meta property=\"og:url\" content=\"https:\/\/kalixlinjen.se\/en\/oppettider-och-pris\/\" \/>\n<meta property=\"og:site_name\" content=\"Kalixlinjens museum\" \/>\n<meta property=\"article:publisher\" content=\"https:\/\/www.facebook.com\/kalixlinjensmuseum\" \/>\n<meta property=\"article:modified_time\" content=\"2023-12-13T09:08:55+00:00\" \/>\n<meta property=\"og:image\" content=\"https:\/\/kalixlinjen.se\/wp-content\/uploads\/2023\/03\/cropped-cropped-cropped-letka.jpg\" \/>\n<meta name=\"twitter:card\" content=\"summary_large_image\" \/>\n<meta name=\"twitter:label1\" content=\"Estimated reading time\" \/>\n\t<meta name=\"twitter:data1\" content=\"1 minute\" \/>\n<script type=\"application\/ld+json\" class=\"yoast-schema-graph\">{\"@context\":\"https:\\\/\\\/schema.org\",\"@graph\":[{\"@type\":\"WebPage\",\"@id\":\"https:\\\/\\\/kalixlinjen.se\\\/oppettider-och-pris\\\/\",\"url\":\"https:\\\/\\\/kalixlinjen.se\\\/oppettider-och-pris\\\/\",\"name\":\"\u00d6ppettider och pris - Kalixlinjens museum\",\"isPartOf\":{\"@id\":\"https:\\\/\\\/kalixlinjen.se\\\/#website\"},\"primaryImageOfPage\":{\"@id\":\"https:\\\/\\\/kalixlinjen.se\\\/oppettider-och-pris\\\/#primaryimage\"},\"image\":{\"@id\":\"https:\\\/\\\/kalixlinjen.se\\\/oppettider-och-pris\\\/#primaryimage\"},\"thumbnailUrl\":\"https:\\\/\\\/kalixlinjen.se\\\/wp-content\\\/uploads\\\/2023\\\/03\\\/cropped-cropped-cropped-letka.jpg\",\"datePublished\":\"2023-03-09T13:40:49+00:00\",\"dateModified\":\"2023-12-13T09:08:55+00:00\",\"breadcrumb\":{\"@id\":\"https:\\\/\\\/kalixlinjen.se\\\/oppettider-och-pris\\\/#breadcrumb\"},\"inLanguage\":\"en-GB\",\"potentialAction\":[{\"@type\":\"ReadAction\",\"target\":[\"https:\\\/\\\/kalixlinjen.se\\\/oppettider-och-pris\\\/\"]}]},{\"@type\":\"ImageObject\",\"inLanguage\":\"en-GB\",\"@id\":\"https:\\\/\\\/kalixlinjen.se\\\/oppettider-och-pris\\\/#primaryimage\",\"url\":\"https:\\\/\\\/kalixlinjen.se\\\/wp-content\\\/uploads\\\/2023\\\/03\\\/cropped-cropped-cropped-letka.jpg\",\"contentUrl\":\"https:\\\/\\\/kalixlinjen.se\\\/wp-content\\\/uploads\\\/2023\\\/03\\\/cropped-cropped-cropped-letka.jpg\"},{\"@type\":\"BreadcrumbList\",\"@id\":\"https:\\\/\\\/kalixlinjen.se\\\/oppettider-och-pris\\\/#breadcrumb\",\"itemListElement\":[{\"@type\":\"ListItem\",\"position\":1,\"name\":\"Hem\",\"item\":\"https:\\\/\\\/kalixlinjen.se\\\/\"},{\"@type\":\"ListItem\",\"position\":2,\"name\":\"\u00d6ppettider och pris\"}]},{\"@type\":\"WebSite\",\"@id\":\"https:\\\/\\\/kalixlinjen.se\\\/#website\",\"url\":\"https:\\\/\\\/kalixlinjen.se\\\/\",\"name\":\"Kalixlinjens museum\",\"description\":\"St\u00f6rst och hemligast!\",\"publisher\":{\"@id\":\"https:\\\/\\\/kalixlinjen.se\\\/#organization\"},\"potentialAction\":[{\"@type\":\"SearchAction\",\"target\":{\"@type\":\"EntryPoint\",\"urlTemplate\":\"https:\\\/\\\/kalixlinjen.se\\\/?s={search_term_string}\"},\"query-input\":{\"@type\":\"PropertyValueSpecification\",\"valueRequired\":true,\"valueName\":\"search_term_string\"}}],\"inLanguage\":\"en-GB\"},{\"@type\":\"Organization\",\"@id\":\"https:\\\/\\\/kalixlinjen.se\\\/#organization\",\"name\":\"Kalixlinjens museum\",\"url\":\"https:\\\/\\\/kalixlinjen.se\\\/\",\"logo\":{\"@type\":\"ImageObject\",\"inLanguage\":\"en-GB\",\"@id\":\"https:\\\/\\\/kalixlinjen.se\\\/#\\\/schema\\\/logo\\\/image\\\/\",\"url\":\"https:\\\/\\\/kalixlinjen.se\\\/wp-content\\\/uploads\\\/2022\\\/11\\\/cropped-cropped-cropped-cropped-loggo.png\",\"contentUrl\":\"https:\\\/\\\/kalixlinjen.se\\\/wp-content\\\/uploads\\\/2022\\\/11\\\/cropped-cropped-cropped-cropped-loggo.png\",\"width\":512,\"height\":512,\"caption\":\"Kalixlinjens museum\"},\"image\":{\"@id\":\"https:\\\/\\\/kalixlinjen.se\\\/#\\\/schema\\\/logo\\\/image\\\/\"},\"sameAs\":[\"https:\\\/\\\/www.facebook.com\\\/kalixlinjensmuseum\",\"https:\\\/\\\/www.instagram.com\\\/kalixlinjens_museum\\\/\"]}]}<\/script>\n<!-- \/ Yoast SEO plugin. -->","yoast_head_json":{"title":"\u00d6ppettider och pris - Kalixlinjens museum","robots":{"index":"index","follow":"follow","max-snippet":"max-snippet:-1","max-image-preview":"max-image-preview:large","max-video-preview":"max-video-preview:-1"},"canonical":"https:\/\/kalixlinjen.se\/en\/oppettider-och-pris\/","og_locale":"en_GB","og_type":"article","og_title":"\u00d6ppettider och pris - Kalixlinjens museum","og_description":"\u00d6ppettider och entr\u00e9avgift Vi har \u00f6ppet utomhusutst\u00e4llningarna dygnet runt, \u00e5rets alla dagar!&nbsp; Om ni vill se p\u00e5 utst\u00e4llningarna inomhus, beh\u00f6ver ni ringa n\u00e5gon dag innan, s\u00e5 l\u00e5ser vi upp \u00e5t er.&nbsp; M\u00f6jlighet finns \u00e4ven att boka en timmes guidad tour f\u00f6r 360:-\/person. Detta \u00e4r tillg\u00e4ngligt torsdag-s\u00f6ndag, boka n\u00e5gra dagar i f\u00f6rv\u00e4g!&nbsp;&nbsp; Personlastterr\u00e4ngbil 903 Laplander &#8211; [&hellip;]","og_url":"https:\/\/kalixlinjen.se\/en\/oppettider-och-pris\/","og_site_name":"Kalixlinjens museum","article_publisher":"https:\/\/www.facebook.com\/kalixlinjensmuseum","article_modified_time":"2023-12-13T09:08:55+00:00","og_image":[{"url":"https:\/\/kalixlinjen.se\/wp-content\/uploads\/2023\/03\/cropped-cropped-cropped-letka.jpg","type":"","width":"","height":""}],"twitter_card":"summary_large_image","twitter_misc":{"Estimated reading time":"1 minute"},"schema":{"@context":"https:\/\/schema.org","@graph":[{"@type":"WebPage","@id":"https:\/\/kalixlinjen.se\/oppettider-och-pris\/","url":"https:\/\/kalixlinjen.se\/oppettider-och-pris\/","name":"\u00d6ppettider och pris - Kalixlinjens museum","isPartOf":{"@id":"https:\/\/kalixlinjen.se\/#website"},"primaryImageOfPage":{"@id":"https:\/\/kalixlinjen.se\/oppettider-och-pris\/#primaryimage"},"image":{"@id":"https:\/\/kalixlinjen.se\/oppettider-och-pris\/#primaryimage"},"thumbnailUrl":"https:\/\/kalixlinjen.se\/wp-content\/uploads\/2023\/03\/cropped-cropped-cropped-letka.jpg","datePublished":"2023-03-09T13:40:49+00:00","dateModified":"2023-12-13T09:08:55+00:00","breadcrumb":{"@id":"https:\/\/kalixlinjen.se\/oppettider-och-pris\/#breadcrumb"},"inLanguage":"en-GB","potentialAction":[{"@type":"ReadAction","target":["https:\/\/kalixlinjen.se\/oppettider-och-pris\/"]}]},{"@type":"ImageObject","inLanguage":"en-GB","@id":"https:\/\/kalixlinjen.se\/oppettider-och-pris\/#primaryimage","url":"https:\/\/kalixlinjen.se\/wp-content\/uploads\/2023\/03\/cropped-cropped-cropped-letka.jpg","contentUrl":"https:\/\/kalixlinjen.se\/wp-content\/uploads\/2023\/03\/cropped-cropped-cropped-letka.jpg"},{"@type":"BreadcrumbList","@id":"https:\/\/kalixlinjen.se\/oppettider-och-pris\/#breadcrumb","itemListElement":[{"@type":"ListItem","position":1,"name":"Hem","item":"https:\/\/kalixlinjen.se\/"},{"@type":"ListItem","position":2,"name":"\u00d6ppettider och pris"}]},{"@type":"WebSite","@id":"https:\/\/kalixlinjen.se\/#website","url":"https:\/\/kalixlinjen.se\/","name":"The Kalix line museum","description":"St\u00f6rst och hemligast!","publisher":{"@id":"https:\/\/kalixlinjen.se\/#organization"},"potentialAction":[{"@type":"SearchAction","target":{"@type":"EntryPoint","urlTemplate":"https:\/\/kalixlinjen.se\/?s={search_term_string}"},"query-input":{"@type":"PropertyValueSpecification","valueRequired":true,"valueName":"search_term_string"}}],"inLanguage":"en-GB"},{"@type":"Organization","@id":"https:\/\/kalixlinjen.se\/#organization","name":"The Kalix line museum","url":"https:\/\/kalixlinjen.se\/","logo":{"@type":"ImageObject","inLanguage":"en-GB","@id":"https:\/\/kalixlinjen.se\/#\/schema\/logo\/image\/","url":"https:\/\/kalixlinjen.se\/wp-content\/uploads\/2022\/11\/cropped-cropped-cropped-cropped-loggo.png","contentUrl":"https:\/\/kalixlinjen.se\/wp-content\/uploads\/2022\/11\/cropped-cropped-cropped-cropped-loggo.png","width":512,"height":512,"caption":"Kalixlinjens museum"},"image":{"@id":"https:\/\/kalixlinjen.se\/#\/schema\/logo\/image\/"},"sameAs":["https:\/\/www.facebook.com\/kalixlinjensmuseum","https:\/\/www.instagram.com\/kalixlinjens_museum\/"]}]}},"_links":{"self":[{"href":"https:\/\/kalixlinjen.se\/en\/wp-json\/wp\/v2\/pages\/798","targetHints":{"allow":["GET"]}}],"collection":[{"href":"https:\/\/kalixlinjen.se\/en\/wp-json\/wp\/v2\/pages"}],"about":[{"href":"https:\/\/kalixlinjen.se\/en\/wp-json\/wp\/v2\/types\/page"}],"author":[{"embeddable":true,"href":"https:\/\/kalixlinjen.se\/en\/wp-json\/wp\/v2\/users\/1"}],"replies":[{"embeddable":true,"href":"https:\/\/kalixlinjen.se\/en\/wp-json\/wp\/v2\/comments?post=798"}],"version-history":[{"count":8,"href":"https:\/\/kalixlinjen.se\/en\/wp-json\/wp\/v2\/pages\/798\/revisions"}],"predecessor-version":[{"id":4440,"href":"https:\/\/kalixlinjen.se\/en\/wp-json\/wp\/v2\/pages\/798\/revisions\/4440"}],"wp:attachment":[{"href":"https:\/\/kalixlinjen.se\/en\/wp-json\/wp\/v2\/media?parent=798"}],"curies":[{"name":"wp","href":"https:\/\/api.w.org\/{rel}","templated":true}]}}