{"id":741,"date":"2023-03-09T12:03:30","date_gmt":"2023-03-09T12:03:30","guid":{"rendered":"https:\/\/kalixlinjen.se\/?page_id=741"},"modified":"2023-05-04T07:33:51","modified_gmt":"2023-05-04T07:33:51","slug":"hitta","status":"publish","type":"page","link":"https:\/\/kalixlinjen.se\/en\/hitta\/","title":{"rendered":"Find us"},"content":{"rendered":"<div data-colibri-id=\"741-c1\" class=\"style-566 style-local-741-c1 position-relative\">\n  <!---->\n  <div data-colibri-component=\"section\" data-colibri-id=\"741-c2\" id=\"custom\" class=\"h-section h-section-global-spacing d-flex align-items-lg-center align-items-md-center align-items-center style-567 style-local-741-c2 position-relative\">\n    <!---->\n    <!---->\n    <div class=\"h-section-grid-container h-section-boxed-container\">\n      <!---->\n      <div data-colibri-id=\"741-c3\" class=\"h-row-container gutters-row-lg-2 gutters-row-md-2 gutters-row-0 gutters-row-v-lg-2 gutters-row-v-md-2 gutters-row-v-2 style-568 style-local-741-c3 position-relative\">\n        <!---->\n        <div class=\"h-row justify-content-lg-center justify-content-md-center justify-content-center align-items-lg-stretch align-items-md-stretch align-items-stretch gutters-col-lg-2 gutters-col-md-2 gutters-col-0 gutters-col-v-lg-2 gutters-col-v-md-2 gutters-col-v-2\">\n          <!---->\n          <div class=\"h-column h-column-container d-flex h-col-lg-auto h-col-md-auto h-col-auto style-569-outer style-local-741-c4-outer\">\n            <div data-colibri-id=\"741-c4\" class=\"d-flex h-flex-basis h-column__inner h-px-lg-2 h-px-md-2 h-px-2 v-inner-lg-2 v-inner-md-2 v-inner-2 style-569 style-local-741-c4 position-relative\">\n              <!---->\n              <!---->\n              <div class=\"w-100 h-y-container h-column__content h-column__v-align flex-basis-100 align-self-lg-start align-self-md-start align-self-start\">\n                <!---->\n                <div data-colibri-id=\"741-c5\" class=\"h-global-transition-all h-heading style-571 style-local-741-c5 position-relative h-element\">\n                  <!---->\n                  <div class=\"h-heading__outer style-571 style-local-741-c5\">\n                    <!---->\n                    <!---->\n                    <h1 class=\"\">Find us!<\/h1>\n                  <\/div>\n                <\/div>\n              <\/div>\n            <\/div>\n          <\/div>\n        <\/div>\n      <\/div>\n      <div data-colibri-id=\"741-c6\" class=\"h-row-container gutters-row-lg-2 gutters-row-md-2 gutters-row-0 gutters-row-v-lg-2 gutters-row-v-md-2 gutters-row-v-2 style-576 style-local-741-c6 position-relative\">\n        <!---->\n        <div class=\"h-row justify-content-lg-center justify-content-md-center justify-content-center align-items-lg-stretch align-items-md-stretch align-items-stretch gutters-col-lg-2 gutters-col-md-2 gutters-col-0 gutters-col-v-lg-2 gutters-col-v-md-2 gutters-col-v-2\">\n          <!---->\n          <div class=\"h-column h-column-container d-flex h-col-lg-auto h-col-md-auto h-col-auto style-577-outer style-local-741-c7-outer\">\n            <div data-colibri-id=\"741-c7\" class=\"d-flex h-flex-basis h-column__inner h-px-lg-2 h-px-md-2 h-px-2 v-inner-lg-2 v-inner-md-2 v-inner-2 style-577 style-local-741-c7 position-relative\">\n              <!---->\n              <!---->\n              <div class=\"w-100 h-y-container h-column__content h-column__v-align flex-basis-100 align-self-lg-start align-self-md-start align-self-start\">\n                <!---->\n                <div data-colibri-id=\"741-c8\" class=\"h-text h-text-component style-575 style-local-741-c8 position-relative h-element\">\n                  <!---->\n                  <!---->\n                  <div class=\"\">\n                    <p>The Kalix Line Museum is located in Marieberg, about 20 kilometers outside of Kalix.\n                      <br>If you're traveling along the E4, turn off at \u00c5kroken and head towards Morj\u00e4rv. Marieberg is situated between Bondersbyn and Kamlunge.&nbsp;\n                      <br>\n                      <br>As is fitting for a military museum, we're a bit hidden from the road! Perched high on a rocky hill and obscured by the forest.<\/p>\n                    <p>The beautiful autumn picture is taken from the river side \u2013 can you spot the museum behind the birch trees?\n                      <br>\n                      <br>\n                      <br>\n                      <br>\n                    <\/p>\n                  <\/div>\n                <\/div>\n              <\/div>\n            <\/div>\n          <\/div>\n          <div class=\"h-column h-column-container d-flex h-col-lg-auto h-col-md-auto h-col-auto style-578-outer style-local-741-c9-outer\">\n            <div data-colibri-id=\"741-c9\" class=\"d-flex h-flex-basis h-column__inner h-px-lg-2 h-px-md-2 h-px-2 v-inner-lg-2 v-inner-md-2 v-inner-2 style-578 style-local-741-c9 position-relative\">\n              <!---->\n              <!---->\n              <div class=\"w-100 h-y-container h-column__content h-column__v-align flex-basis-100 align-self-lg-start align-self-md-start align-self-start\">\n                <!---->\n                <div data-colibri-id=\"741-c10\" class=\"d-block style-601 style-local-741-c10 position-relative h-element\">\n                  <!---->\n                  <div class=\"h-image__frame-container-outer\">\n                    <div class=\"h-image__frame-container\">\n                      <!---->\n                      <!---->\n                      <img loading=\"lazy\" decoding=\"async\" width=\"1462\" height=\"1623\" src=\"https:\/\/kalixlinjen.se\/wp-content\/uploads\/2022\/10\/cropped-IMG_20220929_120428-scaled-2.jpg\" class=\"wp-image-747 style-601-image style-local-741-c10-image\" alt=\"\" srcset=\"https:\/\/kalixlinjen.se\/wp-content\/uploads\/2022\/10\/cropped-IMG_20220929_120428-scaled-2.jpg 1462w, https:\/\/kalixlinjen.se\/wp-content\/uploads\/2022\/10\/cropped-IMG_20220929_120428-scaled-2-270x300.jpg 270w, https:\/\/kalixlinjen.se\/wp-content\/uploads\/2022\/10\/cropped-IMG_20220929_120428-scaled-2-922x1024.jpg 922w, https:\/\/kalixlinjen.se\/wp-content\/uploads\/2022\/10\/cropped-IMG_20220929_120428-scaled-2-768x853.jpg 768w, https:\/\/kalixlinjen.se\/wp-content\/uploads\/2022\/10\/cropped-IMG_20220929_120428-scaled-2-1384x1536.jpg 1384w\" sizes=\"auto, (max-width: 1462px) 100vw, 1462px\" \/>\n                      <div class=\"h-image__frame h-hide-lg h-hide-md h-hide-sm style-601-frameImage style-local-741-c10-frameImage\"><\/div>\n                    <\/div>\n                  <\/div>\n                <\/div>\n              <\/div>\n            <\/div>\n          <\/div>\n        <\/div>\n      <\/div>\n      <div data-colibri-id=\"741-c11\" class=\"h-row-container gutters-row-lg-2 gutters-row-md-2 gutters-row-0 gutters-row-v-lg-2 gutters-row-v-md-2 gutters-row-v-2 style-597 style-local-741-c11 position-relative\">\n        <!---->\n        <div class=\"h-row justify-content-lg-center justify-content-md-center justify-content-center align-items-lg-stretch align-items-md-stretch align-items-stretch gutters-col-lg-2 gutters-col-md-2 gutters-col-0 gutters-col-v-lg-2 gutters-col-v-md-2 gutters-col-v-2\">\n          <!---->\n          <div class=\"h-column h-column-container d-flex h-col-lg-auto h-col-md-auto h-col-auto style-598-outer style-local-741-c12-outer\">\n            <div data-colibri-id=\"741-c12\" class=\"d-flex h-flex-basis h-column__inner h-px-lg-2 h-px-md-2 h-px-2 v-inner-lg-2 v-inner-md-2 v-inner-2 style-598 style-local-741-c12 position-relative\">\n              <!---->\n              <!---->\n              <div class=\"w-100 h-y-container h-column__content h-column__v-align flex-basis-100 align-self-lg-start align-self-md-start align-self-start\">\n                <!---->\n                <div data-colibri-id=\"741-c13\" class=\"d-block style-596 style-local-741-c13 position-relative h-element\">\n                  <!---->\n                  <div class=\"h-image__frame-container-outer\">\n                    <div class=\"h-image__frame-container\">\n                      <!---->\n                      <!---->\n                      <img loading=\"lazy\" decoding=\"async\" width=\"684\" height=\"601\" src=\"https:\/\/kalixlinjen.se\/wp-content\/uploads\/2023\/03\/cropped-cropped-kartaentre.jpg\" class=\"wp-image-745 style-596-image style-local-741-c13-image\" alt=\"\" srcset=\"https:\/\/kalixlinjen.se\/wp-content\/uploads\/2023\/03\/cropped-cropped-kartaentre.jpg 684w, https:\/\/kalixlinjen.se\/wp-content\/uploads\/2023\/03\/cropped-cropped-kartaentre-300x264.jpg 300w\" sizes=\"auto, (max-width: 684px) 100vw, 684px\" \/>\n                      <div class=\"h-image__frame h-hide-lg h-hide-md h-hide-sm style-596-frameImage style-local-741-c13-frameImage\"><\/div>\n                    <\/div>\n                  <\/div>\n                <\/div>\n              <\/div>\n            <\/div>\n          <\/div>\n          <div class=\"h-column h-column-container d-flex h-col-lg-auto h-col-md-auto h-col-auto style-599-outer style-local-741-c14-outer\">\n            <div data-colibri-id=\"741-c14\" class=\"d-flex h-flex-basis h-column__inner h-px-lg-2 h-px-md-2 h-px-2 v-inner-lg-2 v-inner-md-2 v-inner-2 style-599 style-local-741-c14 position-relative\">\n              <!---->\n              <!---->\n              <div class=\"w-100 h-y-container h-column__content h-column__v-align flex-basis-100 align-self-lg-start align-self-md-start align-self-start\">\n                <!---->\n                <div data-colibri-id=\"741-c15\" class=\"h-text h-text-component style-605 style-local-741-c15 position-relative h-element\">\n                  <!---->\n                  <!---->\n                  <div class=\"\">\n                    <p><span style=\"color: rgb(70, 112, 127); font-family: Questrial; font-size: 20px; font-weight: 400;\">When you reach the four-way intersection where the sign \"Riverside Inn\" points you down towards the river, take the road into the forest instead. The entrance is at the barrier leading up to the area. If you visit us spontaneously, the barrier will be closed, but you are welcome to park by the gate and walk in to have a look.&nbsp;<\/span>\n                      <br>\n                      <br><span style=\"color: rgb(70, 112, 127); font-family: Questrial; font-size: 20px; font-weight: 400;\">On Google Maps, you can search for \"Kalixlinjens Museum\" for directions. A direct link is available at the bottom of this page.&nbsp;<\/span><\/p>\n                  <\/div>\n                <\/div>\n              <\/div>\n            <\/div>\n          <\/div>\n        <\/div>\n      <\/div>\n    <\/div>\n  <\/div>\n<\/div>","protected":false},"excerpt":{"rendered":"<p>Hitta till oss! Kalixlinjens museum ligger i Marieberg, ca 2 mil utanf\u00f6r Kalix. Om du f\u00e4rdas l\u00e4ngs E4an, s\u00e5 sv\u00e4nger du av fr\u00e5n \u00c5kroken och och h\u00e5ller mot Morj\u00e4rv. Marieberg ligger mellan Bondersbyn och Kamlunge.&nbsp; Som det anst\u00e5r ett milit\u00e4rmuseum, ligger vi lite dolda fr\u00e5n v\u00e4gen! H\u00f6gt p\u00e5 en bergsknabb, och skymda av skogen. Den [&hellip;]<\/p>\n","protected":false},"author":1,"featured_media":0,"parent":0,"menu_order":0,"comment_status":"closed","ping_status":"closed","template":"page-templates\/full-width-page.php","meta":{"_kadence_starter_templates_imported_post":false,"footnotes":""},"class_list":["post-741","page","type-page","status-publish","hentry"],"yoast_head":"<!-- This site is optimized with the Yoast SEO plugin v27.5 - https:\/\/yoast.com\/product\/yoast-seo-wordpress\/ -->\n<title>Hitta oss - Kalixlinjens museum<\/title>\n<meta name=\"robots\" content=\"index, follow, max-snippet:-1, max-image-preview:large, max-video-preview:-1\" \/>\n<link rel=\"canonical\" href=\"https:\/\/kalixlinjen.se\/en\/hitta\/\" \/>\n<meta property=\"og:locale\" content=\"en_GB\" \/>\n<meta property=\"og:type\" content=\"article\" \/>\n<meta property=\"og:title\" content=\"Hitta oss - Kalixlinjens museum\" \/>\n<meta property=\"og:description\" content=\"Hitta till oss! Kalixlinjens museum ligger i Marieberg, ca 2 mil utanf\u00f6r Kalix. Om du f\u00e4rdas l\u00e4ngs E4an, s\u00e5 sv\u00e4nger du av fr\u00e5n \u00c5kroken och och h\u00e5ller mot Morj\u00e4rv. Marieberg ligger mellan Bondersbyn och Kamlunge.&nbsp; Som det anst\u00e5r ett milit\u00e4rmuseum, ligger vi lite dolda fr\u00e5n v\u00e4gen! H\u00f6gt p\u00e5 en bergsknabb, och skymda av skogen. Den [&hellip;]\" \/>\n<meta property=\"og:url\" content=\"https:\/\/kalixlinjen.se\/en\/hitta\/\" \/>\n<meta property=\"og:site_name\" content=\"Kalixlinjens museum\" \/>\n<meta property=\"article:publisher\" content=\"https:\/\/www.facebook.com\/kalixlinjensmuseum\" \/>\n<meta property=\"article:modified_time\" content=\"2023-05-04T07:33:51+00:00\" \/>\n<meta property=\"og:image\" content=\"https:\/\/kalixlinjen.se\/wp-content\/uploads\/2022\/10\/cropped-IMG_20220929_120428-scaled-2.jpg\" \/>\n<meta name=\"twitter:card\" content=\"summary_large_image\" \/>\n<meta name=\"twitter:label1\" content=\"Estimated reading time\" \/>\n\t<meta name=\"twitter:data1\" content=\"1 minute\" \/>\n<script type=\"application\/ld+json\" class=\"yoast-schema-graph\">{\"@context\":\"https:\\\/\\\/schema.org\",\"@graph\":[{\"@type\":\"WebPage\",\"@id\":\"https:\\\/\\\/kalixlinjen.se\\\/hitta\\\/\",\"url\":\"https:\\\/\\\/kalixlinjen.se\\\/hitta\\\/\",\"name\":\"Hitta oss - Kalixlinjens museum\",\"isPartOf\":{\"@id\":\"https:\\\/\\\/kalixlinjen.se\\\/#website\"},\"primaryImageOfPage\":{\"@id\":\"https:\\\/\\\/kalixlinjen.se\\\/hitta\\\/#primaryimage\"},\"image\":{\"@id\":\"https:\\\/\\\/kalixlinjen.se\\\/hitta\\\/#primaryimage\"},\"thumbnailUrl\":\"https:\\\/\\\/kalixlinjen.se\\\/wp-content\\\/uploads\\\/2022\\\/10\\\/cropped-IMG_20220929_120428-scaled-2.jpg\",\"datePublished\":\"2023-03-09T12:03:30+00:00\",\"dateModified\":\"2023-05-04T07:33:51+00:00\",\"breadcrumb\":{\"@id\":\"https:\\\/\\\/kalixlinjen.se\\\/hitta\\\/#breadcrumb\"},\"inLanguage\":\"en-GB\",\"potentialAction\":[{\"@type\":\"ReadAction\",\"target\":[\"https:\\\/\\\/kalixlinjen.se\\\/hitta\\\/\"]}]},{\"@type\":\"ImageObject\",\"inLanguage\":\"en-GB\",\"@id\":\"https:\\\/\\\/kalixlinjen.se\\\/hitta\\\/#primaryimage\",\"url\":\"https:\\\/\\\/kalixlinjen.se\\\/wp-content\\\/uploads\\\/2022\\\/10\\\/cropped-IMG_20220929_120428-scaled-2.jpg\",\"contentUrl\":\"https:\\\/\\\/kalixlinjen.se\\\/wp-content\\\/uploads\\\/2022\\\/10\\\/cropped-IMG_20220929_120428-scaled-2.jpg\"},{\"@type\":\"BreadcrumbList\",\"@id\":\"https:\\\/\\\/kalixlinjen.se\\\/hitta\\\/#breadcrumb\",\"itemListElement\":[{\"@type\":\"ListItem\",\"position\":1,\"name\":\"Hem\",\"item\":\"https:\\\/\\\/kalixlinjen.se\\\/\"},{\"@type\":\"ListItem\",\"position\":2,\"name\":\"Hitta oss\"}]},{\"@type\":\"WebSite\",\"@id\":\"https:\\\/\\\/kalixlinjen.se\\\/#website\",\"url\":\"https:\\\/\\\/kalixlinjen.se\\\/\",\"name\":\"Kalixlinjens museum\",\"description\":\"St\u00f6rst och hemligast!\",\"publisher\":{\"@id\":\"https:\\\/\\\/kalixlinjen.se\\\/#organization\"},\"potentialAction\":[{\"@type\":\"SearchAction\",\"target\":{\"@type\":\"EntryPoint\",\"urlTemplate\":\"https:\\\/\\\/kalixlinjen.se\\\/?s={search_term_string}\"},\"query-input\":{\"@type\":\"PropertyValueSpecification\",\"valueRequired\":true,\"valueName\":\"search_term_string\"}}],\"inLanguage\":\"en-GB\"},{\"@type\":\"Organization\",\"@id\":\"https:\\\/\\\/kalixlinjen.se\\\/#organization\",\"name\":\"Kalixlinjens museum\",\"url\":\"https:\\\/\\\/kalixlinjen.se\\\/\",\"logo\":{\"@type\":\"ImageObject\",\"inLanguage\":\"en-GB\",\"@id\":\"https:\\\/\\\/kalixlinjen.se\\\/#\\\/schema\\\/logo\\\/image\\\/\",\"url\":\"https:\\\/\\\/kalixlinjen.se\\\/wp-content\\\/uploads\\\/2022\\\/11\\\/cropped-cropped-cropped-cropped-loggo.png\",\"contentUrl\":\"https:\\\/\\\/kalixlinjen.se\\\/wp-content\\\/uploads\\\/2022\\\/11\\\/cropped-cropped-cropped-cropped-loggo.png\",\"width\":512,\"height\":512,\"caption\":\"Kalixlinjens museum\"},\"image\":{\"@id\":\"https:\\\/\\\/kalixlinjen.se\\\/#\\\/schema\\\/logo\\\/image\\\/\"},\"sameAs\":[\"https:\\\/\\\/www.facebook.com\\\/kalixlinjensmuseum\",\"https:\\\/\\\/www.instagram.com\\\/kalixlinjens_museum\\\/\"]}]}<\/script>\n<!-- \/ Yoast SEO plugin. -->","yoast_head_json":{"title":"Hitta oss - Kalixlinjens museum","robots":{"index":"index","follow":"follow","max-snippet":"max-snippet:-1","max-image-preview":"max-image-preview:large","max-video-preview":"max-video-preview:-1"},"canonical":"https:\/\/kalixlinjen.se\/en\/hitta\/","og_locale":"en_GB","og_type":"article","og_title":"Hitta oss - Kalixlinjens museum","og_description":"Hitta till oss! Kalixlinjens museum ligger i Marieberg, ca 2 mil utanf\u00f6r Kalix. Om du f\u00e4rdas l\u00e4ngs E4an, s\u00e5 sv\u00e4nger du av fr\u00e5n \u00c5kroken och och h\u00e5ller mot Morj\u00e4rv. Marieberg ligger mellan Bondersbyn och Kamlunge.&nbsp; Som det anst\u00e5r ett milit\u00e4rmuseum, ligger vi lite dolda fr\u00e5n v\u00e4gen! H\u00f6gt p\u00e5 en bergsknabb, och skymda av skogen. Den [&hellip;]","og_url":"https:\/\/kalixlinjen.se\/en\/hitta\/","og_site_name":"Kalixlinjens museum","article_publisher":"https:\/\/www.facebook.com\/kalixlinjensmuseum","article_modified_time":"2023-05-04T07:33:51+00:00","og_image":[{"url":"https:\/\/kalixlinjen.se\/wp-content\/uploads\/2022\/10\/cropped-IMG_20220929_120428-scaled-2.jpg","type":"","width":"","height":""}],"twitter_card":"summary_large_image","twitter_misc":{"Estimated reading time":"1 minute"},"schema":{"@context":"https:\/\/schema.org","@graph":[{"@type":"WebPage","@id":"https:\/\/kalixlinjen.se\/hitta\/","url":"https:\/\/kalixlinjen.se\/hitta\/","name":"Hitta oss - Kalixlinjens museum","isPartOf":{"@id":"https:\/\/kalixlinjen.se\/#website"},"primaryImageOfPage":{"@id":"https:\/\/kalixlinjen.se\/hitta\/#primaryimage"},"image":{"@id":"https:\/\/kalixlinjen.se\/hitta\/#primaryimage"},"thumbnailUrl":"https:\/\/kalixlinjen.se\/wp-content\/uploads\/2022\/10\/cropped-IMG_20220929_120428-scaled-2.jpg","datePublished":"2023-03-09T12:03:30+00:00","dateModified":"2023-05-04T07:33:51+00:00","breadcrumb":{"@id":"https:\/\/kalixlinjen.se\/hitta\/#breadcrumb"},"inLanguage":"en-GB","potentialAction":[{"@type":"ReadAction","target":["https:\/\/kalixlinjen.se\/hitta\/"]}]},{"@type":"ImageObject","inLanguage":"en-GB","@id":"https:\/\/kalixlinjen.se\/hitta\/#primaryimage","url":"https:\/\/kalixlinjen.se\/wp-content\/uploads\/2022\/10\/cropped-IMG_20220929_120428-scaled-2.jpg","contentUrl":"https:\/\/kalixlinjen.se\/wp-content\/uploads\/2022\/10\/cropped-IMG_20220929_120428-scaled-2.jpg"},{"@type":"BreadcrumbList","@id":"https:\/\/kalixlinjen.se\/hitta\/#breadcrumb","itemListElement":[{"@type":"ListItem","position":1,"name":"Hem","item":"https:\/\/kalixlinjen.se\/"},{"@type":"ListItem","position":2,"name":"Hitta oss"}]},{"@type":"WebSite","@id":"https:\/\/kalixlinjen.se\/#website","url":"https:\/\/kalixlinjen.se\/","name":"The Kalix line museum","description":"St\u00f6rst och hemligast!","publisher":{"@id":"https:\/\/kalixlinjen.se\/#organization"},"potentialAction":[{"@type":"SearchAction","target":{"@type":"EntryPoint","urlTemplate":"https:\/\/kalixlinjen.se\/?s={search_term_string}"},"query-input":{"@type":"PropertyValueSpecification","valueRequired":true,"valueName":"search_term_string"}}],"inLanguage":"en-GB"},{"@type":"Organization","@id":"https:\/\/kalixlinjen.se\/#organization","name":"The Kalix line museum","url":"https:\/\/kalixlinjen.se\/","logo":{"@type":"ImageObject","inLanguage":"en-GB","@id":"https:\/\/kalixlinjen.se\/#\/schema\/logo\/image\/","url":"https:\/\/kalixlinjen.se\/wp-content\/uploads\/2022\/11\/cropped-cropped-cropped-cropped-loggo.png","contentUrl":"https:\/\/kalixlinjen.se\/wp-content\/uploads\/2022\/11\/cropped-cropped-cropped-cropped-loggo.png","width":512,"height":512,"caption":"Kalixlinjens museum"},"image":{"@id":"https:\/\/kalixlinjen.se\/#\/schema\/logo\/image\/"},"sameAs":["https:\/\/www.facebook.com\/kalixlinjensmuseum","https:\/\/www.instagram.com\/kalixlinjens_museum\/"]}]}},"_links":{"self":[{"href":"https:\/\/kalixlinjen.se\/en\/wp-json\/wp\/v2\/pages\/741","targetHints":{"allow":["GET"]}}],"collection":[{"href":"https:\/\/kalixlinjen.se\/en\/wp-json\/wp\/v2\/pages"}],"about":[{"href":"https:\/\/kalixlinjen.se\/en\/wp-json\/wp\/v2\/types\/page"}],"author":[{"embeddable":true,"href":"https:\/\/kalixlinjen.se\/en\/wp-json\/wp\/v2\/users\/1"}],"replies":[{"embeddable":true,"href":"https:\/\/kalixlinjen.se\/en\/wp-json\/wp\/v2\/comments?post=741"}],"version-history":[{"count":6,"href":"https:\/\/kalixlinjen.se\/en\/wp-json\/wp\/v2\/pages\/741\/revisions"}],"predecessor-version":[{"id":1946,"href":"https:\/\/kalixlinjen.se\/en\/wp-json\/wp\/v2\/pages\/741\/revisions\/1946"}],"wp:attachment":[{"href":"https:\/\/kalixlinjen.se\/en\/wp-json\/wp\/v2\/media?parent=741"}],"curies":[{"name":"wp","href":"https:\/\/api.w.org\/{rel}","templated":true}]}}