{"id":663,"date":"2023-03-09T08:30:03","date_gmt":"2023-03-09T08:30:03","guid":{"rendered":"https:\/\/kalixlinjen.se\/?page_id=663"},"modified":"2023-05-04T07:33:01","modified_gmt":"2023-05-04T07:33:01","slug":"inforertbesok","status":"publish","type":"page","link":"https:\/\/kalixlinjen.se\/en\/inforertbesok\/","title":{"rendered":"Before your visit"},"content":{"rendered":"<div data-colibri-id=\"663-c1\" class=\"style-453 style-local-663-c1 position-relative\">\n  <!---->\n  <div data-colibri-component=\"section\" data-colibri-id=\"663-c2\" id=\"custom\" class=\"h-section h-section-global-spacing d-flex align-items-lg-center align-items-md-center align-items-center style-454 style-local-663-c2 position-relative\">\n    <!---->\n    <!---->\n    <div class=\"h-section-grid-container h-section-boxed-container\">\n      <!---->\n      <div data-colibri-id=\"663-c3\" class=\"h-row-container gutters-row-lg-2 gutters-row-md-2 gutters-row-0 gutters-row-v-lg-2 gutters-row-v-md-2 gutters-row-v-2 style-457 style-local-663-c3 position-relative\">\n        <!---->\n        <div class=\"h-row justify-content-lg-center justify-content-md-center justify-content-center align-items-lg-stretch align-items-md-stretch align-items-stretch gutters-col-lg-2 gutters-col-md-2 gutters-col-0 gutters-col-v-lg-2 gutters-col-v-md-2 gutters-col-v-2\">\n          <!---->\n          <div class=\"h-column h-column-container d-flex h-col-lg-auto h-col-md-auto h-col-auto style-458-outer style-local-663-c4-outer\">\n            <div data-colibri-id=\"663-c4\" class=\"d-flex h-flex-basis h-column__inner h-px-lg-2 h-px-md-2 h-px-2 v-inner-lg-2 v-inner-md-2 v-inner-2 style-458 style-local-663-c4 position-relative\">\n              <!---->\n              <!---->\n              <div class=\"w-100 h-y-container h-column__content h-column__v-align flex-basis-100 align-self-lg-start align-self-md-start align-self-start\">\n                <!---->\n                <div data-colibri-id=\"663-c5\" class=\"h-global-transition-all h-heading style-459 style-local-663-c5 position-relative h-element\">\n                  <!---->\n                  <div class=\"h-heading__outer style-459 style-local-663-c5\">\n                    <!---->\n                    <!---->\n                    <h1 class=\"\">Before your visit<\/h1>\n                  <\/div>\n                <\/div>\n              <\/div>\n            <\/div>\n          <\/div>\n        <\/div>\n      <\/div>\n      <div data-colibri-id=\"663-c6\" class=\"h-row-container gutters-row-lg-2 gutters-row-md-2 gutters-row-0 gutters-row-v-lg-2 gutters-row-v-md-2 gutters-row-v-2 style-455 style-local-663-c6 position-relative\">\n        <!---->\n        <div class=\"h-row justify-content-lg-center justify-content-md-center justify-content-center align-items-lg-stretch align-items-md-stretch align-items-stretch gutters-col-lg-2 gutters-col-md-2 gutters-col-0 gutters-col-v-lg-2 gutters-col-v-md-2 gutters-col-v-2\">\n          <!---->\n          <div class=\"h-column h-column-container d-flex h-col-lg-auto h-col-md-auto h-col-auto style-456-outer style-local-663-c7-outer\">\n            <div data-colibri-id=\"663-c7\" class=\"d-flex h-flex-basis h-column__inner h-px-lg-2 h-px-md-2 h-px-2 v-inner-lg-2 v-inner-md-2 v-inner-2 style-456 style-local-663-c7 position-relative\">\n              <!---->\n              <!---->\n              <div class=\"w-100 h-y-container h-column__content h-column__v-align flex-basis-100 align-self-lg-start align-self-md-start align-self-start\">\n                <!---->\n                <div data-colibri-id=\"663-c8\" class=\"h-text h-text-component style-460 style-local-663-c8 position-relative h-element\">\n                  <!---->\n                  <!---->\n                  <div class=\"\">\n                    <p>Give us a call a day before your visit, and we\u2019ll be happy to unlock for you!\n                      <br>For safety reasons, our exhibition houses are kept locked, and a barrier is placed at the entrance.&nbsp;\n                      <br>If you're only interested in viewing the vehicles, feel free to park outside the gate and then walk into the area.\n                      <br>\n                      <br>We recommend wearing durable clothes and good shoes, so you're ready to climb into the vehicles to explore.<\/p>\n                    <p>If you bring a packed lunch, there are several nice spots to sit and eat. Don\u2019t forget to take your trash with you afterward.&nbsp;\n                      <br>\n                      <br>\n                    <\/p>\n                  <\/div>\n                <\/div>\n              <\/div>\n            <\/div>\n          <\/div>\n          <div class=\"h-column h-column-container d-flex h-col-lg-auto h-col-md-auto h-col-auto style-469-outer style-local-663-c9-outer\">\n            <div data-colibri-id=\"663-c9\" class=\"d-flex h-flex-basis h-column__inner h-px-lg-2 h-px-md-2 h-px-2 v-inner-lg-2 v-inner-md-2 v-inner-2 style-469 style-local-663-c9 position-relative\">\n              <!---->\n              <!---->\n              <div class=\"w-100 h-y-container h-column__content h-column__v-align flex-basis-100 align-self-lg-start align-self-md-start align-self-start\">\n                <!---->\n                <div data-colibri-id=\"663-c10\" class=\"d-block style-470 style-local-663-c10 position-relative h-element\">\n                  <!---->\n                  <div class=\"h-image__frame-container-outer\">\n                    <div class=\"h-image__frame-container\">\n                      <!---->\n                      <!---->\n                      <img loading=\"lazy\" decoding=\"async\" width=\"684\" height=\"601\" src=\"https:\/\/kalixlinjen.se\/wp-content\/uploads\/2023\/03\/cropped-kartaentre.jpg\" class=\"wp-image-667 style-470-image style-local-663-c10-image\" alt=\"\" srcset=\"https:\/\/kalixlinjen.se\/wp-content\/uploads\/2023\/03\/cropped-kartaentre.jpg 684w, https:\/\/kalixlinjen.se\/wp-content\/uploads\/2023\/03\/cropped-kartaentre-300x264.jpg 300w\" sizes=\"auto, (max-width: 684px) 100vw, 684px\" \/>\n                      <div class=\"h-image__frame h-hide-lg h-hide-md h-hide-sm style-470-frameImage style-local-663-c10-frameImage\"><\/div>\n                    <\/div>\n                  <\/div>\n                <\/div>\n              <\/div>\n            <\/div>\n          <\/div>\n        <\/div>\n      <\/div>\n    <\/div>\n  <\/div>\n<\/div>","protected":false},"excerpt":{"rendered":"<p>Inf\u00f6r ditt bes\u00f6k Ring oss n\u00e5gon dag innan ditt bes\u00f6k, s\u00e5 l\u00e5ser vi g\u00e4rna upp \u00e5t dig! F\u00f6r s\u00e4kerhetens skull, h\u00e5lls v\u00e5ra utst\u00e4llningshus l\u00e5sta, och en bom \u00e4r uppsatt vid entr\u00e9n.&nbsp; Om ni bara \u00e4r intresserade av att kika p\u00e5 fordonen, g\u00e5r det fint att parkera utanf\u00f6r v\u00e4gbommen och sen g\u00e5 in p\u00e5 omr\u00e5det. Vi [&hellip;]<\/p>\n","protected":false},"author":1,"featured_media":0,"parent":0,"menu_order":0,"comment_status":"closed","ping_status":"closed","template":"page-templates\/full-width-page.php","meta":{"_kadence_starter_templates_imported_post":false,"footnotes":""},"class_list":["post-663","page","type-page","status-publish","hentry"],"yoast_head":"<!-- This site is optimized with the Yoast SEO plugin v27.4 - https:\/\/yoast.com\/product\/yoast-seo-wordpress\/ -->\n<title>Inf\u00f6r ert bes\u00f6k - Kalixlinjens museum<\/title>\n<meta name=\"robots\" content=\"index, follow, max-snippet:-1, max-image-preview:large, max-video-preview:-1\" \/>\n<link rel=\"canonical\" href=\"https:\/\/kalixlinjen.se\/en\/inforertbesok\/\" \/>\n<meta property=\"og:locale\" content=\"en_GB\" \/>\n<meta property=\"og:type\" content=\"article\" \/>\n<meta property=\"og:title\" content=\"Inf\u00f6r ert bes\u00f6k - Kalixlinjens museum\" \/>\n<meta property=\"og:description\" content=\"Inf\u00f6r ditt bes\u00f6k Ring oss n\u00e5gon dag innan ditt bes\u00f6k, s\u00e5 l\u00e5ser vi g\u00e4rna upp \u00e5t dig! F\u00f6r s\u00e4kerhetens skull, h\u00e5lls v\u00e5ra utst\u00e4llningshus l\u00e5sta, och en bom \u00e4r uppsatt vid entr\u00e9n.&nbsp; Om ni bara \u00e4r intresserade av att kika p\u00e5 fordonen, g\u00e5r det fint att parkera utanf\u00f6r v\u00e4gbommen och sen g\u00e5 in p\u00e5 omr\u00e5det. Vi [&hellip;]\" \/>\n<meta property=\"og:url\" content=\"https:\/\/kalixlinjen.se\/en\/inforertbesok\/\" \/>\n<meta property=\"og:site_name\" content=\"Kalixlinjens museum\" \/>\n<meta property=\"article:publisher\" content=\"https:\/\/www.facebook.com\/kalixlinjensmuseum\" \/>\n<meta property=\"article:modified_time\" content=\"2023-05-04T07:33:01+00:00\" \/>\n<meta property=\"og:image\" content=\"https:\/\/kalixlinjen.se\/wp-content\/uploads\/2023\/03\/cropped-kartaentre.jpg\" \/>\n<meta name=\"twitter:card\" content=\"summary_large_image\" \/>\n<meta name=\"twitter:label1\" content=\"Estimated reading time\" \/>\n\t<meta name=\"twitter:data1\" content=\"1 minute\" \/>\n<script type=\"application\/ld+json\" class=\"yoast-schema-graph\">{\"@context\":\"https:\\\/\\\/schema.org\",\"@graph\":[{\"@type\":\"WebPage\",\"@id\":\"https:\\\/\\\/kalixlinjen.se\\\/inforertbesok\\\/\",\"url\":\"https:\\\/\\\/kalixlinjen.se\\\/inforertbesok\\\/\",\"name\":\"Inf\u00f6r ert bes\u00f6k - Kalixlinjens museum\",\"isPartOf\":{\"@id\":\"https:\\\/\\\/kalixlinjen.se\\\/#website\"},\"primaryImageOfPage\":{\"@id\":\"https:\\\/\\\/kalixlinjen.se\\\/inforertbesok\\\/#primaryimage\"},\"image\":{\"@id\":\"https:\\\/\\\/kalixlinjen.se\\\/inforertbesok\\\/#primaryimage\"},\"thumbnailUrl\":\"https:\\\/\\\/kalixlinjen.se\\\/wp-content\\\/uploads\\\/2023\\\/03\\\/cropped-kartaentre.jpg\",\"datePublished\":\"2023-03-09T08:30:03+00:00\",\"dateModified\":\"2023-05-04T07:33:01+00:00\",\"breadcrumb\":{\"@id\":\"https:\\\/\\\/kalixlinjen.se\\\/inforertbesok\\\/#breadcrumb\"},\"inLanguage\":\"en-GB\",\"potentialAction\":[{\"@type\":\"ReadAction\",\"target\":[\"https:\\\/\\\/kalixlinjen.se\\\/inforertbesok\\\/\"]}]},{\"@type\":\"ImageObject\",\"inLanguage\":\"en-GB\",\"@id\":\"https:\\\/\\\/kalixlinjen.se\\\/inforertbesok\\\/#primaryimage\",\"url\":\"https:\\\/\\\/kalixlinjen.se\\\/wp-content\\\/uploads\\\/2023\\\/03\\\/cropped-kartaentre.jpg\",\"contentUrl\":\"https:\\\/\\\/kalixlinjen.se\\\/wp-content\\\/uploads\\\/2023\\\/03\\\/cropped-kartaentre.jpg\"},{\"@type\":\"BreadcrumbList\",\"@id\":\"https:\\\/\\\/kalixlinjen.se\\\/inforertbesok\\\/#breadcrumb\",\"itemListElement\":[{\"@type\":\"ListItem\",\"position\":1,\"name\":\"Hem\",\"item\":\"https:\\\/\\\/kalixlinjen.se\\\/\"},{\"@type\":\"ListItem\",\"position\":2,\"name\":\"Inf\u00f6r ert bes\u00f6k\"}]},{\"@type\":\"WebSite\",\"@id\":\"https:\\\/\\\/kalixlinjen.se\\\/#website\",\"url\":\"https:\\\/\\\/kalixlinjen.se\\\/\",\"name\":\"Kalixlinjens museum\",\"description\":\"St\u00f6rst och hemligast!\",\"publisher\":{\"@id\":\"https:\\\/\\\/kalixlinjen.se\\\/#organization\"},\"potentialAction\":[{\"@type\":\"SearchAction\",\"target\":{\"@type\":\"EntryPoint\",\"urlTemplate\":\"https:\\\/\\\/kalixlinjen.se\\\/?s={search_term_string}\"},\"query-input\":{\"@type\":\"PropertyValueSpecification\",\"valueRequired\":true,\"valueName\":\"search_term_string\"}}],\"inLanguage\":\"en-GB\"},{\"@type\":\"Organization\",\"@id\":\"https:\\\/\\\/kalixlinjen.se\\\/#organization\",\"name\":\"Kalixlinjens museum\",\"url\":\"https:\\\/\\\/kalixlinjen.se\\\/\",\"logo\":{\"@type\":\"ImageObject\",\"inLanguage\":\"en-GB\",\"@id\":\"https:\\\/\\\/kalixlinjen.se\\\/#\\\/schema\\\/logo\\\/image\\\/\",\"url\":\"https:\\\/\\\/kalixlinjen.se\\\/wp-content\\\/uploads\\\/2022\\\/11\\\/cropped-cropped-cropped-cropped-loggo.png\",\"contentUrl\":\"https:\\\/\\\/kalixlinjen.se\\\/wp-content\\\/uploads\\\/2022\\\/11\\\/cropped-cropped-cropped-cropped-loggo.png\",\"width\":512,\"height\":512,\"caption\":\"Kalixlinjens museum\"},\"image\":{\"@id\":\"https:\\\/\\\/kalixlinjen.se\\\/#\\\/schema\\\/logo\\\/image\\\/\"},\"sameAs\":[\"https:\\\/\\\/www.facebook.com\\\/kalixlinjensmuseum\",\"https:\\\/\\\/www.instagram.com\\\/kalixlinjens_museum\\\/\"]}]}<\/script>\n<!-- \/ Yoast SEO plugin. -->","yoast_head_json":{"title":"Inf\u00f6r ert bes\u00f6k - Kalixlinjens museum","robots":{"index":"index","follow":"follow","max-snippet":"max-snippet:-1","max-image-preview":"max-image-preview:large","max-video-preview":"max-video-preview:-1"},"canonical":"https:\/\/kalixlinjen.se\/en\/inforertbesok\/","og_locale":"en_GB","og_type":"article","og_title":"Inf\u00f6r ert bes\u00f6k - Kalixlinjens museum","og_description":"Inf\u00f6r ditt bes\u00f6k Ring oss n\u00e5gon dag innan ditt bes\u00f6k, s\u00e5 l\u00e5ser vi g\u00e4rna upp \u00e5t dig! F\u00f6r s\u00e4kerhetens skull, h\u00e5lls v\u00e5ra utst\u00e4llningshus l\u00e5sta, och en bom \u00e4r uppsatt vid entr\u00e9n.&nbsp; Om ni bara \u00e4r intresserade av att kika p\u00e5 fordonen, g\u00e5r det fint att parkera utanf\u00f6r v\u00e4gbommen och sen g\u00e5 in p\u00e5 omr\u00e5det. Vi [&hellip;]","og_url":"https:\/\/kalixlinjen.se\/en\/inforertbesok\/","og_site_name":"Kalixlinjens museum","article_publisher":"https:\/\/www.facebook.com\/kalixlinjensmuseum","article_modified_time":"2023-05-04T07:33:01+00:00","og_image":[{"url":"https:\/\/kalixlinjen.se\/wp-content\/uploads\/2023\/03\/cropped-kartaentre.jpg","type":"","width":"","height":""}],"twitter_card":"summary_large_image","twitter_misc":{"Estimated reading time":"1 minute"},"schema":{"@context":"https:\/\/schema.org","@graph":[{"@type":"WebPage","@id":"https:\/\/kalixlinjen.se\/inforertbesok\/","url":"https:\/\/kalixlinjen.se\/inforertbesok\/","name":"Inf\u00f6r ert bes\u00f6k - Kalixlinjens museum","isPartOf":{"@id":"https:\/\/kalixlinjen.se\/#website"},"primaryImageOfPage":{"@id":"https:\/\/kalixlinjen.se\/inforertbesok\/#primaryimage"},"image":{"@id":"https:\/\/kalixlinjen.se\/inforertbesok\/#primaryimage"},"thumbnailUrl":"https:\/\/kalixlinjen.se\/wp-content\/uploads\/2023\/03\/cropped-kartaentre.jpg","datePublished":"2023-03-09T08:30:03+00:00","dateModified":"2023-05-04T07:33:01+00:00","breadcrumb":{"@id":"https:\/\/kalixlinjen.se\/inforertbesok\/#breadcrumb"},"inLanguage":"en-GB","potentialAction":[{"@type":"ReadAction","target":["https:\/\/kalixlinjen.se\/inforertbesok\/"]}]},{"@type":"ImageObject","inLanguage":"en-GB","@id":"https:\/\/kalixlinjen.se\/inforertbesok\/#primaryimage","url":"https:\/\/kalixlinjen.se\/wp-content\/uploads\/2023\/03\/cropped-kartaentre.jpg","contentUrl":"https:\/\/kalixlinjen.se\/wp-content\/uploads\/2023\/03\/cropped-kartaentre.jpg"},{"@type":"BreadcrumbList","@id":"https:\/\/kalixlinjen.se\/inforertbesok\/#breadcrumb","itemListElement":[{"@type":"ListItem","position":1,"name":"Hem","item":"https:\/\/kalixlinjen.se\/"},{"@type":"ListItem","position":2,"name":"Inf\u00f6r ert bes\u00f6k"}]},{"@type":"WebSite","@id":"https:\/\/kalixlinjen.se\/#website","url":"https:\/\/kalixlinjen.se\/","name":"The Kalix line museum","description":"St\u00f6rst och hemligast!","publisher":{"@id":"https:\/\/kalixlinjen.se\/#organization"},"potentialAction":[{"@type":"SearchAction","target":{"@type":"EntryPoint","urlTemplate":"https:\/\/kalixlinjen.se\/?s={search_term_string}"},"query-input":{"@type":"PropertyValueSpecification","valueRequired":true,"valueName":"search_term_string"}}],"inLanguage":"en-GB"},{"@type":"Organization","@id":"https:\/\/kalixlinjen.se\/#organization","name":"The Kalix line museum","url":"https:\/\/kalixlinjen.se\/","logo":{"@type":"ImageObject","inLanguage":"en-GB","@id":"https:\/\/kalixlinjen.se\/#\/schema\/logo\/image\/","url":"https:\/\/kalixlinjen.se\/wp-content\/uploads\/2022\/11\/cropped-cropped-cropped-cropped-loggo.png","contentUrl":"https:\/\/kalixlinjen.se\/wp-content\/uploads\/2022\/11\/cropped-cropped-cropped-cropped-loggo.png","width":512,"height":512,"caption":"Kalixlinjens museum"},"image":{"@id":"https:\/\/kalixlinjen.se\/#\/schema\/logo\/image\/"},"sameAs":["https:\/\/www.facebook.com\/kalixlinjensmuseum","https:\/\/www.instagram.com\/kalixlinjens_museum\/"]}]}},"_links":{"self":[{"href":"https:\/\/kalixlinjen.se\/en\/wp-json\/wp\/v2\/pages\/663","targetHints":{"allow":["GET"]}}],"collection":[{"href":"https:\/\/kalixlinjen.se\/en\/wp-json\/wp\/v2\/pages"}],"about":[{"href":"https:\/\/kalixlinjen.se\/en\/wp-json\/wp\/v2\/types\/page"}],"author":[{"embeddable":true,"href":"https:\/\/kalixlinjen.se\/en\/wp-json\/wp\/v2\/users\/1"}],"replies":[{"embeddable":true,"href":"https:\/\/kalixlinjen.se\/en\/wp-json\/wp\/v2\/comments?post=663"}],"version-history":[{"count":7,"href":"https:\/\/kalixlinjen.se\/en\/wp-json\/wp\/v2\/pages\/663\/revisions"}],"predecessor-version":[{"id":1939,"href":"https:\/\/kalixlinjen.se\/en\/wp-json\/wp\/v2\/pages\/663\/revisions\/1939"}],"wp:attachment":[{"href":"https:\/\/kalixlinjen.se\/en\/wp-json\/wp\/v2\/media?parent=663"}],"curies":[{"name":"wp","href":"https:\/\/api.w.org\/{rel}","templated":true}]}}