{"id":645,"date":"2023-03-09T08:01:41","date_gmt":"2023-03-09T08:01:41","guid":{"rendered":"https:\/\/kalixlinjen.se\/?page_id=645"},"modified":"2024-09-06T08:29:29","modified_gmt":"2024-09-06T08:29:29","slug":"besokoss","status":"publish","type":"page","link":"https:\/\/kalixlinjen.se\/en\/besokoss\/","title":{"rendered":"Visit us"},"content":{"rendered":"<div data-colibri-id=\"645-c1\" class=\"style-432 style-local-645-c1 position-relative\">\n  <!---->\n  <div data-colibri-component=\"section\" data-colibri-id=\"645-c2\" id=\"custom\" class=\"h-section h-section-global-spacing d-flex align-items-lg-center align-items-md-center align-items-center style-433 style-local-645-c2 position-relative\">\n    <!---->\n    <!---->\n    <div class=\"h-section-grid-container h-section-boxed-container\">\n      <!---->\n      <div data-colibri-id=\"645-c3\" class=\"h-row-container gutters-row-lg-2 gutters-row-md-2 gutters-row-0 gutters-row-v-lg-2 gutters-row-v-md-2 gutters-row-v-2 style-436 style-local-645-c3 position-relative\">\n        <!---->\n        <div class=\"h-row justify-content-lg-center justify-content-md-center justify-content-center align-items-lg-stretch align-items-md-stretch align-items-stretch gutters-col-lg-2 gutters-col-md-2 gutters-col-0 gutters-col-v-lg-2 gutters-col-v-md-2 gutters-col-v-2\">\n          <!---->\n          <div class=\"h-column h-column-container d-flex h-col-lg-auto h-col-md-auto h-col-auto style-437-outer style-local-645-c4-outer\">\n            <div data-colibri-id=\"645-c4\" class=\"d-flex h-flex-basis h-column__inner h-px-lg-2 h-px-md-2 h-px-2 v-inner-lg-2 v-inner-md-2 v-inner-2 style-437 style-local-645-c4 position-relative\">\n              <!---->\n              <!---->\n              <div class=\"w-100 h-y-container h-column__content h-column__v-align flex-basis-100 align-self-lg-start align-self-md-start align-self-start\">\n                <!---->\n                <div data-colibri-id=\"645-c5\" class=\"h-global-transition-all h-heading style-438 style-local-645-c5 position-relative h-element\">\n                  <!---->\n                  <div class=\"h-heading__outer style-438 style-local-645-c5\">\n                    <!---->\n                    <!---->\n                    <h1 class=\"\">visit us!&nbsp;<\/h1>\n                  <\/div>\n                <\/div>\n              <\/div>\n            <\/div>\n          <\/div>\n        <\/div>\n      <\/div>\n      <div data-colibri-id=\"645-c6\" class=\"h-row-container gutters-row-lg-2 gutters-row-md-2 gutters-row-0 gutters-row-v-lg-2 gutters-row-v-md-2 gutters-row-v-2 style-442 style-local-645-c6 position-relative\">\n        <!---->\n        <div class=\"h-row justify-content-lg-center justify-content-md-center justify-content-center align-items-lg-stretch align-items-md-stretch align-items-stretch gutters-col-lg-2 gutters-col-md-2 gutters-col-0 gutters-col-v-lg-2 gutters-col-v-md-2 gutters-col-v-2\">\n          <!---->\n          <div class=\"h-column h-column-container d-flex h-col-lg-auto h-col-md-auto h-col-auto style-443-outer style-local-645-c7-outer\">\n            <div data-colibri-id=\"645-c7\" class=\"d-flex h-flex-basis h-column__inner h-px-lg-2 h-px-md-2 h-px-2 v-inner-lg-2 v-inner-md-2 v-inner-2 style-443 style-local-645-c7 position-relative\">\n              <!---->\n              <!---->\n              <div class=\"w-100 h-y-container h-column__content h-column__v-align flex-basis-100 align-self-lg-start align-self-md-start align-self-start\">\n                <!---->\n                <div data-colibri-id=\"645-c8\" class=\"h-text h-text-component style-444 style-local-645-c8 position-relative h-element\">\n                  <!---->\n                  <!---->\n                  <div class=\"\">\n                    <p>Kalix Line Museum is perfect for a day trip.<\/p>\n                    <p>With around 60 vehicles displayed outdoors and several buildings with exhibitions, it's easy to spend a whole day here.&nbsp;&nbsp;\n                      <br>\n                      <br>Both children and adults can enjoy climbing into and trying out the various vehicles, and for those who want to learn more about the Cold War, we have a whole barrack dedicated to an exhibition on the topic.&nbsp;\n                      <br>We have period-appropriate uniforms to try on, and a preparedness revue stage to stand on!&nbsp;\n                      <br>\n                      <br>For those truly interested <strong>in learning more<\/strong> there are books, collections of newspaper clippings, and other materials to browse through.\nMost of the material is in Swedish, and we are currently working on arranging a translation solution to make it more enjoyable for our foreign guests.&nbsp;<\/p>\n                  <\/div>\n                <\/div>\n              <\/div>\n            <\/div>\n          <\/div>\n        <\/div>\n      <\/div>\n      <div data-colibri-id=\"645-c9\" class=\"h-row-container gutters-row-lg-2 gutters-row-md-2 gutters-row-0 gutters-row-v-lg-2 gutters-row-v-md-2 gutters-row-v-2 style-606 style-local-645-c9 position-relative\">\n        <!---->\n        <div class=\"h-row justify-content-lg-center justify-content-md-center justify-content-center align-items-lg-stretch align-items-md-stretch align-items-stretch gutters-col-lg-2 gutters-col-md-2 gutters-col-0 gutters-col-v-lg-2 gutters-col-v-md-2 gutters-col-v-2\">\n          <!---->\n          <div class=\"h-column h-column-container d-flex h-col-lg-auto h-col-md-auto h-col-auto style-607-outer style-local-645-c10-outer\">\n            <div data-colibri-id=\"645-c10\" class=\"d-flex h-flex-basis h-column__inner h-px-lg-2 h-px-md-2 h-px-2 v-inner-lg-2 v-inner-md-2 v-inner-2 style-607 style-local-645-c10 position-relative\">\n              <!---->\n              <!---->\n              <div class=\"w-100 h-y-container h-column__content h-column__v-align flex-basis-100 align-self-lg-start align-self-md-start align-self-start\">\n                <!---->\n                <div data-colibri-id=\"645-c11\" class=\"d-block style-610 style-local-645-c11 position-relative h-element\">\n                  <!---->\n                  <div class=\"h-image__frame-container-outer\">\n                    <div class=\"h-image__frame-container\">\n                      <!---->\n                      <!---->\n                      <img loading=\"lazy\" decoding=\"async\" width=\"1920\" height=\"1919\" src=\"https:\/\/kalixlinjen.se\/wp-content\/uploads\/2022\/11\/cropped-cropped-cropped-cropped-IMG_20220929_114633-scaled-1-1-1.jpg\" class=\"wp-image-764 style-610-image style-local-645-c11-image\" alt=\"\" srcset=\"https:\/\/kalixlinjen.se\/wp-content\/uploads\/2022\/11\/cropped-cropped-cropped-cropped-IMG_20220929_114633-scaled-1-1-1.jpg 1920w, https:\/\/kalixlinjen.se\/wp-content\/uploads\/2022\/11\/cropped-cropped-cropped-cropped-IMG_20220929_114633-scaled-1-1-1-300x300.jpg 300w, https:\/\/kalixlinjen.se\/wp-content\/uploads\/2022\/11\/cropped-cropped-cropped-cropped-IMG_20220929_114633-scaled-1-1-1-1024x1024.jpg 1024w, https:\/\/kalixlinjen.se\/wp-content\/uploads\/2022\/11\/cropped-cropped-cropped-cropped-IMG_20220929_114633-scaled-1-1-1-150x150.jpg 150w, https:\/\/kalixlinjen.se\/wp-content\/uploads\/2022\/11\/cropped-cropped-cropped-cropped-IMG_20220929_114633-scaled-1-1-1-768x768.jpg 768w, https:\/\/kalixlinjen.se\/wp-content\/uploads\/2022\/11\/cropped-cropped-cropped-cropped-IMG_20220929_114633-scaled-1-1-1-1536x1536.jpg 1536w\" sizes=\"auto, (max-width: 1920px) 100vw, 1920px\" \/>\n                      <div class=\"h-image__frame h-hide-lg h-hide-md h-hide-sm style-610-frameImage style-local-645-c11-frameImage\"><\/div>\n                    <\/div>\n                  <\/div>\n                <\/div>\n              <\/div>\n            <\/div>\n          <\/div>\n          <div class=\"h-column h-column-container d-flex h-col-lg-auto h-col-md-auto h-col-auto style-608-outer style-local-645-c12-outer\">\n            <div data-colibri-id=\"645-c12\" class=\"d-flex h-flex-basis h-column__inner h-px-lg-2 h-px-md-2 h-px-2 v-inner-lg-2 v-inner-md-2 v-inner-2 style-608 style-local-645-c12 position-relative\">\n              <!---->\n              <!---->\n              <div class=\"w-100 h-y-container h-column__content h-column__v-align flex-basis-100 align-self-lg-start align-self-md-start align-self-start\">\n                <!---->\n                <div data-colibri-id=\"645-c13\" class=\"d-block style-611 style-local-645-c13 position-relative h-element\">\n                  <!---->\n                  <div class=\"h-image__frame-container-outer\">\n                    <div class=\"h-image__frame-container\">\n                      <!---->\n                      <!---->\n                      <img loading=\"lazy\" decoding=\"async\" width=\"1920\" height=\"1919\" src=\"https:\/\/kalixlinjen.se\/wp-content\/uploads\/2023\/03\/cropped-IMG_20220929_104216-scaled-2.jpg\" class=\"wp-image-765 style-611-image style-local-645-c13-image\" alt=\"\" srcset=\"https:\/\/kalixlinjen.se\/wp-content\/uploads\/2023\/03\/cropped-IMG_20220929_104216-scaled-2.jpg 1920w, https:\/\/kalixlinjen.se\/wp-content\/uploads\/2023\/03\/cropped-IMG_20220929_104216-scaled-2-300x300.jpg 300w, https:\/\/kalixlinjen.se\/wp-content\/uploads\/2023\/03\/cropped-IMG_20220929_104216-scaled-2-1024x1024.jpg 1024w, https:\/\/kalixlinjen.se\/wp-content\/uploads\/2023\/03\/cropped-IMG_20220929_104216-scaled-2-150x150.jpg 150w, https:\/\/kalixlinjen.se\/wp-content\/uploads\/2023\/03\/cropped-IMG_20220929_104216-scaled-2-768x768.jpg 768w, https:\/\/kalixlinjen.se\/wp-content\/uploads\/2023\/03\/cropped-IMG_20220929_104216-scaled-2-1536x1536.jpg 1536w\" sizes=\"auto, (max-width: 1920px) 100vw, 1920px\" \/>\n                      <div class=\"h-image__frame h-hide-lg h-hide-md h-hide-sm style-611-frameImage style-local-645-c13-frameImage\"><\/div>\n                    <\/div>\n                  <\/div>\n                <\/div>\n              <\/div>\n            <\/div>\n          <\/div>\n          <div class=\"h-column h-column-container d-flex h-col-lg-auto h-col-md-auto h-col-auto style-609-outer style-local-645-c14-outer\">\n            <div data-colibri-id=\"645-c14\" class=\"d-flex h-flex-basis h-column__inner h-px-lg-2 h-px-md-2 h-px-2 v-inner-lg-2 v-inner-md-2 v-inner-2 style-609 style-local-645-c14 position-relative\">\n              <!---->\n              <!---->\n              <div class=\"w-100 h-y-container h-column__content h-column__v-align flex-basis-100 align-self-lg-start align-self-md-start align-self-start\">\n                <!---->\n                <div data-colibri-id=\"645-c15\" class=\"d-block style-612 style-local-645-c15 position-relative h-element\">\n                  <!---->\n                  <div class=\"h-image__frame-container-outer\">\n                    <div class=\"h-image__frame-container\">\n                      <!---->\n                      <!---->\n                      <img loading=\"lazy\" decoding=\"async\" width=\"1920\" height=\"1919\" src=\"https:\/\/kalixlinjen.se\/wp-content\/uploads\/2022\/11\/cropped-cropped-IMG_20220929_103549-scaled-1.jpg\" class=\"wp-image-766 style-612-image style-local-645-c15-image\" alt=\"\" srcset=\"https:\/\/kalixlinjen.se\/wp-content\/uploads\/2022\/11\/cropped-cropped-IMG_20220929_103549-scaled-1.jpg 1920w, https:\/\/kalixlinjen.se\/wp-content\/uploads\/2022\/11\/cropped-cropped-IMG_20220929_103549-scaled-1-300x300.jpg 300w, https:\/\/kalixlinjen.se\/wp-content\/uploads\/2022\/11\/cropped-cropped-IMG_20220929_103549-scaled-1-1024x1024.jpg 1024w, https:\/\/kalixlinjen.se\/wp-content\/uploads\/2022\/11\/cropped-cropped-IMG_20220929_103549-scaled-1-150x150.jpg 150w, https:\/\/kalixlinjen.se\/wp-content\/uploads\/2022\/11\/cropped-cropped-IMG_20220929_103549-scaled-1-768x768.jpg 768w, https:\/\/kalixlinjen.se\/wp-content\/uploads\/2022\/11\/cropped-cropped-IMG_20220929_103549-scaled-1-1536x1536.jpg 1536w\" sizes=\"auto, (max-width: 1920px) 100vw, 1920px\" \/>\n                      <div class=\"h-image__frame h-hide-lg h-hide-md h-hide-sm style-612-frameImage style-local-645-c15-frameImage\"><\/div>\n                    <\/div>\n                  <\/div>\n                <\/div>\n              <\/div>\n            <\/div>\n          <\/div>\n        <\/div>\n      <\/div>\n    <\/div>\n  <\/div>\n<\/div>","protected":false},"excerpt":{"rendered":"<p>Bes\u00f6k oss!&nbsp; Kalixlinjens museum \u00e4r utm\u00e4rkt f\u00f6r en dagsutflykt. Med ett 60tal fordon utst\u00e4llda utomhus, och flera byggnader med utst\u00e4llningar, \u00e4r det l\u00e4tt att spendera en hel dag h\u00e4r.&nbsp;&nbsp; B\u00e5de barn och vuxna kan uppskatta att f\u00e5 kl\u00e4ttra in och provsitta de olika fordonen, och f\u00f6r dem som vill veta mer om kalla kriget har [&hellip;]<\/p>\n","protected":false},"author":1,"featured_media":0,"parent":0,"menu_order":0,"comment_status":"closed","ping_status":"closed","template":"page-templates\/full-width-page.php","meta":{"_kadence_starter_templates_imported_post":false,"footnotes":""},"class_list":["post-645","page","type-page","status-publish","hentry"],"yoast_head":"<!-- This site is optimized with the Yoast SEO plugin v27.5 - https:\/\/yoast.com\/product\/yoast-seo-wordpress\/ -->\n<title>Bes\u00f6k oss - Kalixlinjens museum<\/title>\n<meta name=\"robots\" content=\"index, follow, max-snippet:-1, max-image-preview:large, max-video-preview:-1\" \/>\n<link rel=\"canonical\" href=\"https:\/\/kalixlinjen.se\/en\/besokoss\/\" \/>\n<meta property=\"og:locale\" content=\"en_GB\" \/>\n<meta property=\"og:type\" content=\"article\" \/>\n<meta property=\"og:title\" content=\"Bes\u00f6k oss - Kalixlinjens museum\" \/>\n<meta property=\"og:description\" content=\"Bes\u00f6k oss!&nbsp; Kalixlinjens museum \u00e4r utm\u00e4rkt f\u00f6r en dagsutflykt. Med ett 60tal fordon utst\u00e4llda utomhus, och flera byggnader med utst\u00e4llningar, \u00e4r det l\u00e4tt att spendera en hel dag h\u00e4r.&nbsp;&nbsp; B\u00e5de barn och vuxna kan uppskatta att f\u00e5 kl\u00e4ttra in och provsitta de olika fordonen, och f\u00f6r dem som vill veta mer om kalla kriget har [&hellip;]\" \/>\n<meta property=\"og:url\" content=\"https:\/\/kalixlinjen.se\/en\/besokoss\/\" \/>\n<meta property=\"og:site_name\" content=\"Kalixlinjens museum\" \/>\n<meta property=\"article:publisher\" content=\"https:\/\/www.facebook.com\/kalixlinjensmuseum\" \/>\n<meta property=\"article:modified_time\" content=\"2024-09-06T08:29:29+00:00\" \/>\n<meta property=\"og:image\" content=\"https:\/\/kalixlinjen.se\/wp-content\/uploads\/2022\/11\/cropped-cropped-cropped-cropped-IMG_20220929_114633-scaled-1-1-1.jpg\" \/>\n<meta name=\"twitter:card\" content=\"summary_large_image\" \/>\n<meta name=\"twitter:label1\" content=\"Estimated reading time\" \/>\n\t<meta name=\"twitter:data1\" content=\"1 minute\" \/>\n<script type=\"application\/ld+json\" class=\"yoast-schema-graph\">{\"@context\":\"https:\\\/\\\/schema.org\",\"@graph\":[{\"@type\":\"WebPage\",\"@id\":\"https:\\\/\\\/kalixlinjen.se\\\/besokoss\\\/\",\"url\":\"https:\\\/\\\/kalixlinjen.se\\\/besokoss\\\/\",\"name\":\"Bes\u00f6k oss - Kalixlinjens museum\",\"isPartOf\":{\"@id\":\"https:\\\/\\\/kalixlinjen.se\\\/#website\"},\"primaryImageOfPage\":{\"@id\":\"https:\\\/\\\/kalixlinjen.se\\\/besokoss\\\/#primaryimage\"},\"image\":{\"@id\":\"https:\\\/\\\/kalixlinjen.se\\\/besokoss\\\/#primaryimage\"},\"thumbnailUrl\":\"https:\\\/\\\/kalixlinjen.se\\\/wp-content\\\/uploads\\\/2022\\\/11\\\/cropped-cropped-cropped-cropped-IMG_20220929_114633-scaled-1-1-1.jpg\",\"datePublished\":\"2023-03-09T08:01:41+00:00\",\"dateModified\":\"2024-09-06T08:29:29+00:00\",\"breadcrumb\":{\"@id\":\"https:\\\/\\\/kalixlinjen.se\\\/besokoss\\\/#breadcrumb\"},\"inLanguage\":\"en-GB\",\"potentialAction\":[{\"@type\":\"ReadAction\",\"target\":[\"https:\\\/\\\/kalixlinjen.se\\\/besokoss\\\/\"]}]},{\"@type\":\"ImageObject\",\"inLanguage\":\"en-GB\",\"@id\":\"https:\\\/\\\/kalixlinjen.se\\\/besokoss\\\/#primaryimage\",\"url\":\"https:\\\/\\\/kalixlinjen.se\\\/wp-content\\\/uploads\\\/2022\\\/11\\\/cropped-cropped-cropped-cropped-IMG_20220929_114633-scaled-1-1-1.jpg\",\"contentUrl\":\"https:\\\/\\\/kalixlinjen.se\\\/wp-content\\\/uploads\\\/2022\\\/11\\\/cropped-cropped-cropped-cropped-IMG_20220929_114633-scaled-1-1-1.jpg\"},{\"@type\":\"BreadcrumbList\",\"@id\":\"https:\\\/\\\/kalixlinjen.se\\\/besokoss\\\/#breadcrumb\",\"itemListElement\":[{\"@type\":\"ListItem\",\"position\":1,\"name\":\"Hem\",\"item\":\"https:\\\/\\\/kalixlinjen.se\\\/\"},{\"@type\":\"ListItem\",\"position\":2,\"name\":\"Bes\u00f6k oss\"}]},{\"@type\":\"WebSite\",\"@id\":\"https:\\\/\\\/kalixlinjen.se\\\/#website\",\"url\":\"https:\\\/\\\/kalixlinjen.se\\\/\",\"name\":\"Kalixlinjens museum\",\"description\":\"St\u00f6rst och hemligast!\",\"publisher\":{\"@id\":\"https:\\\/\\\/kalixlinjen.se\\\/#organization\"},\"potentialAction\":[{\"@type\":\"SearchAction\",\"target\":{\"@type\":\"EntryPoint\",\"urlTemplate\":\"https:\\\/\\\/kalixlinjen.se\\\/?s={search_term_string}\"},\"query-input\":{\"@type\":\"PropertyValueSpecification\",\"valueRequired\":true,\"valueName\":\"search_term_string\"}}],\"inLanguage\":\"en-GB\"},{\"@type\":\"Organization\",\"@id\":\"https:\\\/\\\/kalixlinjen.se\\\/#organization\",\"name\":\"Kalixlinjens museum\",\"url\":\"https:\\\/\\\/kalixlinjen.se\\\/\",\"logo\":{\"@type\":\"ImageObject\",\"inLanguage\":\"en-GB\",\"@id\":\"https:\\\/\\\/kalixlinjen.se\\\/#\\\/schema\\\/logo\\\/image\\\/\",\"url\":\"https:\\\/\\\/kalixlinjen.se\\\/wp-content\\\/uploads\\\/2022\\\/11\\\/cropped-cropped-cropped-cropped-loggo.png\",\"contentUrl\":\"https:\\\/\\\/kalixlinjen.se\\\/wp-content\\\/uploads\\\/2022\\\/11\\\/cropped-cropped-cropped-cropped-loggo.png\",\"width\":512,\"height\":512,\"caption\":\"Kalixlinjens museum\"},\"image\":{\"@id\":\"https:\\\/\\\/kalixlinjen.se\\\/#\\\/schema\\\/logo\\\/image\\\/\"},\"sameAs\":[\"https:\\\/\\\/www.facebook.com\\\/kalixlinjensmuseum\",\"https:\\\/\\\/www.instagram.com\\\/kalixlinjens_museum\\\/\"]}]}<\/script>\n<!-- \/ Yoast SEO plugin. -->","yoast_head_json":{"title":"Bes\u00f6k oss - Kalixlinjens museum","robots":{"index":"index","follow":"follow","max-snippet":"max-snippet:-1","max-image-preview":"max-image-preview:large","max-video-preview":"max-video-preview:-1"},"canonical":"https:\/\/kalixlinjen.se\/en\/besokoss\/","og_locale":"en_GB","og_type":"article","og_title":"Bes\u00f6k oss - Kalixlinjens museum","og_description":"Bes\u00f6k oss!&nbsp; Kalixlinjens museum \u00e4r utm\u00e4rkt f\u00f6r en dagsutflykt. Med ett 60tal fordon utst\u00e4llda utomhus, och flera byggnader med utst\u00e4llningar, \u00e4r det l\u00e4tt att spendera en hel dag h\u00e4r.&nbsp;&nbsp; B\u00e5de barn och vuxna kan uppskatta att f\u00e5 kl\u00e4ttra in och provsitta de olika fordonen, och f\u00f6r dem som vill veta mer om kalla kriget har [&hellip;]","og_url":"https:\/\/kalixlinjen.se\/en\/besokoss\/","og_site_name":"Kalixlinjens museum","article_publisher":"https:\/\/www.facebook.com\/kalixlinjensmuseum","article_modified_time":"2024-09-06T08:29:29+00:00","og_image":[{"url":"https:\/\/kalixlinjen.se\/wp-content\/uploads\/2022\/11\/cropped-cropped-cropped-cropped-IMG_20220929_114633-scaled-1-1-1.jpg","type":"","width":"","height":""}],"twitter_card":"summary_large_image","twitter_misc":{"Estimated reading time":"1 minute"},"schema":{"@context":"https:\/\/schema.org","@graph":[{"@type":"WebPage","@id":"https:\/\/kalixlinjen.se\/besokoss\/","url":"https:\/\/kalixlinjen.se\/besokoss\/","name":"Bes\u00f6k oss - Kalixlinjens museum","isPartOf":{"@id":"https:\/\/kalixlinjen.se\/#website"},"primaryImageOfPage":{"@id":"https:\/\/kalixlinjen.se\/besokoss\/#primaryimage"},"image":{"@id":"https:\/\/kalixlinjen.se\/besokoss\/#primaryimage"},"thumbnailUrl":"https:\/\/kalixlinjen.se\/wp-content\/uploads\/2022\/11\/cropped-cropped-cropped-cropped-IMG_20220929_114633-scaled-1-1-1.jpg","datePublished":"2023-03-09T08:01:41+00:00","dateModified":"2024-09-06T08:29:29+00:00","breadcrumb":{"@id":"https:\/\/kalixlinjen.se\/besokoss\/#breadcrumb"},"inLanguage":"en-GB","potentialAction":[{"@type":"ReadAction","target":["https:\/\/kalixlinjen.se\/besokoss\/"]}]},{"@type":"ImageObject","inLanguage":"en-GB","@id":"https:\/\/kalixlinjen.se\/besokoss\/#primaryimage","url":"https:\/\/kalixlinjen.se\/wp-content\/uploads\/2022\/11\/cropped-cropped-cropped-cropped-IMG_20220929_114633-scaled-1-1-1.jpg","contentUrl":"https:\/\/kalixlinjen.se\/wp-content\/uploads\/2022\/11\/cropped-cropped-cropped-cropped-IMG_20220929_114633-scaled-1-1-1.jpg"},{"@type":"BreadcrumbList","@id":"https:\/\/kalixlinjen.se\/besokoss\/#breadcrumb","itemListElement":[{"@type":"ListItem","position":1,"name":"Hem","item":"https:\/\/kalixlinjen.se\/"},{"@type":"ListItem","position":2,"name":"Bes\u00f6k oss"}]},{"@type":"WebSite","@id":"https:\/\/kalixlinjen.se\/#website","url":"https:\/\/kalixlinjen.se\/","name":"The Kalix line museum","description":"St\u00f6rst och hemligast!","publisher":{"@id":"https:\/\/kalixlinjen.se\/#organization"},"potentialAction":[{"@type":"SearchAction","target":{"@type":"EntryPoint","urlTemplate":"https:\/\/kalixlinjen.se\/?s={search_term_string}"},"query-input":{"@type":"PropertyValueSpecification","valueRequired":true,"valueName":"search_term_string"}}],"inLanguage":"en-GB"},{"@type":"Organization","@id":"https:\/\/kalixlinjen.se\/#organization","name":"The Kalix line museum","url":"https:\/\/kalixlinjen.se\/","logo":{"@type":"ImageObject","inLanguage":"en-GB","@id":"https:\/\/kalixlinjen.se\/#\/schema\/logo\/image\/","url":"https:\/\/kalixlinjen.se\/wp-content\/uploads\/2022\/11\/cropped-cropped-cropped-cropped-loggo.png","contentUrl":"https:\/\/kalixlinjen.se\/wp-content\/uploads\/2022\/11\/cropped-cropped-cropped-cropped-loggo.png","width":512,"height":512,"caption":"Kalixlinjens museum"},"image":{"@id":"https:\/\/kalixlinjen.se\/#\/schema\/logo\/image\/"},"sameAs":["https:\/\/www.facebook.com\/kalixlinjensmuseum","https:\/\/www.instagram.com\/kalixlinjens_museum\/"]}]}},"_links":{"self":[{"href":"https:\/\/kalixlinjen.se\/en\/wp-json\/wp\/v2\/pages\/645","targetHints":{"allow":["GET"]}}],"collection":[{"href":"https:\/\/kalixlinjen.se\/en\/wp-json\/wp\/v2\/pages"}],"about":[{"href":"https:\/\/kalixlinjen.se\/en\/wp-json\/wp\/v2\/types\/page"}],"author":[{"embeddable":true,"href":"https:\/\/kalixlinjen.se\/en\/wp-json\/wp\/v2\/users\/1"}],"replies":[{"embeddable":true,"href":"https:\/\/kalixlinjen.se\/en\/wp-json\/wp\/v2\/comments?post=645"}],"version-history":[{"count":10,"href":"https:\/\/kalixlinjen.se\/en\/wp-json\/wp\/v2\/pages\/645\/revisions"}],"predecessor-version":[{"id":4739,"href":"https:\/\/kalixlinjen.se\/en\/wp-json\/wp\/v2\/pages\/645\/revisions\/4739"}],"wp:attachment":[{"href":"https:\/\/kalixlinjen.se\/en\/wp-json\/wp\/v2\/media?parent=645"}],"curies":[{"name":"wp","href":"https:\/\/api.w.org\/{rel}","templated":true}]}}