{"id":5574,"date":"2024-11-11T12:41:54","date_gmt":"2024-11-11T12:41:54","guid":{"rendered":"https:\/\/kalixlinjen.se\/?page_id=5574"},"modified":"2024-11-11T12:47:59","modified_gmt":"2024-11-11T12:47:59","slug":"integritet-och-cookies","status":"publish","type":"page","link":"https:\/\/kalixlinjen.se\/en\/integritet-och-cookies\/","title":{"rendered":"Privacy and Cookies"},"content":{"rendered":"<div data-colibri-id=\"5574-c1\" class=\"style-2760 style-local-5574-c1 position-relative\">\n  <!---->\n  <div data-colibri-component=\"section\" data-colibri-id=\"5574-c2\" id=\"reusable-sections\" class=\"h-section h-section-global-spacing d-flex align-items-lg-center align-items-md-center align-items-center style-2761 style-local-5574-c2 position-relative\">\n    <!---->\n    <!---->\n    <div class=\"h-section-grid-container h-section-boxed-container\">\n      <div data-colibri-id=\"5574-c16\" class=\"h-row-container gutters-row-lg-2 gutters-row-md-2 gutters-row-2 gutters-row-v-lg-2 gutters-row-v-md-2 gutters-row-v-2 style-2775 style-local-5574-c16 position-relative\">\n        <!---->\n        <div class=\"h-row justify-content-lg-center justify-content-md-center justify-content-center align-items-lg-stretch align-items-md-stretch align-items-stretch gutters-col-lg-2 gutters-col-md-2 gutters-col-2 gutters-col-v-lg-2 gutters-col-v-md-2 gutters-col-v-2\">\n          <!---->\n          <div class=\"h-column h-column-container d-flex h-col-lg-auto h-col-md-auto h-col-auto style-2776-outer style-local-5574-c17-outer\">\n            <div data-colibri-id=\"5574-c17\" class=\"d-flex h-flex-basis h-column__inner h-px-lg-2 h-px-md-2 h-px-2 v-inner-lg-2 v-inner-md-2 v-inner-2 style-2776 style-local-5574-c17 position-relative\">\n              <!---->\n              <!---->\n              <div class=\"w-100 h-y-container h-column__content h-column__v-align flex-basis-100 align-self-lg-start align-self-md-start align-self-start\">\n                <!---->\n                <div data-colibri-id=\"5574-c18\" class=\"h-global-transition-all h-heading style-2777 style-local-5574-c18 position-relative h-element\">\n                  <!---->\n                  <div class=\"h-heading__outer style-2777 style-local-5574-c18\">\n                    <!---->\n                    <!---->\n                    <h2 class=\"\">Privacy and Cookies<\/h2>\n                  <\/div>\n                <\/div>\n              <\/div>\n            <\/div>\n          <\/div>\n        <\/div>\n      <\/div>\n      <div data-colibri-id=\"5574-c3\" class=\"h-row-container gutters-row-lg-2 gutters-row-md-2 gutters-row-0 gutters-row-v-lg-2 gutters-row-v-md-2 gutters-row-v-2 style-2762 style-local-5574-c3 position-relative\">\n        <!---->\n        <div class=\"h-row justify-content-lg-center justify-content-md-center justify-content-center align-items-lg-stretch align-items-md-stretch align-items-stretch gutters-col-lg-2 gutters-col-md-2 gutters-col-0 gutters-col-v-lg-2 gutters-col-v-md-2 gutters-col-v-2\">\n          <!---->\n          <div class=\"h-column h-column-container d-flex h-col-lg-auto h-col-md-auto h-col-auto style-2763-outer style-local-5574-c4-outer\">\n            <div data-colibri-id=\"5574-c4\" class=\"d-flex h-flex-basis h-column__inner h-px-lg-2 h-px-md-2 h-px-2 v-inner-lg-2 v-inner-md-2 v-inner-2 style-2763 style-local-5574-c4 position-relative\">\n              <!---->\n              <!---->\n              <div class=\"w-100 h-y-container h-column__content h-column__v-align flex-basis-100 align-self-lg-start align-self-md-start align-self-start\">\n                <!---->\n                <div data-colibri-id=\"5574-c5\" class=\"h-text h-text-component style-2764 style-local-5574-c5 position-relative h-element\">\n                  <!---->\n                  <!---->\n                  <div class=\"\">\n                    <h3><span style=\"font-weight: 400;\">Privacy Policy<\/span><\/h3>\n                    <p><strong>1. Collection of personal data<\/strong>\n                      <br>At Kalixlinjen Museum, we respect your privacy. On this website, we do not collect any personal data about our visitors, such as names, email addresses, or other personal information.<\/p>\n                    <p><strong>2. Use of Cookies<\/strong>\n                      <br>Denna hemsida anv\u00e4nder cookies f\u00f6r att f\u00f6rb\u00e4ttra anv\u00e4ndarupplevelsen. Cookies \u00e4r sm\u00e5 textfiler som lagras p\u00e5 din enhet n\u00e4r du bes\u00f6ker v\u00e5r webbplats. Vi anv\u00e4nder endast cookies f\u00f6r att h\u00e5lla reda p\u00e5 grundl\u00e4ggande webbsessioner och\n                      f\u00f6r att analysera webbplatsens trafik via tredjepartstj\u00e4nster som Google Analytics. Dessa cookies samlar inte in personligt identifierbar information.<\/p>\n                    <p>You can choose to disable cookies in your browser if you prefer not to allow their use. For more information on how to manage cookies, please refer to your browser\u2019s help section.<\/p>\n                    <p><strong>3. Third parties<\/strong>\n                      <br>We do not share your personal data with any third parties, as we do not collect personal information.<\/p>\n                    <p><strong>4. Security<\/strong>\n                      <br>We take reasonable measures to protect any information that may be collected (e.g., via cookies); however, we cannot guarantee complete security on the internet.<\/p>\n                    <p><strong>5. Changes to this policy<\/strong>\n                      <br>We reserve the right to update or modify this privacy policy at any time. When we do, we will publish the updated policy on this page and indicate the date of the most recent change.<\/p>\n                    <p><strong>6. Contact Information<\/strong>\n                      <br>If you have any questions about this privacy policy, please contact us at kalixlinjensberedskapsmuseum(a)gmail.com.<\/p>\n                  <\/div>\n                <\/div>\n              <\/div>\n            <\/div>\n          <\/div>\n          <div class=\"h-column h-column-container d-flex h-col-lg-auto h-col-md-auto h-col-auto style-2763-outer style-local-5574-c20-outer\">\n            <div data-colibri-id=\"5574-c20\" class=\"d-flex h-flex-basis h-column__inner h-px-lg-2 h-px-md-2 h-px-2 v-inner-lg-2 v-inner-md-2 v-inner-2 style-2763 style-local-5574-c20 position-relative\">\n              <!---->\n              <!---->\n              <div class=\"w-100 h-y-container h-column__content h-column__v-align flex-basis-100 align-self-lg-start align-self-md-start align-self-start\">\n                <!---->\n                <div data-colibri-id=\"5574-c21\" class=\"h-text h-text-component style-2764 style-local-5574-c21 position-relative h-element\">\n                  <!---->\n                  <!---->\n                  <div class=\"\">\n                    <h3>Cookie policy<\/h3>\n                    <p><strong>1. What are Cookies?<\/strong>\n                      <br>Cookies \u00e4r sm\u00e5 textfiler som lagras p\u00e5 din enhet n\u00e4r du bes\u00f6ker en webbplats. De anv\u00e4nds f\u00f6r att f\u00f6rb\u00e4ttra anv\u00e4ndarupplevelsen och f\u00f6r att hj\u00e4lpa webbplatsen att fungera effektivt. Cookies kan \u00e4ven anv\u00e4ndas f\u00f6r att samla in anonymiserad\n                      data om hur du anv\u00e4nder webbplatsen, s\u00e5 att vi kan f\u00f6rb\u00e4ttra v\u00e5ra tj\u00e4nster.<\/p>\n                    <p><strong>2. Which cookies do we use?<\/strong>\n                      <br>On this website, we use cookies for the following purposes:<\/p>\n                    <ul>\n                      <li><strong>Necessary Cookies:<\/strong>These cookies are essential for the website to function and allow you to navigate the site and use its features, such as accessing secure areas.<\/li>\n                      <li><strong>Analytics and performance cookies:<\/strong>: Vi anv\u00e4nder dessa f\u00f6r att samla in anonym information om hur bes\u00f6kare anv\u00e4nder webbplatsen. Detta hj\u00e4lper oss att f\u00f6rb\u00e4ttra anv\u00e4ndarupplevelsen och inneh\u00e5llet p\u00e5 webbplatsen. Till exempel\n                        kan vi anv\u00e4nda Google Analytics f\u00f6r att analysera trafik och anv\u00e4ndarbeteende p\u00e5 sidan.<\/li>\n                    <\/ul>\n                    <p><strong>3. Third-party cookies<\/strong>\n                      <br>Vi anv\u00e4nder ocks\u00e5 tredjepartsverktyg (t.ex. Google Analytics) som kan placera cookies p\u00e5 din enhet. Dessa cookies anv\u00e4nds f\u00f6r att samla information om hur du anv\u00e4nder v\u00e5r webbplats och f\u00f6r att rapportera om webbplatsens prestanda.\n                      Google Analytics samlar inte in personlig identifierbar information.<\/p>\n                    <p><strong>4. How do I manage cookies?<\/strong>\n                      <br>Du kan hantera eller inaktivera cookies i din webbl\u00e4sares inst\u00e4llningar. Genom att blockera alla cookies kan vissa funktioner p\u00e5 webbplatsen sluta fungera som avsett. F\u00f6r mer information om hur du \u00e4ndrar inst\u00e4llningarna f\u00f6r cookies\n                      i din webbl\u00e4sare, v\u00e4nligen se hj\u00e4lpavsnittet i din webbl\u00e4sare.<\/p>\n                    <p><strong>5. Consent to cookies<\/strong>\n                      <br>By continuing to use this website, you consent to the use of cookies in accordance with this cookie policy. If you do not agree, you can choose to disable cookies through your browser settings.<\/p>\n                    <p><strong>6. Changes to the cookie policy<\/strong>\n                      <br>We may update this cookie policy from time to time. Any changes will be posted on this page and will take effect immediately once published.<\/p>\n                    <p><strong>7. Contact Information<\/strong>\n                      <br>If you have any questions about our cookie policy, please contact us at kalixlinjensberedskapsmuseum(a)gmail.com.<\/p>\n                  <\/div>\n                <\/div>\n              <\/div>\n            <\/div>\n          <\/div>\n        <\/div>\n      <\/div>\n    <\/div>\n  <\/div>\n<\/div>","protected":false},"excerpt":{"rendered":"<p>Integritet och cookies Integritetspolicy 1. Insamling av personuppgifter Vi p\u00e5 Kalixlinjens museum respekterar din integritet. P\u00e5 denna hemsida samlar vi inte in n\u00e5gra personuppgifter om v\u00e5ra bes\u00f6kare, s\u00e5som namn, e-postadresser eller annan personlig information. 2. Anv\u00e4ndning av cookies Denna hemsida anv\u00e4nder cookies f\u00f6r att f\u00f6rb\u00e4ttra anv\u00e4ndarupplevelsen. Cookies \u00e4r sm\u00e5 textfiler som lagras p\u00e5 din enhet [&hellip;]<\/p>\n","protected":false},"author":1,"featured_media":0,"parent":0,"menu_order":0,"comment_status":"closed","ping_status":"closed","template":"page-templates\/full-width-page.php","meta":{"_kadence_starter_templates_imported_post":false,"footnotes":""},"class_list":["post-5574","page","type-page","status-publish","hentry"],"yoast_head":"<!-- This site is optimized with the Yoast SEO plugin v27.4 - https:\/\/yoast.com\/product\/yoast-seo-wordpress\/ -->\n<title>Integritet och cookies - Kalixlinjens museum<\/title>\n<meta name=\"robots\" content=\"index, follow, max-snippet:-1, max-image-preview:large, max-video-preview:-1\" \/>\n<link rel=\"canonical\" href=\"https:\/\/kalixlinjen.se\/en\/integritet-och-cookies\/\" \/>\n<meta property=\"og:locale\" content=\"en_GB\" \/>\n<meta property=\"og:type\" content=\"article\" \/>\n<meta property=\"og:title\" content=\"Integritet och cookies - Kalixlinjens museum\" \/>\n<meta property=\"og:description\" content=\"Integritet och cookies Integritetspolicy 1. Insamling av personuppgifter Vi p\u00e5 Kalixlinjens museum respekterar din integritet. P\u00e5 denna hemsida samlar vi inte in n\u00e5gra personuppgifter om v\u00e5ra bes\u00f6kare, s\u00e5som namn, e-postadresser eller annan personlig information. 2. Anv\u00e4ndning av cookies Denna hemsida anv\u00e4nder cookies f\u00f6r att f\u00f6rb\u00e4ttra anv\u00e4ndarupplevelsen. Cookies \u00e4r sm\u00e5 textfiler som lagras p\u00e5 din enhet [&hellip;]\" \/>\n<meta property=\"og:url\" content=\"https:\/\/kalixlinjen.se\/en\/integritet-och-cookies\/\" \/>\n<meta property=\"og:site_name\" content=\"Kalixlinjens museum\" \/>\n<meta property=\"article:publisher\" content=\"https:\/\/www.facebook.com\/kalixlinjensmuseum\" \/>\n<meta property=\"article:modified_time\" content=\"2024-11-11T12:47:59+00:00\" \/>\n<meta name=\"twitter:card\" content=\"summary_large_image\" \/>\n<script type=\"application\/ld+json\" class=\"yoast-schema-graph\">{\"@context\":\"https:\\\/\\\/schema.org\",\"@graph\":[{\"@type\":\"WebPage\",\"@id\":\"https:\\\/\\\/kalixlinjen.se\\\/integritet-och-cookies\\\/\",\"url\":\"https:\\\/\\\/kalixlinjen.se\\\/integritet-och-cookies\\\/\",\"name\":\"Integritet och cookies - Kalixlinjens museum\",\"isPartOf\":{\"@id\":\"https:\\\/\\\/kalixlinjen.se\\\/#website\"},\"datePublished\":\"2024-11-11T12:41:54+00:00\",\"dateModified\":\"2024-11-11T12:47:59+00:00\",\"breadcrumb\":{\"@id\":\"https:\\\/\\\/kalixlinjen.se\\\/integritet-och-cookies\\\/#breadcrumb\"},\"inLanguage\":\"en-GB\",\"potentialAction\":[{\"@type\":\"ReadAction\",\"target\":[\"https:\\\/\\\/kalixlinjen.se\\\/integritet-och-cookies\\\/\"]}]},{\"@type\":\"BreadcrumbList\",\"@id\":\"https:\\\/\\\/kalixlinjen.se\\\/integritet-och-cookies\\\/#breadcrumb\",\"itemListElement\":[{\"@type\":\"ListItem\",\"position\":1,\"name\":\"Hem\",\"item\":\"https:\\\/\\\/kalixlinjen.se\\\/\"},{\"@type\":\"ListItem\",\"position\":2,\"name\":\"Integritet och cookies\"}]},{\"@type\":\"WebSite\",\"@id\":\"https:\\\/\\\/kalixlinjen.se\\\/#website\",\"url\":\"https:\\\/\\\/kalixlinjen.se\\\/\",\"name\":\"Kalixlinjens museum\",\"description\":\"St\u00f6rst och hemligast!\",\"publisher\":{\"@id\":\"https:\\\/\\\/kalixlinjen.se\\\/#organization\"},\"potentialAction\":[{\"@type\":\"SearchAction\",\"target\":{\"@type\":\"EntryPoint\",\"urlTemplate\":\"https:\\\/\\\/kalixlinjen.se\\\/?s={search_term_string}\"},\"query-input\":{\"@type\":\"PropertyValueSpecification\",\"valueRequired\":true,\"valueName\":\"search_term_string\"}}],\"inLanguage\":\"en-GB\"},{\"@type\":\"Organization\",\"@id\":\"https:\\\/\\\/kalixlinjen.se\\\/#organization\",\"name\":\"Kalixlinjens museum\",\"url\":\"https:\\\/\\\/kalixlinjen.se\\\/\",\"logo\":{\"@type\":\"ImageObject\",\"inLanguage\":\"en-GB\",\"@id\":\"https:\\\/\\\/kalixlinjen.se\\\/#\\\/schema\\\/logo\\\/image\\\/\",\"url\":\"https:\\\/\\\/kalixlinjen.se\\\/wp-content\\\/uploads\\\/2022\\\/11\\\/cropped-cropped-cropped-cropped-loggo.png\",\"contentUrl\":\"https:\\\/\\\/kalixlinjen.se\\\/wp-content\\\/uploads\\\/2022\\\/11\\\/cropped-cropped-cropped-cropped-loggo.png\",\"width\":512,\"height\":512,\"caption\":\"Kalixlinjens museum\"},\"image\":{\"@id\":\"https:\\\/\\\/kalixlinjen.se\\\/#\\\/schema\\\/logo\\\/image\\\/\"},\"sameAs\":[\"https:\\\/\\\/www.facebook.com\\\/kalixlinjensmuseum\",\"https:\\\/\\\/www.instagram.com\\\/kalixlinjens_museum\\\/\"]}]}<\/script>\n<!-- \/ Yoast SEO plugin. -->","yoast_head_json":{"title":"Integritet och cookies - Kalixlinjens museum","robots":{"index":"index","follow":"follow","max-snippet":"max-snippet:-1","max-image-preview":"max-image-preview:large","max-video-preview":"max-video-preview:-1"},"canonical":"https:\/\/kalixlinjen.se\/en\/integritet-och-cookies\/","og_locale":"en_GB","og_type":"article","og_title":"Integritet och cookies - Kalixlinjens museum","og_description":"Integritet och cookies Integritetspolicy 1. Insamling av personuppgifter Vi p\u00e5 Kalixlinjens museum respekterar din integritet. P\u00e5 denna hemsida samlar vi inte in n\u00e5gra personuppgifter om v\u00e5ra bes\u00f6kare, s\u00e5som namn, e-postadresser eller annan personlig information. 2. Anv\u00e4ndning av cookies Denna hemsida anv\u00e4nder cookies f\u00f6r att f\u00f6rb\u00e4ttra anv\u00e4ndarupplevelsen. Cookies \u00e4r sm\u00e5 textfiler som lagras p\u00e5 din enhet [&hellip;]","og_url":"https:\/\/kalixlinjen.se\/en\/integritet-och-cookies\/","og_site_name":"Kalixlinjens museum","article_publisher":"https:\/\/www.facebook.com\/kalixlinjensmuseum","article_modified_time":"2024-11-11T12:47:59+00:00","twitter_card":"summary_large_image","schema":{"@context":"https:\/\/schema.org","@graph":[{"@type":"WebPage","@id":"https:\/\/kalixlinjen.se\/integritet-och-cookies\/","url":"https:\/\/kalixlinjen.se\/integritet-och-cookies\/","name":"Integritet och cookies - Kalixlinjens museum","isPartOf":{"@id":"https:\/\/kalixlinjen.se\/#website"},"datePublished":"2024-11-11T12:41:54+00:00","dateModified":"2024-11-11T12:47:59+00:00","breadcrumb":{"@id":"https:\/\/kalixlinjen.se\/integritet-och-cookies\/#breadcrumb"},"inLanguage":"en-GB","potentialAction":[{"@type":"ReadAction","target":["https:\/\/kalixlinjen.se\/integritet-och-cookies\/"]}]},{"@type":"BreadcrumbList","@id":"https:\/\/kalixlinjen.se\/integritet-och-cookies\/#breadcrumb","itemListElement":[{"@type":"ListItem","position":1,"name":"Hem","item":"https:\/\/kalixlinjen.se\/"},{"@type":"ListItem","position":2,"name":"Integritet och cookies"}]},{"@type":"WebSite","@id":"https:\/\/kalixlinjen.se\/#website","url":"https:\/\/kalixlinjen.se\/","name":"The Kalix line museum","description":"St\u00f6rst och hemligast!","publisher":{"@id":"https:\/\/kalixlinjen.se\/#organization"},"potentialAction":[{"@type":"SearchAction","target":{"@type":"EntryPoint","urlTemplate":"https:\/\/kalixlinjen.se\/?s={search_term_string}"},"query-input":{"@type":"PropertyValueSpecification","valueRequired":true,"valueName":"search_term_string"}}],"inLanguage":"en-GB"},{"@type":"Organization","@id":"https:\/\/kalixlinjen.se\/#organization","name":"The Kalix line museum","url":"https:\/\/kalixlinjen.se\/","logo":{"@type":"ImageObject","inLanguage":"en-GB","@id":"https:\/\/kalixlinjen.se\/#\/schema\/logo\/image\/","url":"https:\/\/kalixlinjen.se\/wp-content\/uploads\/2022\/11\/cropped-cropped-cropped-cropped-loggo.png","contentUrl":"https:\/\/kalixlinjen.se\/wp-content\/uploads\/2022\/11\/cropped-cropped-cropped-cropped-loggo.png","width":512,"height":512,"caption":"Kalixlinjens museum"},"image":{"@id":"https:\/\/kalixlinjen.se\/#\/schema\/logo\/image\/"},"sameAs":["https:\/\/www.facebook.com\/kalixlinjensmuseum","https:\/\/www.instagram.com\/kalixlinjens_museum\/"]}]}},"_links":{"self":[{"href":"https:\/\/kalixlinjen.se\/en\/wp-json\/wp\/v2\/pages\/5574","targetHints":{"allow":["GET"]}}],"collection":[{"href":"https:\/\/kalixlinjen.se\/en\/wp-json\/wp\/v2\/pages"}],"about":[{"href":"https:\/\/kalixlinjen.se\/en\/wp-json\/wp\/v2\/types\/page"}],"author":[{"embeddable":true,"href":"https:\/\/kalixlinjen.se\/en\/wp-json\/wp\/v2\/users\/1"}],"replies":[{"embeddable":true,"href":"https:\/\/kalixlinjen.se\/en\/wp-json\/wp\/v2\/comments?post=5574"}],"version-history":[{"count":2,"href":"https:\/\/kalixlinjen.se\/en\/wp-json\/wp\/v2\/pages\/5574\/revisions"}],"predecessor-version":[{"id":5578,"href":"https:\/\/kalixlinjen.se\/en\/wp-json\/wp\/v2\/pages\/5574\/revisions\/5578"}],"wp:attachment":[{"href":"https:\/\/kalixlinjen.se\/en\/wp-json\/wp\/v2\/media?parent=5574"}],"curies":[{"name":"wp","href":"https:\/\/api.w.org\/{rel}","templated":true}]}}