{"id":44,"date":"2022-11-23T11:54:11","date_gmt":"2022-11-23T11:54:11","guid":{"rendered":"https:\/\/kalixlinjen.se\/?page_id=44"},"modified":"2024-09-04T13:07:01","modified_gmt":"2024-09-04T13:07:01","slug":"om-oss","status":"publish","type":"page","link":"https:\/\/kalixlinjen.se\/en\/om-oss\/","title":{"rendered":"About us"},"content":{"rendered":"<div data-colibri-id=\"44-c1\" class=\"style-395 style-local-44-c1 position-relative\">\n  <!---->\n  <div data-colibri-component=\"section\" data-colibri-id=\"44-c2\" id=\"initial-content\" class=\"h-section h-section-global-spacing d-flex align-items-lg-center align-items-md-center align-items-center style-396 style-local-44-c2 position-relative\">\n    <!---->\n    <!---->\n    <div class=\"h-section-grid-container h-section-boxed-container\">\n      <!---->\n      <div data-colibri-id=\"44-c3\" class=\"h-row-container gutters-row-lg-2 gutters-row-md-2 gutters-row-0 gutters-row-v-lg-2 gutters-row-v-md-2 gutters-row-v-2 style-404 style-local-44-c3 position-relative\">\n        <!---->\n        <div class=\"h-row justify-content-lg-center justify-content-md-center justify-content-center align-items-lg-stretch align-items-md-stretch align-items-stretch gutters-col-lg-2 gutters-col-md-2 gutters-col-0 gutters-col-v-lg-2 gutters-col-v-md-2 gutters-col-v-2\">\n          <!---->\n          <div class=\"h-column h-column-container d-flex h-col-lg-auto h-col-md-auto h-col-auto style-405-outer style-local-44-c4-outer\">\n            <div data-colibri-id=\"44-c4\" class=\"d-flex h-flex-basis h-column__inner h-px-lg-2 h-px-md-2 h-px-2 v-inner-lg-2 v-inner-md-2 v-inner-2 style-405 style-local-44-c4 position-relative\">\n              <!---->\n              <!---->\n              <div class=\"w-100 h-y-container h-column__content h-column__v-align flex-basis-100 align-self-lg-start align-self-md-start align-self-start\">\n                <!---->\n                <div data-colibri-id=\"44-c5\" class=\"h-global-transition-all h-heading style-407 style-local-44-c5 position-relative h-element\">\n                  <!---->\n                  <div class=\"h-heading__outer style-407 style-local-44-c5\">\n                    <!---->\n                    <!---->\n                    <h1 class=\"\">About us<\/h1>\n                  <\/div>\n                <\/div>\n              <\/div>\n            <\/div>\n          <\/div>\n        <\/div>\n      <\/div>\n      <div data-colibri-id=\"44-c6\" class=\"h-row-container gutters-row-lg-2 gutters-row-md-2 gutters-row-0 gutters-row-v-lg-2 gutters-row-v-md-2 gutters-row-v-2 style-400 style-local-44-c6 position-relative\">\n        <!---->\n        <div class=\"h-row justify-content-lg-center justify-content-md-center justify-content-center align-items-lg-stretch align-items-md-stretch align-items-stretch gutters-col-lg-2 gutters-col-md-2 gutters-col-0 gutters-col-v-lg-2 gutters-col-v-md-2 gutters-col-v-2\">\n          <!---->\n          <div class=\"h-column h-column-container d-flex h-col-lg-auto h-col-md-auto h-col-auto style-401-outer style-local-44-c7-outer\">\n            <div data-colibri-id=\"44-c7\" class=\"d-flex h-flex-basis h-column__inner h-px-lg-2 h-px-md-2 h-px-2 v-inner-lg-2 v-inner-md-2 v-inner-2 style-401 style-local-44-c7 position-relative\">\n              <!---->\n              <!---->\n              <div class=\"w-100 h-y-container h-column__content h-column__v-align flex-basis-100 align-self-lg-start align-self-md-start align-self-start\">\n                <!---->\n                <div data-colibri-id=\"44-c8\" class=\"h-text h-text-component style-403 style-local-44-c8 position-relative h-element\">\n                  <!---->\n                  <!---->\n                  <div class=\"\">\n                    <p>The Kalix Line Preparedness Museum is operated by a nonprofit foundation aimed at preserving military historical interests related to the Kalix Line.&nbsp;\n                      <br>The museum began to be established in the late 1990s, when the Cold War was over and the Kalix Line was being dismantled.&nbsp;\n                      <br>\n                      <br>Here, we have gathered buildings, vehicles, and equipment that were used during the active period of the Kalix Line. We even have a small local variety show stage, which was set up in almost every town during the years of preparedness!&nbsp;\n                      <br>\n                      <br>We want to be an experiential museum, and it is encouraged to explore the vehicles and equipment. Of course, do so responsibly. Do not release any brakes, and climb carefully to avoid injury.&nbsp;\n                      <br>\n                      <br>\n                    <\/p>\n                    <p>One of the barracks is dedicated to an exhibition about the Cold War, featuring information, equipment, newspaper clippings, and literature. Most of the reading material is in swedish, and we are working on translating them to english, so that our foreign guests can enjoy them aswell.&nbsp;\n                      <br>\n                      <br>As the operation has recently been taken over by a new owner, an inventory of the museum's exhibition items is currently underway so that we can present them even better to our visitors.&nbsp;<\/p>\n                    <p>\n                      <br>\n                    <\/p>\n                  <\/div>\n                <\/div>\n                <div data-colibri-id=\"44-c17\" class=\"h-x-container style-2651 style-local-44-c17 position-relative h-element\">\n                  <!---->\n                  <div class=\"h-x-container-inner style-dynamic-44-c17-group style-2651-spacing style-local-44-c17-spacing\"><span class=\"h-link__outer style-2652-outer style-local-44-c18-outer d-inline-flex h-element\"><a h-use-smooth-scroll=\"true\" href=\"https:\/\/kalixlinjen.se\/en\/i-andra-medier\/\"  data-colibri-id=\"44-c18\" class=\"d-flex w-100 align-items-center h-link style-2652 style-local-44-c18 position-relative\"><!----><!----> <span>In other media...<\/span><\/a>\n                    <\/span>\n                  <\/div>\n                <\/div>\n              <\/div>\n            <\/div>\n          <\/div>\n        <\/div>\n      <\/div>\n    <\/div>\n  <\/div>\n  <div data-colibri-component=\"section\" data-colibri-id=\"44-c9\" id=\"custom\" class=\"h-section h-section-global-spacing d-flex align-items-lg-center align-items-md-center align-items-center style-408 style-local-44-c9 position-relative\">\n    <!---->\n    <!---->\n    <div class=\"h-section-grid-container h-section-boxed-container\">\n      <!---->\n      <div data-colibri-id=\"44-c10\" class=\"h-row-container gutters-row-lg-2 gutters-row-md-2 gutters-row-0 gutters-row-v-lg-2 gutters-row-v-md-2 gutters-row-v-2 style-409 style-local-44-c10 position-relative\">\n        <!---->\n        <div class=\"h-row justify-content-lg-center justify-content-md-center justify-content-center align-items-lg-stretch align-items-md-stretch align-items-stretch gutters-col-lg-2 gutters-col-md-2 gutters-col-0 gutters-col-v-lg-2 gutters-col-v-md-2 gutters-col-v-2\">\n          <!---->\n          <div class=\"h-column h-column-container d-flex h-col-lg-auto h-col-md-auto h-col-auto style-410-outer style-local-44-c11-outer\">\n            <div data-colibri-id=\"44-c11\" class=\"d-flex h-flex-basis h-column__inner h-px-lg-2 h-px-md-2 h-px-2 v-inner-lg-2 v-inner-md-2 v-inner-2 style-410 style-local-44-c11 position-relative\">\n              <!---->\n              <!---->\n              <div class=\"w-100 h-y-container h-column__content h-column__v-align flex-basis-100 align-self-lg-start align-self-md-start align-self-start\">\n                <!---->\n                <div data-colibri-id=\"44-c12\" class=\"d-block style-413 style-local-44-c12 position-relative h-element\">\n                  <!---->\n                  <div class=\"h-image__frame-container-outer\">\n                    <div class=\"h-image__frame-container\">\n                      <!---->\n                      <!---->\n                      <img loading=\"lazy\" decoding=\"async\" width=\"1920\" height=\"1920\" src=\"https:\/\/kalixlinjen.se\/wp-content\/uploads\/2022\/11\/cropped-IMG_20220929_100336-1-scaled-2.jpg\" class=\"wp-image-584 style-413-image style-local-44-c12-image\" alt=\"\" srcset=\"https:\/\/kalixlinjen.se\/wp-content\/uploads\/2022\/11\/cropped-IMG_20220929_100336-1-scaled-2.jpg 1920w, https:\/\/kalixlinjen.se\/wp-content\/uploads\/2022\/11\/cropped-IMG_20220929_100336-1-scaled-2-300x300.jpg 300w, https:\/\/kalixlinjen.se\/wp-content\/uploads\/2022\/11\/cropped-IMG_20220929_100336-1-scaled-2-1024x1024.jpg 1024w, https:\/\/kalixlinjen.se\/wp-content\/uploads\/2022\/11\/cropped-IMG_20220929_100336-1-scaled-2-150x150.jpg 150w, https:\/\/kalixlinjen.se\/wp-content\/uploads\/2022\/11\/cropped-IMG_20220929_100336-1-scaled-2-768x768.jpg 768w, https:\/\/kalixlinjen.se\/wp-content\/uploads\/2022\/11\/cropped-IMG_20220929_100336-1-scaled-2-1536x1536.jpg 1536w\" sizes=\"auto, (max-width: 1920px) 100vw, 1920px\" \/>\n                      <div class=\"h-image__frame h-hide-lg h-hide-md h-hide-sm style-413-frameImage style-local-44-c12-frameImage\"><\/div>\n                    <\/div>\n                  <\/div>\n                <\/div>\n              <\/div>\n            <\/div>\n          <\/div>\n          <div class=\"h-column h-column-container d-flex h-col-lg-auto h-col-md-auto h-col-auto style-411-outer style-local-44-c13-outer\">\n            <div data-colibri-id=\"44-c13\" class=\"d-flex h-flex-basis h-column__inner h-px-lg-2 h-px-md-2 h-px-2 v-inner-lg-2 v-inner-md-2 v-inner-2 style-411 style-local-44-c13 position-relative\">\n              <!---->\n              <!---->\n              <div class=\"w-100 h-y-container h-column__content h-column__v-align flex-basis-100 align-self-lg-start align-self-md-start align-self-start\">\n                <!---->\n                <div data-colibri-id=\"44-c14\" class=\"d-block style-414 style-local-44-c14 position-relative h-element\">\n                  <!---->\n                  <div class=\"h-image__frame-container-outer\">\n                    <div class=\"h-image__frame-container\">\n                      <!---->\n                      <!---->\n                      <img loading=\"lazy\" decoding=\"async\" width=\"1920\" height=\"1920\" src=\"https:\/\/kalixlinjen.se\/wp-content\/uploads\/2023\/03\/cropped-IMG_20220929_094802-scaled-1.jpg\" class=\"wp-image-585 style-414-image style-local-44-c14-image\" alt=\"\" srcset=\"https:\/\/kalixlinjen.se\/wp-content\/uploads\/2023\/03\/cropped-IMG_20220929_094802-scaled-1.jpg 1920w, https:\/\/kalixlinjen.se\/wp-content\/uploads\/2023\/03\/cropped-IMG_20220929_094802-scaled-1-300x300.jpg 300w, https:\/\/kalixlinjen.se\/wp-content\/uploads\/2023\/03\/cropped-IMG_20220929_094802-scaled-1-1024x1024.jpg 1024w, https:\/\/kalixlinjen.se\/wp-content\/uploads\/2023\/03\/cropped-IMG_20220929_094802-scaled-1-150x150.jpg 150w, https:\/\/kalixlinjen.se\/wp-content\/uploads\/2023\/03\/cropped-IMG_20220929_094802-scaled-1-768x768.jpg 768w, https:\/\/kalixlinjen.se\/wp-content\/uploads\/2023\/03\/cropped-IMG_20220929_094802-scaled-1-1536x1536.jpg 1536w\" sizes=\"auto, (max-width: 1920px) 100vw, 1920px\" \/>\n                      <div class=\"h-image__frame h-hide-lg h-hide-md h-hide-sm style-414-frameImage style-local-44-c14-frameImage\"><\/div>\n                    <\/div>\n                  <\/div>\n                <\/div>\n              <\/div>\n            <\/div>\n          <\/div>\n          <div class=\"h-column h-column-container d-flex h-col-lg-auto h-col-md-auto h-col-auto style-412-outer style-local-44-c15-outer\">\n            <div data-colibri-id=\"44-c15\" class=\"d-flex h-flex-basis h-column__inner h-px-lg-2 h-px-md-2 h-px-2 v-inner-lg-2 v-inner-md-2 v-inner-2 style-412 style-local-44-c15 position-relative\">\n              <!---->\n              <!---->\n              <div class=\"w-100 h-y-container h-column__content h-column__v-align flex-basis-100 align-self-lg-start align-self-md-start align-self-start\">\n                <!---->\n                <div data-colibri-id=\"44-c16\" class=\"d-block style-415 style-local-44-c16 position-relative h-element\">\n                  <!---->\n                  <div class=\"h-image__frame-container-outer\">\n                    <div class=\"h-image__frame-container\">\n                      <!---->\n                      <!---->\n                      <img loading=\"lazy\" decoding=\"async\" width=\"2480\" height=\"2480\" src=\"https:\/\/kalixlinjen.se\/wp-content\/uploads\/2023\/03\/cropped-IMG_20220929_114728cut-1.png\" class=\"wp-image-586 style-415-image style-local-44-c16-image\" alt=\"\" srcset=\"https:\/\/kalixlinjen.se\/wp-content\/uploads\/2023\/03\/cropped-IMG_20220929_114728cut-1.png 2480w, https:\/\/kalixlinjen.se\/wp-content\/uploads\/2023\/03\/cropped-IMG_20220929_114728cut-1-300x300.png 300w, https:\/\/kalixlinjen.se\/wp-content\/uploads\/2023\/03\/cropped-IMG_20220929_114728cut-1-1024x1024.png 1024w, https:\/\/kalixlinjen.se\/wp-content\/uploads\/2023\/03\/cropped-IMG_20220929_114728cut-1-150x150.png 150w, https:\/\/kalixlinjen.se\/wp-content\/uploads\/2023\/03\/cropped-IMG_20220929_114728cut-1-768x768.png 768w, https:\/\/kalixlinjen.se\/wp-content\/uploads\/2023\/03\/cropped-IMG_20220929_114728cut-1-1536x1536.png 1536w, https:\/\/kalixlinjen.se\/wp-content\/uploads\/2023\/03\/cropped-IMG_20220929_114728cut-1-2048x2048.png 2048w\" sizes=\"auto, (max-width: 2480px) 100vw, 2480px\" \/>\n                      <div class=\"h-image__frame h-hide-lg h-hide-md h-hide-sm style-415-frameImage style-local-44-c16-frameImage\"><\/div>\n                    <\/div>\n                  <\/div>\n                <\/div>\n              <\/div>\n            <\/div>\n          <\/div>\n        <\/div>\n      <\/div>\n    <\/div>\n  <\/div>\n<\/div>","protected":false},"excerpt":{"rendered":"<p>Om oss Kalixlinjens beredskapsmuseum drivs av en ideell stiftelse med syfte att bevara milit\u00e4rhistoriska intressen r\u00f6rande Kalixlinjen.&nbsp; Museet b\u00f6rjade etableras i slutet av 1990-talet, d\u00e5 kalla kriget var \u00f6ver och Kalixlinjen b\u00f6rjade nedmonteras.&nbsp; H\u00e4r har vi samlat byggnader, fordon, utrustning som anv\u00e4nts under Kalixlinjens aktiva period. Vi har till och med en liten lokalrevyscen, som [&hellip;]<\/p>\n","protected":false},"author":1,"featured_media":0,"parent":0,"menu_order":0,"comment_status":"closed","ping_status":"closed","template":"page-templates\/full-width-page.php","meta":{"_kadence_starter_templates_imported_post":false,"footnotes":""},"class_list":["post-44","page","type-page","status-publish","hentry"],"yoast_head":"<!-- This site is optimized with the Yoast SEO plugin v27.5 - https:\/\/yoast.com\/product\/yoast-seo-wordpress\/ -->\n<title>Om oss - Kalixlinjens museum<\/title>\n<meta name=\"robots\" content=\"index, follow, max-snippet:-1, max-image-preview:large, max-video-preview:-1\" \/>\n<link rel=\"canonical\" href=\"https:\/\/kalixlinjen.se\/en\/om-oss\/\" \/>\n<meta property=\"og:locale\" content=\"en_GB\" \/>\n<meta property=\"og:type\" content=\"article\" \/>\n<meta property=\"og:title\" content=\"Om oss - Kalixlinjens museum\" \/>\n<meta property=\"og:description\" content=\"Om oss Kalixlinjens beredskapsmuseum drivs av en ideell stiftelse med syfte att bevara milit\u00e4rhistoriska intressen r\u00f6rande Kalixlinjen.&nbsp; Museet b\u00f6rjade etableras i slutet av 1990-talet, d\u00e5 kalla kriget var \u00f6ver och Kalixlinjen b\u00f6rjade nedmonteras.&nbsp; H\u00e4r har vi samlat byggnader, fordon, utrustning som anv\u00e4nts under Kalixlinjens aktiva period. Vi har till och med en liten lokalrevyscen, som [&hellip;]\" \/>\n<meta property=\"og:url\" content=\"https:\/\/kalixlinjen.se\/en\/om-oss\/\" \/>\n<meta property=\"og:site_name\" content=\"Kalixlinjens museum\" \/>\n<meta property=\"article:publisher\" content=\"https:\/\/www.facebook.com\/kalixlinjensmuseum\" \/>\n<meta property=\"article:modified_time\" content=\"2024-09-04T13:07:01+00:00\" \/>\n<meta property=\"og:image\" content=\"https:\/\/kalixlinjen.se\/wp-content\/uploads\/2022\/11\/cropped-IMG_20220929_100336-1-scaled-2.jpg\" \/>\n<meta name=\"twitter:card\" content=\"summary_large_image\" \/>\n<meta name=\"twitter:label1\" content=\"Estimated reading time\" \/>\n\t<meta name=\"twitter:data1\" content=\"1 minute\" \/>\n<script type=\"application\/ld+json\" class=\"yoast-schema-graph\">{\"@context\":\"https:\\\/\\\/schema.org\",\"@graph\":[{\"@type\":\"WebPage\",\"@id\":\"https:\\\/\\\/kalixlinjen.se\\\/om-oss\\\/\",\"url\":\"https:\\\/\\\/kalixlinjen.se\\\/om-oss\\\/\",\"name\":\"Om oss - Kalixlinjens museum\",\"isPartOf\":{\"@id\":\"https:\\\/\\\/kalixlinjen.se\\\/#website\"},\"primaryImageOfPage\":{\"@id\":\"https:\\\/\\\/kalixlinjen.se\\\/om-oss\\\/#primaryimage\"},\"image\":{\"@id\":\"https:\\\/\\\/kalixlinjen.se\\\/om-oss\\\/#primaryimage\"},\"thumbnailUrl\":\"https:\\\/\\\/kalixlinjen.se\\\/wp-content\\\/uploads\\\/2022\\\/11\\\/cropped-IMG_20220929_100336-1-scaled-2.jpg\",\"datePublished\":\"2022-11-23T11:54:11+00:00\",\"dateModified\":\"2024-09-04T13:07:01+00:00\",\"breadcrumb\":{\"@id\":\"https:\\\/\\\/kalixlinjen.se\\\/om-oss\\\/#breadcrumb\"},\"inLanguage\":\"en-GB\",\"potentialAction\":[{\"@type\":\"ReadAction\",\"target\":[\"https:\\\/\\\/kalixlinjen.se\\\/om-oss\\\/\"]}]},{\"@type\":\"ImageObject\",\"inLanguage\":\"en-GB\",\"@id\":\"https:\\\/\\\/kalixlinjen.se\\\/om-oss\\\/#primaryimage\",\"url\":\"https:\\\/\\\/kalixlinjen.se\\\/wp-content\\\/uploads\\\/2022\\\/11\\\/cropped-IMG_20220929_100336-1-scaled-2.jpg\",\"contentUrl\":\"https:\\\/\\\/kalixlinjen.se\\\/wp-content\\\/uploads\\\/2022\\\/11\\\/cropped-IMG_20220929_100336-1-scaled-2.jpg\"},{\"@type\":\"BreadcrumbList\",\"@id\":\"https:\\\/\\\/kalixlinjen.se\\\/om-oss\\\/#breadcrumb\",\"itemListElement\":[{\"@type\":\"ListItem\",\"position\":1,\"name\":\"Hem\",\"item\":\"https:\\\/\\\/kalixlinjen.se\\\/\"},{\"@type\":\"ListItem\",\"position\":2,\"name\":\"Om oss\"}]},{\"@type\":\"WebSite\",\"@id\":\"https:\\\/\\\/kalixlinjen.se\\\/#website\",\"url\":\"https:\\\/\\\/kalixlinjen.se\\\/\",\"name\":\"Kalixlinjens museum\",\"description\":\"St\u00f6rst och hemligast!\",\"publisher\":{\"@id\":\"https:\\\/\\\/kalixlinjen.se\\\/#organization\"},\"potentialAction\":[{\"@type\":\"SearchAction\",\"target\":{\"@type\":\"EntryPoint\",\"urlTemplate\":\"https:\\\/\\\/kalixlinjen.se\\\/?s={search_term_string}\"},\"query-input\":{\"@type\":\"PropertyValueSpecification\",\"valueRequired\":true,\"valueName\":\"search_term_string\"}}],\"inLanguage\":\"en-GB\"},{\"@type\":\"Organization\",\"@id\":\"https:\\\/\\\/kalixlinjen.se\\\/#organization\",\"name\":\"Kalixlinjens museum\",\"url\":\"https:\\\/\\\/kalixlinjen.se\\\/\",\"logo\":{\"@type\":\"ImageObject\",\"inLanguage\":\"en-GB\",\"@id\":\"https:\\\/\\\/kalixlinjen.se\\\/#\\\/schema\\\/logo\\\/image\\\/\",\"url\":\"https:\\\/\\\/kalixlinjen.se\\\/wp-content\\\/uploads\\\/2022\\\/11\\\/cropped-cropped-cropped-cropped-loggo.png\",\"contentUrl\":\"https:\\\/\\\/kalixlinjen.se\\\/wp-content\\\/uploads\\\/2022\\\/11\\\/cropped-cropped-cropped-cropped-loggo.png\",\"width\":512,\"height\":512,\"caption\":\"Kalixlinjens museum\"},\"image\":{\"@id\":\"https:\\\/\\\/kalixlinjen.se\\\/#\\\/schema\\\/logo\\\/image\\\/\"},\"sameAs\":[\"https:\\\/\\\/www.facebook.com\\\/kalixlinjensmuseum\",\"https:\\\/\\\/www.instagram.com\\\/kalixlinjens_museum\\\/\"]}]}<\/script>\n<!-- \/ Yoast SEO plugin. -->","yoast_head_json":{"title":"Om oss - Kalixlinjens museum","robots":{"index":"index","follow":"follow","max-snippet":"max-snippet:-1","max-image-preview":"max-image-preview:large","max-video-preview":"max-video-preview:-1"},"canonical":"https:\/\/kalixlinjen.se\/en\/om-oss\/","og_locale":"en_GB","og_type":"article","og_title":"Om oss - Kalixlinjens museum","og_description":"Om oss Kalixlinjens beredskapsmuseum drivs av en ideell stiftelse med syfte att bevara milit\u00e4rhistoriska intressen r\u00f6rande Kalixlinjen.&nbsp; Museet b\u00f6rjade etableras i slutet av 1990-talet, d\u00e5 kalla kriget var \u00f6ver och Kalixlinjen b\u00f6rjade nedmonteras.&nbsp; H\u00e4r har vi samlat byggnader, fordon, utrustning som anv\u00e4nts under Kalixlinjens aktiva period. Vi har till och med en liten lokalrevyscen, som [&hellip;]","og_url":"https:\/\/kalixlinjen.se\/en\/om-oss\/","og_site_name":"Kalixlinjens museum","article_publisher":"https:\/\/www.facebook.com\/kalixlinjensmuseum","article_modified_time":"2024-09-04T13:07:01+00:00","og_image":[{"url":"https:\/\/kalixlinjen.se\/wp-content\/uploads\/2022\/11\/cropped-IMG_20220929_100336-1-scaled-2.jpg","type":"","width":"","height":""}],"twitter_card":"summary_large_image","twitter_misc":{"Estimated reading time":"1 minute"},"schema":{"@context":"https:\/\/schema.org","@graph":[{"@type":"WebPage","@id":"https:\/\/kalixlinjen.se\/om-oss\/","url":"https:\/\/kalixlinjen.se\/om-oss\/","name":"Om oss - Kalixlinjens museum","isPartOf":{"@id":"https:\/\/kalixlinjen.se\/#website"},"primaryImageOfPage":{"@id":"https:\/\/kalixlinjen.se\/om-oss\/#primaryimage"},"image":{"@id":"https:\/\/kalixlinjen.se\/om-oss\/#primaryimage"},"thumbnailUrl":"https:\/\/kalixlinjen.se\/wp-content\/uploads\/2022\/11\/cropped-IMG_20220929_100336-1-scaled-2.jpg","datePublished":"2022-11-23T11:54:11+00:00","dateModified":"2024-09-04T13:07:01+00:00","breadcrumb":{"@id":"https:\/\/kalixlinjen.se\/om-oss\/#breadcrumb"},"inLanguage":"en-GB","potentialAction":[{"@type":"ReadAction","target":["https:\/\/kalixlinjen.se\/om-oss\/"]}]},{"@type":"ImageObject","inLanguage":"en-GB","@id":"https:\/\/kalixlinjen.se\/om-oss\/#primaryimage","url":"https:\/\/kalixlinjen.se\/wp-content\/uploads\/2022\/11\/cropped-IMG_20220929_100336-1-scaled-2.jpg","contentUrl":"https:\/\/kalixlinjen.se\/wp-content\/uploads\/2022\/11\/cropped-IMG_20220929_100336-1-scaled-2.jpg"},{"@type":"BreadcrumbList","@id":"https:\/\/kalixlinjen.se\/om-oss\/#breadcrumb","itemListElement":[{"@type":"ListItem","position":1,"name":"Hem","item":"https:\/\/kalixlinjen.se\/"},{"@type":"ListItem","position":2,"name":"Om oss"}]},{"@type":"WebSite","@id":"https:\/\/kalixlinjen.se\/#website","url":"https:\/\/kalixlinjen.se\/","name":"The Kalix line museum","description":"St\u00f6rst och hemligast!","publisher":{"@id":"https:\/\/kalixlinjen.se\/#organization"},"potentialAction":[{"@type":"SearchAction","target":{"@type":"EntryPoint","urlTemplate":"https:\/\/kalixlinjen.se\/?s={search_term_string}"},"query-input":{"@type":"PropertyValueSpecification","valueRequired":true,"valueName":"search_term_string"}}],"inLanguage":"en-GB"},{"@type":"Organization","@id":"https:\/\/kalixlinjen.se\/#organization","name":"The Kalix line museum","url":"https:\/\/kalixlinjen.se\/","logo":{"@type":"ImageObject","inLanguage":"en-GB","@id":"https:\/\/kalixlinjen.se\/#\/schema\/logo\/image\/","url":"https:\/\/kalixlinjen.se\/wp-content\/uploads\/2022\/11\/cropped-cropped-cropped-cropped-loggo.png","contentUrl":"https:\/\/kalixlinjen.se\/wp-content\/uploads\/2022\/11\/cropped-cropped-cropped-cropped-loggo.png","width":512,"height":512,"caption":"Kalixlinjens museum"},"image":{"@id":"https:\/\/kalixlinjen.se\/#\/schema\/logo\/image\/"},"sameAs":["https:\/\/www.facebook.com\/kalixlinjensmuseum","https:\/\/www.instagram.com\/kalixlinjens_museum\/"]}]}},"_links":{"self":[{"href":"https:\/\/kalixlinjen.se\/en\/wp-json\/wp\/v2\/pages\/44","targetHints":{"allow":["GET"]}}],"collection":[{"href":"https:\/\/kalixlinjen.se\/en\/wp-json\/wp\/v2\/pages"}],"about":[{"href":"https:\/\/kalixlinjen.se\/en\/wp-json\/wp\/v2\/types\/page"}],"author":[{"embeddable":true,"href":"https:\/\/kalixlinjen.se\/en\/wp-json\/wp\/v2\/users\/1"}],"replies":[{"embeddable":true,"href":"https:\/\/kalixlinjen.se\/en\/wp-json\/wp\/v2\/comments?post=44"}],"version-history":[{"count":11,"href":"https:\/\/kalixlinjen.se\/en\/wp-json\/wp\/v2\/pages\/44\/revisions"}],"predecessor-version":[{"id":4716,"href":"https:\/\/kalixlinjen.se\/en\/wp-json\/wp\/v2\/pages\/44\/revisions\/4716"}],"wp:attachment":[{"href":"https:\/\/kalixlinjen.se\/en\/wp-json\/wp\/v2\/media?parent=44"}],"curies":[{"name":"wp","href":"https:\/\/api.w.org\/{rel}","templated":true}]}}