{"id":4255,"date":"2023-06-21T11:14:48","date_gmt":"2023-06-21T11:14:48","guid":{"rendered":"https:\/\/kalixlinjen.se\/?page_id=4255"},"modified":"2023-06-21T11:33:46","modified_gmt":"2023-06-21T11:33:46","slug":"ovriga-fordon","status":"publish","type":"page","link":"https:\/\/kalixlinjen.se\/en\/ovriga-fordon\/","title":{"rendered":"Other vehicles"},"content":{"rendered":"<div data-colibri-id=\"4255-c1\" class=\"style-2468 style-local-4255-c1 position-relative\">\n  <!---->\n  <div data-colibri-component=\"section\" data-colibri-id=\"4255-c2\" id=\"reusable-sections\" class=\"h-section h-section-global-spacing d-flex align-items-lg-center align-items-md-center align-items-center style-2469 style-local-4255-c2 position-relative\">\n    <!---->\n    <!---->\n    <div class=\"h-section-grid-container h-section-boxed-container\">\n      <div data-colibri-id=\"4255-c17\" class=\"h-row-container gutters-row-lg-2 gutters-row-md-2 gutters-row-2 gutters-row-v-lg-2 gutters-row-v-md-2 gutters-row-v-2 style-2483 style-local-4255-c17 position-relative\">\n        <!---->\n        <div class=\"h-row justify-content-lg-center justify-content-md-center justify-content-center align-items-lg-stretch align-items-md-stretch align-items-stretch gutters-col-lg-2 gutters-col-md-2 gutters-col-2 gutters-col-v-lg-2 gutters-col-v-md-2 gutters-col-v-2\">\n          <!---->\n          <div class=\"h-column h-column-container d-flex h-col-lg-auto h-col-md-auto h-col-auto style-2484-outer style-local-4255-c18-outer\">\n            <div data-colibri-id=\"4255-c18\" class=\"d-flex h-flex-basis h-column__inner h-px-lg-2 h-px-md-2 h-px-2 v-inner-lg-2 v-inner-md-2 v-inner-2 style-2484 style-local-4255-c18 position-relative\">\n              <!---->\n              <!---->\n              <div class=\"w-100 h-y-container h-column__content h-column__v-align flex-basis-100 align-self-lg-start align-self-md-start align-self-start\">\n                <!---->\n                <div data-colibri-id=\"4255-c19\" class=\"h-global-transition-all h-heading style-2485 style-local-4255-c19 position-relative h-element\">\n                  <!---->\n                  <div class=\"h-heading__outer style-2485 style-local-4255-c19\">\n                    <!---->\n                    <!---->\n                    <h2 class=\"\">Other vehicles<\/h2>\n                  <\/div>\n                <\/div>\n              <\/div>\n            <\/div>\n          <\/div>\n        <\/div>\n      <\/div>\n      <div data-colibri-id=\"4255-c3\" class=\"h-row-container gutters-row-lg-2 gutters-row-md-2 gutters-row-0 gutters-row-v-lg-2 gutters-row-v-md-2 gutters-row-v-2 style-2470 style-local-4255-c3 position-relative\">\n        <!---->\n        <div class=\"h-row justify-content-lg-center justify-content-md-center justify-content-center align-items-lg-stretch align-items-md-stretch align-items-stretch gutters-col-lg-2 gutters-col-md-2 gutters-col-0 gutters-col-v-lg-2 gutters-col-v-md-2 gutters-col-v-2\">\n          <!---->\n          <div class=\"h-column h-column-container d-flex h-col-lg-auto h-col-md-auto h-col-auto style-2471-outer style-local-4255-c4-outer\">\n            <div data-colibri-id=\"4255-c4\" class=\"d-flex h-flex-basis h-column__inner h-px-lg-2 h-px-md-2 h-px-2 v-inner-lg-2 v-inner-md-2 v-inner-2 style-2471 style-local-4255-c4 position-relative\">\n              <!---->\n              <!---->\n              <div class=\"w-100 h-y-container h-column__content h-column__v-align flex-basis-100 align-self-lg-start align-self-md-start align-self-start\">\n                <!---->\n                <div data-colibri-id=\"4255-c5\" class=\"h-text h-text-component style-2472 style-local-4255-c5 position-relative h-element\">\n                  <!---->\n                  <!---->\n                  <div class=\"\">\n                    <p>There are also two military tractors on the premises \u2013 a Volvo BM 650 and a Case International.\n                      <br>In addition, we have a Willys Overland 6-226, which we cannot trace to military use, but since we think it\u2019s nice, it got a spot on the website!&nbsp;&nbsp;<\/p>\n                  <\/div>\n                <\/div>\n              <\/div>\n            <\/div>\n          <\/div>\n          <div class=\"h-column h-column-container d-flex h-col-lg-auto h-col-md-auto h-col-auto style-2473-outer style-local-4255-c6-outer\">\n            <div data-colibri-id=\"4255-c6\" class=\"d-flex h-flex-basis h-column__inner h-px-lg-2 h-px-md-2 h-px-2 v-inner-lg-2 v-inner-md-2 v-inner-2 style-2473 style-local-4255-c6 position-relative\">\n              <!---->\n              <!---->\n              <div class=\"w-100 h-y-container h-column__content h-column__v-align flex-basis-100 align-self-lg-start align-self-md-start align-self-start\">\n                <!---->\n                <div data-colibri-id=\"4255-c7\" class=\"d-block style-2487 style-local-4255-c7 position-relative h-element\">\n                  <!---->\n                  <div class=\"h-image__frame-container-outer\">\n                    <div class=\"h-image__frame-container\">\n                      <!---->\n                      <!---->\n                      <img loading=\"lazy\" decoding=\"async\" width=\"1918\" height=\"1923\" src=\"https:\/\/kalixlinjen.se\/wp-content\/uploads\/2023\/06\/cropped-IMG_20230530_100346-scaled-1.jpg\" class=\"wp-image-4258 style-2487-image style-local-4255-c7-image\" alt=\"Willys Overland 6-226, 1955\" srcset=\"https:\/\/kalixlinjen.se\/wp-content\/uploads\/2023\/06\/cropped-IMG_20230530_100346-scaled-1.jpg 1918w, https:\/\/kalixlinjen.se\/wp-content\/uploads\/2023\/06\/cropped-IMG_20230530_100346-scaled-1-300x300.jpg 300w, https:\/\/kalixlinjen.se\/wp-content\/uploads\/2023\/06\/cropped-IMG_20230530_100346-scaled-1-1021x1024.jpg 1021w, https:\/\/kalixlinjen.se\/wp-content\/uploads\/2023\/06\/cropped-IMG_20230530_100346-scaled-1-150x150.jpg 150w, https:\/\/kalixlinjen.se\/wp-content\/uploads\/2023\/06\/cropped-IMG_20230530_100346-scaled-1-768x770.jpg 768w, https:\/\/kalixlinjen.se\/wp-content\/uploads\/2023\/06\/cropped-IMG_20230530_100346-scaled-1-1532x1536.jpg 1532w\" sizes=\"auto, (max-width: 1918px) 100vw, 1918px\" \/>\n                      <div class=\"h-image__frame h-hide-lg h-hide-md h-hide-sm style-2487-frameImage style-local-4255-c7-frameImage\"><\/div>\n                    <\/div>\n                  <\/div>\n                <\/div>\n              <\/div>\n            <\/div>\n          <\/div>\n        <\/div>\n      <\/div>\n      <div data-colibri-id=\"4255-c8\" class=\"h-row-container gutters-row-lg-2 gutters-row-md-2 gutters-row-0 gutters-row-v-lg-2 gutters-row-v-md-2 gutters-row-v-2 style-2479 style-local-4255-c8 position-relative\">\n        <!---->\n        <div class=\"h-row justify-content-lg-center justify-content-md-center justify-content-center align-items-lg-stretch align-items-md-stretch align-items-stretch gutters-col-lg-2 gutters-col-md-2 gutters-col-0 gutters-col-v-lg-2 gutters-col-v-md-2 gutters-col-v-2\">\n          <!---->\n          <div class=\"h-column h-column-container d-flex h-col-lg-auto h-col-md-auto h-col-auto style-2480-outer style-local-4255-c9-outer\">\n            <div data-colibri-id=\"4255-c9\" class=\"d-flex h-flex-basis h-column__inner h-px-lg-2 h-px-md-2 h-px-2 v-inner-lg-2 v-inner-md-2 v-inner-2 style-2480 style-local-4255-c9 position-relative\">\n              <!---->\n              <!---->\n              <div class=\"w-100 h-y-container h-column__content h-column__v-align flex-basis-100 align-self-lg-start align-self-md-start align-self-start\">\n                <!---->\n                <div data-colibri-id=\"4255-c10\" class=\"h-x-container style-2492 style-local-4255-c10 position-relative h-element\">\n                  <!---->\n                  <div class=\"h-x-container-inner style-dynamic-4255-c10-group style-2492-spacing style-local-4255-c10-spacing\"><span class=\"h-link__outer style-2493-outer style-local-4255-c11-outer d-inline-flex h-element\"><a h-use-smooth-scroll=\"true\" href=\"https:\/\/kalixlinjen.se\/en\/volvobmt650\/\"  data-colibri-id=\"4255-c11\" class=\"d-flex w-100 align-items-center h-link style-2493 style-local-4255-c11 position-relative\"><!----><!----> <span>Hjultraktor 319<\/span><\/a>\n                    <\/span>\n                  <\/div>\n                <\/div>\n                <div data-colibri-id=\"4255-c12\" class=\"h-x-container style-2490 style-local-4255-c12 position-relative h-element\">\n                  <!---->\n                  <div class=\"h-x-container-inner style-dynamic-4255-c12-group style-2490-spacing style-local-4255-c12-spacing\"><span class=\"h-link__outer style-2491-outer style-local-4255-c13-outer d-inline-flex h-element\"><a h-use-smooth-scroll=\"true\" href=\"https:\/\/kalixlinjen.se\/en\/traktor-case-international-844-axl\/\"  data-colibri-id=\"4255-c13\" class=\"d-flex w-100 align-items-center h-link style-2491 style-local-4255-c13 position-relative\"><!----><!----> <span>Hjultraktor Case International<\/span><\/a>\n                    <\/span>\n                  <\/div>\n                <\/div>\n                <div data-colibri-id=\"4255-c14\" class=\"h-x-container style-2488 style-local-4255-c14 position-relative h-element\">\n                  <!---->\n                  <div class=\"h-x-container-inner style-dynamic-4255-c14-group style-2488-spacing style-local-4255-c14-spacing\"><span class=\"h-link__outer style-2489-outer style-local-4255-c15-outer d-inline-flex h-element\"><a h-use-smooth-scroll=\"true\" href=\"https:\/\/kalixlinjen.se\/en\/willys-overland-6-226\/\"  data-colibri-id=\"4255-c15\" class=\"d-flex w-100 align-items-center h-link style-2489 style-local-4255-c15 position-relative\"><!----><!----> <span>Willys Overland 6-226<\/span><\/a>\n                    <\/span>\n                  <\/div>\n                <\/div>\n              <\/div>\n            <\/div>\n          <\/div>\n          <div class=\"h-column h-column-container d-flex h-col-lg-auto h-col-md-auto h-col-auto style-2482-outer style-local-4255-c16-outer\">\n            <div data-colibri-id=\"4255-c16\" class=\"d-flex h-flex-basis h-column__inner h-ui-empty-state-container h-px-lg-2 h-px-md-2 h-px-2 v-inner-lg-2 v-inner-md-2 v-inner-2 style-2482 style-local-4255-c16 position-relative\">\n              <!---->\n              <!---->\n              <div class=\"w-100 h-y-container h-column__content h-column__v-align flex-basis-100\">\n                <!---->\n              <\/div>\n            <\/div>\n          <\/div>\n        <\/div>\n      <\/div>\n    <\/div>\n  <\/div>\n<\/div>","protected":false},"excerpt":{"rendered":"<p>\u00d6vriga fordon P\u00e5 omr\u00e5det finns \u00e4ven tv\u00e5 milit\u00e4rtraktorer &#8211; en Volvo BM 650 samt en Case International. Dessutom har vi en Willys Overland 6-226, som vi inte kan sp\u00e5ra till milit\u00e4r anv\u00e4ndning, men eftersom vi tycker att den \u00e4r fin, fick den plats p\u00e5 hemsidan!&nbsp;&nbsp; Hjultraktor 319 Hjultraktor Case International Willys Overland 6-226<\/p>","protected":false},"author":1,"featured_media":0,"parent":0,"menu_order":0,"comment_status":"closed","ping_status":"closed","template":"page-templates\/full-width-page.php","meta":{"_kadence_starter_templates_imported_post":false,"footnotes":""},"class_list":["post-4255","page","type-page","status-publish","hentry"],"yoast_head":"<!-- This site is optimized with the Yoast SEO plugin v27.4 - https:\/\/yoast.com\/product\/yoast-seo-wordpress\/ -->\n<title>\u00d6vriga fordon - Kalixlinjens museum<\/title>\n<meta name=\"robots\" content=\"index, follow, max-snippet:-1, max-image-preview:large, max-video-preview:-1\" \/>\n<link rel=\"canonical\" href=\"https:\/\/kalixlinjen.se\/en\/ovriga-fordon\/\" \/>\n<meta property=\"og:locale\" content=\"en_GB\" \/>\n<meta property=\"og:type\" content=\"article\" \/>\n<meta property=\"og:title\" content=\"\u00d6vriga fordon - Kalixlinjens museum\" \/>\n<meta property=\"og:description\" content=\"\u00d6vriga fordon P\u00e5 omr\u00e5det finns \u00e4ven tv\u00e5 milit\u00e4rtraktorer &#8211; en Volvo BM 650 samt en Case International. Dessutom har vi en Willys Overland 6-226, som vi inte kan sp\u00e5ra till milit\u00e4r anv\u00e4ndning, men eftersom vi tycker att den \u00e4r fin, fick den plats p\u00e5 hemsidan!&nbsp;&nbsp; Hjultraktor 319 Hjultraktor Case International Willys Overland 6-226\" \/>\n<meta property=\"og:url\" content=\"https:\/\/kalixlinjen.se\/en\/ovriga-fordon\/\" \/>\n<meta property=\"og:site_name\" content=\"Kalixlinjens museum\" \/>\n<meta property=\"article:publisher\" content=\"https:\/\/www.facebook.com\/kalixlinjensmuseum\" \/>\n<meta property=\"article:modified_time\" content=\"2023-06-21T11:33:46+00:00\" \/>\n<meta property=\"og:image\" content=\"https:\/\/kalixlinjen.se\/wp-content\/uploads\/2023\/06\/cropped-IMG_20230530_100346-scaled-1.jpg\" \/>\n<meta name=\"twitter:card\" content=\"summary_large_image\" \/>\n<script type=\"application\/ld+json\" class=\"yoast-schema-graph\">{\"@context\":\"https:\\\/\\\/schema.org\",\"@graph\":[{\"@type\":\"WebPage\",\"@id\":\"https:\\\/\\\/kalixlinjen.se\\\/ovriga-fordon\\\/\",\"url\":\"https:\\\/\\\/kalixlinjen.se\\\/ovriga-fordon\\\/\",\"name\":\"\u00d6vriga fordon - Kalixlinjens museum\",\"isPartOf\":{\"@id\":\"https:\\\/\\\/kalixlinjen.se\\\/#website\"},\"primaryImageOfPage\":{\"@id\":\"https:\\\/\\\/kalixlinjen.se\\\/ovriga-fordon\\\/#primaryimage\"},\"image\":{\"@id\":\"https:\\\/\\\/kalixlinjen.se\\\/ovriga-fordon\\\/#primaryimage\"},\"thumbnailUrl\":\"https:\\\/\\\/kalixlinjen.se\\\/wp-content\\\/uploads\\\/2023\\\/06\\\/cropped-IMG_20230530_100346-scaled-1.jpg\",\"datePublished\":\"2023-06-21T11:14:48+00:00\",\"dateModified\":\"2023-06-21T11:33:46+00:00\",\"breadcrumb\":{\"@id\":\"https:\\\/\\\/kalixlinjen.se\\\/ovriga-fordon\\\/#breadcrumb\"},\"inLanguage\":\"en-GB\",\"potentialAction\":[{\"@type\":\"ReadAction\",\"target\":[\"https:\\\/\\\/kalixlinjen.se\\\/ovriga-fordon\\\/\"]}]},{\"@type\":\"ImageObject\",\"inLanguage\":\"en-GB\",\"@id\":\"https:\\\/\\\/kalixlinjen.se\\\/ovriga-fordon\\\/#primaryimage\",\"url\":\"https:\\\/\\\/kalixlinjen.se\\\/wp-content\\\/uploads\\\/2023\\\/06\\\/cropped-IMG_20230530_100346-scaled-1.jpg\",\"contentUrl\":\"https:\\\/\\\/kalixlinjen.se\\\/wp-content\\\/uploads\\\/2023\\\/06\\\/cropped-IMG_20230530_100346-scaled-1.jpg\"},{\"@type\":\"BreadcrumbList\",\"@id\":\"https:\\\/\\\/kalixlinjen.se\\\/ovriga-fordon\\\/#breadcrumb\",\"itemListElement\":[{\"@type\":\"ListItem\",\"position\":1,\"name\":\"Hem\",\"item\":\"https:\\\/\\\/kalixlinjen.se\\\/\"},{\"@type\":\"ListItem\",\"position\":2,\"name\":\"\u00d6vriga fordon\"}]},{\"@type\":\"WebSite\",\"@id\":\"https:\\\/\\\/kalixlinjen.se\\\/#website\",\"url\":\"https:\\\/\\\/kalixlinjen.se\\\/\",\"name\":\"Kalixlinjens museum\",\"description\":\"St\u00f6rst och hemligast!\",\"publisher\":{\"@id\":\"https:\\\/\\\/kalixlinjen.se\\\/#organization\"},\"potentialAction\":[{\"@type\":\"SearchAction\",\"target\":{\"@type\":\"EntryPoint\",\"urlTemplate\":\"https:\\\/\\\/kalixlinjen.se\\\/?s={search_term_string}\"},\"query-input\":{\"@type\":\"PropertyValueSpecification\",\"valueRequired\":true,\"valueName\":\"search_term_string\"}}],\"inLanguage\":\"en-GB\"},{\"@type\":\"Organization\",\"@id\":\"https:\\\/\\\/kalixlinjen.se\\\/#organization\",\"name\":\"Kalixlinjens museum\",\"url\":\"https:\\\/\\\/kalixlinjen.se\\\/\",\"logo\":{\"@type\":\"ImageObject\",\"inLanguage\":\"en-GB\",\"@id\":\"https:\\\/\\\/kalixlinjen.se\\\/#\\\/schema\\\/logo\\\/image\\\/\",\"url\":\"https:\\\/\\\/kalixlinjen.se\\\/wp-content\\\/uploads\\\/2022\\\/11\\\/cropped-cropped-cropped-cropped-loggo.png\",\"contentUrl\":\"https:\\\/\\\/kalixlinjen.se\\\/wp-content\\\/uploads\\\/2022\\\/11\\\/cropped-cropped-cropped-cropped-loggo.png\",\"width\":512,\"height\":512,\"caption\":\"Kalixlinjens museum\"},\"image\":{\"@id\":\"https:\\\/\\\/kalixlinjen.se\\\/#\\\/schema\\\/logo\\\/image\\\/\"},\"sameAs\":[\"https:\\\/\\\/www.facebook.com\\\/kalixlinjensmuseum\",\"https:\\\/\\\/www.instagram.com\\\/kalixlinjens_museum\\\/\"]}]}<\/script>\n<!-- \/ Yoast SEO plugin. -->","yoast_head_json":{"title":"\u00d6vriga fordon - Kalixlinjens museum","robots":{"index":"index","follow":"follow","max-snippet":"max-snippet:-1","max-image-preview":"max-image-preview:large","max-video-preview":"max-video-preview:-1"},"canonical":"https:\/\/kalixlinjen.se\/en\/ovriga-fordon\/","og_locale":"en_GB","og_type":"article","og_title":"\u00d6vriga fordon - Kalixlinjens museum","og_description":"\u00d6vriga fordon P\u00e5 omr\u00e5det finns \u00e4ven tv\u00e5 milit\u00e4rtraktorer &#8211; en Volvo BM 650 samt en Case International. Dessutom har vi en Willys Overland 6-226, som vi inte kan sp\u00e5ra till milit\u00e4r anv\u00e4ndning, men eftersom vi tycker att den \u00e4r fin, fick den plats p\u00e5 hemsidan!&nbsp;&nbsp; Hjultraktor 319 Hjultraktor Case International Willys Overland 6-226","og_url":"https:\/\/kalixlinjen.se\/en\/ovriga-fordon\/","og_site_name":"Kalixlinjens museum","article_publisher":"https:\/\/www.facebook.com\/kalixlinjensmuseum","article_modified_time":"2023-06-21T11:33:46+00:00","og_image":[{"url":"https:\/\/kalixlinjen.se\/wp-content\/uploads\/2023\/06\/cropped-IMG_20230530_100346-scaled-1.jpg","type":"","width":"","height":""}],"twitter_card":"summary_large_image","schema":{"@context":"https:\/\/schema.org","@graph":[{"@type":"WebPage","@id":"https:\/\/kalixlinjen.se\/ovriga-fordon\/","url":"https:\/\/kalixlinjen.se\/ovriga-fordon\/","name":"\u00d6vriga fordon - Kalixlinjens museum","isPartOf":{"@id":"https:\/\/kalixlinjen.se\/#website"},"primaryImageOfPage":{"@id":"https:\/\/kalixlinjen.se\/ovriga-fordon\/#primaryimage"},"image":{"@id":"https:\/\/kalixlinjen.se\/ovriga-fordon\/#primaryimage"},"thumbnailUrl":"https:\/\/kalixlinjen.se\/wp-content\/uploads\/2023\/06\/cropped-IMG_20230530_100346-scaled-1.jpg","datePublished":"2023-06-21T11:14:48+00:00","dateModified":"2023-06-21T11:33:46+00:00","breadcrumb":{"@id":"https:\/\/kalixlinjen.se\/ovriga-fordon\/#breadcrumb"},"inLanguage":"en-GB","potentialAction":[{"@type":"ReadAction","target":["https:\/\/kalixlinjen.se\/ovriga-fordon\/"]}]},{"@type":"ImageObject","inLanguage":"en-GB","@id":"https:\/\/kalixlinjen.se\/ovriga-fordon\/#primaryimage","url":"https:\/\/kalixlinjen.se\/wp-content\/uploads\/2023\/06\/cropped-IMG_20230530_100346-scaled-1.jpg","contentUrl":"https:\/\/kalixlinjen.se\/wp-content\/uploads\/2023\/06\/cropped-IMG_20230530_100346-scaled-1.jpg"},{"@type":"BreadcrumbList","@id":"https:\/\/kalixlinjen.se\/ovriga-fordon\/#breadcrumb","itemListElement":[{"@type":"ListItem","position":1,"name":"Hem","item":"https:\/\/kalixlinjen.se\/"},{"@type":"ListItem","position":2,"name":"\u00d6vriga fordon"}]},{"@type":"WebSite","@id":"https:\/\/kalixlinjen.se\/#website","url":"https:\/\/kalixlinjen.se\/","name":"The Kalix line museum","description":"St\u00f6rst och hemligast!","publisher":{"@id":"https:\/\/kalixlinjen.se\/#organization"},"potentialAction":[{"@type":"SearchAction","target":{"@type":"EntryPoint","urlTemplate":"https:\/\/kalixlinjen.se\/?s={search_term_string}"},"query-input":{"@type":"PropertyValueSpecification","valueRequired":true,"valueName":"search_term_string"}}],"inLanguage":"en-GB"},{"@type":"Organization","@id":"https:\/\/kalixlinjen.se\/#organization","name":"The Kalix line museum","url":"https:\/\/kalixlinjen.se\/","logo":{"@type":"ImageObject","inLanguage":"en-GB","@id":"https:\/\/kalixlinjen.se\/#\/schema\/logo\/image\/","url":"https:\/\/kalixlinjen.se\/wp-content\/uploads\/2022\/11\/cropped-cropped-cropped-cropped-loggo.png","contentUrl":"https:\/\/kalixlinjen.se\/wp-content\/uploads\/2022\/11\/cropped-cropped-cropped-cropped-loggo.png","width":512,"height":512,"caption":"Kalixlinjens museum"},"image":{"@id":"https:\/\/kalixlinjen.se\/#\/schema\/logo\/image\/"},"sameAs":["https:\/\/www.facebook.com\/kalixlinjensmuseum","https:\/\/www.instagram.com\/kalixlinjens_museum\/"]}]}},"_links":{"self":[{"href":"https:\/\/kalixlinjen.se\/en\/wp-json\/wp\/v2\/pages\/4255","targetHints":{"allow":["GET"]}}],"collection":[{"href":"https:\/\/kalixlinjen.se\/en\/wp-json\/wp\/v2\/pages"}],"about":[{"href":"https:\/\/kalixlinjen.se\/en\/wp-json\/wp\/v2\/types\/page"}],"author":[{"embeddable":true,"href":"https:\/\/kalixlinjen.se\/en\/wp-json\/wp\/v2\/users\/1"}],"replies":[{"embeddable":true,"href":"https:\/\/kalixlinjen.se\/en\/wp-json\/wp\/v2\/comments?post=4255"}],"version-history":[{"count":5,"href":"https:\/\/kalixlinjen.se\/en\/wp-json\/wp\/v2\/pages\/4255\/revisions"}],"predecessor-version":[{"id":4292,"href":"https:\/\/kalixlinjen.se\/en\/wp-json\/wp\/v2\/pages\/4255\/revisions\/4292"}],"wp:attachment":[{"href":"https:\/\/kalixlinjen.se\/en\/wp-json\/wp\/v2\/media?parent=4255"}],"curies":[{"name":"wp","href":"https:\/\/api.w.org\/{rel}","templated":true}]}}