{"id":3520,"date":"2023-06-02T08:02:35","date_gmt":"2023-06-02T08:02:35","guid":{"rendered":"https:\/\/kalixlinjen.se\/?page_id=3520"},"modified":"2024-10-21T13:41:03","modified_gmt":"2024-10-21T13:41:03","slug":"terrangbil-11","status":"publish","type":"page","link":"https:\/\/kalixlinjen.se\/en\/terrangbil-11\/","title":{"rendered":"TERR\u00c4NGBIL 11"},"content":{"rendered":"<div data-colibri-id=\"3520-c1\" class=\"style-2261 style-local-3520-c1 position-relative\">\n  <!---->\n  <div data-colibri-component=\"section\" data-colibri-id=\"3520-c2\" id=\"reusable-sections\" class=\"h-section h-section-global-spacing d-flex align-items-lg-center align-items-md-center align-items-center style-2262 style-local-3520-c2 position-relative\">\n    <!---->\n    <!---->\n    <div class=\"h-section-grid-container h-section-boxed-container\">\n      <div data-colibri-id=\"3520-c11\" class=\"h-row-container gutters-row-lg-2 gutters-row-md-2 gutters-row-2 gutters-row-v-lg-2 gutters-row-v-md-2 gutters-row-v-2 style-2276 style-local-3520-c11 position-relative\">\n        <!---->\n        <div class=\"h-row justify-content-lg-center justify-content-md-center justify-content-center align-items-lg-stretch align-items-md-stretch align-items-stretch gutters-col-lg-2 gutters-col-md-2 gutters-col-2 gutters-col-v-lg-2 gutters-col-v-md-2 gutters-col-v-2\">\n          <!---->\n          <div class=\"h-column h-column-container d-flex h-col-lg-auto h-col-md-auto h-col-auto style-2277-outer style-local-3520-c12-outer\">\n            <div data-colibri-id=\"3520-c12\" class=\"d-flex h-flex-basis h-column__inner h-px-lg-2 h-px-md-2 h-px-2 v-inner-lg-2 v-inner-md-2 v-inner-2 style-2277 style-local-3520-c12 position-relative\">\n              <!---->\n              <!---->\n              <div class=\"w-100 h-y-container h-column__content h-column__v-align flex-basis-100 align-self-lg-start align-self-md-start align-self-start\">\n                <!---->\n                <div data-colibri-id=\"3520-c13\" class=\"h-global-transition-all h-heading style-2278 style-local-3520-c13 position-relative h-element\">\n                  <!---->\n                  <div class=\"h-heading__outer style-2278 style-local-3520-c13\">\n                    <!---->\n                    <!---->\n                    <h1 class=\"\">tgb 11<\/h1>\n                  <\/div>\n                <\/div>\n                <div data-colibri-id=\"3520-c15\" class=\"h-global-transition-all h-heading style-2753 style-local-3520-c15 position-relative h-element\">\n                  <!---->\n                  <div class=\"h-heading__outer style-2753 style-local-3520-c15\">\n                    <!---->\n                    <!---->\n                    <h4 class=\"\">All-terrain vehicle 11\/Terr\u00e4ngbil 11<\/h4>\n                  <\/div>\n                <\/div>\n              <\/div>\n            <\/div>\n          <\/div>\n        <\/div>\n      <\/div>\n      <div data-colibri-id=\"3520-c3\" class=\"h-row-container gutters-row-lg-2 gutters-row-md-2 gutters-row-0 gutters-row-v-lg-2 gutters-row-v-md-2 gutters-row-v-2 style-2263 style-local-3520-c3 position-relative\">\n        <!---->\n        <div class=\"h-row justify-content-lg-center justify-content-md-center justify-content-center align-items-lg-stretch align-items-md-stretch align-items-stretch gutters-col-lg-2 gutters-col-md-2 gutters-col-0 gutters-col-v-lg-2 gutters-col-v-md-2 gutters-col-v-2\">\n          <!---->\n          <div class=\"h-column h-column-container d-flex h-col-lg-auto h-col-md-auto h-col-auto style-2264-outer style-local-3520-c4-outer\">\n            <div data-colibri-id=\"3520-c4\" class=\"d-flex h-flex-basis h-column__inner h-px-lg-2 h-px-md-2 h-px-2 v-inner-lg-2 v-inner-md-2 v-inner-2 style-2264 style-local-3520-c4 position-relative\">\n              <!---->\n              <!---->\n              <div class=\"w-100 h-y-container h-column__content h-column__v-align flex-basis-100 align-self-lg-start align-self-md-start align-self-start\">\n                <!---->\n                <div data-colibri-id=\"3520-c5\" class=\"h-text h-text-component style-2265 style-local-3520-c5 position-relative h-element\">\n                  <!---->\n                  <!---->\n                  <div class=\"\">\n                    <p>The all-terrain vehicle 11 replaced\n                      <a href=\"https:\/\/kalixlinjen.se\/en\/personlastterrangbil-903\/\" target=\"_blank\" rel=\"noopener\">PLTGB 903<\/a> (The puppy)&nbsp;\n                      <br>\n                    <\/p>\n                    <p>Although the military was satisfied with the Valps, there was a need for off-road vehicles with better terrain mobility and larger cargo capacity.&nbsp;<\/p>\n                    <p>The result was the TGB 11 and TGB 13.&nbsp;\n                      <br>The TGB 11 is a two-axle vehicle, while the TGB 13 is a three-axle, slightly longer version. Various variants of these vehicles were then developed, adapted to their specific purposes.&nbsp;<\/p>\n                    <p>The TGB 11 is four-wheel drive, with high ground clearance and 117 horsepower. It performs well on roads (70 km\/h) and excels in rough terrain. It can carry 900 kg of cargo and accommodate 6 passengers. A mount for the M58 machine gun is installed on the roof.<\/p>\n                    <p>Unfortunately, Kalixlinjens museum does not have a \"standard\" TGB 11 on display, but we do have the radio vehicle version&nbsp;\n                      <a href=\"https:\/\/kalixlinjen.se\/en\/terrangbil-1112\/\" target=\"_blank\" rel=\"noopener\">\n                        <u>TGB 1112<\/u>\n                      <\/a>,&nbsp;&nbsp;\n                      <a href=\"https:\/\/kalixlinjen.se\/en\/pansarvarnspjasterrangbil-1111\/\" target=\"_blank\" rel=\"noopener\">Anti-tank gun terrain vehicle 1111<\/a>, och\n                      <a href=\"https:\/\/kalixlinjen.se\/en\/pansarvarnsrobotterrangbil-1111a\/\" target=\"_blank\" rel=\"noopener\">Anti-tank guided missile all-terrain vehicle 1111A<\/a>.<\/p>\n                    <p>\n                      <br>\n                    <\/p>\n                  <\/div>\n                <\/div>\n              <\/div>\n            <\/div>\n          <\/div>\n          <div class=\"h-column h-column-container d-flex h-col-lg-auto h-col-md-auto h-col-auto style-2266-outer style-local-3520-c6-outer\">\n            <div data-colibri-id=\"3520-c6\" class=\"d-flex h-flex-basis h-column__inner h-px-lg-2 h-px-md-2 h-px-2 v-inner-lg-2 v-inner-md-2 v-inner-2 style-2266 style-local-3520-c6 position-relative\">\n              <!---->\n              <!---->\n              <div class=\"w-100 h-y-container h-column__content h-column__v-align flex-basis-100 align-self-lg-start align-self-md-start align-self-start\">\n                <!---->\n                <div data-colibri-id=\"3520-c7\" class=\"d-block style-2280 style-local-3520-c7 position-relative h-element\">\n                  <!---->\n                  <div class=\"h-image__frame-container-outer\">\n                    <div class=\"h-image__frame-container\">\n                      <!---->\n                      <!---->\n                      <img loading=\"lazy\" decoding=\"async\" width=\"2229\" height=\"1659\" src=\"https:\/\/kalixlinjen.se\/wp-content\/uploads\/2023\/05\/cropped-IMG_20230530_084223-scaled-1.jpg\" class=\"wp-image-3579 style-2280-image style-local-3520-c7-image\" alt=\"\" srcset=\"https:\/\/kalixlinjen.se\/wp-content\/uploads\/2023\/05\/cropped-IMG_20230530_084223-scaled-1.jpg 2229w, https:\/\/kalixlinjen.se\/wp-content\/uploads\/2023\/05\/cropped-IMG_20230530_084223-scaled-1-300x223.jpg 300w, https:\/\/kalixlinjen.se\/wp-content\/uploads\/2023\/05\/cropped-IMG_20230530_084223-scaled-1-1024x762.jpg 1024w, https:\/\/kalixlinjen.se\/wp-content\/uploads\/2023\/05\/cropped-IMG_20230530_084223-scaled-1-768x572.jpg 768w, https:\/\/kalixlinjen.se\/wp-content\/uploads\/2023\/05\/cropped-IMG_20230530_084223-scaled-1-1536x1143.jpg 1536w, https:\/\/kalixlinjen.se\/wp-content\/uploads\/2023\/05\/cropped-IMG_20230530_084223-scaled-1-2048x1524.jpg 2048w\" sizes=\"auto, (max-width: 2229px) 100vw, 2229px\" \/>\n                      <div class=\"h-image__frame h-hide-lg h-hide-md h-hide-sm style-2280-frameImage style-local-3520-c7-frameImage\"><\/div>\n                    <\/div>\n                  <\/div>\n                <\/div>\n                <div data-colibri-id=\"3520-c8\" class=\"h-text h-text-component style-2281 style-local-3520-c8 position-relative h-element\">\n                  <!---->\n                  <!---->\n                  <div class=\"\">\n                    <p>Anti-tank guided missile all-terrain vehicle 1111A<\/p>\n                  <\/div>\n                <\/div>\n                <div data-colibri-id=\"3520-c9\" class=\"d-block style-2282 style-local-3520-c9 position-relative h-element\">\n                  <!---->\n                  <div class=\"h-image__frame-container-outer\">\n                    <div class=\"h-image__frame-container\">\n                      <!---->\n                      <!---->\n                      <img loading=\"lazy\" decoding=\"async\" width=\"2105\" height=\"1786\" src=\"https:\/\/kalixlinjen.se\/wp-content\/uploads\/2023\/06\/cropped-IMG_20230530_115325-scaled-1.jpg\" class=\"wp-image-3580 style-2282-image style-local-3520-c9-image\" alt=\"TGB 1112\" srcset=\"https:\/\/kalixlinjen.se\/wp-content\/uploads\/2023\/06\/cropped-IMG_20230530_115325-scaled-1.jpg 2105w, https:\/\/kalixlinjen.se\/wp-content\/uploads\/2023\/06\/cropped-IMG_20230530_115325-scaled-1-300x255.jpg 300w, https:\/\/kalixlinjen.se\/wp-content\/uploads\/2023\/06\/cropped-IMG_20230530_115325-scaled-1-1024x869.jpg 1024w, https:\/\/kalixlinjen.se\/wp-content\/uploads\/2023\/06\/cropped-IMG_20230530_115325-scaled-1-768x652.jpg 768w, https:\/\/kalixlinjen.se\/wp-content\/uploads\/2023\/06\/cropped-IMG_20230530_115325-scaled-1-1536x1303.jpg 1536w, https:\/\/kalixlinjen.se\/wp-content\/uploads\/2023\/06\/cropped-IMG_20230530_115325-scaled-1-2048x1738.jpg 2048w\" sizes=\"auto, (max-width: 2105px) 100vw, 2105px\" \/>\n                      <div class=\"h-image__frame h-hide-lg h-hide-md h-hide-sm style-2282-frameImage style-local-3520-c9-frameImage\"><\/div>\n                    <\/div>\n                  <\/div>\n                <\/div>\n                <div data-colibri-id=\"3520-c10\" class=\"h-text h-text-component style-2283 style-local-3520-c10 position-relative h-element\">\n                  <!---->\n                  <!---->\n                  <div class=\"\">\n                    <p>TGB 1112<\/p>\n                  <\/div>\n                <\/div>\n              <\/div>\n            <\/div>\n          <\/div>\n        <\/div>\n      <\/div>\n    <\/div>\n  <\/div>\n<\/div>","protected":false},"excerpt":{"rendered":"<p>tgb 11 Terr\u00e4ngbil 11 Terr\u00e4ngbil 11 ersatte PLTGB 903 (Valp).&nbsp; \u00c4ven om f\u00f6rsvarsmakten var n\u00f6jd med Valparna, fanns behov av terr\u00e4ngfordon med \u00e4nnu b\u00e4ttre terr\u00e4ngframkomlighet, och st\u00f6rre lastutymme.&nbsp; Resultatet blev TGB 11 och TGB 13.&nbsp; TGB 11 \u00e4r tv\u00e5axlig, och TGB 13 \u00e4r en treaxlig, lite l\u00e4ngre variant. P\u00e5 dessa fordon gjordes sedan ett antal [&hellip;]<\/p>\n","protected":false},"author":1,"featured_media":0,"parent":0,"menu_order":0,"comment_status":"closed","ping_status":"closed","template":"page-templates\/full-width-page.php","meta":{"_kadence_starter_templates_imported_post":false,"footnotes":""},"class_list":["post-3520","page","type-page","status-publish","hentry"],"yoast_head":"<!-- This site is optimized with the Yoast SEO plugin v27.4 - https:\/\/yoast.com\/product\/yoast-seo-wordpress\/ -->\n<title>TERR\u00c4NGBIL 11 - Kalixlinjens museum<\/title>\n<meta name=\"robots\" content=\"index, follow, max-snippet:-1, max-image-preview:large, max-video-preview:-1\" \/>\n<link rel=\"canonical\" href=\"https:\/\/kalixlinjen.se\/en\/terrangbil-11\/\" \/>\n<meta property=\"og:locale\" content=\"en_GB\" \/>\n<meta property=\"og:type\" content=\"article\" \/>\n<meta property=\"og:title\" content=\"TERR\u00c4NGBIL 11 - Kalixlinjens museum\" \/>\n<meta property=\"og:description\" content=\"tgb 11 Terr\u00e4ngbil 11 Terr\u00e4ngbil 11 ersatte PLTGB 903 (Valp).&nbsp; \u00c4ven om f\u00f6rsvarsmakten var n\u00f6jd med Valparna, fanns behov av terr\u00e4ngfordon med \u00e4nnu b\u00e4ttre terr\u00e4ngframkomlighet, och st\u00f6rre lastutymme.&nbsp; Resultatet blev TGB 11 och TGB 13.&nbsp; TGB 11 \u00e4r tv\u00e5axlig, och TGB 13 \u00e4r en treaxlig, lite l\u00e4ngre variant. P\u00e5 dessa fordon gjordes sedan ett antal [&hellip;]\" \/>\n<meta property=\"og:url\" content=\"https:\/\/kalixlinjen.se\/en\/terrangbil-11\/\" \/>\n<meta property=\"og:site_name\" content=\"Kalixlinjens museum\" \/>\n<meta property=\"article:publisher\" content=\"https:\/\/www.facebook.com\/kalixlinjensmuseum\" \/>\n<meta property=\"article:modified_time\" content=\"2024-10-21T13:41:03+00:00\" \/>\n<meta property=\"og:image\" content=\"https:\/\/kalixlinjen.se\/wp-content\/uploads\/2023\/05\/cropped-IMG_20230530_084223-scaled-1.jpg\" \/>\n\t<meta property=\"og:image:width\" content=\"2229\" \/>\n\t<meta property=\"og:image:height\" content=\"1659\" \/>\n\t<meta property=\"og:image:type\" content=\"image\/jpeg\" \/>\n<meta name=\"twitter:card\" content=\"summary_large_image\" \/>\n<script type=\"application\/ld+json\" class=\"yoast-schema-graph\">{\"@context\":\"https:\\\/\\\/schema.org\",\"@graph\":[{\"@type\":\"WebPage\",\"@id\":\"https:\\\/\\\/kalixlinjen.se\\\/terrangbil-11\\\/\",\"url\":\"https:\\\/\\\/kalixlinjen.se\\\/terrangbil-11\\\/\",\"name\":\"TERR\u00c4NGBIL 11 - Kalixlinjens museum\",\"isPartOf\":{\"@id\":\"https:\\\/\\\/kalixlinjen.se\\\/#website\"},\"primaryImageOfPage\":{\"@id\":\"https:\\\/\\\/kalixlinjen.se\\\/terrangbil-11\\\/#primaryimage\"},\"image\":{\"@id\":\"https:\\\/\\\/kalixlinjen.se\\\/terrangbil-11\\\/#primaryimage\"},\"thumbnailUrl\":\"https:\\\/\\\/kalixlinjen.se\\\/wp-content\\\/uploads\\\/2023\\\/05\\\/cropped-IMG_20230530_084223-scaled-1.jpg\",\"datePublished\":\"2023-06-02T08:02:35+00:00\",\"dateModified\":\"2024-10-21T13:41:03+00:00\",\"breadcrumb\":{\"@id\":\"https:\\\/\\\/kalixlinjen.se\\\/terrangbil-11\\\/#breadcrumb\"},\"inLanguage\":\"en-GB\",\"potentialAction\":[{\"@type\":\"ReadAction\",\"target\":[\"https:\\\/\\\/kalixlinjen.se\\\/terrangbil-11\\\/\"]}]},{\"@type\":\"ImageObject\",\"inLanguage\":\"en-GB\",\"@id\":\"https:\\\/\\\/kalixlinjen.se\\\/terrangbil-11\\\/#primaryimage\",\"url\":\"https:\\\/\\\/kalixlinjen.se\\\/wp-content\\\/uploads\\\/2023\\\/05\\\/cropped-IMG_20230530_084223-scaled-1.jpg\",\"contentUrl\":\"https:\\\/\\\/kalixlinjen.se\\\/wp-content\\\/uploads\\\/2023\\\/05\\\/cropped-IMG_20230530_084223-scaled-1.jpg\"},{\"@type\":\"BreadcrumbList\",\"@id\":\"https:\\\/\\\/kalixlinjen.se\\\/terrangbil-11\\\/#breadcrumb\",\"itemListElement\":[{\"@type\":\"ListItem\",\"position\":1,\"name\":\"Hem\",\"item\":\"https:\\\/\\\/kalixlinjen.se\\\/\"},{\"@type\":\"ListItem\",\"position\":2,\"name\":\"TERR\u00c4NGBIL 11\"}]},{\"@type\":\"WebSite\",\"@id\":\"https:\\\/\\\/kalixlinjen.se\\\/#website\",\"url\":\"https:\\\/\\\/kalixlinjen.se\\\/\",\"name\":\"Kalixlinjens museum\",\"description\":\"St\u00f6rst och hemligast!\",\"publisher\":{\"@id\":\"https:\\\/\\\/kalixlinjen.se\\\/#organization\"},\"potentialAction\":[{\"@type\":\"SearchAction\",\"target\":{\"@type\":\"EntryPoint\",\"urlTemplate\":\"https:\\\/\\\/kalixlinjen.se\\\/?s={search_term_string}\"},\"query-input\":{\"@type\":\"PropertyValueSpecification\",\"valueRequired\":true,\"valueName\":\"search_term_string\"}}],\"inLanguage\":\"en-GB\"},{\"@type\":\"Organization\",\"@id\":\"https:\\\/\\\/kalixlinjen.se\\\/#organization\",\"name\":\"Kalixlinjens museum\",\"url\":\"https:\\\/\\\/kalixlinjen.se\\\/\",\"logo\":{\"@type\":\"ImageObject\",\"inLanguage\":\"en-GB\",\"@id\":\"https:\\\/\\\/kalixlinjen.se\\\/#\\\/schema\\\/logo\\\/image\\\/\",\"url\":\"https:\\\/\\\/kalixlinjen.se\\\/wp-content\\\/uploads\\\/2022\\\/11\\\/cropped-cropped-cropped-cropped-loggo.png\",\"contentUrl\":\"https:\\\/\\\/kalixlinjen.se\\\/wp-content\\\/uploads\\\/2022\\\/11\\\/cropped-cropped-cropped-cropped-loggo.png\",\"width\":512,\"height\":512,\"caption\":\"Kalixlinjens museum\"},\"image\":{\"@id\":\"https:\\\/\\\/kalixlinjen.se\\\/#\\\/schema\\\/logo\\\/image\\\/\"},\"sameAs\":[\"https:\\\/\\\/www.facebook.com\\\/kalixlinjensmuseum\",\"https:\\\/\\\/www.instagram.com\\\/kalixlinjens_museum\\\/\"]}]}<\/script>\n<!-- \/ Yoast SEO plugin. -->","yoast_head_json":{"title":"TERR\u00c4NGBIL 11 - Kalixlinjens museum","robots":{"index":"index","follow":"follow","max-snippet":"max-snippet:-1","max-image-preview":"max-image-preview:large","max-video-preview":"max-video-preview:-1"},"canonical":"https:\/\/kalixlinjen.se\/en\/terrangbil-11\/","og_locale":"en_GB","og_type":"article","og_title":"TERR\u00c4NGBIL 11 - Kalixlinjens museum","og_description":"tgb 11 Terr\u00e4ngbil 11 Terr\u00e4ngbil 11 ersatte PLTGB 903 (Valp).&nbsp; \u00c4ven om f\u00f6rsvarsmakten var n\u00f6jd med Valparna, fanns behov av terr\u00e4ngfordon med \u00e4nnu b\u00e4ttre terr\u00e4ngframkomlighet, och st\u00f6rre lastutymme.&nbsp; Resultatet blev TGB 11 och TGB 13.&nbsp; TGB 11 \u00e4r tv\u00e5axlig, och TGB 13 \u00e4r en treaxlig, lite l\u00e4ngre variant. P\u00e5 dessa fordon gjordes sedan ett antal [&hellip;]","og_url":"https:\/\/kalixlinjen.se\/en\/terrangbil-11\/","og_site_name":"Kalixlinjens museum","article_publisher":"https:\/\/www.facebook.com\/kalixlinjensmuseum","article_modified_time":"2024-10-21T13:41:03+00:00","og_image":[{"width":2229,"height":1659,"url":"https:\/\/kalixlinjen.se\/wp-content\/uploads\/2023\/05\/cropped-IMG_20230530_084223-scaled-1.jpg","type":"image\/jpeg"}],"twitter_card":"summary_large_image","schema":{"@context":"https:\/\/schema.org","@graph":[{"@type":"WebPage","@id":"https:\/\/kalixlinjen.se\/terrangbil-11\/","url":"https:\/\/kalixlinjen.se\/terrangbil-11\/","name":"TERR\u00c4NGBIL 11 - Kalixlinjens museum","isPartOf":{"@id":"https:\/\/kalixlinjen.se\/#website"},"primaryImageOfPage":{"@id":"https:\/\/kalixlinjen.se\/terrangbil-11\/#primaryimage"},"image":{"@id":"https:\/\/kalixlinjen.se\/terrangbil-11\/#primaryimage"},"thumbnailUrl":"https:\/\/kalixlinjen.se\/wp-content\/uploads\/2023\/05\/cropped-IMG_20230530_084223-scaled-1.jpg","datePublished":"2023-06-02T08:02:35+00:00","dateModified":"2024-10-21T13:41:03+00:00","breadcrumb":{"@id":"https:\/\/kalixlinjen.se\/terrangbil-11\/#breadcrumb"},"inLanguage":"en-GB","potentialAction":[{"@type":"ReadAction","target":["https:\/\/kalixlinjen.se\/terrangbil-11\/"]}]},{"@type":"ImageObject","inLanguage":"en-GB","@id":"https:\/\/kalixlinjen.se\/terrangbil-11\/#primaryimage","url":"https:\/\/kalixlinjen.se\/wp-content\/uploads\/2023\/05\/cropped-IMG_20230530_084223-scaled-1.jpg","contentUrl":"https:\/\/kalixlinjen.se\/wp-content\/uploads\/2023\/05\/cropped-IMG_20230530_084223-scaled-1.jpg"},{"@type":"BreadcrumbList","@id":"https:\/\/kalixlinjen.se\/terrangbil-11\/#breadcrumb","itemListElement":[{"@type":"ListItem","position":1,"name":"Hem","item":"https:\/\/kalixlinjen.se\/"},{"@type":"ListItem","position":2,"name":"TERR\u00c4NGBIL 11"}]},{"@type":"WebSite","@id":"https:\/\/kalixlinjen.se\/#website","url":"https:\/\/kalixlinjen.se\/","name":"The Kalix line museum","description":"St\u00f6rst och hemligast!","publisher":{"@id":"https:\/\/kalixlinjen.se\/#organization"},"potentialAction":[{"@type":"SearchAction","target":{"@type":"EntryPoint","urlTemplate":"https:\/\/kalixlinjen.se\/?s={search_term_string}"},"query-input":{"@type":"PropertyValueSpecification","valueRequired":true,"valueName":"search_term_string"}}],"inLanguage":"en-GB"},{"@type":"Organization","@id":"https:\/\/kalixlinjen.se\/#organization","name":"The Kalix line museum","url":"https:\/\/kalixlinjen.se\/","logo":{"@type":"ImageObject","inLanguage":"en-GB","@id":"https:\/\/kalixlinjen.se\/#\/schema\/logo\/image\/","url":"https:\/\/kalixlinjen.se\/wp-content\/uploads\/2022\/11\/cropped-cropped-cropped-cropped-loggo.png","contentUrl":"https:\/\/kalixlinjen.se\/wp-content\/uploads\/2022\/11\/cropped-cropped-cropped-cropped-loggo.png","width":512,"height":512,"caption":"Kalixlinjens museum"},"image":{"@id":"https:\/\/kalixlinjen.se\/#\/schema\/logo\/image\/"},"sameAs":["https:\/\/www.facebook.com\/kalixlinjensmuseum","https:\/\/www.instagram.com\/kalixlinjens_museum\/"]}]}},"_links":{"self":[{"href":"https:\/\/kalixlinjen.se\/en\/wp-json\/wp\/v2\/pages\/3520","targetHints":{"allow":["GET"]}}],"collection":[{"href":"https:\/\/kalixlinjen.se\/en\/wp-json\/wp\/v2\/pages"}],"about":[{"href":"https:\/\/kalixlinjen.se\/en\/wp-json\/wp\/v2\/types\/page"}],"author":[{"embeddable":true,"href":"https:\/\/kalixlinjen.se\/en\/wp-json\/wp\/v2\/users\/1"}],"replies":[{"embeddable":true,"href":"https:\/\/kalixlinjen.se\/en\/wp-json\/wp\/v2\/comments?post=3520"}],"version-history":[{"count":8,"href":"https:\/\/kalixlinjen.se\/en\/wp-json\/wp\/v2\/pages\/3520\/revisions"}],"predecessor-version":[{"id":5512,"href":"https:\/\/kalixlinjen.se\/en\/wp-json\/wp\/v2\/pages\/3520\/revisions\/5512"}],"wp:attachment":[{"href":"https:\/\/kalixlinjen.se\/en\/wp-json\/wp\/v2\/media?parent=3520"}],"curies":[{"name":"wp","href":"https:\/\/api.w.org\/{rel}","templated":true}]}}