{"id":3495,"date":"2023-06-02T07:02:48","date_gmt":"2023-06-02T07:02:48","guid":{"rendered":"https:\/\/kalixlinjen.se\/?page_id=3495"},"modified":"2024-10-21T13:41:55","modified_gmt":"2024-10-21T13:41:55","slug":"terrangbil-1112","status":"publish","type":"page","link":"https:\/\/kalixlinjen.se\/en\/terrangbil-1112\/","title":{"rendered":"All-terrain vehicle 1112"},"content":{"rendered":"<div data-colibri-id=\"3495-c1\" class=\"style-2242 style-local-3495-c1 position-relative\">\n  <!---->\n  <div data-colibri-component=\"section\" data-colibri-id=\"3495-c2\" id=\"reusable-sections\" class=\"h-section h-section-global-spacing d-flex align-items-lg-center align-items-md-center align-items-center style-2243 style-local-3495-c2 position-relative\">\n    <!---->\n    <!---->\n    <div class=\"h-section-grid-container h-section-boxed-container\">\n      <div data-colibri-id=\"3495-c14\" class=\"h-row-container gutters-row-lg-2 gutters-row-md-2 gutters-row-2 gutters-row-v-lg-2 gutters-row-v-md-2 gutters-row-v-2 style-2257 style-local-3495-c14 position-relative\">\n        <!---->\n        <div class=\"h-row justify-content-lg-center justify-content-md-center justify-content-center align-items-lg-stretch align-items-md-stretch align-items-stretch gutters-col-lg-2 gutters-col-md-2 gutters-col-2 gutters-col-v-lg-2 gutters-col-v-md-2 gutters-col-v-2\">\n          <!---->\n          <div class=\"h-column h-column-container d-flex h-col-lg-auto h-col-md-auto h-col-auto style-2258-outer style-local-3495-c15-outer\">\n            <div data-colibri-id=\"3495-c15\" class=\"d-flex h-flex-basis h-column__inner h-px-lg-2 h-px-md-2 h-px-2 v-inner-lg-2 v-inner-md-2 v-inner-2 style-2258 style-local-3495-c15 position-relative\">\n              <!---->\n              <!---->\n              <div class=\"w-100 h-y-container h-column__content h-column__v-align flex-basis-100 align-self-lg-start align-self-md-start align-self-start\">\n                <!---->\n                <div data-colibri-id=\"3495-c16\" class=\"h-global-transition-all h-heading style-2259 style-local-3495-c16 position-relative h-element\">\n                  <!---->\n                  <div class=\"h-heading__outer style-2259 style-local-3495-c16\">\n                    <!---->\n                    <!---->\n                    <h1 class=\"\">TGB 1112<\/h1>\n                  <\/div>\n                <\/div>\n                <div data-colibri-id=\"3495-c18\" class=\"h-global-transition-all h-heading style-2754 style-local-3495-c18 position-relative h-element\">\n                  <!---->\n                  <div class=\"h-heading__outer style-2754 style-local-3495-c18\">\n                    <!---->\n                    <!---->\n                    <h4 class=\"\">ALL-TERRAIN VEHICLE 1112<\/h4>\n                  <\/div>\n                <\/div>\n              <\/div>\n            <\/div>\n          <\/div>\n        <\/div>\n      <\/div>\n      <div data-colibri-id=\"3495-c3\" class=\"h-row-container gutters-row-lg-2 gutters-row-md-2 gutters-row-0 gutters-row-v-lg-2 gutters-row-v-md-2 gutters-row-v-2 style-2244 style-local-3495-c3 position-relative\">\n        <!---->\n        <div class=\"h-row justify-content-lg-center justify-content-md-center justify-content-center align-items-lg-stretch align-items-md-stretch align-items-stretch gutters-col-lg-2 gutters-col-md-2 gutters-col-0 gutters-col-v-lg-2 gutters-col-v-md-2 gutters-col-v-2\">\n          <!---->\n          <div class=\"h-column h-column-container d-flex h-col-lg-auto h-col-md-auto h-col-auto style-2245-outer style-local-3495-c4-outer\">\n            <div data-colibri-id=\"3495-c4\" class=\"d-flex h-flex-basis h-column__inner h-px-lg-2 h-px-md-2 h-px-2 v-inner-lg-2 v-inner-md-2 v-inner-2 style-2245 style-local-3495-c4 position-relative\">\n              <!---->\n              <!---->\n              <div class=\"w-100 h-y-container h-column__content h-column__v-align flex-basis-100 align-self-lg-start align-self-md-start align-self-start\">\n                <!---->\n                <div data-colibri-id=\"3495-c5\" class=\"h-text h-text-component style-2246 style-local-3495-c5 position-relative h-element\">\n                  <!---->\n                  <!---->\n                  <div class=\"\">\n                    <p>The all-terrain vehicle 1112 is a radio-equipped off-road vehicle, modified from the\n                      <a href=\"https:\/\/kalixlinjen.se\/en\/terrangbil-11\/\" target=\"_blank\" rel=\"noopener\">TGB 11<\/a>.<\/p>\n                    <p>The changes from the TGB 11 include the relocation of the hatch to the rear and the removal of the roof mounting (to make room for the antennas), as well as reducing the passenger capacity to 5.\n                      <br>The TGB 1112 also has four radio networks and wire connections.&nbsp;<\/p>\n                    <p>With 117 horsepower, four-wheel drive, and high ground clearance, it performs well both on roads and in challenging terrain.&nbsp;<\/p>\n                  <\/div>\n                <\/div>\n              <\/div>\n            <\/div>\n          <\/div>\n          <div class=\"h-column h-column-container d-flex h-col-lg-auto h-col-md-auto h-col-auto style-2247-outer style-local-3495-c6-outer\">\n            <div data-colibri-id=\"3495-c6\" class=\"d-flex h-flex-basis h-column__inner h-ui-empty-state-container h-px-lg-2 h-px-md-2 h-px-2 v-inner-lg-2 v-inner-md-2 v-inner-2 style-2247 style-local-3495-c6 position-relative\">\n              <!---->\n              <!---->\n              <div class=\"w-100 h-y-container h-column__content h-column__v-align flex-basis-100\">\n                <!---->\n              <\/div>\n            <\/div>\n          <\/div>\n        <\/div>\n      <\/div>\n      <div data-colibri-id=\"3495-c7\" class=\"h-row-container gutters-row-lg-2 gutters-row-md-2 gutters-row-0 gutters-row-v-lg-2 gutters-row-v-md-2 gutters-row-v-2 style-2250 style-local-3495-c7 position-relative\">\n        <!---->\n        <div class=\"h-row justify-content-lg-center justify-content-md-center justify-content-center align-items-lg-stretch align-items-md-stretch align-items-stretch gutters-col-lg-2 gutters-col-md-2 gutters-col-0 gutters-col-v-lg-2 gutters-col-v-md-2 gutters-col-v-2\">\n          <!---->\n          <div class=\"h-column h-column-container d-flex h-col-lg-auto h-col-md-auto h-col-auto style-2251-outer style-local-3495-c8-outer\">\n            <div data-colibri-id=\"3495-c8\" class=\"d-flex h-flex-basis h-column__inner h-px-lg-2 h-px-md-2 h-px-2 v-inner-lg-2 v-inner-md-2 v-inner-2 style-2251 style-local-3495-c8 position-relative\">\n              <!---->\n              <!---->\n              <div class=\"w-100 h-y-container h-column__content h-column__v-align flex-basis-100 align-self-lg-start align-self-md-start align-self-start\">\n                <!---->\n                <div data-colibri-component=\"\" data-colibri-id=\"3495-c9\" class=\"h-photo-gallery margin-none caption-displayTrue caption-vertical-align-top style-2252 style-local-3495-c9 h-overflow-hidden position-relative h-element\">\n                  <!---->\n                  <div class=\"h-global-transition-all\"><div id='colibri-3495-c9' class='gallery-wrapper'>    <style type=\"text\/css\">\n\n        @media (min-width: 1023px) {        #colibri-3495-c9        dl {\n            float: left;\n            width: 25% !important;\n            max-width: 25% !important;\n            min-width: 25% !important;\n        }\n\n        #colibri-3495-c9        dl:nth-of-type(4n +1 ) {\n            clear: both;\n        }\n\n        }@media (min-width: 768px) and (max-width: 1023px) {        #colibri-3495-c9        dl {\n            float: left;\n            width: 25% !important;\n            max-width: 25% !important;\n            min-width: 25% !important;\n        }\n\n        #colibri-3495-c9        dl:nth-of-type(4n +1 ) {\n            clear: both;\n        }\n\n        }@media (max-width: 767px) {        #colibri-3495-c9        dl {\n            float: left;\n            width: 50% !important;\n            max-width: 50% !important;\n            min-width: 50% !important;\n        }\n\n        #colibri-3495-c9        dl:nth-of-type(2n +1 ) {\n            clear: both;\n        }\n\n        }\n        #colibri-3495-c9        .gallery-item {\n            position: relative;\n        }\n\n        \n    <\/style>\n    <div   class='colibri-3495-c9-dls-wrapper gallery-items-wrapper' ><dl class='gallery-item masonry-item'>\n\t\t\t<dt class='gallery-icon landscape'>\n\t\t\t\t<a data-fancybox=\"colibri-3495-c9-group\" href='https:\/\/kalixlinjen.se\/wp-content\/uploads\/2023\/06\/IMG_20230530_115325-scaled.jpg'><img loading=\"lazy\" decoding=\"async\"  width=\"300\" height=\"225\" src=\"https:\/\/kalixlinjen.se\/wp-content\/uploads\/2023\/06\/IMG_20230530_115325-300x225.jpg\"  class='colibri-3495-c9-image' alt=\"TGB 1112\" aria-describedby=\"gallery-1-3508\" srcset=\"https:\/\/kalixlinjen.se\/wp-content\/uploads\/2023\/06\/IMG_20230530_115325-300x225.jpg 300w, https:\/\/kalixlinjen.se\/wp-content\/uploads\/2023\/06\/IMG_20230530_115325-1024x768.jpg 1024w, https:\/\/kalixlinjen.se\/wp-content\/uploads\/2023\/06\/IMG_20230530_115325-768x576.jpg 768w, https:\/\/kalixlinjen.se\/wp-content\/uploads\/2023\/06\/IMG_20230530_115325-1536x1152.jpg 1536w, https:\/\/kalixlinjen.se\/wp-content\/uploads\/2023\/06\/IMG_20230530_115325-2048x1536.jpg 2048w\" sizes=\"auto, (max-width: 300px) 100vw, 300px\" \/><\/a>\n\t\t\t<\/dt>\n\t\t\t\t<div class=\"gallery-caption__wrapper\"><dd class='wp-caption-text gallery-caption' id='gallery-1-3508'>\n\t\t\t\tTGB 1112\n\t\t\t\t<\/dd><\/div><\/dl><dl class='gallery-item masonry-item'>\n\t\t\t<dt class='gallery-icon portrait'>\n\t\t\t\t<a data-fancybox=\"colibri-3495-c9-group\" href='https:\/\/kalixlinjen.se\/wp-content\/uploads\/2023\/06\/IMG_20230530_115316-scaled.jpg'><img loading=\"lazy\" decoding=\"async\"  width=\"225\" height=\"300\" src=\"https:\/\/kalixlinjen.se\/wp-content\/uploads\/2023\/06\/IMG_20230530_115316-225x300.jpg\"  class='colibri-3495-c9-image' alt=\"TGB 1112\" aria-describedby=\"gallery-1-3507\" srcset=\"https:\/\/kalixlinjen.se\/wp-content\/uploads\/2023\/06\/IMG_20230530_115316-225x300.jpg 225w, https:\/\/kalixlinjen.se\/wp-content\/uploads\/2023\/06\/IMG_20230530_115316-768x1024.jpg 768w, https:\/\/kalixlinjen.se\/wp-content\/uploads\/2023\/06\/IMG_20230530_115316-1152x1536.jpg 1152w, https:\/\/kalixlinjen.se\/wp-content\/uploads\/2023\/06\/IMG_20230530_115316-1536x2048.jpg 1536w, https:\/\/kalixlinjen.se\/wp-content\/uploads\/2023\/06\/IMG_20230530_115316-scaled.jpg 1920w\" sizes=\"auto, (max-width: 225px) 100vw, 225px\" \/><\/a>\n\t\t\t<\/dt>\n\t\t\t\t<div class=\"gallery-caption__wrapper\"><dd class='wp-caption-text gallery-caption' id='gallery-1-3507'>\n\t\t\t\tTGB 1112\n\t\t\t\t<\/dd><\/div><\/dl><dl class='gallery-item masonry-item'>\n\t\t\t<dt class='gallery-icon landscape'>\n\t\t\t\t<a data-fancybox=\"colibri-3495-c9-group\" href='https:\/\/kalixlinjen.se\/wp-content\/uploads\/2023\/06\/IMG_20230530_115255-scaled.jpg'><img loading=\"lazy\" decoding=\"async\"  width=\"300\" height=\"225\" src=\"https:\/\/kalixlinjen.se\/wp-content\/uploads\/2023\/06\/IMG_20230530_115255-300x225.jpg\"  class='colibri-3495-c9-image' alt=\"TGB 1112\" aria-describedby=\"gallery-1-3506\" srcset=\"https:\/\/kalixlinjen.se\/wp-content\/uploads\/2023\/06\/IMG_20230530_115255-300x225.jpg 300w, https:\/\/kalixlinjen.se\/wp-content\/uploads\/2023\/06\/IMG_20230530_115255-1024x768.jpg 1024w, https:\/\/kalixlinjen.se\/wp-content\/uploads\/2023\/06\/IMG_20230530_115255-768x576.jpg 768w, https:\/\/kalixlinjen.se\/wp-content\/uploads\/2023\/06\/IMG_20230530_115255-1536x1152.jpg 1536w, https:\/\/kalixlinjen.se\/wp-content\/uploads\/2023\/06\/IMG_20230530_115255-2048x1536.jpg 2048w\" sizes=\"auto, (max-width: 300px) 100vw, 300px\" \/><\/a>\n\t\t\t<\/dt>\n\t\t\t\t<div class=\"gallery-caption__wrapper\"><dd class='wp-caption-text gallery-caption' id='gallery-1-3506'>\n\t\t\t\tTGB 1112\n\t\t\t\t<\/dd><\/div><\/dl><dl class='gallery-item masonry-item'>\n\t\t\t<dt class='gallery-icon portrait'>\n\t\t\t\t<a data-fancybox=\"colibri-3495-c9-group\" href='https:\/\/kalixlinjen.se\/wp-content\/uploads\/2023\/06\/IMG_20230530_115345-scaled.jpg'><img loading=\"lazy\" decoding=\"async\"  width=\"225\" height=\"300\" src=\"https:\/\/kalixlinjen.se\/wp-content\/uploads\/2023\/06\/IMG_20230530_115345-225x300.jpg\"  class='colibri-3495-c9-image' alt=\"TGB 1112\" aria-describedby=\"gallery-1-3509\" srcset=\"https:\/\/kalixlinjen.se\/wp-content\/uploads\/2023\/06\/IMG_20230530_115345-225x300.jpg 225w, https:\/\/kalixlinjen.se\/wp-content\/uploads\/2023\/06\/IMG_20230530_115345-768x1024.jpg 768w, https:\/\/kalixlinjen.se\/wp-content\/uploads\/2023\/06\/IMG_20230530_115345-1152x1536.jpg 1152w, https:\/\/kalixlinjen.se\/wp-content\/uploads\/2023\/06\/IMG_20230530_115345-1536x2048.jpg 1536w, https:\/\/kalixlinjen.se\/wp-content\/uploads\/2023\/06\/IMG_20230530_115345-scaled.jpg 1920w\" sizes=\"auto, (max-width: 225px) 100vw, 225px\" \/><\/a>\n\t\t\t<\/dt>\n\t\t\t\t<div class=\"gallery-caption__wrapper\"><dd class='wp-caption-text gallery-caption' id='gallery-1-3509'>\n\t\t\t\tTGB 1112\n\t\t\t\t<\/dd><\/div><\/dl><dl class='gallery-item masonry-item'>\n\t\t\t<dt class='gallery-icon landscape'>\n\t\t\t\t<a data-fancybox=\"colibri-3495-c9-group\" href='https:\/\/kalixlinjen.se\/wp-content\/uploads\/2023\/06\/IMG_20230530_115446-scaled.jpg'><img loading=\"lazy\" decoding=\"async\"  width=\"300\" height=\"225\" src=\"https:\/\/kalixlinjen.se\/wp-content\/uploads\/2023\/06\/IMG_20230530_115446-300x225.jpg\"  class='colibri-3495-c9-image' alt=\"TGB 1112\" aria-describedby=\"gallery-1-3511\" srcset=\"https:\/\/kalixlinjen.se\/wp-content\/uploads\/2023\/06\/IMG_20230530_115446-300x225.jpg 300w, https:\/\/kalixlinjen.se\/wp-content\/uploads\/2023\/06\/IMG_20230530_115446-1024x768.jpg 1024w, https:\/\/kalixlinjen.se\/wp-content\/uploads\/2023\/06\/IMG_20230530_115446-768x576.jpg 768w, https:\/\/kalixlinjen.se\/wp-content\/uploads\/2023\/06\/IMG_20230530_115446-1536x1152.jpg 1536w, https:\/\/kalixlinjen.se\/wp-content\/uploads\/2023\/06\/IMG_20230530_115446-2048x1536.jpg 2048w\" sizes=\"auto, (max-width: 300px) 100vw, 300px\" \/><\/a>\n\t\t\t<\/dt>\n\t\t\t\t<div class=\"gallery-caption__wrapper\"><dd class='wp-caption-text gallery-caption' id='gallery-1-3511'>\n\t\t\t\tTGB 1112\n\t\t\t\t<\/dd><\/div><\/dl>\n\t\t\t\n\t\t<\/div>\n<style>#colibri-3495-c9 .wp-caption-text.gallery-caption{display:none;}<\/style><\/div><\/div>\n                <\/div>\n              <\/div>\n            <\/div>\n          <\/div>\n        <\/div>\n      <\/div>\n      <div data-colibri-id=\"3495-c10\" class=\"h-row-container gutters-row-lg-2 gutters-row-md-2 gutters-row-0 gutters-row-v-lg-2 gutters-row-v-md-2 gutters-row-v-2 style-2253 style-local-3495-c10 position-relative\">\n        <!---->\n        <div class=\"h-row justify-content-lg-center justify-content-md-center justify-content-center align-items-lg-stretch align-items-md-stretch align-items-stretch gutters-col-lg-2 gutters-col-md-2 gutters-col-0 gutters-col-v-lg-2 gutters-col-v-md-2 gutters-col-v-2\">\n          <!---->\n          <div class=\"h-column h-column-container d-flex h-col-lg-auto h-col-md-auto h-col-auto style-2254-outer style-local-3495-c11-outer\">\n            <div data-colibri-id=\"3495-c11\" class=\"d-flex h-flex-basis h-column__inner h-px-lg-2 h-px-md-2 h-px-2 v-inner-lg-2 v-inner-md-2 v-inner-2 style-2254 style-local-3495-c11 position-relative\">\n              <!---->\n              <!---->\n              <div class=\"w-100 h-y-container h-column__content h-column__v-align flex-basis-100 align-self-lg-start align-self-md-start align-self-start\">\n                <!---->\n                <div data-colibri-id=\"3495-c12\" class=\"h-text h-text-component style-2255 style-local-3495-c12 position-relative h-element\">\n                  <!---->\n                  <!---->\n                  <div class=\"\">\n                    <p>TGB 1112<\/p>\n                    <p>Manufacturer\n                      <br>Volvo<\/p>\n                    <p>Weight\n                      <br>2,4 ton&nbsp;<\/p>\n                    <p>Length&nbsp;\n                      <br>4,35 m&nbsp;<\/p>\n                    <p>Width\n                      <br>1,9 m&nbsp;<\/p>\n                    <p>Height\n                      <br>2,17 (ex. antenner)<\/p>\n                    <p>Hp\n                      <br>117 hk<\/p>\n                    <p>\n                      <br>\n                    <\/p>\n                  <\/div>\n                <\/div>\n              <\/div>\n            <\/div>\n          <\/div>\n          <div class=\"h-column h-column-container d-flex h-col-lg-auto h-col-md-auto h-col-auto style-2256-outer style-local-3495-c13-outer\">\n            <div data-colibri-id=\"3495-c13\" class=\"d-flex h-flex-basis h-column__inner h-ui-empty-state-container h-px-lg-2 h-px-md-2 h-px-2 v-inner-lg-2 v-inner-md-2 v-inner-2 style-2256 style-local-3495-c13 position-relative\">\n              <!---->\n              <!---->\n              <div class=\"w-100 h-y-container h-column__content h-column__v-align flex-basis-100\">\n                <!---->\n              <\/div>\n            <\/div>\n          <\/div>\n        <\/div>\n      <\/div>\n    <\/div>\n  <\/div>\n<\/div>","protected":false},"excerpt":{"rendered":"<p>TGB 1112 terr\u00e4ngbil 1112 Terr\u00e4ngbil 1112 \u00e4r en radioterr\u00e4ngbil, modifierad fr\u00e5n TGB 11. \u00c4ndringarna fr\u00e5n en TGB 11 \u00e4r att takluckan \u00e4r flyttad bak\u00e5t och lavetten \u00e4r borttagen (f\u00f6r att f\u00e5 plats f\u00f6r antennerna), samt att passagerarantalet \u00e4r s\u00e4nkt till 5. TGB 1112 har dessutom fyra radion\u00e4t och tr\u00e5danslutningar.&nbsp; Med 117 hk, fyrhjulsdrift och h\u00f6g [&hellip;]<\/p>\n","protected":false},"author":1,"featured_media":0,"parent":0,"menu_order":0,"comment_status":"closed","ping_status":"closed","template":"page-templates\/full-width-page.php","meta":{"_kadence_starter_templates_imported_post":false,"footnotes":""},"class_list":["post-3495","page","type-page","status-publish","hentry"],"yoast_head":"<!-- This site is optimized with the Yoast SEO plugin v27.4 - https:\/\/yoast.com\/product\/yoast-seo-wordpress\/ -->\n<title>TERR\u00c4NGBIL 1112 - Kalixlinjens museum<\/title>\n<meta name=\"robots\" content=\"index, follow, max-snippet:-1, max-image-preview:large, max-video-preview:-1\" \/>\n<link rel=\"canonical\" href=\"https:\/\/kalixlinjen.se\/en\/terrangbil-1112\/\" \/>\n<meta property=\"og:locale\" content=\"en_GB\" \/>\n<meta property=\"og:type\" content=\"article\" \/>\n<meta property=\"og:title\" content=\"TERR\u00c4NGBIL 1112 - Kalixlinjens museum\" \/>\n<meta property=\"og:description\" content=\"TGB 1112 terr\u00e4ngbil 1112 Terr\u00e4ngbil 1112 \u00e4r en radioterr\u00e4ngbil, modifierad fr\u00e5n TGB 11. \u00c4ndringarna fr\u00e5n en TGB 11 \u00e4r att takluckan \u00e4r flyttad bak\u00e5t och lavetten \u00e4r borttagen (f\u00f6r att f\u00e5 plats f\u00f6r antennerna), samt att passagerarantalet \u00e4r s\u00e4nkt till 5. TGB 1112 har dessutom fyra radion\u00e4t och tr\u00e5danslutningar.&nbsp; Med 117 hk, fyrhjulsdrift och h\u00f6g [&hellip;]\" \/>\n<meta property=\"og:url\" content=\"https:\/\/kalixlinjen.se\/en\/terrangbil-1112\/\" \/>\n<meta property=\"og:site_name\" content=\"Kalixlinjens museum\" \/>\n<meta property=\"article:publisher\" content=\"https:\/\/www.facebook.com\/kalixlinjensmuseum\" \/>\n<meta property=\"article:modified_time\" content=\"2024-10-21T13:41:55+00:00\" \/>\n<meta name=\"twitter:card\" content=\"summary_large_image\" \/>\n<script type=\"application\/ld+json\" class=\"yoast-schema-graph\">{\"@context\":\"https:\\\/\\\/schema.org\",\"@graph\":[{\"@type\":\"WebPage\",\"@id\":\"https:\\\/\\\/kalixlinjen.se\\\/terrangbil-1112\\\/\",\"url\":\"https:\\\/\\\/kalixlinjen.se\\\/terrangbil-1112\\\/\",\"name\":\"TERR\u00c4NGBIL 1112 - Kalixlinjens museum\",\"isPartOf\":{\"@id\":\"https:\\\/\\\/kalixlinjen.se\\\/#website\"},\"datePublished\":\"2023-06-02T07:02:48+00:00\",\"dateModified\":\"2024-10-21T13:41:55+00:00\",\"breadcrumb\":{\"@id\":\"https:\\\/\\\/kalixlinjen.se\\\/terrangbil-1112\\\/#breadcrumb\"},\"inLanguage\":\"en-GB\",\"potentialAction\":[{\"@type\":\"ReadAction\",\"target\":[\"https:\\\/\\\/kalixlinjen.se\\\/terrangbil-1112\\\/\"]}]},{\"@type\":\"BreadcrumbList\",\"@id\":\"https:\\\/\\\/kalixlinjen.se\\\/terrangbil-1112\\\/#breadcrumb\",\"itemListElement\":[{\"@type\":\"ListItem\",\"position\":1,\"name\":\"Hem\",\"item\":\"https:\\\/\\\/kalixlinjen.se\\\/\"},{\"@type\":\"ListItem\",\"position\":2,\"name\":\"TERR\u00c4NGBIL 1112\"}]},{\"@type\":\"WebSite\",\"@id\":\"https:\\\/\\\/kalixlinjen.se\\\/#website\",\"url\":\"https:\\\/\\\/kalixlinjen.se\\\/\",\"name\":\"Kalixlinjens museum\",\"description\":\"St\u00f6rst och hemligast!\",\"publisher\":{\"@id\":\"https:\\\/\\\/kalixlinjen.se\\\/#organization\"},\"potentialAction\":[{\"@type\":\"SearchAction\",\"target\":{\"@type\":\"EntryPoint\",\"urlTemplate\":\"https:\\\/\\\/kalixlinjen.se\\\/?s={search_term_string}\"},\"query-input\":{\"@type\":\"PropertyValueSpecification\",\"valueRequired\":true,\"valueName\":\"search_term_string\"}}],\"inLanguage\":\"en-GB\"},{\"@type\":\"Organization\",\"@id\":\"https:\\\/\\\/kalixlinjen.se\\\/#organization\",\"name\":\"Kalixlinjens museum\",\"url\":\"https:\\\/\\\/kalixlinjen.se\\\/\",\"logo\":{\"@type\":\"ImageObject\",\"inLanguage\":\"en-GB\",\"@id\":\"https:\\\/\\\/kalixlinjen.se\\\/#\\\/schema\\\/logo\\\/image\\\/\",\"url\":\"https:\\\/\\\/kalixlinjen.se\\\/wp-content\\\/uploads\\\/2022\\\/11\\\/cropped-cropped-cropped-cropped-loggo.png\",\"contentUrl\":\"https:\\\/\\\/kalixlinjen.se\\\/wp-content\\\/uploads\\\/2022\\\/11\\\/cropped-cropped-cropped-cropped-loggo.png\",\"width\":512,\"height\":512,\"caption\":\"Kalixlinjens museum\"},\"image\":{\"@id\":\"https:\\\/\\\/kalixlinjen.se\\\/#\\\/schema\\\/logo\\\/image\\\/\"},\"sameAs\":[\"https:\\\/\\\/www.facebook.com\\\/kalixlinjensmuseum\",\"https:\\\/\\\/www.instagram.com\\\/kalixlinjens_museum\\\/\"]}]}<\/script>\n<!-- \/ Yoast SEO plugin. -->","yoast_head_json":{"title":"TERR\u00c4NGBIL 1112 - Kalixlinjens museum","robots":{"index":"index","follow":"follow","max-snippet":"max-snippet:-1","max-image-preview":"max-image-preview:large","max-video-preview":"max-video-preview:-1"},"canonical":"https:\/\/kalixlinjen.se\/en\/terrangbil-1112\/","og_locale":"en_GB","og_type":"article","og_title":"TERR\u00c4NGBIL 1112 - Kalixlinjens museum","og_description":"TGB 1112 terr\u00e4ngbil 1112 Terr\u00e4ngbil 1112 \u00e4r en radioterr\u00e4ngbil, modifierad fr\u00e5n TGB 11. \u00c4ndringarna fr\u00e5n en TGB 11 \u00e4r att takluckan \u00e4r flyttad bak\u00e5t och lavetten \u00e4r borttagen (f\u00f6r att f\u00e5 plats f\u00f6r antennerna), samt att passagerarantalet \u00e4r s\u00e4nkt till 5. TGB 1112 har dessutom fyra radion\u00e4t och tr\u00e5danslutningar.&nbsp; Med 117 hk, fyrhjulsdrift och h\u00f6g [&hellip;]","og_url":"https:\/\/kalixlinjen.se\/en\/terrangbil-1112\/","og_site_name":"Kalixlinjens museum","article_publisher":"https:\/\/www.facebook.com\/kalixlinjensmuseum","article_modified_time":"2024-10-21T13:41:55+00:00","twitter_card":"summary_large_image","schema":{"@context":"https:\/\/schema.org","@graph":[{"@type":"WebPage","@id":"https:\/\/kalixlinjen.se\/terrangbil-1112\/","url":"https:\/\/kalixlinjen.se\/terrangbil-1112\/","name":"TERR\u00c4NGBIL 1112 - Kalixlinjens museum","isPartOf":{"@id":"https:\/\/kalixlinjen.se\/#website"},"datePublished":"2023-06-02T07:02:48+00:00","dateModified":"2024-10-21T13:41:55+00:00","breadcrumb":{"@id":"https:\/\/kalixlinjen.se\/terrangbil-1112\/#breadcrumb"},"inLanguage":"en-GB","potentialAction":[{"@type":"ReadAction","target":["https:\/\/kalixlinjen.se\/terrangbil-1112\/"]}]},{"@type":"BreadcrumbList","@id":"https:\/\/kalixlinjen.se\/terrangbil-1112\/#breadcrumb","itemListElement":[{"@type":"ListItem","position":1,"name":"Hem","item":"https:\/\/kalixlinjen.se\/"},{"@type":"ListItem","position":2,"name":"TERR\u00c4NGBIL 1112"}]},{"@type":"WebSite","@id":"https:\/\/kalixlinjen.se\/#website","url":"https:\/\/kalixlinjen.se\/","name":"The Kalix line museum","description":"St\u00f6rst och hemligast!","publisher":{"@id":"https:\/\/kalixlinjen.se\/#organization"},"potentialAction":[{"@type":"SearchAction","target":{"@type":"EntryPoint","urlTemplate":"https:\/\/kalixlinjen.se\/?s={search_term_string}"},"query-input":{"@type":"PropertyValueSpecification","valueRequired":true,"valueName":"search_term_string"}}],"inLanguage":"en-GB"},{"@type":"Organization","@id":"https:\/\/kalixlinjen.se\/#organization","name":"The Kalix line museum","url":"https:\/\/kalixlinjen.se\/","logo":{"@type":"ImageObject","inLanguage":"en-GB","@id":"https:\/\/kalixlinjen.se\/#\/schema\/logo\/image\/","url":"https:\/\/kalixlinjen.se\/wp-content\/uploads\/2022\/11\/cropped-cropped-cropped-cropped-loggo.png","contentUrl":"https:\/\/kalixlinjen.se\/wp-content\/uploads\/2022\/11\/cropped-cropped-cropped-cropped-loggo.png","width":512,"height":512,"caption":"Kalixlinjens museum"},"image":{"@id":"https:\/\/kalixlinjen.se\/#\/schema\/logo\/image\/"},"sameAs":["https:\/\/www.facebook.com\/kalixlinjensmuseum","https:\/\/www.instagram.com\/kalixlinjens_museum\/"]}]}},"_links":{"self":[{"href":"https:\/\/kalixlinjen.se\/en\/wp-json\/wp\/v2\/pages\/3495","targetHints":{"allow":["GET"]}}],"collection":[{"href":"https:\/\/kalixlinjen.se\/en\/wp-json\/wp\/v2\/pages"}],"about":[{"href":"https:\/\/kalixlinjen.se\/en\/wp-json\/wp\/v2\/types\/page"}],"author":[{"embeddable":true,"href":"https:\/\/kalixlinjen.se\/en\/wp-json\/wp\/v2\/users\/1"}],"replies":[{"embeddable":true,"href":"https:\/\/kalixlinjen.se\/en\/wp-json\/wp\/v2\/comments?post=3495"}],"version-history":[{"count":6,"href":"https:\/\/kalixlinjen.se\/en\/wp-json\/wp\/v2\/pages\/3495\/revisions"}],"predecessor-version":[{"id":5519,"href":"https:\/\/kalixlinjen.se\/en\/wp-json\/wp\/v2\/pages\/3495\/revisions\/5519"}],"wp:attachment":[{"href":"https:\/\/kalixlinjen.se\/en\/wp-json\/wp\/v2\/media?parent=3495"}],"curies":[{"name":"wp","href":"https:\/\/api.w.org\/{rel}","templated":true}]}}