{"id":3480,"date":"2023-06-02T05:48:14","date_gmt":"2023-06-02T05:48:14","guid":{"rendered":"https:\/\/kalixlinjen.se\/?page_id=3480"},"modified":"2024-10-21T13:09:16","modified_gmt":"2024-10-21T13:09:16","slug":"pansarvarnspjasterrangbil-1111","status":"publish","type":"page","link":"https:\/\/kalixlinjen.se\/en\/pansarvarnspjasterrangbil-1111\/","title":{"rendered":"Anti-tank gun terrain vehicle 1111"},"content":{"rendered":"<div data-colibri-id=\"3480-c1\" class=\"style-2223 style-local-3480-c1 position-relative\">\n  <!---->\n  <div data-colibri-component=\"section\" data-colibri-id=\"3480-c2\" id=\"reusable-sections\" class=\"h-section h-section-global-spacing d-flex align-items-lg-center align-items-md-center align-items-center style-2224 style-local-3480-c2 position-relative\">\n    <!---->\n    <!---->\n    <div class=\"h-section-grid-container h-section-boxed-container\">\n      <div data-colibri-id=\"3480-c14\" class=\"h-row-container gutters-row-lg-2 gutters-row-md-2 gutters-row-2 gutters-row-v-lg-2 gutters-row-v-md-2 gutters-row-v-2 style-2238 style-local-3480-c14 position-relative\">\n        <!---->\n        <div class=\"h-row justify-content-lg-center justify-content-md-center justify-content-center align-items-lg-stretch align-items-md-stretch align-items-stretch gutters-col-lg-2 gutters-col-md-2 gutters-col-2 gutters-col-v-lg-2 gutters-col-v-md-2 gutters-col-v-2\">\n          <!---->\n          <div class=\"h-column h-column-container d-flex h-col-lg-auto h-col-md-auto h-col-auto style-2239-outer style-local-3480-c15-outer\">\n            <div data-colibri-id=\"3480-c15\" class=\"d-flex h-flex-basis h-column__inner h-px-lg-2 h-px-md-2 h-px-2 v-inner-lg-2 v-inner-md-2 v-inner-2 style-2239 style-local-3480-c15 position-relative\">\n              <!---->\n              <!---->\n              <div class=\"w-100 h-y-container h-column__content h-column__v-align flex-basis-100 align-self-lg-start align-self-md-start align-self-start\">\n                <!---->\n                <div data-colibri-id=\"3480-c16\" class=\"h-global-transition-all h-heading style-2240 style-local-3480-c16 position-relative h-element\">\n                  <!---->\n                  <div class=\"h-heading__outer style-2240 style-local-3480-c16\">\n                    <!---->\n                    <!---->\n                    <h1 class=\"\">PVPJTGB 1111<\/h1>\n                  <\/div>\n                <\/div>\n                <div data-colibri-id=\"3480-c18\" class=\"h-global-transition-all h-heading style-2740 style-local-3480-c18 position-relative h-element\">\n                  <!---->\n                  <div class=\"h-heading__outer style-2740 style-local-3480-c18\">\n                    <!---->\n                    <!---->\n                    <h4 class=\"\">Anti-tank gun terrain vehicle 1111<\/h4>\n                  <\/div>\n                <\/div>\n              <\/div>\n            <\/div>\n          <\/div>\n        <\/div>\n      <\/div>\n      <div data-colibri-id=\"3480-c3\" class=\"h-row-container gutters-row-lg-2 gutters-row-md-2 gutters-row-0 gutters-row-v-lg-2 gutters-row-v-md-2 gutters-row-v-2 style-2225 style-local-3480-c3 position-relative\">\n        <!---->\n        <div class=\"h-row justify-content-lg-center justify-content-md-center justify-content-center align-items-lg-stretch align-items-md-stretch align-items-stretch gutters-col-lg-2 gutters-col-md-2 gutters-col-0 gutters-col-v-lg-2 gutters-col-v-md-2 gutters-col-v-2\">\n          <!---->\n          <div class=\"h-column h-column-container d-flex h-col-lg-auto h-col-md-auto h-col-auto style-2226-outer style-local-3480-c4-outer\">\n            <div data-colibri-id=\"3480-c4\" class=\"d-flex h-flex-basis h-column__inner h-px-lg-2 h-px-md-2 h-px-2 v-inner-lg-2 v-inner-md-2 v-inner-2 style-2226 style-local-3480-c4 position-relative\">\n              <!---->\n              <!---->\n              <div class=\"w-100 h-y-container h-column__content h-column__v-align flex-basis-100 align-self-lg-start align-self-md-start align-self-start\">\n                <!---->\n                <div data-colibri-id=\"3480-c5\" class=\"h-text h-text-component style-2227 style-local-3480-c5 position-relative h-element\">\n                  <!---->\n                  <!---->\n                  <div class=\"\">\n                    <p>The Anti-tank gun all-terrain Vehicle 1111 is a modified version of the\n                      <a href=\"https:\/\/kalixlinjen.se\/en\/terrangbil-11\/\" target=\"_blank\" rel=\"noopener\">Terr\u00e4ngbil 11.&nbsp;&nbsp;<\/a>\n                    <\/p>\n                    <p>On the PVPJTGB 1111, the roof was removed and replaced with a collapsible roll bar and canvas cover. The Anti-tank gun all-terrain vehicle 1111 was used for anti-tank combat with a\n                      <a href=\"https:\/\/kalixlinjen.se\/en\/9cm-pvpj-1110-t\/\" target=\"_blank\" rel=\"noopener\">9 cm anti-tank gun 1110<\/a>.\n                      <br>The absence of a roof and armor protection made the vehicle lighter and faster, but also more vulnerable.&nbsp;&nbsp;<\/p>\n                  <\/div>\n                <\/div>\n              <\/div>\n            <\/div>\n          <\/div>\n          <div class=\"h-column h-column-container d-flex h-col-lg-auto h-col-md-auto h-col-auto style-2228-outer style-local-3480-c6-outer\">\n            <div data-colibri-id=\"3480-c6\" class=\"d-flex h-flex-basis h-column__inner h-ui-empty-state-container h-px-lg-2 h-px-md-2 h-px-2 v-inner-lg-2 v-inner-md-2 v-inner-2 style-2228 style-local-3480-c6 position-relative\">\n              <!---->\n              <!---->\n              <div class=\"w-100 h-y-container h-column__content h-column__v-align flex-basis-100\">\n                <!---->\n              <\/div>\n            <\/div>\n          <\/div>\n        <\/div>\n      <\/div>\n      <div data-colibri-id=\"3480-c7\" class=\"h-row-container gutters-row-lg-2 gutters-row-md-2 gutters-row-0 gutters-row-v-lg-2 gutters-row-v-md-2 gutters-row-v-2 style-2231 style-local-3480-c7 position-relative\">\n        <!---->\n        <div class=\"h-row justify-content-lg-center justify-content-md-center justify-content-center align-items-lg-stretch align-items-md-stretch align-items-stretch gutters-col-lg-2 gutters-col-md-2 gutters-col-0 gutters-col-v-lg-2 gutters-col-v-md-2 gutters-col-v-2\">\n          <!---->\n          <div class=\"h-column h-column-container d-flex h-col-lg-auto h-col-md-auto h-col-auto style-2232-outer style-local-3480-c8-outer\">\n            <div data-colibri-id=\"3480-c8\" class=\"d-flex h-flex-basis h-column__inner h-px-lg-2 h-px-md-2 h-px-2 v-inner-lg-2 v-inner-md-2 v-inner-2 style-2232 style-local-3480-c8 position-relative\">\n              <!---->\n              <!---->\n              <div class=\"w-100 h-y-container h-column__content h-column__v-align flex-basis-100 align-self-lg-start align-self-md-start align-self-start\">\n                <!---->\n                <div data-colibri-component=\"\" data-colibri-id=\"3480-c9\" class=\"h-photo-gallery margin-none caption-displayTrue caption-vertical-align-top style-2233 style-local-3480-c9 h-overflow-hidden position-relative h-element\">\n                  <!---->\n                  <div class=\"h-global-transition-all\"><div id='colibri-3480-c9' class='gallery-wrapper'>    <style type=\"text\/css\">\n\n        @media (min-width: 1023px) {        #colibri-3480-c9        dl {\n            float: left;\n            width: 25% !important;\n            max-width: 25% !important;\n            min-width: 25% !important;\n        }\n\n        #colibri-3480-c9        dl:nth-of-type(4n +1 ) {\n            clear: both;\n        }\n\n        }@media (min-width: 768px) and (max-width: 1023px) {        #colibri-3480-c9        dl {\n            float: left;\n            width: 25% !important;\n            max-width: 25% !important;\n            min-width: 25% !important;\n        }\n\n        #colibri-3480-c9        dl:nth-of-type(4n +1 ) {\n            clear: both;\n        }\n\n        }@media (max-width: 767px) {        #colibri-3480-c9        dl {\n            float: left;\n            width: 50% !important;\n            max-width: 50% !important;\n            min-width: 50% !important;\n        }\n\n        #colibri-3480-c9        dl:nth-of-type(2n +1 ) {\n            clear: both;\n        }\n\n        }\n        #colibri-3480-c9        .gallery-item {\n            position: relative;\n        }\n\n        \n    <\/style>\n    <div   class='colibri-3480-c9-dls-wrapper gallery-items-wrapper' ><dl class='gallery-item masonry-item'>\n\t\t\t<dt class='gallery-icon portrait'>\n\t\t\t\t<a data-fancybox=\"colibri-3480-c9-group\" href='https:\/\/kalixlinjen.se\/wp-content\/uploads\/2023\/06\/IMG_20230530_113055-scaled.jpg'><img loading=\"lazy\" decoding=\"async\"  width=\"225\" height=\"300\" src=\"https:\/\/kalixlinjen.se\/wp-content\/uploads\/2023\/06\/IMG_20230530_113055-225x300.jpg\"  class='colibri-3480-c9-image' alt=\"\" srcset=\"https:\/\/kalixlinjen.se\/wp-content\/uploads\/2023\/06\/IMG_20230530_113055-225x300.jpg 225w, https:\/\/kalixlinjen.se\/wp-content\/uploads\/2023\/06\/IMG_20230530_113055-768x1024.jpg 768w, https:\/\/kalixlinjen.se\/wp-content\/uploads\/2023\/06\/IMG_20230530_113055-1152x1536.jpg 1152w, https:\/\/kalixlinjen.se\/wp-content\/uploads\/2023\/06\/IMG_20230530_113055-1536x2048.jpg 1536w, https:\/\/kalixlinjen.se\/wp-content\/uploads\/2023\/06\/IMG_20230530_113055-scaled.jpg 1920w\" sizes=\"auto, (max-width: 225px) 100vw, 225px\" \/><\/a>\n\t\t\t<\/dt><\/dl><dl class='gallery-item masonry-item'>\n\t\t\t<dt class='gallery-icon portrait'>\n\t\t\t\t<a data-fancybox=\"colibri-3480-c9-group\" href='https:\/\/kalixlinjen.se\/wp-content\/uploads\/2023\/06\/IMG_20230530_112958-scaled.jpg'><img loading=\"lazy\" decoding=\"async\"  width=\"225\" height=\"300\" src=\"https:\/\/kalixlinjen.se\/wp-content\/uploads\/2023\/06\/IMG_20230530_112958-225x300.jpg\"  class='colibri-3480-c9-image' alt=\"\" srcset=\"https:\/\/kalixlinjen.se\/wp-content\/uploads\/2023\/06\/IMG_20230530_112958-225x300.jpg 225w, https:\/\/kalixlinjen.se\/wp-content\/uploads\/2023\/06\/IMG_20230530_112958-768x1024.jpg 768w, https:\/\/kalixlinjen.se\/wp-content\/uploads\/2023\/06\/IMG_20230530_112958-1152x1536.jpg 1152w, https:\/\/kalixlinjen.se\/wp-content\/uploads\/2023\/06\/IMG_20230530_112958-1536x2048.jpg 1536w, https:\/\/kalixlinjen.se\/wp-content\/uploads\/2023\/06\/IMG_20230530_112958-scaled.jpg 1920w\" sizes=\"auto, (max-width: 225px) 100vw, 225px\" \/><\/a>\n\t\t\t<\/dt><\/dl><dl class='gallery-item masonry-item'>\n\t\t\t<dt class='gallery-icon portrait'>\n\t\t\t\t<a data-fancybox=\"colibri-3480-c9-group\" href='https:\/\/kalixlinjen.se\/wp-content\/uploads\/2023\/06\/IMG_20230530_113006-scaled.jpg'><img loading=\"lazy\" decoding=\"async\"  width=\"225\" height=\"300\" src=\"https:\/\/kalixlinjen.se\/wp-content\/uploads\/2023\/06\/IMG_20230530_113006-225x300.jpg\"  class='colibri-3480-c9-image' alt=\"\" srcset=\"https:\/\/kalixlinjen.se\/wp-content\/uploads\/2023\/06\/IMG_20230530_113006-225x300.jpg 225w, https:\/\/kalixlinjen.se\/wp-content\/uploads\/2023\/06\/IMG_20230530_113006-768x1024.jpg 768w, https:\/\/kalixlinjen.se\/wp-content\/uploads\/2023\/06\/IMG_20230530_113006-1152x1536.jpg 1152w, https:\/\/kalixlinjen.se\/wp-content\/uploads\/2023\/06\/IMG_20230530_113006-1536x2048.jpg 1536w, https:\/\/kalixlinjen.se\/wp-content\/uploads\/2023\/06\/IMG_20230530_113006-scaled.jpg 1920w\" sizes=\"auto, (max-width: 225px) 100vw, 225px\" \/><\/a>\n\t\t\t<\/dt><\/dl><dl class='gallery-item masonry-item'>\n\t\t\t<dt class='gallery-icon portrait'>\n\t\t\t\t<a data-fancybox=\"colibri-3480-c9-group\" href='https:\/\/kalixlinjen.se\/wp-content\/uploads\/2023\/06\/IMG_20230530_113101-scaled.jpg'><img loading=\"lazy\" decoding=\"async\"  width=\"225\" height=\"300\" src=\"https:\/\/kalixlinjen.se\/wp-content\/uploads\/2023\/06\/IMG_20230530_113101-225x300.jpg\"  class='colibri-3480-c9-image' alt=\"\" srcset=\"https:\/\/kalixlinjen.se\/wp-content\/uploads\/2023\/06\/IMG_20230530_113101-225x300.jpg 225w, https:\/\/kalixlinjen.se\/wp-content\/uploads\/2023\/06\/IMG_20230530_113101-768x1024.jpg 768w, https:\/\/kalixlinjen.se\/wp-content\/uploads\/2023\/06\/IMG_20230530_113101-1152x1536.jpg 1152w, https:\/\/kalixlinjen.se\/wp-content\/uploads\/2023\/06\/IMG_20230530_113101-1536x2048.jpg 1536w, https:\/\/kalixlinjen.se\/wp-content\/uploads\/2023\/06\/IMG_20230530_113101-scaled.jpg 1920w\" sizes=\"auto, (max-width: 225px) 100vw, 225px\" \/><\/a>\n\t\t\t<\/dt><\/dl>\n\t\t<\/div>\n<style>#colibri-3480-c9 .wp-caption-text.gallery-caption{display:none;}<\/style><\/div><\/div>\n                <\/div>\n              <\/div>\n            <\/div>\n          <\/div>\n        <\/div>\n      <\/div>\n      <div data-colibri-id=\"3480-c10\" class=\"h-row-container gutters-row-lg-2 gutters-row-md-2 gutters-row-0 gutters-row-v-lg-2 gutters-row-v-md-2 gutters-row-v-2 style-2234 style-local-3480-c10 position-relative\">\n        <!---->\n        <div class=\"h-row justify-content-lg-center justify-content-md-center justify-content-center align-items-lg-stretch align-items-md-stretch align-items-stretch gutters-col-lg-2 gutters-col-md-2 gutters-col-0 gutters-col-v-lg-2 gutters-col-v-md-2 gutters-col-v-2\">\n          <!---->\n          <div class=\"h-column h-column-container d-flex h-col-lg-auto h-col-md-auto h-col-auto style-2235-outer style-local-3480-c11-outer\">\n            <div data-colibri-id=\"3480-c11\" class=\"d-flex h-flex-basis h-column__inner h-px-lg-2 h-px-md-2 h-px-2 v-inner-lg-2 v-inner-md-2 v-inner-2 style-2235 style-local-3480-c11 position-relative\">\n              <!---->\n              <!---->\n              <div class=\"w-100 h-y-container h-column__content h-column__v-align flex-basis-100 align-self-lg-start align-self-md-start align-self-start\">\n                <!---->\n                <div data-colibri-id=\"3480-c12\" class=\"h-text h-text-component style-2236 style-local-3480-c12 position-relative h-element\">\n                  <!---->\n                  <!---->\n                  <div class=\"\">\n                    <p>Pansarv\u00e4rnpj\u00e4sterr\u00e4ngbil 1111<\/p>\n                    <p>Military registry no\n                      <br>34675<\/p>\n                    <p>Length\n                      <br>4,35m<\/p>\n                    <p>Width\n                      <br>1,9m<\/p>\n                    <p>Fuel\n                      <br>Bensin<\/p>\n                    <p>Maximum speed\n                      <br>80 km\/h<\/p>\n                    <p>Ground clearance\n                      <br>38 cm&nbsp;<\/p>\n                    <p>Climbing ability&nbsp;\n                      <br>39\u00b0<\/p>\n                    <p>Wading ability\n                      <br>70 cm&nbsp;<\/p>\n                    <p>Engine\n                      <br>Straight 6-cylinder water-cooled Volvo B30 A<\/p>\n                    <p>Hp\n                      <br>117 hk<\/p>\n                  <\/div>\n                <\/div>\n              <\/div>\n            <\/div>\n          <\/div>\n          <div class=\"h-column h-column-container d-flex h-col-lg-auto h-col-md-auto h-col-auto style-2237-outer style-local-3480-c13-outer\">\n            <div data-colibri-id=\"3480-c13\" class=\"d-flex h-flex-basis h-column__inner h-ui-empty-state-container h-px-lg-2 h-px-md-2 h-px-2 v-inner-lg-2 v-inner-md-2 v-inner-2 style-2237 style-local-3480-c13 position-relative\">\n              <!---->\n              <!---->\n              <div class=\"w-100 h-y-container h-column__content h-column__v-align flex-basis-100\">\n                <!---->\n              <\/div>\n            <\/div>\n          <\/div>\n        <\/div>\n      <\/div>\n    <\/div>\n  <\/div>\n<\/div>","protected":false},"excerpt":{"rendered":"<p>PVPJTGB 1111 PANSARV\u00c4RNSPJ\u00c4STERR\u00c4NGBIL 1111 Pansarv\u00e4rnspj\u00e4sterr\u00e4ngbil 1111 \u00e4r en modifierad Terr\u00e4ngbil 11.&nbsp;&nbsp; P\u00e5 PVPJTGB 1111 plockades taket bort, och ersattes med f\u00e4llbar st\u00f6rtb\u00e5ge och kapell. Pansarv\u00e4rnspj\u00e4sterr\u00e4ngbil 1111&nbsp;anv\u00e4ndes f\u00f6r pansarbek\u00e4mpning med en 9 cm pansarv\u00e4rnspj\u00e4s 1110. Avsaknad av tak och pansarskydd gjorde fordonet l\u00e4ttare och snabbare, men \u00e4ven mer s\u00e5rbart.&nbsp;&nbsp; Pansarv\u00e4rnpj\u00e4sterr\u00e4ngbil 1111 Milregnr 34675 L\u00e4ngd 4,35m Bredd [&hellip;]<\/p>\n","protected":false},"author":1,"featured_media":0,"parent":0,"menu_order":0,"comment_status":"closed","ping_status":"closed","template":"page-templates\/full-width-page.php","meta":{"_kadence_starter_templates_imported_post":false,"footnotes":""},"class_list":["post-3480","page","type-page","status-publish","hentry"],"yoast_head":"<!-- This site is optimized with the Yoast SEO plugin v27.5 - https:\/\/yoast.com\/product\/yoast-seo-wordpress\/ -->\n<title>PANSARV\u00c4RNSPJ\u00c4STERR\u00c4NGBIL 1111 - Kalixlinjens museum<\/title>\n<meta name=\"robots\" content=\"index, follow, max-snippet:-1, max-image-preview:large, max-video-preview:-1\" \/>\n<link rel=\"canonical\" href=\"https:\/\/kalixlinjen.se\/en\/pansarvarnspjasterrangbil-1111\/\" \/>\n<meta property=\"og:locale\" content=\"en_GB\" \/>\n<meta property=\"og:type\" content=\"article\" \/>\n<meta property=\"og:title\" content=\"PANSARV\u00c4RNSPJ\u00c4STERR\u00c4NGBIL 1111 - Kalixlinjens museum\" \/>\n<meta property=\"og:description\" content=\"PVPJTGB 1111 PANSARV\u00c4RNSPJ\u00c4STERR\u00c4NGBIL 1111 Pansarv\u00e4rnspj\u00e4sterr\u00e4ngbil 1111 \u00e4r en modifierad Terr\u00e4ngbil 11.&nbsp;&nbsp; P\u00e5 PVPJTGB 1111 plockades taket bort, och ersattes med f\u00e4llbar st\u00f6rtb\u00e5ge och kapell. Pansarv\u00e4rnspj\u00e4sterr\u00e4ngbil 1111&nbsp;anv\u00e4ndes f\u00f6r pansarbek\u00e4mpning med en 9 cm pansarv\u00e4rnspj\u00e4s 1110. Avsaknad av tak och pansarskydd gjorde fordonet l\u00e4ttare och snabbare, men \u00e4ven mer s\u00e5rbart.&nbsp;&nbsp; Pansarv\u00e4rnpj\u00e4sterr\u00e4ngbil 1111 Milregnr 34675 L\u00e4ngd 4,35m Bredd [&hellip;]\" \/>\n<meta property=\"og:url\" content=\"https:\/\/kalixlinjen.se\/en\/pansarvarnspjasterrangbil-1111\/\" \/>\n<meta property=\"og:site_name\" content=\"Kalixlinjens museum\" \/>\n<meta property=\"article:publisher\" content=\"https:\/\/www.facebook.com\/kalixlinjensmuseum\" \/>\n<meta property=\"article:modified_time\" content=\"2024-10-21T13:09:16+00:00\" \/>\n<meta name=\"twitter:card\" content=\"summary_large_image\" \/>\n<script type=\"application\/ld+json\" class=\"yoast-schema-graph\">{\"@context\":\"https:\\\/\\\/schema.org\",\"@graph\":[{\"@type\":\"WebPage\",\"@id\":\"https:\\\/\\\/kalixlinjen.se\\\/pansarvarnspjasterrangbil-1111\\\/\",\"url\":\"https:\\\/\\\/kalixlinjen.se\\\/pansarvarnspjasterrangbil-1111\\\/\",\"name\":\"PANSARV\u00c4RNSPJ\u00c4STERR\u00c4NGBIL 1111 - Kalixlinjens museum\",\"isPartOf\":{\"@id\":\"https:\\\/\\\/kalixlinjen.se\\\/#website\"},\"datePublished\":\"2023-06-02T05:48:14+00:00\",\"dateModified\":\"2024-10-21T13:09:16+00:00\",\"breadcrumb\":{\"@id\":\"https:\\\/\\\/kalixlinjen.se\\\/pansarvarnspjasterrangbil-1111\\\/#breadcrumb\"},\"inLanguage\":\"en-GB\",\"potentialAction\":[{\"@type\":\"ReadAction\",\"target\":[\"https:\\\/\\\/kalixlinjen.se\\\/pansarvarnspjasterrangbil-1111\\\/\"]}]},{\"@type\":\"BreadcrumbList\",\"@id\":\"https:\\\/\\\/kalixlinjen.se\\\/pansarvarnspjasterrangbil-1111\\\/#breadcrumb\",\"itemListElement\":[{\"@type\":\"ListItem\",\"position\":1,\"name\":\"Hem\",\"item\":\"https:\\\/\\\/kalixlinjen.se\\\/\"},{\"@type\":\"ListItem\",\"position\":2,\"name\":\"PANSARV\u00c4RNSPJ\u00c4STERR\u00c4NGBIL 1111\"}]},{\"@type\":\"WebSite\",\"@id\":\"https:\\\/\\\/kalixlinjen.se\\\/#website\",\"url\":\"https:\\\/\\\/kalixlinjen.se\\\/\",\"name\":\"Kalixlinjens museum\",\"description\":\"St\u00f6rst och hemligast!\",\"publisher\":{\"@id\":\"https:\\\/\\\/kalixlinjen.se\\\/#organization\"},\"potentialAction\":[{\"@type\":\"SearchAction\",\"target\":{\"@type\":\"EntryPoint\",\"urlTemplate\":\"https:\\\/\\\/kalixlinjen.se\\\/?s={search_term_string}\"},\"query-input\":{\"@type\":\"PropertyValueSpecification\",\"valueRequired\":true,\"valueName\":\"search_term_string\"}}],\"inLanguage\":\"en-GB\"},{\"@type\":\"Organization\",\"@id\":\"https:\\\/\\\/kalixlinjen.se\\\/#organization\",\"name\":\"Kalixlinjens museum\",\"url\":\"https:\\\/\\\/kalixlinjen.se\\\/\",\"logo\":{\"@type\":\"ImageObject\",\"inLanguage\":\"en-GB\",\"@id\":\"https:\\\/\\\/kalixlinjen.se\\\/#\\\/schema\\\/logo\\\/image\\\/\",\"url\":\"https:\\\/\\\/kalixlinjen.se\\\/wp-content\\\/uploads\\\/2022\\\/11\\\/cropped-cropped-cropped-cropped-loggo.png\",\"contentUrl\":\"https:\\\/\\\/kalixlinjen.se\\\/wp-content\\\/uploads\\\/2022\\\/11\\\/cropped-cropped-cropped-cropped-loggo.png\",\"width\":512,\"height\":512,\"caption\":\"Kalixlinjens museum\"},\"image\":{\"@id\":\"https:\\\/\\\/kalixlinjen.se\\\/#\\\/schema\\\/logo\\\/image\\\/\"},\"sameAs\":[\"https:\\\/\\\/www.facebook.com\\\/kalixlinjensmuseum\",\"https:\\\/\\\/www.instagram.com\\\/kalixlinjens_museum\\\/\"]}]}<\/script>\n<!-- \/ Yoast SEO plugin. -->","yoast_head_json":{"title":"PANSARV\u00c4RNSPJ\u00c4STERR\u00c4NGBIL 1111 - Kalixlinjens museum","robots":{"index":"index","follow":"follow","max-snippet":"max-snippet:-1","max-image-preview":"max-image-preview:large","max-video-preview":"max-video-preview:-1"},"canonical":"https:\/\/kalixlinjen.se\/en\/pansarvarnspjasterrangbil-1111\/","og_locale":"en_GB","og_type":"article","og_title":"PANSARV\u00c4RNSPJ\u00c4STERR\u00c4NGBIL 1111 - Kalixlinjens museum","og_description":"PVPJTGB 1111 PANSARV\u00c4RNSPJ\u00c4STERR\u00c4NGBIL 1111 Pansarv\u00e4rnspj\u00e4sterr\u00e4ngbil 1111 \u00e4r en modifierad Terr\u00e4ngbil 11.&nbsp;&nbsp; P\u00e5 PVPJTGB 1111 plockades taket bort, och ersattes med f\u00e4llbar st\u00f6rtb\u00e5ge och kapell. Pansarv\u00e4rnspj\u00e4sterr\u00e4ngbil 1111&nbsp;anv\u00e4ndes f\u00f6r pansarbek\u00e4mpning med en 9 cm pansarv\u00e4rnspj\u00e4s 1110. Avsaknad av tak och pansarskydd gjorde fordonet l\u00e4ttare och snabbare, men \u00e4ven mer s\u00e5rbart.&nbsp;&nbsp; Pansarv\u00e4rnpj\u00e4sterr\u00e4ngbil 1111 Milregnr 34675 L\u00e4ngd 4,35m Bredd [&hellip;]","og_url":"https:\/\/kalixlinjen.se\/en\/pansarvarnspjasterrangbil-1111\/","og_site_name":"Kalixlinjens museum","article_publisher":"https:\/\/www.facebook.com\/kalixlinjensmuseum","article_modified_time":"2024-10-21T13:09:16+00:00","twitter_card":"summary_large_image","schema":{"@context":"https:\/\/schema.org","@graph":[{"@type":"WebPage","@id":"https:\/\/kalixlinjen.se\/pansarvarnspjasterrangbil-1111\/","url":"https:\/\/kalixlinjen.se\/pansarvarnspjasterrangbil-1111\/","name":"PANSARV\u00c4RNSPJ\u00c4STERR\u00c4NGBIL 1111 - Kalixlinjens museum","isPartOf":{"@id":"https:\/\/kalixlinjen.se\/#website"},"datePublished":"2023-06-02T05:48:14+00:00","dateModified":"2024-10-21T13:09:16+00:00","breadcrumb":{"@id":"https:\/\/kalixlinjen.se\/pansarvarnspjasterrangbil-1111\/#breadcrumb"},"inLanguage":"en-GB","potentialAction":[{"@type":"ReadAction","target":["https:\/\/kalixlinjen.se\/pansarvarnspjasterrangbil-1111\/"]}]},{"@type":"BreadcrumbList","@id":"https:\/\/kalixlinjen.se\/pansarvarnspjasterrangbil-1111\/#breadcrumb","itemListElement":[{"@type":"ListItem","position":1,"name":"Hem","item":"https:\/\/kalixlinjen.se\/"},{"@type":"ListItem","position":2,"name":"PANSARV\u00c4RNSPJ\u00c4STERR\u00c4NGBIL 1111"}]},{"@type":"WebSite","@id":"https:\/\/kalixlinjen.se\/#website","url":"https:\/\/kalixlinjen.se\/","name":"The Kalix line museum","description":"St\u00f6rst och hemligast!","publisher":{"@id":"https:\/\/kalixlinjen.se\/#organization"},"potentialAction":[{"@type":"SearchAction","target":{"@type":"EntryPoint","urlTemplate":"https:\/\/kalixlinjen.se\/?s={search_term_string}"},"query-input":{"@type":"PropertyValueSpecification","valueRequired":true,"valueName":"search_term_string"}}],"inLanguage":"en-GB"},{"@type":"Organization","@id":"https:\/\/kalixlinjen.se\/#organization","name":"The Kalix line museum","url":"https:\/\/kalixlinjen.se\/","logo":{"@type":"ImageObject","inLanguage":"en-GB","@id":"https:\/\/kalixlinjen.se\/#\/schema\/logo\/image\/","url":"https:\/\/kalixlinjen.se\/wp-content\/uploads\/2022\/11\/cropped-cropped-cropped-cropped-loggo.png","contentUrl":"https:\/\/kalixlinjen.se\/wp-content\/uploads\/2022\/11\/cropped-cropped-cropped-cropped-loggo.png","width":512,"height":512,"caption":"Kalixlinjens museum"},"image":{"@id":"https:\/\/kalixlinjen.se\/#\/schema\/logo\/image\/"},"sameAs":["https:\/\/www.facebook.com\/kalixlinjensmuseum","https:\/\/www.instagram.com\/kalixlinjens_museum\/"]}]}},"_links":{"self":[{"href":"https:\/\/kalixlinjen.se\/en\/wp-json\/wp\/v2\/pages\/3480","targetHints":{"allow":["GET"]}}],"collection":[{"href":"https:\/\/kalixlinjen.se\/en\/wp-json\/wp\/v2\/pages"}],"about":[{"href":"https:\/\/kalixlinjen.se\/en\/wp-json\/wp\/v2\/types\/page"}],"author":[{"embeddable":true,"href":"https:\/\/kalixlinjen.se\/en\/wp-json\/wp\/v2\/users\/1"}],"replies":[{"embeddable":true,"href":"https:\/\/kalixlinjen.se\/en\/wp-json\/wp\/v2\/comments?post=3480"}],"version-history":[{"count":5,"href":"https:\/\/kalixlinjen.se\/en\/wp-json\/wp\/v2\/pages\/3480\/revisions"}],"predecessor-version":[{"id":5434,"href":"https:\/\/kalixlinjen.se\/en\/wp-json\/wp\/v2\/pages\/3480\/revisions\/5434"}],"wp:attachment":[{"href":"https:\/\/kalixlinjen.se\/en\/wp-json\/wp\/v2\/media?parent=3480"}],"curies":[{"name":"wp","href":"https:\/\/api.w.org\/{rel}","templated":true}]}}