{"id":2540,"date":"2023-05-26T11:23:10","date_gmt":"2023-05-26T11:23:10","guid":{"rendered":"https:\/\/kalixlinjen.se\/?page_id=2540"},"modified":"2024-10-21T13:10:10","modified_gmt":"2024-10-21T13:10:10","slug":"pansarvarnsrobotbandvagn-2063-a","status":"publish","type":"page","link":"https:\/\/kalixlinjen.se\/en\/pansarvarnsrobotbandvagn-2063-a\/","title":{"rendered":"ANTI-TANK MISSILE CARRIER PVRBBV 2063 A"},"content":{"rendered":"<div data-colibri-id=\"2540-c1\" class=\"style-2148 style-local-2540-c1 position-relative\">\n  <!---->\n  <div data-colibri-component=\"section\" data-colibri-id=\"2540-c2\" id=\"reusable-sections\" class=\"h-section h-section-global-spacing d-flex align-items-lg-center align-items-md-center align-items-center style-2149 style-local-2540-c2 position-relative\">\n    <!---->\n    <!---->\n    <div class=\"h-section-grid-container h-section-boxed-container\">\n      <div data-colibri-id=\"2540-c17\" class=\"h-row-container gutters-row-lg-2 gutters-row-md-2 gutters-row-2 gutters-row-v-lg-2 gutters-row-v-md-2 gutters-row-v-2 style-2163 style-local-2540-c17 position-relative\">\n        <!---->\n        <div class=\"h-row justify-content-lg-center justify-content-md-center justify-content-center align-items-lg-stretch align-items-md-stretch align-items-stretch gutters-col-lg-2 gutters-col-md-2 gutters-col-2 gutters-col-v-lg-2 gutters-col-v-md-2 gutters-col-v-2\">\n          <!---->\n          <div class=\"h-column h-column-container d-flex h-col-lg-auto h-col-md-auto h-col-auto style-2164-outer style-local-2540-c18-outer\">\n            <div data-colibri-id=\"2540-c18\" class=\"d-flex h-flex-basis h-column__inner h-px-lg-2 h-px-md-2 h-px-2 v-inner-lg-2 v-inner-md-2 v-inner-2 style-2164 style-local-2540-c18 position-relative\">\n              <!---->\n              <!---->\n              <div class=\"w-100 h-y-container h-column__content h-column__v-align flex-basis-100 align-self-lg-start align-self-md-start align-self-start\">\n                <!---->\n                <div data-colibri-id=\"2540-c19\" class=\"h-global-transition-all h-heading style-2165 style-local-2540-c19 position-relative h-element\">\n                  <!---->\n                  <div class=\"h-heading__outer style-2165 style-local-2540-c19\">\n                    <!---->\n                    <!---->\n                    <h1 class=\"\">PVRBBV 2063A<\/h1>\n                  <\/div>\n                <\/div>\n                <div data-colibri-id=\"2540-c21\" class=\"h-global-transition-all h-heading style-2741 style-local-2540-c21 position-relative h-element\">\n                  <!---->\n                  <div class=\"h-heading__outer style-2741 style-local-2540-c21\">\n                    <!---->\n                    <!---->\n                    <h4 class=\"\">ANTI-TANK MISSILE CARRIER PVRBBV 2063 A<\/h4>\n                  <\/div>\n                <\/div>\n              <\/div>\n            <\/div>\n          <\/div>\n        <\/div>\n      <\/div>\n      <div data-colibri-id=\"2540-c3\" class=\"h-row-container gutters-row-lg-2 gutters-row-md-2 gutters-row-0 gutters-row-v-lg-2 gutters-row-v-md-2 gutters-row-v-2 style-2150 style-local-2540-c3 position-relative\">\n        <!---->\n        <div class=\"h-row justify-content-lg-center justify-content-md-center justify-content-center align-items-lg-stretch align-items-md-stretch align-items-stretch gutters-col-lg-2 gutters-col-md-2 gutters-col-0 gutters-col-v-lg-2 gutters-col-v-md-2 gutters-col-v-2\">\n          <!---->\n          <div class=\"h-column h-column-container d-flex h-col-lg-auto h-col-md-auto h-col-auto style-2151-outer style-local-2540-c4-outer\">\n            <div data-colibri-id=\"2540-c4\" class=\"d-flex h-flex-basis h-column__inner h-px-lg-2 h-px-md-2 h-px-2 v-inner-lg-2 v-inner-md-2 v-inner-2 style-2151 style-local-2540-c4 position-relative\">\n              <!---->\n              <!---->\n              <div class=\"w-100 h-y-container h-column__content h-column__v-align flex-basis-100 align-self-lg-start align-self-md-start align-self-start\">\n                <!---->\n                <div data-colibri-id=\"2540-c5\" class=\"h-text h-text-component style-2152 style-local-2540-c5 position-relative h-element\">\n                  <!---->\n                  <!---->\n                  <div class=\"\">\n                    <p>The Anti-tank missile carrier 2063A is a variant of\n                      <a href=\"https:\/\/kalixlinjen.se\/en\/bv-206a-t\/\" target=\"_blank\" rel=\"noopener\">Bandvagn 206<\/a>.\n                      <br>The PVRBBV 2063A is equipped with an advanced missile system, allowing it to engage targets with precision.The canopy and windshield can be folded.&nbsp;<\/p>\n                    <p>Like all tracked vehicles, it boasts impressive off-road capabilities, navigating smoothly on highways, across bogs, over rocky surfaces, through two meters of loose snow, and even swimming.<\/p>\n                    <p>Thanks to its relatively light weight, it can also be transported by transport helicopters and airplanes.&nbsp;<\/p>\n                  <\/div>\n                <\/div>\n              <\/div>\n            <\/div>\n          <\/div>\n          <div class=\"h-column h-column-container d-flex h-col-lg-auto h-col-md-auto h-col-auto style-2153-outer style-local-2540-c6-outer\">\n            <div data-colibri-id=\"2540-c6\" class=\"d-flex h-flex-basis h-column__inner h-px-lg-2 h-px-md-2 h-px-2 v-inner-lg-2 v-inner-md-2 v-inner-2 style-2153 style-local-2540-c6 position-relative\">\n              <!---->\n              <!---->\n              <div class=\"w-100 h-y-container h-column__content h-column__v-align flex-basis-100 align-self-lg-start align-self-md-start align-self-start\">\n                <!---->\n                <div data-colibri-component=\"video\" data-colibri-id=\"2540-c7\" class=\"d-block h-video d-block h-video style-2154 style-local-2540-c7 position-relative h-element\">\n                  <!---->\n                  <!---->\n                  <div class=\"video-container position-relative\">\n                    <div class=\"h-global-transition-all ratio-inner\"><iframe src=\"https:\/\/www.youtube.com\/embed\/eTG0z7rjY9g?autoplay=0&#038;mute=0&#038;modestbranding=0&#038;rel=0&#038;enablejsapi=1&#038;\" class='h-video-main'  allowfullscreen><\/iframe><\/div>\n                  <\/div>\n                <\/div>\n                <div data-colibri-id=\"2540-c9\" class=\"h-text h-text-component style-2167 style-local-2540-c9 position-relative h-element\">\n                  <!---->\n                  <!---->\n                  <div class=\"\">\n                    <p>BV 206 in rough terrain!&nbsp;<\/p>\n                  <\/div>\n                <\/div>\n              <\/div>\n            <\/div>\n          <\/div>\n        <\/div>\n      <\/div>\n      <div data-colibri-id=\"2540-c10\" class=\"h-row-container gutters-row-lg-2 gutters-row-md-2 gutters-row-0 gutters-row-v-lg-2 gutters-row-v-md-2 gutters-row-v-2 style-2156 style-local-2540-c10 position-relative\">\n        <!---->\n        <div class=\"h-row justify-content-lg-center justify-content-md-center justify-content-center align-items-lg-stretch align-items-md-stretch align-items-stretch gutters-col-lg-2 gutters-col-md-2 gutters-col-0 gutters-col-v-lg-2 gutters-col-v-md-2 gutters-col-v-2\">\n          <!---->\n          <div class=\"h-column h-column-container d-flex h-col-lg-auto h-col-md-auto h-col-auto style-2157-outer style-local-2540-c11-outer\">\n            <div data-colibri-id=\"2540-c11\" class=\"d-flex h-flex-basis h-column__inner h-px-lg-2 h-px-md-2 h-px-2 v-inner-lg-2 v-inner-md-2 v-inner-2 style-2157 style-local-2540-c11 position-relative\">\n              <!---->\n              <!---->\n              <div class=\"w-100 h-y-container h-column__content h-column__v-align flex-basis-100 align-self-lg-start align-self-md-start align-self-start\">\n                <!---->\n                <div data-colibri-component=\"\" data-colibri-id=\"2540-c12\" class=\"h-photo-gallery margin-none caption-displayTrue caption-vertical-align-top style-2158 style-local-2540-c12 h-overflow-hidden position-relative h-element\">\n                  <!---->\n                  <div class=\"h-global-transition-all\"><div id='colibri-2540-c12' class='gallery-wrapper'>    <style type=\"text\/css\">\n\n        @media (min-width: 1023px) {        #colibri-2540-c12        dl {\n            float: left;\n            width: 25% !important;\n            max-width: 25% !important;\n            min-width: 25% !important;\n        }\n\n        #colibri-2540-c12        dl:nth-of-type(4n +1 ) {\n            clear: both;\n        }\n\n        }@media (min-width: 768px) and (max-width: 1023px) {        #colibri-2540-c12        dl {\n            float: left;\n            width: 25% !important;\n            max-width: 25% !important;\n            min-width: 25% !important;\n        }\n\n        #colibri-2540-c12        dl:nth-of-type(4n +1 ) {\n            clear: both;\n        }\n\n        }@media (max-width: 767px) {        #colibri-2540-c12        dl {\n            float: left;\n            width: 50% !important;\n            max-width: 50% !important;\n            min-width: 50% !important;\n        }\n\n        #colibri-2540-c12        dl:nth-of-type(2n +1 ) {\n            clear: both;\n        }\n\n        }\n        #colibri-2540-c12        .gallery-item {\n            position: relative;\n        }\n\n        \n    <\/style>\n    <div   class='colibri-2540-c12-dls-wrapper gallery-items-wrapper' ><dl class='gallery-item masonry-item'>\n\t\t\t<dt class='gallery-icon portrait'>\n\t\t\t\t<a data-fancybox=\"colibri-2540-c12-group\" href='https:\/\/kalixlinjen.se\/wp-content\/uploads\/2023\/05\/IMG_20230530_091933-scaled.jpg'><img loading=\"lazy\" decoding=\"async\"  width=\"225\" height=\"300\" src=\"https:\/\/kalixlinjen.se\/wp-content\/uploads\/2023\/05\/IMG_20230530_091933-225x300.jpg\"  class='colibri-2540-c12-image' alt=\"PVRBBV 2063\" aria-describedby=\"gallery-1-3229\" srcset=\"https:\/\/kalixlinjen.se\/wp-content\/uploads\/2023\/05\/IMG_20230530_091933-225x300.jpg 225w, https:\/\/kalixlinjen.se\/wp-content\/uploads\/2023\/05\/IMG_20230530_091933-768x1024.jpg 768w, https:\/\/kalixlinjen.se\/wp-content\/uploads\/2023\/05\/IMG_20230530_091933-1152x1536.jpg 1152w, https:\/\/kalixlinjen.se\/wp-content\/uploads\/2023\/05\/IMG_20230530_091933-1536x2048.jpg 1536w, https:\/\/kalixlinjen.se\/wp-content\/uploads\/2023\/05\/IMG_20230530_091933-scaled.jpg 1920w\" sizes=\"auto, (max-width: 225px) 100vw, 225px\" \/><\/a>\n\t\t\t<\/dt>\n\t\t\t\t<div class=\"gallery-caption__wrapper\"><dd class='wp-caption-text gallery-caption' id='gallery-1-3229'>\n\t\t\t\tPVRBBV 2063\n\t\t\t\t<\/dd><\/div><\/dl><dl class='gallery-item masonry-item'>\n\t\t\t<dt class='gallery-icon portrait'>\n\t\t\t\t<a data-fancybox=\"colibri-2540-c12-group\" href='https:\/\/kalixlinjen.se\/wp-content\/uploads\/2023\/05\/IMG_20230530_091941-scaled.jpg'><img loading=\"lazy\" decoding=\"async\"  width=\"225\" height=\"300\" src=\"https:\/\/kalixlinjen.se\/wp-content\/uploads\/2023\/05\/IMG_20230530_091941-225x300.jpg\"  class='colibri-2540-c12-image' alt=\"PVRBBV 2063\" aria-describedby=\"gallery-1-3230\" srcset=\"https:\/\/kalixlinjen.se\/wp-content\/uploads\/2023\/05\/IMG_20230530_091941-225x300.jpg 225w, https:\/\/kalixlinjen.se\/wp-content\/uploads\/2023\/05\/IMG_20230530_091941-768x1024.jpg 768w, https:\/\/kalixlinjen.se\/wp-content\/uploads\/2023\/05\/IMG_20230530_091941-1152x1536.jpg 1152w, https:\/\/kalixlinjen.se\/wp-content\/uploads\/2023\/05\/IMG_20230530_091941-1536x2048.jpg 1536w, https:\/\/kalixlinjen.se\/wp-content\/uploads\/2023\/05\/IMG_20230530_091941-scaled.jpg 1920w\" sizes=\"auto, (max-width: 225px) 100vw, 225px\" \/><\/a>\n\t\t\t<\/dt>\n\t\t\t\t<div class=\"gallery-caption__wrapper\"><dd class='wp-caption-text gallery-caption' id='gallery-1-3230'>\n\t\t\t\tPVRBBV 2063 \n\t\t\t\t<\/dd><\/div><\/dl><dl class='gallery-item masonry-item'>\n\t\t\t<dt class='gallery-icon portrait'>\n\t\t\t\t<a data-fancybox=\"colibri-2540-c12-group\" href='https:\/\/kalixlinjen.se\/wp-content\/uploads\/2023\/05\/IMG_20230530_092011-scaled.jpg'><img loading=\"lazy\" decoding=\"async\"  width=\"225\" height=\"300\" src=\"https:\/\/kalixlinjen.se\/wp-content\/uploads\/2023\/05\/IMG_20230530_092011-225x300.jpg\"  class='colibri-2540-c12-image' alt=\"PVRBBV 2063\" aria-describedby=\"gallery-1-3231\" srcset=\"https:\/\/kalixlinjen.se\/wp-content\/uploads\/2023\/05\/IMG_20230530_092011-225x300.jpg 225w, https:\/\/kalixlinjen.se\/wp-content\/uploads\/2023\/05\/IMG_20230530_092011-768x1024.jpg 768w, https:\/\/kalixlinjen.se\/wp-content\/uploads\/2023\/05\/IMG_20230530_092011-1152x1536.jpg 1152w, https:\/\/kalixlinjen.se\/wp-content\/uploads\/2023\/05\/IMG_20230530_092011-1536x2048.jpg 1536w, https:\/\/kalixlinjen.se\/wp-content\/uploads\/2023\/05\/IMG_20230530_092011-scaled.jpg 1920w\" sizes=\"auto, (max-width: 225px) 100vw, 225px\" \/><\/a>\n\t\t\t<\/dt>\n\t\t\t\t<div class=\"gallery-caption__wrapper\"><dd class='wp-caption-text gallery-caption' id='gallery-1-3231'>\n\t\t\t\tPVRBBV 2063 \n\t\t\t\t<\/dd><\/div><\/dl>\n\t\t\t\n\t\t<\/div>\n<style>#colibri-2540-c12 .wp-caption-text.gallery-caption{display:none;}<\/style><\/div><\/div>\n                <\/div>\n              <\/div>\n            <\/div>\n          <\/div>\n        <\/div>\n      <\/div>\n      <div data-colibri-id=\"2540-c13\" class=\"h-row-container gutters-row-lg-2 gutters-row-md-2 gutters-row-0 gutters-row-v-lg-2 gutters-row-v-md-2 gutters-row-v-2 style-2159 style-local-2540-c13 position-relative\">\n        <!---->\n        <div class=\"h-row justify-content-lg-center justify-content-md-center justify-content-center align-items-lg-stretch align-items-md-stretch align-items-stretch gutters-col-lg-2 gutters-col-md-2 gutters-col-0 gutters-col-v-lg-2 gutters-col-v-md-2 gutters-col-v-2\">\n          <!---->\n          <div class=\"h-column h-column-container d-flex h-col-lg-auto h-col-md-auto h-col-auto style-2160-outer style-local-2540-c14-outer\">\n            <div data-colibri-id=\"2540-c14\" class=\"d-flex h-flex-basis h-column__inner h-px-lg-2 h-px-md-2 h-px-2 v-inner-lg-2 v-inner-md-2 v-inner-2 style-2160 style-local-2540-c14 position-relative\">\n              <!---->\n              <!---->\n              <div class=\"w-100 h-y-container h-column__content h-column__v-align flex-basis-100 align-self-lg-start align-self-md-start align-self-start\">\n                <!---->\n                <div data-colibri-id=\"2540-c15\" class=\"h-text h-text-component style-2161 style-local-2540-c15 position-relative h-element\">\n                  <!---->\n                  <!---->\n                  <div class=\"\">\n                    <p>PVRBBV 2063A<\/p>\n                    <p>Milreg\n                      <br>263234\n                      <br>\n                      <br>Manufacturer\n                      <br>H\u00e4gglunds<\/p>\n                    <p>Length\n                      <br>6,9 m<\/p>\n                    <p>Width\n                      <br>1,87 m&nbsp;<\/p>\n                    <p>Fuel\n                      <br>Bensin<\/p>\n                    <p>\n                      <br>\n                    <\/p>\n                  <\/div>\n                <\/div>\n              <\/div>\n            <\/div>\n          <\/div>\n          <div class=\"h-column h-column-container d-flex h-col-lg-auto h-col-md-auto h-col-auto style-2162-outer style-local-2540-c16-outer\">\n            <div data-colibri-id=\"2540-c16\" class=\"d-flex h-flex-basis h-column__inner h-ui-empty-state-container h-px-lg-2 h-px-md-2 h-px-2 v-inner-lg-2 v-inner-md-2 v-inner-2 style-2162 style-local-2540-c16 position-relative\">\n              <!---->\n              <!---->\n              <div class=\"w-100 h-y-container h-column__content h-column__v-align flex-basis-100\">\n                <!---->\n              <\/div>\n            <\/div>\n          <\/div>\n        <\/div>\n      <\/div>\n    <\/div>\n  <\/div>\n<\/div>","protected":false},"excerpt":{"rendered":"<p>PVRBBV 2063A PANSARV\u00c4RNSROBOTBANDVAGN 2063a Pansarv\u00e4rnsrobotbandvagn 2063A \u00e4r en variant p\u00e5 Bandvagn 206. PVRBBV 2063A \u00e4r utrustat med robotsystem, och kan avfyra roboteld. Kapell och framruta kan f\u00e4llas.&nbsp; Som alla bandvagnar, har den en terr\u00e4ngframkomlighet som \u00e4r imponerande! Den tar sig fram p\u00e5 b\u00e5de landsv\u00e4g, \u00f6ver myrar, stenh\u00e4llar, 2 meters l\u00f6ssn\u00f6, och kan till och med [&hellip;]<\/p>\n","protected":false},"author":1,"featured_media":0,"parent":0,"menu_order":0,"comment_status":"closed","ping_status":"closed","template":"page-templates\/full-width-page.php","meta":{"_kadence_starter_templates_imported_post":false,"footnotes":""},"class_list":["post-2540","page","type-page","status-publish","hentry"],"yoast_head":"<!-- This site is optimized with the Yoast SEO plugin v27.5 - https:\/\/yoast.com\/product\/yoast-seo-wordpress\/ -->\n<title>PANSARV\u00c4RNSROBOTBANDVAGN 2063 A - Kalixlinjens museum<\/title>\n<meta name=\"robots\" content=\"index, follow, max-snippet:-1, max-image-preview:large, max-video-preview:-1\" \/>\n<link rel=\"canonical\" href=\"https:\/\/kalixlinjen.se\/en\/pansarvarnsrobotbandvagn-2063-a\/\" \/>\n<meta property=\"og:locale\" content=\"en_GB\" \/>\n<meta property=\"og:type\" content=\"article\" \/>\n<meta property=\"og:title\" content=\"PANSARV\u00c4RNSROBOTBANDVAGN 2063 A - Kalixlinjens museum\" \/>\n<meta property=\"og:description\" content=\"PVRBBV 2063A PANSARV\u00c4RNSROBOTBANDVAGN 2063a Pansarv\u00e4rnsrobotbandvagn 2063A \u00e4r en variant p\u00e5 Bandvagn 206. PVRBBV 2063A \u00e4r utrustat med robotsystem, och kan avfyra roboteld. Kapell och framruta kan f\u00e4llas.&nbsp; Som alla bandvagnar, har den en terr\u00e4ngframkomlighet som \u00e4r imponerande! Den tar sig fram p\u00e5 b\u00e5de landsv\u00e4g, \u00f6ver myrar, stenh\u00e4llar, 2 meters l\u00f6ssn\u00f6, och kan till och med [&hellip;]\" \/>\n<meta property=\"og:url\" content=\"https:\/\/kalixlinjen.se\/en\/pansarvarnsrobotbandvagn-2063-a\/\" \/>\n<meta property=\"og:site_name\" content=\"Kalixlinjens museum\" \/>\n<meta property=\"article:publisher\" content=\"https:\/\/www.facebook.com\/kalixlinjensmuseum\" \/>\n<meta property=\"article:modified_time\" content=\"2024-10-21T13:10:10+00:00\" \/>\n<meta name=\"twitter:card\" content=\"summary_large_image\" \/>\n<meta name=\"twitter:label1\" content=\"Estimated reading time\" \/>\n\t<meta name=\"twitter:data1\" content=\"1 minute\" \/>\n<script type=\"application\/ld+json\" class=\"yoast-schema-graph\">{\"@context\":\"https:\\\/\\\/schema.org\",\"@graph\":[{\"@type\":\"WebPage\",\"@id\":\"https:\\\/\\\/kalixlinjen.se\\\/pansarvarnsrobotbandvagn-2063-a\\\/\",\"url\":\"https:\\\/\\\/kalixlinjen.se\\\/pansarvarnsrobotbandvagn-2063-a\\\/\",\"name\":\"PANSARV\u00c4RNSROBOTBANDVAGN 2063 A - Kalixlinjens museum\",\"isPartOf\":{\"@id\":\"https:\\\/\\\/kalixlinjen.se\\\/#website\"},\"datePublished\":\"2023-05-26T11:23:10+00:00\",\"dateModified\":\"2024-10-21T13:10:10+00:00\",\"breadcrumb\":{\"@id\":\"https:\\\/\\\/kalixlinjen.se\\\/pansarvarnsrobotbandvagn-2063-a\\\/#breadcrumb\"},\"inLanguage\":\"en-GB\",\"potentialAction\":[{\"@type\":\"ReadAction\",\"target\":[\"https:\\\/\\\/kalixlinjen.se\\\/pansarvarnsrobotbandvagn-2063-a\\\/\"]}]},{\"@type\":\"BreadcrumbList\",\"@id\":\"https:\\\/\\\/kalixlinjen.se\\\/pansarvarnsrobotbandvagn-2063-a\\\/#breadcrumb\",\"itemListElement\":[{\"@type\":\"ListItem\",\"position\":1,\"name\":\"Hem\",\"item\":\"https:\\\/\\\/kalixlinjen.se\\\/\"},{\"@type\":\"ListItem\",\"position\":2,\"name\":\"PANSARV\u00c4RNSROBOTBANDVAGN 2063 A\"}]},{\"@type\":\"WebSite\",\"@id\":\"https:\\\/\\\/kalixlinjen.se\\\/#website\",\"url\":\"https:\\\/\\\/kalixlinjen.se\\\/\",\"name\":\"Kalixlinjens museum\",\"description\":\"St\u00f6rst och hemligast!\",\"publisher\":{\"@id\":\"https:\\\/\\\/kalixlinjen.se\\\/#organization\"},\"potentialAction\":[{\"@type\":\"SearchAction\",\"target\":{\"@type\":\"EntryPoint\",\"urlTemplate\":\"https:\\\/\\\/kalixlinjen.se\\\/?s={search_term_string}\"},\"query-input\":{\"@type\":\"PropertyValueSpecification\",\"valueRequired\":true,\"valueName\":\"search_term_string\"}}],\"inLanguage\":\"en-GB\"},{\"@type\":\"Organization\",\"@id\":\"https:\\\/\\\/kalixlinjen.se\\\/#organization\",\"name\":\"Kalixlinjens museum\",\"url\":\"https:\\\/\\\/kalixlinjen.se\\\/\",\"logo\":{\"@type\":\"ImageObject\",\"inLanguage\":\"en-GB\",\"@id\":\"https:\\\/\\\/kalixlinjen.se\\\/#\\\/schema\\\/logo\\\/image\\\/\",\"url\":\"https:\\\/\\\/kalixlinjen.se\\\/wp-content\\\/uploads\\\/2022\\\/11\\\/cropped-cropped-cropped-cropped-loggo.png\",\"contentUrl\":\"https:\\\/\\\/kalixlinjen.se\\\/wp-content\\\/uploads\\\/2022\\\/11\\\/cropped-cropped-cropped-cropped-loggo.png\",\"width\":512,\"height\":512,\"caption\":\"Kalixlinjens museum\"},\"image\":{\"@id\":\"https:\\\/\\\/kalixlinjen.se\\\/#\\\/schema\\\/logo\\\/image\\\/\"},\"sameAs\":[\"https:\\\/\\\/www.facebook.com\\\/kalixlinjensmuseum\",\"https:\\\/\\\/www.instagram.com\\\/kalixlinjens_museum\\\/\"]}]}<\/script>\n<!-- \/ Yoast SEO plugin. -->","yoast_head_json":{"title":"PANSARV\u00c4RNSROBOTBANDVAGN 2063 A - Kalixlinjens museum","robots":{"index":"index","follow":"follow","max-snippet":"max-snippet:-1","max-image-preview":"max-image-preview:large","max-video-preview":"max-video-preview:-1"},"canonical":"https:\/\/kalixlinjen.se\/en\/pansarvarnsrobotbandvagn-2063-a\/","og_locale":"en_GB","og_type":"article","og_title":"PANSARV\u00c4RNSROBOTBANDVAGN 2063 A - Kalixlinjens museum","og_description":"PVRBBV 2063A PANSARV\u00c4RNSROBOTBANDVAGN 2063a Pansarv\u00e4rnsrobotbandvagn 2063A \u00e4r en variant p\u00e5 Bandvagn 206. PVRBBV 2063A \u00e4r utrustat med robotsystem, och kan avfyra roboteld. Kapell och framruta kan f\u00e4llas.&nbsp; Som alla bandvagnar, har den en terr\u00e4ngframkomlighet som \u00e4r imponerande! Den tar sig fram p\u00e5 b\u00e5de landsv\u00e4g, \u00f6ver myrar, stenh\u00e4llar, 2 meters l\u00f6ssn\u00f6, och kan till och med [&hellip;]","og_url":"https:\/\/kalixlinjen.se\/en\/pansarvarnsrobotbandvagn-2063-a\/","og_site_name":"Kalixlinjens museum","article_publisher":"https:\/\/www.facebook.com\/kalixlinjensmuseum","article_modified_time":"2024-10-21T13:10:10+00:00","twitter_card":"summary_large_image","twitter_misc":{"Estimated reading time":"1 minute"},"schema":{"@context":"https:\/\/schema.org","@graph":[{"@type":"WebPage","@id":"https:\/\/kalixlinjen.se\/pansarvarnsrobotbandvagn-2063-a\/","url":"https:\/\/kalixlinjen.se\/pansarvarnsrobotbandvagn-2063-a\/","name":"PANSARV\u00c4RNSROBOTBANDVAGN 2063 A - Kalixlinjens museum","isPartOf":{"@id":"https:\/\/kalixlinjen.se\/#website"},"datePublished":"2023-05-26T11:23:10+00:00","dateModified":"2024-10-21T13:10:10+00:00","breadcrumb":{"@id":"https:\/\/kalixlinjen.se\/pansarvarnsrobotbandvagn-2063-a\/#breadcrumb"},"inLanguage":"en-GB","potentialAction":[{"@type":"ReadAction","target":["https:\/\/kalixlinjen.se\/pansarvarnsrobotbandvagn-2063-a\/"]}]},{"@type":"BreadcrumbList","@id":"https:\/\/kalixlinjen.se\/pansarvarnsrobotbandvagn-2063-a\/#breadcrumb","itemListElement":[{"@type":"ListItem","position":1,"name":"Hem","item":"https:\/\/kalixlinjen.se\/"},{"@type":"ListItem","position":2,"name":"PANSARV\u00c4RNSROBOTBANDVAGN 2063 A"}]},{"@type":"WebSite","@id":"https:\/\/kalixlinjen.se\/#website","url":"https:\/\/kalixlinjen.se\/","name":"The Kalix line museum","description":"St\u00f6rst och hemligast!","publisher":{"@id":"https:\/\/kalixlinjen.se\/#organization"},"potentialAction":[{"@type":"SearchAction","target":{"@type":"EntryPoint","urlTemplate":"https:\/\/kalixlinjen.se\/?s={search_term_string}"},"query-input":{"@type":"PropertyValueSpecification","valueRequired":true,"valueName":"search_term_string"}}],"inLanguage":"en-GB"},{"@type":"Organization","@id":"https:\/\/kalixlinjen.se\/#organization","name":"The Kalix line museum","url":"https:\/\/kalixlinjen.se\/","logo":{"@type":"ImageObject","inLanguage":"en-GB","@id":"https:\/\/kalixlinjen.se\/#\/schema\/logo\/image\/","url":"https:\/\/kalixlinjen.se\/wp-content\/uploads\/2022\/11\/cropped-cropped-cropped-cropped-loggo.png","contentUrl":"https:\/\/kalixlinjen.se\/wp-content\/uploads\/2022\/11\/cropped-cropped-cropped-cropped-loggo.png","width":512,"height":512,"caption":"Kalixlinjens museum"},"image":{"@id":"https:\/\/kalixlinjen.se\/#\/schema\/logo\/image\/"},"sameAs":["https:\/\/www.facebook.com\/kalixlinjensmuseum","https:\/\/www.instagram.com\/kalixlinjens_museum\/"]}]}},"_links":{"self":[{"href":"https:\/\/kalixlinjen.se\/en\/wp-json\/wp\/v2\/pages\/2540","targetHints":{"allow":["GET"]}}],"collection":[{"href":"https:\/\/kalixlinjen.se\/en\/wp-json\/wp\/v2\/pages"}],"about":[{"href":"https:\/\/kalixlinjen.se\/en\/wp-json\/wp\/v2\/types\/page"}],"author":[{"embeddable":true,"href":"https:\/\/kalixlinjen.se\/en\/wp-json\/wp\/v2\/users\/1"}],"replies":[{"embeddable":true,"href":"https:\/\/kalixlinjen.se\/en\/wp-json\/wp\/v2\/comments?post=2540"}],"version-history":[{"count":7,"href":"https:\/\/kalixlinjen.se\/en\/wp-json\/wp\/v2\/pages\/2540\/revisions"}],"predecessor-version":[{"id":5441,"href":"https:\/\/kalixlinjen.se\/en\/wp-json\/wp\/v2\/pages\/2540\/revisions\/5441"}],"wp:attachment":[{"href":"https:\/\/kalixlinjen.se\/en\/wp-json\/wp\/v2\/media?parent=2540"}],"curies":[{"name":"wp","href":"https:\/\/api.w.org\/{rel}","templated":true}]}}