{"id":2448,"date":"2023-05-25T07:08:36","date_gmt":"2023-05-25T07:08:36","guid":{"rendered":"https:\/\/kalixlinjen.se\/?page_id=2448"},"modified":"2024-10-21T11:51:39","modified_gmt":"2024-10-21T11:51:39","slug":"7-5-cm-luftvarnskanon-m-1930","status":"publish","type":"page","link":"https:\/\/kalixlinjen.se\/en\/7-5-cm-luftvarnskanon-m-1930\/","title":{"rendered":"7,5 cm Anti-Aircraft gun m\/1930"},"content":{"rendered":"<div data-colibri-id=\"2448-c1\" class=\"style-2036 style-local-2448-c1 position-relative\">\n  <!---->\n  <div data-colibri-component=\"section\" data-colibri-id=\"2448-c2\" id=\"reusable-sections\" class=\"h-section h-section-global-spacing d-flex align-items-lg-center align-items-md-center align-items-center style-2037 style-local-2448-c2 position-relative\">\n    <!---->\n    <!---->\n    <div class=\"h-section-grid-container h-section-boxed-container\">\n      <div data-colibri-id=\"2448-c14\" class=\"h-row-container gutters-row-lg-2 gutters-row-md-2 gutters-row-2 gutters-row-v-lg-2 gutters-row-v-md-2 gutters-row-v-2 style-2051 style-local-2448-c14 position-relative\">\n        <!---->\n        <div class=\"h-row justify-content-lg-center justify-content-md-center justify-content-center align-items-lg-stretch align-items-md-stretch align-items-stretch gutters-col-lg-2 gutters-col-md-2 gutters-col-2 gutters-col-v-lg-2 gutters-col-v-md-2 gutters-col-v-2\">\n          <!---->\n          <div class=\"h-column h-column-container d-flex h-col-lg-auto h-col-md-auto h-col-auto style-2052-outer style-local-2448-c15-outer\">\n            <div data-colibri-id=\"2448-c15\" class=\"d-flex h-flex-basis h-column__inner h-px-lg-2 h-px-md-2 h-px-2 v-inner-lg-2 v-inner-md-2 v-inner-2 style-2052 style-local-2448-c15 position-relative\">\n              <!---->\n              <!---->\n              <div class=\"w-100 h-y-container h-column__content h-column__v-align flex-basis-100 align-self-lg-start align-self-md-start align-self-start\">\n                <!---->\n                <div data-colibri-id=\"2448-c16\" class=\"h-global-transition-all h-heading style-2053 style-local-2448-c16 position-relative h-element\">\n                  <!---->\n                  <div class=\"h-heading__outer style-2053 style-local-2448-c16\">\n                    <!---->\n                    <!---->\n                    <h1 class=\"\">7,5 CM LVKAN M\/1930<\/h1>\n                  <\/div>\n                <\/div>\n                <div data-colibri-id=\"2448-c17\" class=\"h-global-transition-all h-heading style-2716 style-local-2448-c17 position-relative h-element\">\n                  <!---->\n                  <div class=\"h-heading__outer style-2716 style-local-2448-c17\">\n                    <!---->\n                    <!---->\n                    <h4 class=\"\">7,5 cm Anti-Aircraft gun m\/1930<\/h4>\n                  <\/div>\n                <\/div>\n              <\/div>\n            <\/div>\n          <\/div>\n        <\/div>\n      <\/div>\n      <div data-colibri-id=\"2448-c3\" class=\"h-row-container gutters-row-lg-2 gutters-row-md-2 gutters-row-0 gutters-row-v-lg-2 gutters-row-v-md-2 gutters-row-v-2 style-2038 style-local-2448-c3 position-relative\">\n        <!---->\n        <div class=\"h-row justify-content-lg-center justify-content-md-center justify-content-center align-items-lg-stretch align-items-md-stretch align-items-stretch gutters-col-lg-2 gutters-col-md-2 gutters-col-0 gutters-col-v-lg-2 gutters-col-v-md-2 gutters-col-v-2\">\n          <!---->\n          <div class=\"h-column h-column-container d-flex h-col-lg-auto h-col-md-auto h-col-auto style-2039-outer style-local-2448-c4-outer\">\n            <div data-colibri-id=\"2448-c4\" class=\"d-flex h-flex-basis h-column__inner h-px-lg-2 h-px-md-2 h-px-2 v-inner-lg-2 v-inner-md-2 v-inner-2 style-2039 style-local-2448-c4 position-relative\">\n              <!---->\n              <!---->\n              <div class=\"w-100 h-y-container h-column__content h-column__v-align flex-basis-100 align-self-lg-start align-self-md-start align-self-start\">\n                <!---->\n                <div data-colibri-id=\"2448-c5\" class=\"h-text h-text-component style-2040 style-local-2448-c5 position-relative h-element\">\n                  <!---->\n                  <!---->\n                  <div class=\"\">\n                    <p>7.5 cm anti-aircraft gun m\/30, with sight m\/30.&nbsp;\n                      <br>Introduced into service in 1930.&nbsp;\n                      <br>The gun was mounted on different carriages (gun supports), depending on its intended use.&nbsp;\n                      <br>\n                      <br>A solid piece with considerable range and explosive power!&nbsp;<\/p>\n                  <\/div>\n                <\/div>\n              <\/div>\n            <\/div>\n          <\/div>\n          <div class=\"h-column h-column-container d-flex h-col-lg-auto h-col-md-auto h-col-auto style-2041-outer style-local-2448-c6-outer\">\n            <div data-colibri-id=\"2448-c6\" class=\"d-flex h-flex-basis h-column__inner h-ui-empty-state-container h-px-lg-2 h-px-md-2 h-px-2 v-inner-lg-2 v-inner-md-2 v-inner-2 style-2041 style-local-2448-c6 position-relative\">\n              <!---->\n              <!---->\n              <div class=\"w-100 h-y-container h-column__content h-column__v-align flex-basis-100\">\n                <!---->\n              <\/div>\n            <\/div>\n          <\/div>\n        <\/div>\n      <\/div>\n      <div data-colibri-id=\"2448-c7\" class=\"h-row-container gutters-row-lg-2 gutters-row-md-2 gutters-row-0 gutters-row-v-lg-2 gutters-row-v-md-2 gutters-row-v-2 style-2044 style-local-2448-c7 position-relative\">\n        <!---->\n        <div class=\"h-row justify-content-lg-center justify-content-md-center justify-content-center align-items-lg-stretch align-items-md-stretch align-items-stretch gutters-col-lg-2 gutters-col-md-2 gutters-col-0 gutters-col-v-lg-2 gutters-col-v-md-2 gutters-col-v-2\">\n          <!---->\n          <div class=\"h-column h-column-container d-flex h-col-lg-auto h-col-md-auto h-col-auto style-2045-outer style-local-2448-c8-outer\">\n            <div data-colibri-id=\"2448-c8\" class=\"d-flex h-flex-basis h-column__inner h-px-lg-2 h-px-md-2 h-px-2 v-inner-lg-2 v-inner-md-2 v-inner-2 style-2045 style-local-2448-c8 position-relative\">\n              <!---->\n              <!---->\n              <div class=\"w-100 h-y-container h-column__content h-column__v-align flex-basis-100 align-self-lg-start align-self-md-start align-self-start\">\n                <!---->\n                <div data-colibri-component=\"\" data-colibri-id=\"2448-c9\" class=\"h-photo-gallery margin-none caption-displayTrue caption-vertical-align-top style-2046 style-local-2448-c9 h-overflow-hidden position-relative h-element\">\n                  <!---->\n                  <div class=\"h-global-transition-all\"><div id='colibri-2448-c9' class='gallery-wrapper'>    <style type=\"text\/css\">\n\n        @media (min-width: 1023px) {        #colibri-2448-c9        dl {\n            float: left;\n            width: 25% !important;\n            max-width: 25% !important;\n            min-width: 25% !important;\n        }\n\n        #colibri-2448-c9        dl:nth-of-type(4n +1 ) {\n            clear: both;\n        }\n\n        }@media (min-width: 768px) and (max-width: 1023px) {        #colibri-2448-c9        dl {\n            float: left;\n            width: 25% !important;\n            max-width: 25% !important;\n            min-width: 25% !important;\n        }\n\n        #colibri-2448-c9        dl:nth-of-type(4n +1 ) {\n            clear: both;\n        }\n\n        }@media (max-width: 767px) {        #colibri-2448-c9        dl {\n            float: left;\n            width: 50% !important;\n            max-width: 50% !important;\n            min-width: 50% !important;\n        }\n\n        #colibri-2448-c9        dl:nth-of-type(2n +1 ) {\n            clear: both;\n        }\n\n        }\n        #colibri-2448-c9        .gallery-item {\n            position: relative;\n        }\n\n        \n    <\/style>\n    <div   class='colibri-2448-c9-dls-wrapper gallery-items-wrapper' ><dl class='gallery-item masonry-item'>\n\t\t\t<dt class='gallery-icon landscape'>\n\t\t\t\t<a data-fancybox=\"colibri-2448-c9-group\" href='https:\/\/kalixlinjen.se\/wp-content\/uploads\/2023\/04\/Fotografier-forbereds-2.png'><img loading=\"lazy\" decoding=\"async\"  width=\"300\" height=\"300\" src=\"https:\/\/kalixlinjen.se\/wp-content\/uploads\/2023\/04\/Fotografier-forbereds-2-300x300.png\"  class='colibri-2448-c9-image' alt=\"\" aria-describedby=\"gallery-1-1212\" srcset=\"https:\/\/kalixlinjen.se\/wp-content\/uploads\/2023\/04\/Fotografier-forbereds-2-300x300.png 300w, https:\/\/kalixlinjen.se\/wp-content\/uploads\/2023\/04\/Fotografier-forbereds-2-1024x1024.png 1024w, https:\/\/kalixlinjen.se\/wp-content\/uploads\/2023\/04\/Fotografier-forbereds-2-150x150.png 150w, https:\/\/kalixlinjen.se\/wp-content\/uploads\/2023\/04\/Fotografier-forbereds-2-768x768.png 768w, https:\/\/kalixlinjen.se\/wp-content\/uploads\/2023\/04\/Fotografier-forbereds-2.png 1080w\" sizes=\"auto, (max-width: 300px) 100vw, 300px\" \/><\/a>\n\t\t\t<\/dt>\n\t\t\t\t<div class=\"gallery-caption__wrapper\"><dd class='wp-caption-text gallery-caption' id='gallery-1-1212'>\n\t\t\t\tMore photographs are being prepared. \n\t\t\t\t<\/dd><\/div><\/dl><dl class='gallery-item masonry-item'>\n\t\t\t<dt class='gallery-icon portrait'>\n\t\t\t\t<a data-fancybox=\"colibri-2448-c9-group\" href='https:\/\/kalixlinjen.se\/wp-content\/uploads\/2023\/05\/20221203_115752-scaled.jpg'><img loading=\"lazy\" decoding=\"async\"  width=\"225\" height=\"300\" src=\"https:\/\/kalixlinjen.se\/wp-content\/uploads\/2023\/05\/20221203_115752-225x300.jpg\"  class='colibri-2448-c9-image' alt=\"7,5 luftv\u00e4rnskanon m\/1939\" aria-describedby=\"gallery-1-2452\" srcset=\"https:\/\/kalixlinjen.se\/wp-content\/uploads\/2023\/05\/20221203_115752-225x300.jpg 225w, https:\/\/kalixlinjen.se\/wp-content\/uploads\/2023\/05\/20221203_115752-768x1024.jpg 768w, https:\/\/kalixlinjen.se\/wp-content\/uploads\/2023\/05\/20221203_115752-1152x1536.jpg 1152w, https:\/\/kalixlinjen.se\/wp-content\/uploads\/2023\/05\/20221203_115752-1536x2048.jpg 1536w, https:\/\/kalixlinjen.se\/wp-content\/uploads\/2023\/05\/20221203_115752-scaled.jpg 1920w\" sizes=\"auto, (max-width: 225px) 100vw, 225px\" \/><\/a>\n\t\t\t<\/dt>\n\t\t\t\t<div class=\"gallery-caption__wrapper\"><dd class='wp-caption-text gallery-caption' id='gallery-1-2452'>\n\t\t\t\t7,5 Anti-aircraft gun m\/1930\n\t\t\t\t<\/dd><\/div><\/dl><dl class='gallery-item masonry-item'>\n\t\t\t<dt class='gallery-icon landscape'>\n\t\t\t\t<a data-fancybox=\"colibri-2448-c9-group\" href='https:\/\/kalixlinjen.se\/wp-content\/uploads\/2023\/05\/KBGF.057718.jpg'><img loading=\"lazy\" decoding=\"async\"  width=\"300\" height=\"244\" src=\"https:\/\/kalixlinjen.se\/wp-content\/uploads\/2023\/05\/KBGF.057718-300x244.jpg\"  class='colibri-2448-c9-image' alt=\"\" aria-describedby=\"gallery-1-2453\" srcset=\"https:\/\/kalixlinjen.se\/wp-content\/uploads\/2023\/05\/KBGF.057718-300x244.jpg 300w, https:\/\/kalixlinjen.se\/wp-content\/uploads\/2023\/05\/KBGF.057718.jpg 604w\" sizes=\"auto, (max-width: 300px) 100vw, 300px\" \/><\/a>\n\t\t\t<\/dt>\n\t\t\t\t<div class=\"gallery-caption__wrapper\"><dd class='wp-caption-text gallery-caption' id='gallery-1-2453'>\n\t\t\t\t7,5 Anti-aircraft gun m\/30, Bofors. Ready for delivery to A9 Karlsborg. \u00a9PublicDomain\n\t\t\t\t<\/dd><\/div><\/dl><dl class='gallery-item masonry-item'>\n\t\t\t<dt class='gallery-icon portrait'>\n\t\t\t\t<a data-fancybox=\"colibri-2448-c9-group\" href='https:\/\/kalixlinjen.se\/wp-content\/uploads\/2023\/05\/IMG_20230530_081655-scaled.jpg'><img loading=\"lazy\" decoding=\"async\"  width=\"225\" height=\"300\" src=\"https:\/\/kalixlinjen.se\/wp-content\/uploads\/2023\/05\/IMG_20230530_081655-225x300.jpg\"  class='colibri-2448-c9-image' alt=\"7,5 luftv\u00e4rnskanon m\/1939\" aria-describedby=\"gallery-1-3016\" srcset=\"https:\/\/kalixlinjen.se\/wp-content\/uploads\/2023\/05\/IMG_20230530_081655-225x300.jpg 225w, https:\/\/kalixlinjen.se\/wp-content\/uploads\/2023\/05\/IMG_20230530_081655-768x1024.jpg 768w, https:\/\/kalixlinjen.se\/wp-content\/uploads\/2023\/05\/IMG_20230530_081655-1152x1536.jpg 1152w, https:\/\/kalixlinjen.se\/wp-content\/uploads\/2023\/05\/IMG_20230530_081655-1536x2048.jpg 1536w, https:\/\/kalixlinjen.se\/wp-content\/uploads\/2023\/05\/IMG_20230530_081655-scaled.jpg 1920w\" sizes=\"auto, (max-width: 225px) 100vw, 225px\" \/><\/a>\n\t\t\t<\/dt>\n\t\t\t\t<div class=\"gallery-caption__wrapper\"><dd class='wp-caption-text gallery-caption' id='gallery-1-3016'>\n\t\t\t\t7,5 Anti-aircraft gun m\/1930\n\t\t\t\t<\/dd><\/div><\/dl><dl class='gallery-item masonry-item'>\n\t\t\t<dt class='gallery-icon portrait'>\n\t\t\t\t<a data-fancybox=\"colibri-2448-c9-group\" href='https:\/\/kalixlinjen.se\/wp-content\/uploads\/2023\/05\/IMG_20230530_081703-scaled.jpg'><img loading=\"lazy\" decoding=\"async\"  width=\"225\" height=\"300\" src=\"https:\/\/kalixlinjen.se\/wp-content\/uploads\/2023\/05\/IMG_20230530_081703-225x300.jpg\"  class='colibri-2448-c9-image' alt=\"7,5 luftv\u00e4rnskanon m\/1939\" aria-describedby=\"gallery-1-3017\" srcset=\"https:\/\/kalixlinjen.se\/wp-content\/uploads\/2023\/05\/IMG_20230530_081703-225x300.jpg 225w, https:\/\/kalixlinjen.se\/wp-content\/uploads\/2023\/05\/IMG_20230530_081703-768x1024.jpg 768w, https:\/\/kalixlinjen.se\/wp-content\/uploads\/2023\/05\/IMG_20230530_081703-1152x1536.jpg 1152w, https:\/\/kalixlinjen.se\/wp-content\/uploads\/2023\/05\/IMG_20230530_081703-1536x2048.jpg 1536w, https:\/\/kalixlinjen.se\/wp-content\/uploads\/2023\/05\/IMG_20230530_081703-scaled.jpg 1920w\" sizes=\"auto, (max-width: 225px) 100vw, 225px\" \/><\/a>\n\t\t\t<\/dt>\n\t\t\t\t<div class=\"gallery-caption__wrapper\"><dd class='wp-caption-text gallery-caption' id='gallery-1-3017'>\n\t\t\t\t7,5 Anti-aircraft gun m\/1930\n\t\t\t\t<\/dd><\/div><\/dl><dl class='gallery-item masonry-item'>\n\t\t\t<dt class='gallery-icon portrait'>\n\t\t\t\t<a data-fancybox=\"colibri-2448-c9-group\" href='https:\/\/kalixlinjen.se\/wp-content\/uploads\/2023\/05\/IMG_20230530_081713-scaled.jpg'><img loading=\"lazy\" decoding=\"async\"  width=\"225\" height=\"300\" src=\"https:\/\/kalixlinjen.se\/wp-content\/uploads\/2023\/05\/IMG_20230530_081713-225x300.jpg\"  class='colibri-2448-c9-image' alt=\"7,5 luftv\u00e4rnskanon m\/1939\" aria-describedby=\"gallery-1-3018\" srcset=\"https:\/\/kalixlinjen.se\/wp-content\/uploads\/2023\/05\/IMG_20230530_081713-225x300.jpg 225w, https:\/\/kalixlinjen.se\/wp-content\/uploads\/2023\/05\/IMG_20230530_081713-768x1024.jpg 768w, https:\/\/kalixlinjen.se\/wp-content\/uploads\/2023\/05\/IMG_20230530_081713-1152x1536.jpg 1152w, https:\/\/kalixlinjen.se\/wp-content\/uploads\/2023\/05\/IMG_20230530_081713-1536x2048.jpg 1536w, https:\/\/kalixlinjen.se\/wp-content\/uploads\/2023\/05\/IMG_20230530_081713-scaled.jpg 1920w\" sizes=\"auto, (max-width: 225px) 100vw, 225px\" \/><\/a>\n\t\t\t<\/dt>\n\t\t\t\t<div class=\"gallery-caption__wrapper\"><dd class='wp-caption-text gallery-caption' id='gallery-1-3018'>\n\t\t\t\t7,5 Anti-aircraft gun m\/1930\n\t\t\t\t<\/dd><\/div><\/dl>\n\t\t\t\n\t\t<\/div>\n<style>#colibri-2448-c9 .wp-caption-text.gallery-caption{display:none;}<\/style><\/div><\/div>\n                <\/div>\n              <\/div>\n            <\/div>\n          <\/div>\n        <\/div>\n      <\/div>\n      <div data-colibri-id=\"2448-c10\" class=\"h-row-container gutters-row-lg-2 gutters-row-md-2 gutters-row-0 gutters-row-v-lg-2 gutters-row-v-md-2 gutters-row-v-2 style-2047 style-local-2448-c10 position-relative\">\n        <!---->\n        <div class=\"h-row justify-content-lg-center justify-content-md-center justify-content-center align-items-lg-stretch align-items-md-stretch align-items-stretch gutters-col-lg-2 gutters-col-md-2 gutters-col-0 gutters-col-v-lg-2 gutters-col-v-md-2 gutters-col-v-2\">\n          <!---->\n          <div class=\"h-column h-column-container d-flex h-col-lg-auto h-col-md-auto h-col-auto style-2048-outer style-local-2448-c11-outer\">\n            <div data-colibri-id=\"2448-c11\" class=\"d-flex h-flex-basis h-column__inner h-px-lg-2 h-px-md-2 h-px-2 v-inner-lg-2 v-inner-md-2 v-inner-2 style-2048 style-local-2448-c11 position-relative\">\n              <!---->\n              <!---->\n              <div class=\"w-100 h-y-container h-column__content h-column__v-align flex-basis-100 align-self-lg-start align-self-md-start align-self-start\">\n                <!---->\n                <div data-colibri-id=\"2448-c12\" class=\"h-text h-text-component style-2049 style-local-2448-c12 position-relative h-element\">\n                  <!---->\n                  <!---->\n                  <div class=\"\">\n                    <p>7,5 cm luftv\u00e4rnskanon m\/30\n                      <br>\n                      <br>Manufacturer\n                      <br>Bofors<\/p>\n                    <p>Weight\n                      <br>3750 kg&nbsp;<\/p>\n                    <p>Effective range\n                      <br>6000 m<\/p>\n                    <p>Maximum range\n                      <br>14500 m&nbsp;<\/p>\n                    <p>Maximum altitude&nbsp;\n                      <br>9400 m&nbsp;<\/p>\n                    <p>Length\n                      <br>590 cm&nbsp;<\/p>\n                    <p>Muzzle velocity\n                      <br>750 m\/s<\/p>\n                    <p>Rate of fire\n                      <br>25 rounds\/minute<\/p>\n                  <\/div>\n                <\/div>\n              <\/div>\n            <\/div>\n          <\/div>\n          <div class=\"h-column h-column-container d-flex h-col-lg-auto h-col-md-auto h-col-auto style-2050-outer style-local-2448-c13-outer\">\n            <div data-colibri-id=\"2448-c13\" class=\"d-flex h-flex-basis h-column__inner h-ui-empty-state-container h-px-lg-2 h-px-md-2 h-px-2 v-inner-lg-2 v-inner-md-2 v-inner-2 style-2050 style-local-2448-c13 position-relative\">\n              <!---->\n              <!---->\n              <div class=\"w-100 h-y-container h-column__content h-column__v-align flex-basis-100\">\n                <!---->\n              <\/div>\n            <\/div>\n          <\/div>\n        <\/div>\n      <\/div>\n    <\/div>\n  <\/div>\n<\/div>","protected":false},"excerpt":{"rendered":"<p>7,5 CM LVKAN M\/1930 7,5 CM LUFTV\u00c4RNSKANON M\/1930 7,5 cm luftv\u00e4rnskanon m\/30, med sikte m\/30.&nbsp; Togs i bruk 1930.&nbsp; Monterades p\u00e5 olika lavetter (kanonst\u00f6d), beroende p\u00e5 vad den skulle anv\u00e4ndas till.&nbsp; En stadig pj\u00e4s med rej\u00e4l r\u00e4ckvidd och spr\u00e4ngkraft!&nbsp; 7,5 cm luftv\u00e4rnskanon m\/30 Tillverkare Bofors Vikt 3750 kg&nbsp; Skottvidd (praktisk) 6000 m Skottvidd (maximalt) 14500 [&hellip;]<\/p>\n","protected":false},"author":1,"featured_media":0,"parent":0,"menu_order":0,"comment_status":"closed","ping_status":"closed","template":"page-templates\/full-width-page.php","meta":{"_kadence_starter_templates_imported_post":false,"footnotes":""},"class_list":["post-2448","page","type-page","status-publish","hentry"],"yoast_head":"<!-- This site is optimized with the Yoast SEO plugin v27.5 - https:\/\/yoast.com\/product\/yoast-seo-wordpress\/ -->\n<title>7,5 CM LUFTV\u00c4RNSKANON M\/1930 - Kalixlinjens museum<\/title>\n<meta name=\"robots\" content=\"index, follow, max-snippet:-1, max-image-preview:large, max-video-preview:-1\" \/>\n<link rel=\"canonical\" href=\"https:\/\/kalixlinjen.se\/en\/7-5-cm-luftvarnskanon-m-1930\/\" \/>\n<meta property=\"og:locale\" content=\"en_GB\" \/>\n<meta property=\"og:type\" content=\"article\" \/>\n<meta property=\"og:title\" content=\"7,5 CM LUFTV\u00c4RNSKANON M\/1930 - Kalixlinjens museum\" \/>\n<meta property=\"og:description\" content=\"7,5 CM LVKAN M\/1930 7,5 CM LUFTV\u00c4RNSKANON M\/1930 7,5 cm luftv\u00e4rnskanon m\/30, med sikte m\/30.&nbsp; Togs i bruk 1930.&nbsp; Monterades p\u00e5 olika lavetter (kanonst\u00f6d), beroende p\u00e5 vad den skulle anv\u00e4ndas till.&nbsp; En stadig pj\u00e4s med rej\u00e4l r\u00e4ckvidd och spr\u00e4ngkraft!&nbsp; 7,5 cm luftv\u00e4rnskanon m\/30 Tillverkare Bofors Vikt 3750 kg&nbsp; Skottvidd (praktisk) 6000 m Skottvidd (maximalt) 14500 [&hellip;]\" \/>\n<meta property=\"og:url\" content=\"https:\/\/kalixlinjen.se\/en\/7-5-cm-luftvarnskanon-m-1930\/\" \/>\n<meta property=\"og:site_name\" content=\"Kalixlinjens museum\" \/>\n<meta property=\"article:publisher\" content=\"https:\/\/www.facebook.com\/kalixlinjensmuseum\" \/>\n<meta property=\"article:modified_time\" content=\"2024-10-21T11:51:39+00:00\" \/>\n<meta name=\"twitter:card\" content=\"summary_large_image\" \/>\n<meta name=\"twitter:label1\" content=\"Estimated reading time\" \/>\n\t<meta name=\"twitter:data1\" content=\"1 minute\" \/>\n<script type=\"application\/ld+json\" class=\"yoast-schema-graph\">{\"@context\":\"https:\\\/\\\/schema.org\",\"@graph\":[{\"@type\":\"WebPage\",\"@id\":\"https:\\\/\\\/kalixlinjen.se\\\/7-5-cm-luftvarnskanon-m-1930\\\/\",\"url\":\"https:\\\/\\\/kalixlinjen.se\\\/7-5-cm-luftvarnskanon-m-1930\\\/\",\"name\":\"7,5 CM LUFTV\u00c4RNSKANON M\\\/1930 - Kalixlinjens museum\",\"isPartOf\":{\"@id\":\"https:\\\/\\\/kalixlinjen.se\\\/#website\"},\"datePublished\":\"2023-05-25T07:08:36+00:00\",\"dateModified\":\"2024-10-21T11:51:39+00:00\",\"breadcrumb\":{\"@id\":\"https:\\\/\\\/kalixlinjen.se\\\/7-5-cm-luftvarnskanon-m-1930\\\/#breadcrumb\"},\"inLanguage\":\"en-GB\",\"potentialAction\":[{\"@type\":\"ReadAction\",\"target\":[\"https:\\\/\\\/kalixlinjen.se\\\/7-5-cm-luftvarnskanon-m-1930\\\/\"]}]},{\"@type\":\"BreadcrumbList\",\"@id\":\"https:\\\/\\\/kalixlinjen.se\\\/7-5-cm-luftvarnskanon-m-1930\\\/#breadcrumb\",\"itemListElement\":[{\"@type\":\"ListItem\",\"position\":1,\"name\":\"Hem\",\"item\":\"https:\\\/\\\/kalixlinjen.se\\\/\"},{\"@type\":\"ListItem\",\"position\":2,\"name\":\"7,5 CM LUFTV\u00c4RNSKANON M\\\/1930\"}]},{\"@type\":\"WebSite\",\"@id\":\"https:\\\/\\\/kalixlinjen.se\\\/#website\",\"url\":\"https:\\\/\\\/kalixlinjen.se\\\/\",\"name\":\"Kalixlinjens museum\",\"description\":\"St\u00f6rst och hemligast!\",\"publisher\":{\"@id\":\"https:\\\/\\\/kalixlinjen.se\\\/#organization\"},\"potentialAction\":[{\"@type\":\"SearchAction\",\"target\":{\"@type\":\"EntryPoint\",\"urlTemplate\":\"https:\\\/\\\/kalixlinjen.se\\\/?s={search_term_string}\"},\"query-input\":{\"@type\":\"PropertyValueSpecification\",\"valueRequired\":true,\"valueName\":\"search_term_string\"}}],\"inLanguage\":\"en-GB\"},{\"@type\":\"Organization\",\"@id\":\"https:\\\/\\\/kalixlinjen.se\\\/#organization\",\"name\":\"Kalixlinjens museum\",\"url\":\"https:\\\/\\\/kalixlinjen.se\\\/\",\"logo\":{\"@type\":\"ImageObject\",\"inLanguage\":\"en-GB\",\"@id\":\"https:\\\/\\\/kalixlinjen.se\\\/#\\\/schema\\\/logo\\\/image\\\/\",\"url\":\"https:\\\/\\\/kalixlinjen.se\\\/wp-content\\\/uploads\\\/2022\\\/11\\\/cropped-cropped-cropped-cropped-loggo.png\",\"contentUrl\":\"https:\\\/\\\/kalixlinjen.se\\\/wp-content\\\/uploads\\\/2022\\\/11\\\/cropped-cropped-cropped-cropped-loggo.png\",\"width\":512,\"height\":512,\"caption\":\"Kalixlinjens museum\"},\"image\":{\"@id\":\"https:\\\/\\\/kalixlinjen.se\\\/#\\\/schema\\\/logo\\\/image\\\/\"},\"sameAs\":[\"https:\\\/\\\/www.facebook.com\\\/kalixlinjensmuseum\",\"https:\\\/\\\/www.instagram.com\\\/kalixlinjens_museum\\\/\"]}]}<\/script>\n<!-- \/ Yoast SEO plugin. -->","yoast_head_json":{"title":"7,5 CM LUFTV\u00c4RNSKANON M\/1930 - Kalixlinjens museum","robots":{"index":"index","follow":"follow","max-snippet":"max-snippet:-1","max-image-preview":"max-image-preview:large","max-video-preview":"max-video-preview:-1"},"canonical":"https:\/\/kalixlinjen.se\/en\/7-5-cm-luftvarnskanon-m-1930\/","og_locale":"en_GB","og_type":"article","og_title":"7,5 CM LUFTV\u00c4RNSKANON M\/1930 - Kalixlinjens museum","og_description":"7,5 CM LVKAN M\/1930 7,5 CM LUFTV\u00c4RNSKANON M\/1930 7,5 cm luftv\u00e4rnskanon m\/30, med sikte m\/30.&nbsp; Togs i bruk 1930.&nbsp; Monterades p\u00e5 olika lavetter (kanonst\u00f6d), beroende p\u00e5 vad den skulle anv\u00e4ndas till.&nbsp; En stadig pj\u00e4s med rej\u00e4l r\u00e4ckvidd och spr\u00e4ngkraft!&nbsp; 7,5 cm luftv\u00e4rnskanon m\/30 Tillverkare Bofors Vikt 3750 kg&nbsp; Skottvidd (praktisk) 6000 m Skottvidd (maximalt) 14500 [&hellip;]","og_url":"https:\/\/kalixlinjen.se\/en\/7-5-cm-luftvarnskanon-m-1930\/","og_site_name":"Kalixlinjens museum","article_publisher":"https:\/\/www.facebook.com\/kalixlinjensmuseum","article_modified_time":"2024-10-21T11:51:39+00:00","twitter_card":"summary_large_image","twitter_misc":{"Estimated reading time":"1 minute"},"schema":{"@context":"https:\/\/schema.org","@graph":[{"@type":"WebPage","@id":"https:\/\/kalixlinjen.se\/7-5-cm-luftvarnskanon-m-1930\/","url":"https:\/\/kalixlinjen.se\/7-5-cm-luftvarnskanon-m-1930\/","name":"7,5 CM LUFTV\u00c4RNSKANON M\/1930 - Kalixlinjens museum","isPartOf":{"@id":"https:\/\/kalixlinjen.se\/#website"},"datePublished":"2023-05-25T07:08:36+00:00","dateModified":"2024-10-21T11:51:39+00:00","breadcrumb":{"@id":"https:\/\/kalixlinjen.se\/7-5-cm-luftvarnskanon-m-1930\/#breadcrumb"},"inLanguage":"en-GB","potentialAction":[{"@type":"ReadAction","target":["https:\/\/kalixlinjen.se\/7-5-cm-luftvarnskanon-m-1930\/"]}]},{"@type":"BreadcrumbList","@id":"https:\/\/kalixlinjen.se\/7-5-cm-luftvarnskanon-m-1930\/#breadcrumb","itemListElement":[{"@type":"ListItem","position":1,"name":"Hem","item":"https:\/\/kalixlinjen.se\/"},{"@type":"ListItem","position":2,"name":"7,5 CM LUFTV\u00c4RNSKANON M\/1930"}]},{"@type":"WebSite","@id":"https:\/\/kalixlinjen.se\/#website","url":"https:\/\/kalixlinjen.se\/","name":"The Kalix line museum","description":"St\u00f6rst och hemligast!","publisher":{"@id":"https:\/\/kalixlinjen.se\/#organization"},"potentialAction":[{"@type":"SearchAction","target":{"@type":"EntryPoint","urlTemplate":"https:\/\/kalixlinjen.se\/?s={search_term_string}"},"query-input":{"@type":"PropertyValueSpecification","valueRequired":true,"valueName":"search_term_string"}}],"inLanguage":"en-GB"},{"@type":"Organization","@id":"https:\/\/kalixlinjen.se\/#organization","name":"The Kalix line museum","url":"https:\/\/kalixlinjen.se\/","logo":{"@type":"ImageObject","inLanguage":"en-GB","@id":"https:\/\/kalixlinjen.se\/#\/schema\/logo\/image\/","url":"https:\/\/kalixlinjen.se\/wp-content\/uploads\/2022\/11\/cropped-cropped-cropped-cropped-loggo.png","contentUrl":"https:\/\/kalixlinjen.se\/wp-content\/uploads\/2022\/11\/cropped-cropped-cropped-cropped-loggo.png","width":512,"height":512,"caption":"Kalixlinjens museum"},"image":{"@id":"https:\/\/kalixlinjen.se\/#\/schema\/logo\/image\/"},"sameAs":["https:\/\/www.facebook.com\/kalixlinjensmuseum","https:\/\/www.instagram.com\/kalixlinjens_museum\/"]}]}},"_links":{"self":[{"href":"https:\/\/kalixlinjen.se\/en\/wp-json\/wp\/v2\/pages\/2448","targetHints":{"allow":["GET"]}}],"collection":[{"href":"https:\/\/kalixlinjen.se\/en\/wp-json\/wp\/v2\/pages"}],"about":[{"href":"https:\/\/kalixlinjen.se\/en\/wp-json\/wp\/v2\/types\/page"}],"author":[{"embeddable":true,"href":"https:\/\/kalixlinjen.se\/en\/wp-json\/wp\/v2\/users\/1"}],"replies":[{"embeddable":true,"href":"https:\/\/kalixlinjen.se\/en\/wp-json\/wp\/v2\/comments?post=2448"}],"version-history":[{"count":10,"href":"https:\/\/kalixlinjen.se\/en\/wp-json\/wp\/v2\/pages\/2448\/revisions"}],"predecessor-version":[{"id":5205,"href":"https:\/\/kalixlinjen.se\/en\/wp-json\/wp\/v2\/pages\/2448\/revisions\/5205"}],"wp:attachment":[{"href":"https:\/\/kalixlinjen.se\/en\/wp-json\/wp\/v2\/media?parent=2448"}],"curies":[{"name":"wp","href":"https:\/\/api.w.org\/{rel}","templated":true}]}}