{"id":2431,"date":"2023-05-24T13:10:41","date_gmt":"2023-05-24T13:10:41","guid":{"rendered":"https:\/\/kalixlinjen.se\/?page_id=2431"},"modified":"2024-10-21T12:55:09","modified_gmt":"2024-10-21T12:55:09","slug":"hkp-6","status":"publish","type":"page","link":"https:\/\/kalixlinjen.se\/en\/hkp-6\/","title":{"rendered":"HKP 6"},"content":{"rendered":"<div data-colibri-id=\"2431-c1\" class=\"style-2017 style-local-2431-c1 position-relative\">\n  <!---->\n  <div data-colibri-component=\"section\" data-colibri-id=\"2431-c2\" id=\"reusable-sections\" class=\"h-section h-section-global-spacing d-flex align-items-lg-center align-items-md-center align-items-center style-2018 style-local-2431-c2 position-relative\">\n    <!---->\n    <!---->\n    <div class=\"h-section-grid-container h-section-boxed-container\">\n      <div data-colibri-id=\"2431-c14\" class=\"h-row-container gutters-row-lg-2 gutters-row-md-2 gutters-row-2 gutters-row-v-lg-2 gutters-row-v-md-2 gutters-row-v-2 style-2032 style-local-2431-c14 position-relative\">\n        <!---->\n        <div class=\"h-row justify-content-lg-center justify-content-md-center justify-content-center align-items-lg-stretch align-items-md-stretch align-items-stretch gutters-col-lg-2 gutters-col-md-2 gutters-col-2 gutters-col-v-lg-2 gutters-col-v-md-2 gutters-col-v-2\">\n          <!---->\n          <div class=\"h-column h-column-container d-flex h-col-lg-auto h-col-md-auto h-col-auto style-2033-outer style-local-2431-c15-outer\">\n            <div data-colibri-id=\"2431-c15\" class=\"d-flex h-flex-basis h-column__inner h-px-lg-2 h-px-md-2 h-px-2 v-inner-lg-2 v-inner-md-2 v-inner-2 style-2033 style-local-2431-c15 position-relative\">\n              <!---->\n              <!---->\n              <div class=\"w-100 h-y-container h-column__content h-column__v-align flex-basis-100 align-self-lg-start align-self-md-start align-self-start\">\n                <!---->\n                <div data-colibri-id=\"2431-c16\" class=\"h-global-transition-all h-heading style-2034 style-local-2431-c16 position-relative h-element\">\n                  <!---->\n                  <div class=\"h-heading__outer style-2034 style-local-2431-c16\">\n                    <!---->\n                    <!---->\n                    <h1 class=\"\">HKP6A AGUSTA BELL 206<\/h1>\n                  <\/div>\n                <\/div>\n                <div data-colibri-id=\"2431-c18\" class=\"h-global-transition-all h-heading style-2733 style-local-2431-c18 position-relative h-element\">\n                  <!---->\n                  <div class=\"h-heading__outer style-2733 style-local-2431-c18\">\n                    <!---->\n                    <!---->\n                    <h4 class=\"\">HELIKOPTER 6a AUGUSTA BELL 206<\/h4>\n                  <\/div>\n                <\/div>\n              <\/div>\n            <\/div>\n          <\/div>\n        <\/div>\n      <\/div>\n      <div data-colibri-id=\"2431-c3\" class=\"h-row-container gutters-row-lg-2 gutters-row-md-2 gutters-row-0 gutters-row-v-lg-2 gutters-row-v-md-2 gutters-row-v-2 style-2019 style-local-2431-c3 position-relative\">\n        <!---->\n        <div class=\"h-row justify-content-lg-center justify-content-md-center justify-content-center align-items-lg-stretch align-items-md-stretch align-items-stretch gutters-col-lg-2 gutters-col-md-2 gutters-col-0 gutters-col-v-lg-2 gutters-col-v-md-2 gutters-col-v-2\">\n          <!---->\n          <div class=\"h-column h-column-container d-flex h-col-lg-auto h-col-md-auto h-col-auto style-2020-outer style-local-2431-c4-outer\">\n            <div data-colibri-id=\"2431-c4\" class=\"d-flex h-flex-basis h-column__inner h-px-lg-2 h-px-md-2 h-px-2 v-inner-lg-2 v-inner-md-2 v-inner-2 style-2020 style-local-2431-c4 position-relative\">\n              <!---->\n              <!---->\n              <div class=\"w-100 h-y-container h-column__content h-column__v-align flex-basis-100 align-self-lg-start align-self-md-start align-self-start\">\n                <!---->\n                <div data-colibri-id=\"2431-c5\" class=\"h-text h-text-component style-2021 style-local-2431-c5 position-relative h-element\">\n                  <!---->\n                  <!---->\n                  <div class=\"\">\n                    <p>The light, two-bladed, single-engine helicopter HKP 6 was introduced in the late 1960s, replacing the older HKP 2 model.&nbsp;<\/p>\n                    <p><span style=\"color: rgb(23, 37, 42); font-family: Questrial; font-size: 20px; font-weight: 400;\">Helicopters are highly versatile tools, useful for medical evacuations, rescue operations, and rapid transport of personnel and equipment.<\/span>\n                      <br><span style=\"color: rgb(23, 37, 42); font-family: Questrial; font-size: 20px; font-weight: 400;\">The HKP 6 was primarily used for light transport, training, communications, reconnaissance, and tactical flight training.&nbsp;<\/span><\/p>\n                    <p>There were two versions of the HKP 6: the HKP 6A for the Army, and the HKP 6B for the Navy.&nbsp;\n                      <br>Army required the helicopter to be capable of transporting three fully equipped soldiers over 300 kilometers, with a fuel reserve.\n                      <br>The Navy, on the other hand, required a flight endurance of 1.5 hours, with 300 kg of cargo, two pilots, and a fuel reserve.&nbsp;\n                      <br>The museum's model is an HKP 6A.&nbsp;<\/p>\n                    <p>The helicopter model itself was developed in the USA, where it is known under the civilian designation Bell 206.<\/p>\n                    <p>The HKP 6s acquired by Sweden were produced under license by the Italian company Agusta.&nbsp;\n                      <br>A total of 32 units were purchased.&nbsp;<\/p>\n                    <p>The HKP 6 remained in service until the early 2000s.&nbsp;<\/p>\n                    <p>The museum's exhibit, no. 68, was involved in an accident in 1984.\n                      <br>During a landing north of T\u00e4rend\u00f6, the helicopter tipped over, and the main rotor blade struck the cabin, resulting in one fatality. The helicopter was later repaired and remained in service until 2001.&nbsp;<\/p>\n                    <p>\n                      <br>\n                    <\/p>\n                  <\/div>\n                <\/div>\n              <\/div>\n            <\/div>\n          <\/div>\n          <div class=\"h-column h-column-container d-flex h-col-lg-auto h-col-md-auto h-col-auto style-2022-outer style-local-2431-c6-outer\">\n            <div data-colibri-id=\"2431-c6\" class=\"d-flex h-flex-basis h-column__inner h-ui-empty-state-container h-px-lg-2 h-px-md-2 h-px-2 v-inner-lg-2 v-inner-md-2 v-inner-2 style-2022 style-local-2431-c6 position-relative\">\n              <!---->\n              <!---->\n              <div class=\"w-100 h-y-container h-column__content h-column__v-align flex-basis-100\">\n                <!---->\n              <\/div>\n            <\/div>\n          <\/div>\n        <\/div>\n      <\/div>\n      <div data-colibri-id=\"2431-c7\" class=\"h-row-container gutters-row-lg-2 gutters-row-md-2 gutters-row-0 gutters-row-v-lg-2 gutters-row-v-md-2 gutters-row-v-2 style-2025 style-local-2431-c7 position-relative\">\n        <!---->\n        <div class=\"h-row justify-content-lg-center justify-content-md-center justify-content-center align-items-lg-stretch align-items-md-stretch align-items-stretch gutters-col-lg-2 gutters-col-md-2 gutters-col-0 gutters-col-v-lg-2 gutters-col-v-md-2 gutters-col-v-2\">\n          <!---->\n          <div class=\"h-column h-column-container d-flex h-col-lg-auto h-col-md-auto h-col-auto style-2026-outer style-local-2431-c8-outer\">\n            <div data-colibri-id=\"2431-c8\" class=\"d-flex h-flex-basis h-column__inner h-px-lg-2 h-px-md-2 h-px-2 v-inner-lg-2 v-inner-md-2 v-inner-2 style-2026 style-local-2431-c8 position-relative\">\n              <!---->\n              <!---->\n              <div class=\"w-100 h-y-container h-column__content h-column__v-align flex-basis-100 align-self-lg-start align-self-md-start align-self-start\">\n                <!---->\n                <div data-colibri-component=\"\" data-colibri-id=\"2431-c9\" class=\"h-photo-gallery margin-none caption-displayTrue caption-vertical-align-top style-2027 style-local-2431-c9 h-overflow-hidden position-relative h-element\">\n                  <!---->\n                  <div class=\"h-global-transition-all\"><div id='colibri-2431-c9' class='gallery-wrapper'>    <style type=\"text\/css\">\n\n        @media (min-width: 1023px) {        #colibri-2431-c9        dl {\n            float: left;\n            width: 25% !important;\n            max-width: 25% !important;\n            min-width: 25% !important;\n        }\n\n        #colibri-2431-c9        dl:nth-of-type(4n +1 ) {\n            clear: both;\n        }\n\n        }@media (min-width: 768px) and (max-width: 1023px) {        #colibri-2431-c9        dl {\n            float: left;\n            width: 25% !important;\n            max-width: 25% !important;\n            min-width: 25% !important;\n        }\n\n        #colibri-2431-c9        dl:nth-of-type(4n +1 ) {\n            clear: both;\n        }\n\n        }@media (max-width: 767px) {        #colibri-2431-c9        dl {\n            float: left;\n            width: 50% !important;\n            max-width: 50% !important;\n            min-width: 50% !important;\n        }\n\n        #colibri-2431-c9        dl:nth-of-type(2n +1 ) {\n            clear: both;\n        }\n\n        }\n        #colibri-2431-c9        .gallery-item {\n            position: relative;\n        }\n\n        \n    <\/style>\n    <div   class='colibri-2431-c9-dls-wrapper gallery-items-wrapper' ><dl class='gallery-item masonry-item'>\n\t\t\t<dt class='gallery-icon landscape'>\n\t\t\t\t<a data-fancybox=\"colibri-2431-c9-group\" href='https:\/\/kalixlinjen.se\/wp-content\/uploads\/2024\/09\/IMG_20220929_120253-scaled.jpg'><img loading=\"lazy\" decoding=\"async\"  width=\"300\" height=\"225\" src=\"https:\/\/kalixlinjen.se\/wp-content\/uploads\/2024\/09\/IMG_20220929_120253-300x225.jpg\"  class='colibri-2431-c9-image' alt=\"\" srcset=\"https:\/\/kalixlinjen.se\/wp-content\/uploads\/2024\/09\/IMG_20220929_120253-300x225.jpg 300w, https:\/\/kalixlinjen.se\/wp-content\/uploads\/2024\/09\/IMG_20220929_120253-1024x768.jpg 1024w, https:\/\/kalixlinjen.se\/wp-content\/uploads\/2024\/09\/IMG_20220929_120253-768x576.jpg 768w, https:\/\/kalixlinjen.se\/wp-content\/uploads\/2024\/09\/IMG_20220929_120253-1536x1152.jpg 1536w, https:\/\/kalixlinjen.se\/wp-content\/uploads\/2024\/09\/IMG_20220929_120253-2048x1536.jpg 2048w\" sizes=\"auto, (max-width: 300px) 100vw, 300px\" \/><\/a>\n\t\t\t<\/dt><\/dl><dl class='gallery-item masonry-item'>\n\t\t\t<dt class='gallery-icon landscape'>\n\t\t\t\t<a data-fancybox=\"colibri-2431-c9-group\" href='https:\/\/kalixlinjen.se\/wp-content\/uploads\/2022\/11\/cropped-cropped-IMG_20220929_120159-scaled-1-e1725438136803.jpg'><img loading=\"lazy\" decoding=\"async\"  width=\"300\" height=\"212\" src=\"https:\/\/kalixlinjen.se\/wp-content\/uploads\/2022\/11\/cropped-cropped-IMG_20220929_120159-scaled-1-e1725438136803-300x212.jpg\"  class='colibri-2431-c9-image' alt=\"\" srcset=\"https:\/\/kalixlinjen.se\/wp-content\/uploads\/2022\/11\/cropped-cropped-IMG_20220929_120159-scaled-1-e1725438136803-300x212.jpg 300w, https:\/\/kalixlinjen.se\/wp-content\/uploads\/2022\/11\/cropped-cropped-IMG_20220929_120159-scaled-1-e1725438136803-1024x724.jpg 1024w, https:\/\/kalixlinjen.se\/wp-content\/uploads\/2022\/11\/cropped-cropped-IMG_20220929_120159-scaled-1-e1725438136803-768x543.jpg 768w, https:\/\/kalixlinjen.se\/wp-content\/uploads\/2022\/11\/cropped-cropped-IMG_20220929_120159-scaled-1-e1725438136803-1536x1085.jpg 1536w, https:\/\/kalixlinjen.se\/wp-content\/uploads\/2022\/11\/cropped-cropped-IMG_20220929_120159-scaled-1-e1725438136803.jpg 1554w\" sizes=\"auto, (max-width: 300px) 100vw, 300px\" \/><\/a>\n\t\t\t<\/dt><\/dl><dl class='gallery-item masonry-item'>\n\t\t\t<dt class='gallery-icon landscape'>\n\t\t\t\t<a data-fancybox=\"colibri-2431-c9-group\" href='https:\/\/kalixlinjen.se\/wp-content\/uploads\/2024\/09\/IMG_20220929_120220-scaled-e1725438107452.jpg'><img loading=\"lazy\" decoding=\"async\"  width=\"300\" height=\"202\" src=\"https:\/\/kalixlinjen.se\/wp-content\/uploads\/2024\/09\/IMG_20220929_120220-scaled-e1725438107452-300x202.jpg\"  class='colibri-2431-c9-image' alt=\"Helikopter 6\" srcset=\"https:\/\/kalixlinjen.se\/wp-content\/uploads\/2024\/09\/IMG_20220929_120220-scaled-e1725438107452-300x202.jpg 300w, https:\/\/kalixlinjen.se\/wp-content\/uploads\/2024\/09\/IMG_20220929_120220-scaled-e1725438107452-1024x689.jpg 1024w, https:\/\/kalixlinjen.se\/wp-content\/uploads\/2024\/09\/IMG_20220929_120220-scaled-e1725438107452-768x517.jpg 768w, https:\/\/kalixlinjen.se\/wp-content\/uploads\/2024\/09\/IMG_20220929_120220-scaled-e1725438107452-1536x1034.jpg 1536w, https:\/\/kalixlinjen.se\/wp-content\/uploads\/2024\/09\/IMG_20220929_120220-scaled-e1725438107452.jpg 1920w\" sizes=\"auto, (max-width: 300px) 100vw, 300px\" \/><\/a>\n\t\t\t<\/dt><\/dl>\n\t\t\t\n\t\t<\/div>\n<style>#colibri-2431-c9 .wp-caption-text.gallery-caption{display:none;}<\/style><\/div><\/div>\n                <\/div>\n              <\/div>\n            <\/div>\n          <\/div>\n        <\/div>\n      <\/div>\n      <div data-colibri-id=\"2431-c10\" class=\"h-row-container gutters-row-lg-2 gutters-row-md-2 gutters-row-0 gutters-row-v-lg-2 gutters-row-v-md-2 gutters-row-v-2 style-2028 style-local-2431-c10 position-relative\">\n        <!---->\n        <div class=\"h-row justify-content-lg-center justify-content-md-center justify-content-center align-items-lg-stretch align-items-md-stretch align-items-stretch gutters-col-lg-2 gutters-col-md-2 gutters-col-0 gutters-col-v-lg-2 gutters-col-v-md-2 gutters-col-v-2\">\n          <!---->\n          <div class=\"h-column h-column-container d-flex h-col-lg-auto h-col-md-auto h-col-auto style-2029-outer style-local-2431-c11-outer\">\n            <div data-colibri-id=\"2431-c11\" class=\"d-flex h-flex-basis h-column__inner h-px-lg-2 h-px-md-2 h-px-2 v-inner-lg-2 v-inner-md-2 v-inner-2 style-2029 style-local-2431-c11 position-relative\">\n              <!---->\n              <!---->\n              <div class=\"w-100 h-y-container h-column__content h-column__v-align flex-basis-100 align-self-lg-start align-self-md-start align-self-start\">\n                <!---->\n                <div data-colibri-id=\"2431-c12\" class=\"h-text h-text-component style-2030 style-local-2431-c12 position-relative h-element\">\n                  <!---->\n                  <!---->\n                  <div class=\"\">\n                    <p>HKP 6A\n                      <br>Manufacturer\n                      <br>Bell Helicopter<\/p>\n                    <p>Crew\n                      <br>4+1<\/p>\n                    <p>Height\n                      <br>3,5 m&nbsp;<\/p>\n                    <p>Rotor diameter&nbsp;\n                      <br>10,2 m<\/p>\n                    <p>Length\n                      <br>8,7 m&nbsp;<\/p>\n                    <p>Weight (unloaded)&nbsp;\n                      <br>925kg<\/p>\n                    <p>Maximum takeoff weight\n                      <br>1500 kg<\/p>\n                    <p>Maximum speed&nbsp;\n                      <br>165 km\/h<\/p>\n                    <p>Transport range\n                      <br>330 km<\/p>\n                    <p>\n                      <br>\n                    <\/p>\n                  <\/div>\n                <\/div>\n              <\/div>\n            <\/div>\n          <\/div>\n          <div class=\"h-column h-column-container d-flex h-col-lg-auto h-col-md-auto h-col-auto style-2031-outer style-local-2431-c13-outer\">\n            <div data-colibri-id=\"2431-c13\" class=\"d-flex h-flex-basis h-column__inner h-ui-empty-state-container h-px-lg-2 h-px-md-2 h-px-2 v-inner-lg-2 v-inner-md-2 v-inner-2 style-2031 style-local-2431-c13 position-relative\">\n              <!---->\n              <!---->\n              <div class=\"w-100 h-y-container h-column__content h-column__v-align flex-basis-100\">\n                <!---->\n              <\/div>\n            <\/div>\n          <\/div>\n        <\/div>\n      <\/div>\n    <\/div>\n  <\/div>\n<\/div>","protected":false},"excerpt":{"rendered":"<p>HKP6A AGUSTA BELL 206 HELIKOPTER 6a AUGUSTA BELL 206 Den l\u00e4tta tv\u00e5bladiga, enmotoriga helikoptern HKP 6, b\u00f6rjade levereras i slutet av 1960talet, och ersatte HKP2.&nbsp; En helikopter \u00e4r ett mycket anv\u00e4ndbart verktyg, och kunde anv\u00e4ndas till sjuktransporter, r\u00e4ddningsaktioner, snabba transporter av personal och materiel. Fr\u00e4mst anv\u00e4ndes den l\u00e4tta HKP 6 f\u00f6r l\u00e4tt transport, utbildning, samband, [&hellip;]<\/p>\n","protected":false},"author":1,"featured_media":0,"parent":0,"menu_order":0,"comment_status":"closed","ping_status":"closed","template":"page-templates\/full-width-page.php","meta":{"_kadence_starter_templates_imported_post":false,"footnotes":""},"class_list":["post-2431","page","type-page","status-publish","hentry"],"yoast_head":"<!-- This site is optimized with the Yoast SEO plugin v27.5 - https:\/\/yoast.com\/product\/yoast-seo-wordpress\/ -->\n<title>HKP 6 - Kalixlinjens museum<\/title>\n<meta name=\"robots\" content=\"index, follow, max-snippet:-1, max-image-preview:large, max-video-preview:-1\" \/>\n<link rel=\"canonical\" href=\"https:\/\/kalixlinjen.se\/en\/hkp-6\/\" \/>\n<meta property=\"og:locale\" content=\"en_GB\" \/>\n<meta property=\"og:type\" content=\"article\" \/>\n<meta property=\"og:title\" content=\"HKP 6 - Kalixlinjens museum\" \/>\n<meta property=\"og:description\" content=\"HKP6A AGUSTA BELL 206 HELIKOPTER 6a AUGUSTA BELL 206 Den l\u00e4tta tv\u00e5bladiga, enmotoriga helikoptern HKP 6, b\u00f6rjade levereras i slutet av 1960talet, och ersatte HKP2.&nbsp; En helikopter \u00e4r ett mycket anv\u00e4ndbart verktyg, och kunde anv\u00e4ndas till sjuktransporter, r\u00e4ddningsaktioner, snabba transporter av personal och materiel. Fr\u00e4mst anv\u00e4ndes den l\u00e4tta HKP 6 f\u00f6r l\u00e4tt transport, utbildning, samband, [&hellip;]\" \/>\n<meta property=\"og:url\" content=\"https:\/\/kalixlinjen.se\/en\/hkp-6\/\" \/>\n<meta property=\"og:site_name\" content=\"Kalixlinjens museum\" \/>\n<meta property=\"article:publisher\" content=\"https:\/\/www.facebook.com\/kalixlinjensmuseum\" \/>\n<meta property=\"article:modified_time\" content=\"2024-10-21T12:55:09+00:00\" \/>\n<meta name=\"twitter:card\" content=\"summary_large_image\" \/>\n<script type=\"application\/ld+json\" class=\"yoast-schema-graph\">{\"@context\":\"https:\\\/\\\/schema.org\",\"@graph\":[{\"@type\":\"WebPage\",\"@id\":\"https:\\\/\\\/kalixlinjen.se\\\/hkp-6\\\/\",\"url\":\"https:\\\/\\\/kalixlinjen.se\\\/hkp-6\\\/\",\"name\":\"HKP 6 - Kalixlinjens museum\",\"isPartOf\":{\"@id\":\"https:\\\/\\\/kalixlinjen.se\\\/#website\"},\"datePublished\":\"2023-05-24T13:10:41+00:00\",\"dateModified\":\"2024-10-21T12:55:09+00:00\",\"breadcrumb\":{\"@id\":\"https:\\\/\\\/kalixlinjen.se\\\/hkp-6\\\/#breadcrumb\"},\"inLanguage\":\"en-GB\",\"potentialAction\":[{\"@type\":\"ReadAction\",\"target\":[\"https:\\\/\\\/kalixlinjen.se\\\/hkp-6\\\/\"]}]},{\"@type\":\"BreadcrumbList\",\"@id\":\"https:\\\/\\\/kalixlinjen.se\\\/hkp-6\\\/#breadcrumb\",\"itemListElement\":[{\"@type\":\"ListItem\",\"position\":1,\"name\":\"Hem\",\"item\":\"https:\\\/\\\/kalixlinjen.se\\\/\"},{\"@type\":\"ListItem\",\"position\":2,\"name\":\"HKP 6\"}]},{\"@type\":\"WebSite\",\"@id\":\"https:\\\/\\\/kalixlinjen.se\\\/#website\",\"url\":\"https:\\\/\\\/kalixlinjen.se\\\/\",\"name\":\"Kalixlinjens museum\",\"description\":\"St\u00f6rst och hemligast!\",\"publisher\":{\"@id\":\"https:\\\/\\\/kalixlinjen.se\\\/#organization\"},\"potentialAction\":[{\"@type\":\"SearchAction\",\"target\":{\"@type\":\"EntryPoint\",\"urlTemplate\":\"https:\\\/\\\/kalixlinjen.se\\\/?s={search_term_string}\"},\"query-input\":{\"@type\":\"PropertyValueSpecification\",\"valueRequired\":true,\"valueName\":\"search_term_string\"}}],\"inLanguage\":\"en-GB\"},{\"@type\":\"Organization\",\"@id\":\"https:\\\/\\\/kalixlinjen.se\\\/#organization\",\"name\":\"Kalixlinjens museum\",\"url\":\"https:\\\/\\\/kalixlinjen.se\\\/\",\"logo\":{\"@type\":\"ImageObject\",\"inLanguage\":\"en-GB\",\"@id\":\"https:\\\/\\\/kalixlinjen.se\\\/#\\\/schema\\\/logo\\\/image\\\/\",\"url\":\"https:\\\/\\\/kalixlinjen.se\\\/wp-content\\\/uploads\\\/2022\\\/11\\\/cropped-cropped-cropped-cropped-loggo.png\",\"contentUrl\":\"https:\\\/\\\/kalixlinjen.se\\\/wp-content\\\/uploads\\\/2022\\\/11\\\/cropped-cropped-cropped-cropped-loggo.png\",\"width\":512,\"height\":512,\"caption\":\"Kalixlinjens museum\"},\"image\":{\"@id\":\"https:\\\/\\\/kalixlinjen.se\\\/#\\\/schema\\\/logo\\\/image\\\/\"},\"sameAs\":[\"https:\\\/\\\/www.facebook.com\\\/kalixlinjensmuseum\",\"https:\\\/\\\/www.instagram.com\\\/kalixlinjens_museum\\\/\"]}]}<\/script>\n<!-- \/ Yoast SEO plugin. -->","yoast_head_json":{"title":"HKP 6 - Kalixlinjens museum","robots":{"index":"index","follow":"follow","max-snippet":"max-snippet:-1","max-image-preview":"max-image-preview:large","max-video-preview":"max-video-preview:-1"},"canonical":"https:\/\/kalixlinjen.se\/en\/hkp-6\/","og_locale":"en_GB","og_type":"article","og_title":"HKP 6 - Kalixlinjens museum","og_description":"HKP6A AGUSTA BELL 206 HELIKOPTER 6a AUGUSTA BELL 206 Den l\u00e4tta tv\u00e5bladiga, enmotoriga helikoptern HKP 6, b\u00f6rjade levereras i slutet av 1960talet, och ersatte HKP2.&nbsp; En helikopter \u00e4r ett mycket anv\u00e4ndbart verktyg, och kunde anv\u00e4ndas till sjuktransporter, r\u00e4ddningsaktioner, snabba transporter av personal och materiel. Fr\u00e4mst anv\u00e4ndes den l\u00e4tta HKP 6 f\u00f6r l\u00e4tt transport, utbildning, samband, [&hellip;]","og_url":"https:\/\/kalixlinjen.se\/en\/hkp-6\/","og_site_name":"Kalixlinjens museum","article_publisher":"https:\/\/www.facebook.com\/kalixlinjensmuseum","article_modified_time":"2024-10-21T12:55:09+00:00","twitter_card":"summary_large_image","schema":{"@context":"https:\/\/schema.org","@graph":[{"@type":"WebPage","@id":"https:\/\/kalixlinjen.se\/hkp-6\/","url":"https:\/\/kalixlinjen.se\/hkp-6\/","name":"HKP 6 - Kalixlinjens museum","isPartOf":{"@id":"https:\/\/kalixlinjen.se\/#website"},"datePublished":"2023-05-24T13:10:41+00:00","dateModified":"2024-10-21T12:55:09+00:00","breadcrumb":{"@id":"https:\/\/kalixlinjen.se\/hkp-6\/#breadcrumb"},"inLanguage":"en-GB","potentialAction":[{"@type":"ReadAction","target":["https:\/\/kalixlinjen.se\/hkp-6\/"]}]},{"@type":"BreadcrumbList","@id":"https:\/\/kalixlinjen.se\/hkp-6\/#breadcrumb","itemListElement":[{"@type":"ListItem","position":1,"name":"Hem","item":"https:\/\/kalixlinjen.se\/"},{"@type":"ListItem","position":2,"name":"HKP 6"}]},{"@type":"WebSite","@id":"https:\/\/kalixlinjen.se\/#website","url":"https:\/\/kalixlinjen.se\/","name":"The Kalix line museum","description":"St\u00f6rst och hemligast!","publisher":{"@id":"https:\/\/kalixlinjen.se\/#organization"},"potentialAction":[{"@type":"SearchAction","target":{"@type":"EntryPoint","urlTemplate":"https:\/\/kalixlinjen.se\/?s={search_term_string}"},"query-input":{"@type":"PropertyValueSpecification","valueRequired":true,"valueName":"search_term_string"}}],"inLanguage":"en-GB"},{"@type":"Organization","@id":"https:\/\/kalixlinjen.se\/#organization","name":"The Kalix line museum","url":"https:\/\/kalixlinjen.se\/","logo":{"@type":"ImageObject","inLanguage":"en-GB","@id":"https:\/\/kalixlinjen.se\/#\/schema\/logo\/image\/","url":"https:\/\/kalixlinjen.se\/wp-content\/uploads\/2022\/11\/cropped-cropped-cropped-cropped-loggo.png","contentUrl":"https:\/\/kalixlinjen.se\/wp-content\/uploads\/2022\/11\/cropped-cropped-cropped-cropped-loggo.png","width":512,"height":512,"caption":"Kalixlinjens museum"},"image":{"@id":"https:\/\/kalixlinjen.se\/#\/schema\/logo\/image\/"},"sameAs":["https:\/\/www.facebook.com\/kalixlinjensmuseum","https:\/\/www.instagram.com\/kalixlinjens_museum\/"]}]}},"_links":{"self":[{"href":"https:\/\/kalixlinjen.se\/en\/wp-json\/wp\/v2\/pages\/2431","targetHints":{"allow":["GET"]}}],"collection":[{"href":"https:\/\/kalixlinjen.se\/en\/wp-json\/wp\/v2\/pages"}],"about":[{"href":"https:\/\/kalixlinjen.se\/en\/wp-json\/wp\/v2\/types\/page"}],"author":[{"embeddable":true,"href":"https:\/\/kalixlinjen.se\/en\/wp-json\/wp\/v2\/users\/1"}],"replies":[{"embeddable":true,"href":"https:\/\/kalixlinjen.se\/en\/wp-json\/wp\/v2\/comments?post=2431"}],"version-history":[{"count":8,"href":"https:\/\/kalixlinjen.se\/en\/wp-json\/wp\/v2\/pages\/2431\/revisions"}],"predecessor-version":[{"id":5385,"href":"https:\/\/kalixlinjen.se\/en\/wp-json\/wp\/v2\/pages\/2431\/revisions\/5385"}],"wp:attachment":[{"href":"https:\/\/kalixlinjen.se\/en\/wp-json\/wp\/v2\/media?parent=2431"}],"curies":[{"name":"wp","href":"https:\/\/api.w.org\/{rel}","templated":true}]}}