{"id":2393,"date":"2023-05-24T06:13:46","date_gmt":"2023-05-24T06:13:46","guid":{"rendered":"https:\/\/kalixlinjen.se\/?page_id=2393"},"modified":"2024-10-21T13:40:20","modified_gmt":"2024-10-21T13:40:20","slug":"telefonstationkarra","status":"publish","type":"page","link":"https:\/\/kalixlinjen.se\/en\/telefonstationkarra\/","title":{"rendered":"TELEPHONE COMMUNICATION TRAILER"},"content":{"rendered":"<div data-colibri-id=\"2393-c1\" class=\"style-1998 style-local-2393-c1 position-relative\">\n  <!---->\n  <div data-colibri-component=\"section\" data-colibri-id=\"2393-c2\" id=\"reusable-sections\" class=\"h-section h-section-global-spacing d-flex align-items-lg-center align-items-md-center align-items-center style-1999 style-local-2393-c2 position-relative\">\n    <!---->\n    <!---->\n    <div class=\"h-section-grid-container h-section-boxed-container\">\n      <div data-colibri-id=\"2393-c14\" class=\"h-row-container gutters-row-lg-2 gutters-row-md-2 gutters-row-2 gutters-row-v-lg-2 gutters-row-v-md-2 gutters-row-v-2 style-2013 style-local-2393-c14 position-relative\">\n        <!---->\n        <div class=\"h-row justify-content-lg-center justify-content-md-center justify-content-center align-items-lg-stretch align-items-md-stretch align-items-stretch gutters-col-lg-2 gutters-col-md-2 gutters-col-2 gutters-col-v-lg-2 gutters-col-v-md-2 gutters-col-v-2\">\n          <!---->\n          <div class=\"h-column h-column-container d-flex h-col-lg-auto h-col-md-auto h-col-auto style-2014-outer style-local-2393-c15-outer\">\n            <div data-colibri-id=\"2393-c15\" class=\"d-flex h-flex-basis h-column__inner h-px-lg-2 h-px-md-2 h-px-2 v-inner-lg-2 v-inner-md-2 v-inner-2 style-2014 style-local-2393-c15 position-relative\">\n              <!---->\n              <!---->\n              <div class=\"w-100 h-y-container h-column__content h-column__v-align flex-basis-100 align-self-lg-start align-self-md-start align-self-start\">\n                <!---->\n                <div data-colibri-id=\"2393-c16\" class=\"h-global-transition-all h-heading style-2015 style-local-2393-c16 position-relative h-element\">\n                  <!---->\n                  <div class=\"h-heading__outer style-2015 style-local-2393-c16\">\n                    <!---->\n                    <!---->\n                    <h1 class=\"\">TFNSTNK\u00c4RRA 100 DL<\/h1>\n                  <\/div>\n                <\/div>\n                <div data-colibri-id=\"2393-c18\" class=\"h-global-transition-all h-heading style-2752 style-local-2393-c18 position-relative h-element\">\n                  <!---->\n                  <div class=\"h-heading__outer style-2752 style-local-2393-c18\">\n                    <!---->\n                    <!---->\n                    <h4 class=\"\">TELEPHONE COMMUNICATION TRAILER 100 DL<\/h4>\n                  <\/div>\n                <\/div>\n              <\/div>\n            <\/div>\n          <\/div>\n        <\/div>\n      <\/div>\n      <div data-colibri-id=\"2393-c3\" class=\"h-row-container gutters-row-lg-2 gutters-row-md-2 gutters-row-0 gutters-row-v-lg-2 gutters-row-v-md-2 gutters-row-v-2 style-2000 style-local-2393-c3 position-relative\">\n        <!---->\n        <div class=\"h-row justify-content-lg-center justify-content-md-center justify-content-center align-items-lg-stretch align-items-md-stretch align-items-stretch gutters-col-lg-2 gutters-col-md-2 gutters-col-0 gutters-col-v-lg-2 gutters-col-v-md-2 gutters-col-v-2\">\n          <!---->\n          <div class=\"h-column h-column-container d-flex h-col-lg-auto h-col-md-auto h-col-auto style-2001-outer style-local-2393-c4-outer\">\n            <div data-colibri-id=\"2393-c4\" class=\"d-flex h-flex-basis h-column__inner h-px-lg-2 h-px-md-2 h-px-2 v-inner-lg-2 v-inner-md-2 v-inner-2 style-2001 style-local-2393-c4 position-relative\">\n              <!---->\n              <!---->\n              <div class=\"w-100 h-y-container h-column__content h-column__v-align flex-basis-100 align-self-lg-start align-self-md-start align-self-start\">\n                <!---->\n                <div data-colibri-id=\"2393-c5\" class=\"h-text h-text-component style-2002 style-local-2393-c5 position-relative h-element\">\n                  <!---->\n                  <!---->\n                  <div class=\"\">\n                    <p>Telephone station carts were used in the Swedish military to establish wired communication links in the field.\n                      <br>These mobile units were an important part of the communication infrastructure, enabling fast and reliable communication within military units.&nbsp;<\/p>\n                  <\/div>\n                <\/div>\n              <\/div>\n            <\/div>\n          <\/div>\n          <div class=\"h-column h-column-container d-flex h-col-lg-auto h-col-md-auto h-col-auto style-2003-outer style-local-2393-c6-outer\">\n            <div data-colibri-id=\"2393-c6\" class=\"d-flex h-flex-basis h-column__inner h-ui-empty-state-container h-px-lg-2 h-px-md-2 h-px-2 v-inner-lg-2 v-inner-md-2 v-inner-2 style-2003 style-local-2393-c6 position-relative\">\n              <!---->\n              <!---->\n              <div class=\"w-100 h-y-container h-column__content h-column__v-align flex-basis-100\">\n                <!---->\n              <\/div>\n            <\/div>\n          <\/div>\n        <\/div>\n      <\/div>\n      <div data-colibri-id=\"2393-c7\" class=\"h-row-container gutters-row-lg-2 gutters-row-md-2 gutters-row-0 gutters-row-v-lg-2 gutters-row-v-md-2 gutters-row-v-2 style-2006 style-local-2393-c7 position-relative\">\n        <!---->\n        <div class=\"h-row justify-content-lg-center justify-content-md-center justify-content-center align-items-lg-stretch align-items-md-stretch align-items-stretch gutters-col-lg-2 gutters-col-md-2 gutters-col-0 gutters-col-v-lg-2 gutters-col-v-md-2 gutters-col-v-2\">\n          <!---->\n          <div class=\"h-column h-column-container d-flex h-col-lg-auto h-col-md-auto h-col-auto style-2007-outer style-local-2393-c8-outer\">\n            <div data-colibri-id=\"2393-c8\" class=\"d-flex h-flex-basis h-column__inner h-px-lg-2 h-px-md-2 h-px-2 v-inner-lg-2 v-inner-md-2 v-inner-2 style-2007 style-local-2393-c8 position-relative\">\n              <!---->\n              <!---->\n              <div class=\"w-100 h-y-container h-column__content h-column__v-align flex-basis-100 align-self-lg-start align-self-md-start align-self-start\">\n                <!---->\n                <div data-colibri-component=\"\" data-colibri-id=\"2393-c9\" class=\"h-photo-gallery margin-none caption-displayTrue caption-vertical-align-top style-2008 style-local-2393-c9 h-overflow-hidden position-relative h-element\">\n                  <!---->\n                  <div class=\"h-global-transition-all\"><div id='colibri-2393-c9' class='gallery-wrapper'>    <style type=\"text\/css\">\n\n        @media (min-width: 1023px) {        #colibri-2393-c9        dl {\n            float: left;\n            width: 25% !important;\n            max-width: 25% !important;\n            min-width: 25% !important;\n        }\n\n        #colibri-2393-c9        dl:nth-of-type(4n +1 ) {\n            clear: both;\n        }\n\n        }@media (min-width: 768px) and (max-width: 1023px) {        #colibri-2393-c9        dl {\n            float: left;\n            width: 25% !important;\n            max-width: 25% !important;\n            min-width: 25% !important;\n        }\n\n        #colibri-2393-c9        dl:nth-of-type(4n +1 ) {\n            clear: both;\n        }\n\n        }@media (max-width: 767px) {        #colibri-2393-c9        dl {\n            float: left;\n            width: 50% !important;\n            max-width: 50% !important;\n            min-width: 50% !important;\n        }\n\n        #colibri-2393-c9        dl:nth-of-type(2n +1 ) {\n            clear: both;\n        }\n\n        }\n        #colibri-2393-c9        .gallery-item {\n            position: relative;\n        }\n\n        \n    <\/style>\n    <div   class='colibri-2393-c9-dls-wrapper gallery-items-wrapper' ><dl class='gallery-item masonry-item'>\n\t\t\t<dt class='gallery-icon portrait'>\n\t\t\t\t<a data-fancybox=\"colibri-2393-c9-group\" href='https:\/\/kalixlinjen.se\/wp-content\/uploads\/2023\/06\/IMG_20230530_083453-scaled.jpg'><img loading=\"lazy\" decoding=\"async\"  width=\"225\" height=\"300\" src=\"https:\/\/kalixlinjen.se\/wp-content\/uploads\/2023\/06\/IMG_20230530_083453-225x300.jpg\"  class='colibri-2393-c9-image' alt=\"Telefonstationk\u00e4rra, milregnr 184575\" aria-describedby=\"gallery-1-3363\" srcset=\"https:\/\/kalixlinjen.se\/wp-content\/uploads\/2023\/06\/IMG_20230530_083453-225x300.jpg 225w, https:\/\/kalixlinjen.se\/wp-content\/uploads\/2023\/06\/IMG_20230530_083453-768x1024.jpg 768w, https:\/\/kalixlinjen.se\/wp-content\/uploads\/2023\/06\/IMG_20230530_083453-1152x1536.jpg 1152w, https:\/\/kalixlinjen.se\/wp-content\/uploads\/2023\/06\/IMG_20230530_083453-1536x2048.jpg 1536w, https:\/\/kalixlinjen.se\/wp-content\/uploads\/2023\/06\/IMG_20230530_083453-scaled.jpg 1920w\" sizes=\"auto, (max-width: 225px) 100vw, 225px\" \/><\/a>\n\t\t\t<\/dt>\n\t\t\t\t<div class=\"gallery-caption__wrapper\"><dd class='wp-caption-text gallery-caption' id='gallery-1-3363'>\n\t\t\t\tTelephone communication trailer, military registry no 184575\n\t\t\t\t<\/dd><\/div><\/dl><dl class='gallery-item masonry-item'>\n\t\t\t<dt class='gallery-icon portrait'>\n\t\t\t\t<a data-fancybox=\"colibri-2393-c9-group\" href='https:\/\/kalixlinjen.se\/wp-content\/uploads\/2023\/06\/IMG_20230530_083605-scaled.jpg'><img loading=\"lazy\" decoding=\"async\"  width=\"225\" height=\"300\" src=\"https:\/\/kalixlinjen.se\/wp-content\/uploads\/2023\/06\/IMG_20230530_083605-225x300.jpg\"  class='colibri-2393-c9-image' alt=\"Telefonstationk\u00e4rra, milregnr 184575\" aria-describedby=\"gallery-1-3366\" srcset=\"https:\/\/kalixlinjen.se\/wp-content\/uploads\/2023\/06\/IMG_20230530_083605-225x300.jpg 225w, https:\/\/kalixlinjen.se\/wp-content\/uploads\/2023\/06\/IMG_20230530_083605-768x1024.jpg 768w, https:\/\/kalixlinjen.se\/wp-content\/uploads\/2023\/06\/IMG_20230530_083605-1152x1536.jpg 1152w, https:\/\/kalixlinjen.se\/wp-content\/uploads\/2023\/06\/IMG_20230530_083605-1536x2048.jpg 1536w, https:\/\/kalixlinjen.se\/wp-content\/uploads\/2023\/06\/IMG_20230530_083605-scaled.jpg 1920w\" sizes=\"auto, (max-width: 225px) 100vw, 225px\" \/><\/a>\n\t\t\t<\/dt>\n\t\t\t\t<div class=\"gallery-caption__wrapper\"><dd class='wp-caption-text gallery-caption' id='gallery-1-3366'>\n\t\t\t\tTelephone communication trailer, military registry no 184575\n\t\t\t\t<\/dd><\/div><\/dl><dl class='gallery-item masonry-item'>\n\t\t\t<dt class='gallery-icon portrait'>\n\t\t\t\t<a data-fancybox=\"colibri-2393-c9-group\" href='https:\/\/kalixlinjen.se\/wp-content\/uploads\/2023\/06\/IMG_20230530_083522-scaled.jpg'><img loading=\"lazy\" decoding=\"async\"  width=\"225\" height=\"300\" src=\"https:\/\/kalixlinjen.se\/wp-content\/uploads\/2023\/06\/IMG_20230530_083522-225x300.jpg\"  class='colibri-2393-c9-image' alt=\"Telefonstationk\u00e4rra, milregnr 184575\" aria-describedby=\"gallery-1-3365\" srcset=\"https:\/\/kalixlinjen.se\/wp-content\/uploads\/2023\/06\/IMG_20230530_083522-225x300.jpg 225w, https:\/\/kalixlinjen.se\/wp-content\/uploads\/2023\/06\/IMG_20230530_083522-768x1024.jpg 768w, https:\/\/kalixlinjen.se\/wp-content\/uploads\/2023\/06\/IMG_20230530_083522-1152x1536.jpg 1152w, https:\/\/kalixlinjen.se\/wp-content\/uploads\/2023\/06\/IMG_20230530_083522-1536x2048.jpg 1536w, https:\/\/kalixlinjen.se\/wp-content\/uploads\/2023\/06\/IMG_20230530_083522-scaled.jpg 1920w\" sizes=\"auto, (max-width: 225px) 100vw, 225px\" \/><\/a>\n\t\t\t<\/dt>\n\t\t\t\t<div class=\"gallery-caption__wrapper\"><dd class='wp-caption-text gallery-caption' id='gallery-1-3365'>\n\t\t\t\tTelephone communication trailer, military registry no 184575\n\t\t\t\t<\/dd><\/div><\/dl><dl class='gallery-item masonry-item'>\n\t\t\t<dt class='gallery-icon portrait'>\n\t\t\t\t<a data-fancybox=\"colibri-2393-c9-group\" href='https:\/\/kalixlinjen.se\/wp-content\/uploads\/2023\/06\/IMG_20230530_083503-scaled.jpg'><img loading=\"lazy\" decoding=\"async\"  width=\"225\" height=\"300\" src=\"https:\/\/kalixlinjen.se\/wp-content\/uploads\/2023\/06\/IMG_20230530_083503-225x300.jpg\"  class='colibri-2393-c9-image' alt=\"Telefonstationk\u00e4rra, milregnr 184575\" aria-describedby=\"gallery-1-3364\" srcset=\"https:\/\/kalixlinjen.se\/wp-content\/uploads\/2023\/06\/IMG_20230530_083503-225x300.jpg 225w, https:\/\/kalixlinjen.se\/wp-content\/uploads\/2023\/06\/IMG_20230530_083503-768x1024.jpg 768w, https:\/\/kalixlinjen.se\/wp-content\/uploads\/2023\/06\/IMG_20230530_083503-1152x1536.jpg 1152w, https:\/\/kalixlinjen.se\/wp-content\/uploads\/2023\/06\/IMG_20230530_083503-1536x2048.jpg 1536w, https:\/\/kalixlinjen.se\/wp-content\/uploads\/2023\/06\/IMG_20230530_083503-scaled.jpg 1920w\" sizes=\"auto, (max-width: 225px) 100vw, 225px\" \/><\/a>\n\t\t\t<\/dt>\n\t\t\t\t<div class=\"gallery-caption__wrapper\"><dd class='wp-caption-text gallery-caption' id='gallery-1-3364'>\n\t\t\t\tTelephone communication trailer, military registry no 184575\n\t\t\t\t<\/dd><\/div><\/dl><dl class='gallery-item masonry-item'>\n\t\t\t<dt class='gallery-icon portrait'>\n\t\t\t\t<a data-fancybox=\"colibri-2393-c9-group\" href='https:\/\/kalixlinjen.se\/wp-content\/uploads\/2023\/06\/IMG_20230530_083610-scaled.jpg'><img loading=\"lazy\" decoding=\"async\"  width=\"225\" height=\"300\" src=\"https:\/\/kalixlinjen.se\/wp-content\/uploads\/2023\/06\/IMG_20230530_083610-225x300.jpg\"  class='colibri-2393-c9-image' alt=\"Telefonstationk\u00e4rra, milregnr 184575\" aria-describedby=\"gallery-1-3367\" srcset=\"https:\/\/kalixlinjen.se\/wp-content\/uploads\/2023\/06\/IMG_20230530_083610-225x300.jpg 225w, https:\/\/kalixlinjen.se\/wp-content\/uploads\/2023\/06\/IMG_20230530_083610-768x1024.jpg 768w, https:\/\/kalixlinjen.se\/wp-content\/uploads\/2023\/06\/IMG_20230530_083610-1152x1536.jpg 1152w, https:\/\/kalixlinjen.se\/wp-content\/uploads\/2023\/06\/IMG_20230530_083610-1536x2048.jpg 1536w, https:\/\/kalixlinjen.se\/wp-content\/uploads\/2023\/06\/IMG_20230530_083610-scaled.jpg 1920w\" sizes=\"auto, (max-width: 225px) 100vw, 225px\" \/><\/a>\n\t\t\t<\/dt>\n\t\t\t\t<div class=\"gallery-caption__wrapper\"><dd class='wp-caption-text gallery-caption' id='gallery-1-3367'>\n\t\t\t\tTelephone communication trailer, military registry no 184575\n\t\t\t\t<\/dd><\/div><\/dl>\n\t\t\t\n\t\t<\/div>\n<style>#colibri-2393-c9 .wp-caption-text.gallery-caption{display:none;}<\/style><\/div><\/div>\n                <\/div>\n              <\/div>\n            <\/div>\n          <\/div>\n        <\/div>\n      <\/div>\n      <div data-colibri-id=\"2393-c10\" class=\"h-row-container gutters-row-lg-2 gutters-row-md-2 gutters-row-0 gutters-row-v-lg-2 gutters-row-v-md-2 gutters-row-v-2 style-2009 style-local-2393-c10 position-relative\">\n        <!---->\n        <div class=\"h-row justify-content-lg-center justify-content-md-center justify-content-center align-items-lg-stretch align-items-md-stretch align-items-stretch gutters-col-lg-2 gutters-col-md-2 gutters-col-0 gutters-col-v-lg-2 gutters-col-v-md-2 gutters-col-v-2\">\n          <!---->\n          <div class=\"h-column h-column-container d-flex h-col-lg-auto h-col-md-auto h-col-auto style-2010-outer style-local-2393-c11-outer\">\n            <div data-colibri-id=\"2393-c11\" class=\"d-flex h-flex-basis h-column__inner h-px-lg-2 h-px-md-2 h-px-2 v-inner-lg-2 v-inner-md-2 v-inner-2 style-2010 style-local-2393-c11 position-relative\">\n              <!---->\n              <!---->\n              <div class=\"w-100 h-y-container h-column__content h-column__v-align flex-basis-100 align-self-lg-start align-self-md-start align-self-start\">\n                <!---->\n                <div data-colibri-id=\"2393-c12\" class=\"h-text h-text-component style-2011 style-local-2393-c12 position-relative h-element\">\n                  <!---->\n                  <!---->\n                  <div class=\"\">\n                    <p>TELEPHONE COMMUNICATION TRAILER 100 DL\n                      <br>\n                      <br>Milreg&nbsp;\n                      <br>184575<\/p>\n                    <p>Mtrlnr\n                      <br>M8321-702010<\/p>\n                    <p>Manufacturer\n                      <br>Br Forss AB<\/p>\n                    <p>Model year\n                      <br>1962<\/p>\n                    <p>Registreringsdatum\n                      <br>1963-07-23<\/p>\n                    <p>Assigned\n                      <br>I19<\/p>\n                    <p>Length\n                      <br>615 cm<\/p>\n                    <p>Width\n                      <br>235 cm&nbsp;<\/p>\n                    <p>Height\n                      <br>325 cm&nbsp;<\/p>\n                    <p>Tj\u00e4nstevikt\n                      <br>4800 kp<\/p>\n                    <p>Numbers of axles\n                      <br>2<\/p>\n                    <p>\n                      <br>\n                    <\/p>\n                    <p>\n                      <br>\n                    <\/p>\n                    <p>\n                      <br>\n                    <\/p>\n                    <p>\n                      <br>\n                    <\/p>\n                  <\/div>\n                <\/div>\n              <\/div>\n            <\/div>\n          <\/div>\n          <div class=\"h-column h-column-container d-flex h-col-lg-auto h-col-md-auto h-col-auto style-2012-outer style-local-2393-c13-outer\">\n            <div data-colibri-id=\"2393-c13\" class=\"d-flex h-flex-basis h-column__inner h-ui-empty-state-container h-px-lg-2 h-px-md-2 h-px-2 v-inner-lg-2 v-inner-md-2 v-inner-2 style-2012 style-local-2393-c13 position-relative\">\n              <!---->\n              <!---->\n              <div class=\"w-100 h-y-container h-column__content h-column__v-align flex-basis-100\">\n                <!---->\n              <\/div>\n            <\/div>\n          <\/div>\n        <\/div>\n      <\/div>\n    <\/div>\n  <\/div>\n<\/div>","protected":false},"excerpt":{"rendered":"<p>TFNSTNK\u00c4RRA 100 DL telefonstationk\u00e4rra 100 DL Telefonstationsk\u00e4rror anv\u00e4ndes i det svenska f\u00f6rsvaret f\u00f6r att uppr\u00e4tta tr\u00e5dbundna kommunikationsl\u00e4nkar i f\u00e4lt. De h\u00e4r mobila enheterna var en viktig del av kommunikationsinfrastrukturen, och gjorde snabb och p\u00e5litlig kommunikation inom milit\u00e4ra enheter m\u00f6jligt.&nbsp; Telefonstationk\u00e4rra 100 DL Milreg&nbsp; 184575 Mtrlnr M8321-702010 Tillverkare Br Forss AB \u00c5rsmodell 1962 Registreringsdatum 1963-07-23 Tilldelad [&hellip;]<\/p>\n","protected":false},"author":1,"featured_media":0,"parent":0,"menu_order":0,"comment_status":"closed","ping_status":"closed","template":"page-templates\/full-width-page.php","meta":{"_kadence_starter_templates_imported_post":false,"footnotes":""},"class_list":["post-2393","page","type-page","status-publish","hentry"],"yoast_head":"<!-- This site is optimized with the Yoast SEO plugin v27.4 - https:\/\/yoast.com\/product\/yoast-seo-wordpress\/ -->\n<title>TELEFONSTATIONK\u00c4RRA - Kalixlinjens museum<\/title>\n<meta name=\"robots\" content=\"index, follow, max-snippet:-1, max-image-preview:large, max-video-preview:-1\" \/>\n<link rel=\"canonical\" href=\"https:\/\/kalixlinjen.se\/en\/telefonstationkarra\/\" \/>\n<meta property=\"og:locale\" content=\"en_GB\" \/>\n<meta property=\"og:type\" content=\"article\" \/>\n<meta property=\"og:title\" content=\"TELEFONSTATIONK\u00c4RRA - Kalixlinjens museum\" \/>\n<meta property=\"og:description\" content=\"TFNSTNK\u00c4RRA 100 DL telefonstationk\u00e4rra 100 DL Telefonstationsk\u00e4rror anv\u00e4ndes i det svenska f\u00f6rsvaret f\u00f6r att uppr\u00e4tta tr\u00e5dbundna kommunikationsl\u00e4nkar i f\u00e4lt. De h\u00e4r mobila enheterna var en viktig del av kommunikationsinfrastrukturen, och gjorde snabb och p\u00e5litlig kommunikation inom milit\u00e4ra enheter m\u00f6jligt.&nbsp; Telefonstationk\u00e4rra 100 DL Milreg&nbsp; 184575 Mtrlnr M8321-702010 Tillverkare Br Forss AB \u00c5rsmodell 1962 Registreringsdatum 1963-07-23 Tilldelad [&hellip;]\" \/>\n<meta property=\"og:url\" content=\"https:\/\/kalixlinjen.se\/en\/telefonstationkarra\/\" \/>\n<meta property=\"og:site_name\" content=\"Kalixlinjens museum\" \/>\n<meta property=\"article:publisher\" content=\"https:\/\/www.facebook.com\/kalixlinjensmuseum\" \/>\n<meta property=\"article:modified_time\" content=\"2024-10-21T13:40:20+00:00\" \/>\n<meta name=\"twitter:card\" content=\"summary_large_image\" \/>\n<meta name=\"twitter:label1\" content=\"Estimated reading time\" \/>\n\t<meta name=\"twitter:data1\" content=\"1 minute\" \/>\n<script type=\"application\/ld+json\" class=\"yoast-schema-graph\">{\"@context\":\"https:\\\/\\\/schema.org\",\"@graph\":[{\"@type\":\"WebPage\",\"@id\":\"https:\\\/\\\/kalixlinjen.se\\\/telefonstationkarra\\\/\",\"url\":\"https:\\\/\\\/kalixlinjen.se\\\/telefonstationkarra\\\/\",\"name\":\"TELEFONSTATIONK\u00c4RRA - Kalixlinjens museum\",\"isPartOf\":{\"@id\":\"https:\\\/\\\/kalixlinjen.se\\\/#website\"},\"datePublished\":\"2023-05-24T06:13:46+00:00\",\"dateModified\":\"2024-10-21T13:40:20+00:00\",\"breadcrumb\":{\"@id\":\"https:\\\/\\\/kalixlinjen.se\\\/telefonstationkarra\\\/#breadcrumb\"},\"inLanguage\":\"en-GB\",\"potentialAction\":[{\"@type\":\"ReadAction\",\"target\":[\"https:\\\/\\\/kalixlinjen.se\\\/telefonstationkarra\\\/\"]}]},{\"@type\":\"BreadcrumbList\",\"@id\":\"https:\\\/\\\/kalixlinjen.se\\\/telefonstationkarra\\\/#breadcrumb\",\"itemListElement\":[{\"@type\":\"ListItem\",\"position\":1,\"name\":\"Hem\",\"item\":\"https:\\\/\\\/kalixlinjen.se\\\/\"},{\"@type\":\"ListItem\",\"position\":2,\"name\":\"TELEFONSTATIONK\u00c4RRA\"}]},{\"@type\":\"WebSite\",\"@id\":\"https:\\\/\\\/kalixlinjen.se\\\/#website\",\"url\":\"https:\\\/\\\/kalixlinjen.se\\\/\",\"name\":\"Kalixlinjens museum\",\"description\":\"St\u00f6rst och hemligast!\",\"publisher\":{\"@id\":\"https:\\\/\\\/kalixlinjen.se\\\/#organization\"},\"potentialAction\":[{\"@type\":\"SearchAction\",\"target\":{\"@type\":\"EntryPoint\",\"urlTemplate\":\"https:\\\/\\\/kalixlinjen.se\\\/?s={search_term_string}\"},\"query-input\":{\"@type\":\"PropertyValueSpecification\",\"valueRequired\":true,\"valueName\":\"search_term_string\"}}],\"inLanguage\":\"en-GB\"},{\"@type\":\"Organization\",\"@id\":\"https:\\\/\\\/kalixlinjen.se\\\/#organization\",\"name\":\"Kalixlinjens museum\",\"url\":\"https:\\\/\\\/kalixlinjen.se\\\/\",\"logo\":{\"@type\":\"ImageObject\",\"inLanguage\":\"en-GB\",\"@id\":\"https:\\\/\\\/kalixlinjen.se\\\/#\\\/schema\\\/logo\\\/image\\\/\",\"url\":\"https:\\\/\\\/kalixlinjen.se\\\/wp-content\\\/uploads\\\/2022\\\/11\\\/cropped-cropped-cropped-cropped-loggo.png\",\"contentUrl\":\"https:\\\/\\\/kalixlinjen.se\\\/wp-content\\\/uploads\\\/2022\\\/11\\\/cropped-cropped-cropped-cropped-loggo.png\",\"width\":512,\"height\":512,\"caption\":\"Kalixlinjens museum\"},\"image\":{\"@id\":\"https:\\\/\\\/kalixlinjen.se\\\/#\\\/schema\\\/logo\\\/image\\\/\"},\"sameAs\":[\"https:\\\/\\\/www.facebook.com\\\/kalixlinjensmuseum\",\"https:\\\/\\\/www.instagram.com\\\/kalixlinjens_museum\\\/\"]}]}<\/script>\n<!-- \/ Yoast SEO plugin. -->","yoast_head_json":{"title":"TELEFONSTATIONK\u00c4RRA - Kalixlinjens museum","robots":{"index":"index","follow":"follow","max-snippet":"max-snippet:-1","max-image-preview":"max-image-preview:large","max-video-preview":"max-video-preview:-1"},"canonical":"https:\/\/kalixlinjen.se\/en\/telefonstationkarra\/","og_locale":"en_GB","og_type":"article","og_title":"TELEFONSTATIONK\u00c4RRA - Kalixlinjens museum","og_description":"TFNSTNK\u00c4RRA 100 DL telefonstationk\u00e4rra 100 DL Telefonstationsk\u00e4rror anv\u00e4ndes i det svenska f\u00f6rsvaret f\u00f6r att uppr\u00e4tta tr\u00e5dbundna kommunikationsl\u00e4nkar i f\u00e4lt. De h\u00e4r mobila enheterna var en viktig del av kommunikationsinfrastrukturen, och gjorde snabb och p\u00e5litlig kommunikation inom milit\u00e4ra enheter m\u00f6jligt.&nbsp; Telefonstationk\u00e4rra 100 DL Milreg&nbsp; 184575 Mtrlnr M8321-702010 Tillverkare Br Forss AB \u00c5rsmodell 1962 Registreringsdatum 1963-07-23 Tilldelad [&hellip;]","og_url":"https:\/\/kalixlinjen.se\/en\/telefonstationkarra\/","og_site_name":"Kalixlinjens museum","article_publisher":"https:\/\/www.facebook.com\/kalixlinjensmuseum","article_modified_time":"2024-10-21T13:40:20+00:00","twitter_card":"summary_large_image","twitter_misc":{"Estimated reading time":"1 minute"},"schema":{"@context":"https:\/\/schema.org","@graph":[{"@type":"WebPage","@id":"https:\/\/kalixlinjen.se\/telefonstationkarra\/","url":"https:\/\/kalixlinjen.se\/telefonstationkarra\/","name":"TELEFONSTATIONK\u00c4RRA - Kalixlinjens museum","isPartOf":{"@id":"https:\/\/kalixlinjen.se\/#website"},"datePublished":"2023-05-24T06:13:46+00:00","dateModified":"2024-10-21T13:40:20+00:00","breadcrumb":{"@id":"https:\/\/kalixlinjen.se\/telefonstationkarra\/#breadcrumb"},"inLanguage":"en-GB","potentialAction":[{"@type":"ReadAction","target":["https:\/\/kalixlinjen.se\/telefonstationkarra\/"]}]},{"@type":"BreadcrumbList","@id":"https:\/\/kalixlinjen.se\/telefonstationkarra\/#breadcrumb","itemListElement":[{"@type":"ListItem","position":1,"name":"Hem","item":"https:\/\/kalixlinjen.se\/"},{"@type":"ListItem","position":2,"name":"TELEFONSTATIONK\u00c4RRA"}]},{"@type":"WebSite","@id":"https:\/\/kalixlinjen.se\/#website","url":"https:\/\/kalixlinjen.se\/","name":"The Kalix line museum","description":"St\u00f6rst och hemligast!","publisher":{"@id":"https:\/\/kalixlinjen.se\/#organization"},"potentialAction":[{"@type":"SearchAction","target":{"@type":"EntryPoint","urlTemplate":"https:\/\/kalixlinjen.se\/?s={search_term_string}"},"query-input":{"@type":"PropertyValueSpecification","valueRequired":true,"valueName":"search_term_string"}}],"inLanguage":"en-GB"},{"@type":"Organization","@id":"https:\/\/kalixlinjen.se\/#organization","name":"The Kalix line museum","url":"https:\/\/kalixlinjen.se\/","logo":{"@type":"ImageObject","inLanguage":"en-GB","@id":"https:\/\/kalixlinjen.se\/#\/schema\/logo\/image\/","url":"https:\/\/kalixlinjen.se\/wp-content\/uploads\/2022\/11\/cropped-cropped-cropped-cropped-loggo.png","contentUrl":"https:\/\/kalixlinjen.se\/wp-content\/uploads\/2022\/11\/cropped-cropped-cropped-cropped-loggo.png","width":512,"height":512,"caption":"Kalixlinjens museum"},"image":{"@id":"https:\/\/kalixlinjen.se\/#\/schema\/logo\/image\/"},"sameAs":["https:\/\/www.facebook.com\/kalixlinjensmuseum","https:\/\/www.instagram.com\/kalixlinjens_museum\/"]}]}},"_links":{"self":[{"href":"https:\/\/kalixlinjen.se\/en\/wp-json\/wp\/v2\/pages\/2393","targetHints":{"allow":["GET"]}}],"collection":[{"href":"https:\/\/kalixlinjen.se\/en\/wp-json\/wp\/v2\/pages"}],"about":[{"href":"https:\/\/kalixlinjen.se\/en\/wp-json\/wp\/v2\/types\/page"}],"author":[{"embeddable":true,"href":"https:\/\/kalixlinjen.se\/en\/wp-json\/wp\/v2\/users\/1"}],"replies":[{"embeddable":true,"href":"https:\/\/kalixlinjen.se\/en\/wp-json\/wp\/v2\/comments?post=2393"}],"version-history":[{"count":9,"href":"https:\/\/kalixlinjen.se\/en\/wp-json\/wp\/v2\/pages\/2393\/revisions"}],"predecessor-version":[{"id":5505,"href":"https:\/\/kalixlinjen.se\/en\/wp-json\/wp\/v2\/pages\/2393\/revisions\/5505"}],"wp:attachment":[{"href":"https:\/\/kalixlinjen.se\/en\/wp-json\/wp\/v2\/media?parent=2393"}],"curies":[{"name":"wp","href":"https:\/\/api.w.org\/{rel}","templated":true}]}}