{"id":2370,"date":"2023-05-23T11:51:41","date_gmt":"2023-05-23T11:51:41","guid":{"rendered":"https:\/\/kalixlinjen.se\/?page_id=2370"},"modified":"2023-06-21T12:41:55","modified_gmt":"2023-06-21T12:41:55","slug":"bandfordon","status":"publish","type":"page","link":"https:\/\/kalixlinjen.se\/en\/bandfordon\/","title":{"rendered":"Tracked vehicles"},"content":{"rendered":"<div data-colibri-id=\"2370-c1\" class=\"style-1958 style-local-2370-c1 position-relative\">\n  <!---->\n  <div data-colibri-component=\"section\" data-colibri-id=\"2370-c2\" id=\"reusable-sections\" class=\"h-section h-section-global-spacing d-flex align-items-lg-center align-items-md-center align-items-center style-1959 style-local-2370-c2 position-relative\">\n    <!---->\n    <!---->\n    <div class=\"h-section-grid-container h-section-boxed-container\">\n      <div data-colibri-id=\"2370-c8\" class=\"h-row-container gutters-row-lg-2 gutters-row-md-2 gutters-row-2 gutters-row-v-lg-2 gutters-row-v-md-2 gutters-row-v-2 style-1973 style-local-2370-c8 position-relative\">\n        <!---->\n        <div class=\"h-row justify-content-lg-center justify-content-md-center justify-content-center align-items-lg-stretch align-items-md-stretch align-items-stretch gutters-col-lg-2 gutters-col-md-2 gutters-col-2 gutters-col-v-lg-2 gutters-col-v-md-2 gutters-col-v-2\">\n          <!---->\n          <div class=\"h-column h-column-container d-flex h-col-lg-auto h-col-md-auto h-col-auto style-1974-outer style-local-2370-c9-outer\">\n            <div data-colibri-id=\"2370-c9\" class=\"d-flex h-flex-basis h-column__inner h-px-lg-2 h-px-md-2 h-px-2 v-inner-lg-2 v-inner-md-2 v-inner-2 style-1974 style-local-2370-c9 position-relative\">\n              <!---->\n              <!---->\n              <div class=\"w-100 h-y-container h-column__content h-column__v-align flex-basis-100 align-self-lg-start align-self-md-start align-self-start\">\n                <!---->\n                <div data-colibri-id=\"2370-c10\" class=\"h-global-transition-all h-heading style-1975 style-local-2370-c10 position-relative h-element\">\n                  <!---->\n                  <div class=\"h-heading__outer style-1975 style-local-2370-c10\">\n                    <!---->\n                    <!---->\n                    <h1 class=\"\">Tracked vehicles<\/h1>\n                  <\/div>\n                <\/div>\n              <\/div>\n            <\/div>\n          <\/div>\n        <\/div>\n      <\/div>\n      <div data-colibri-id=\"2370-c3\" class=\"h-row-container gutters-row-lg-2 gutters-row-md-2 gutters-row-0 gutters-row-v-lg-2 gutters-row-v-md-2 gutters-row-v-2 style-1960 style-local-2370-c3 position-relative\">\n        <!---->\n        <div class=\"h-row justify-content-lg-center justify-content-md-center justify-content-center align-items-lg-stretch align-items-md-stretch align-items-stretch gutters-col-lg-2 gutters-col-md-2 gutters-col-0 gutters-col-v-lg-2 gutters-col-v-md-2 gutters-col-v-2\">\n          <!---->\n          <div class=\"h-column h-column-container d-flex h-col-lg-auto h-col-md-auto h-col-auto style-1961-outer style-local-2370-c4-outer\">\n            <div data-colibri-id=\"2370-c4\" class=\"d-flex h-flex-basis h-column__inner h-px-lg-2 h-px-md-2 h-px-2 v-inner-lg-2 v-inner-md-2 v-inner-2 style-1961 style-local-2370-c4 position-relative\">\n              <!---->\n              <!---->\n              <div class=\"w-100 h-y-container h-column__content h-column__v-align flex-basis-100 align-self-lg-start align-self-md-start align-self-start\">\n                <!---->\n                <div data-colibri-id=\"2370-c5\" class=\"h-text h-text-component style-1962 style-local-2370-c5 position-relative h-element\">\n                  <!---->\n                  <!---->\n                  <div class=\"\">\n                    <p>Tracked vehicles are highly effective in difficult terrain.&nbsp;\n                      <br>\n                    <\/p>\n                    <p>Sj\u00e4lva syftet med bandet p\u00e5 ett fordon \u00e4r att agera som en l\u00e5ng, o\u00e4ndlig v\u00e4gbana, som rullas ut framf\u00f6r fordonets hjul. Detta \u00f6kar kontaktytan mellan fordonet och terr\u00e4ngen, och minskar marktrycket. Det f\u00f6rhindrar att fordonet sjunker\n                      ned eller fastnar n\u00e4r det r\u00f6r sig p\u00e5 mjuka eller oj\u00e4mna underlag.<\/p>\n                    <p>&nbsp;\n                      <br>Bandet fungerar allts\u00e5 som en bredare och mer stabil grund f\u00f6r fordonet att r\u00f6ra sig p\u00e5. Ist\u00e4llet f\u00f6r att bara f\u00f6rlita sig p\u00e5 de smala hjulen, sprider bandet ut vikten \u00f6ver en st\u00f6rre yta. Det minskar trycket som varje hjul uts\u00e4tts\n                      f\u00f6r, och minskar risken att fordonet ska sjunka ned i l\u00f6s eller mjuk mark.&nbsp;\n                      <br>S\u00e5, bandet g\u00f6r att fordonet effektivt kan f\u00f6rflytta sig \u00f6ver sv\u00e5r terr\u00e4ng, eller mjuka ytor (t\u00e4nk myrar, sn\u00f6, sand, sankmark) utan att gr\u00e4va ned sig eller fastna. Det ger ocks\u00e5 en b\u00e4ttre dragkraft och stabilitet, vilket \u00e4r&nbsp;\n                      extra viktigt n\u00e4r terr\u00e4ngen \u00e4r utmanande!&nbsp;\n                      <br>\n                      <br>\n                      <br>\n                    <\/p>\n                  <\/div>\n                <\/div>\n              <\/div>\n            <\/div>\n          <\/div>\n          <div class=\"h-column h-column-container d-flex h-col-lg-auto h-col-md-auto h-col-auto style-1963-outer style-local-2370-c6-outer\">\n            <div data-colibri-id=\"2370-c6\" class=\"d-flex h-flex-basis h-column__inner h-px-lg-2 h-px-md-2 h-px-2 v-inner-lg-2 v-inner-md-2 v-inner-2 style-1963 style-local-2370-c6 position-relative\">\n              <!---->\n              <!---->\n              <div class=\"w-100 h-y-container h-column__content h-column__v-align flex-basis-100 align-self-lg-start align-self-md-start align-self-start\">\n                <!---->\n                <div data-colibri-id=\"2370-c7\" class=\"d-block style-1977 style-local-2370-c7 position-relative h-element\">\n                  <!---->\n                  <div class=\"h-image__frame-container-outer\">\n                    <div class=\"h-image__frame-container\">\n                      <!---->\n                      <!---->\n                      <img loading=\"lazy\" decoding=\"async\" width=\"2470\" height=\"1379\" src=\"https:\/\/kalixlinjen.se\/wp-content\/uploads\/2023\/05\/cropped-UDY450-034-scaled-1.jpg\" class=\"wp-image-2374 style-1977-image style-local-2370-c7-image\" alt=\"\" srcset=\"https:\/\/kalixlinjen.se\/wp-content\/uploads\/2023\/05\/cropped-UDY450-034-scaled-1.jpg 2470w, https:\/\/kalixlinjen.se\/wp-content\/uploads\/2023\/05\/cropped-UDY450-034-scaled-1-300x167.jpg 300w, https:\/\/kalixlinjen.se\/wp-content\/uploads\/2023\/05\/cropped-UDY450-034-scaled-1-1024x572.jpg 1024w, https:\/\/kalixlinjen.se\/wp-content\/uploads\/2023\/05\/cropped-UDY450-034-scaled-1-768x429.jpg 768w, https:\/\/kalixlinjen.se\/wp-content\/uploads\/2023\/05\/cropped-UDY450-034-scaled-1-1536x858.jpg 1536w, https:\/\/kalixlinjen.se\/wp-content\/uploads\/2023\/05\/cropped-UDY450-034-scaled-1-2048x1143.jpg 2048w\" sizes=\"auto, (max-width: 2470px) 100vw, 2470px\" \/>\n                      <div class=\"h-image__frame h-hide-lg h-hide-md h-hide-sm style-1977-frameImage style-local-2370-c7-frameImage\"><\/div>\n                    <\/div>\n                  <\/div>\n                <\/div>\n              <\/div>\n            <\/div>\n          <\/div>\n        <\/div>\n      <\/div>\n      <div data-colibri-id=\"2370-c11\" class=\"h-row-container gutters-row-lg-2 gutters-row-md-2 gutters-row-0 gutters-row-v-lg-2 gutters-row-v-md-2 gutters-row-v-2 style-2501 style-local-2370-c11 position-relative\">\n        <!---->\n        <div class=\"h-row justify-content-lg-center justify-content-md-center justify-content-center align-items-lg-stretch align-items-md-stretch align-items-stretch gutters-col-lg-2 gutters-col-md-2 gutters-col-0 gutters-col-v-lg-2 gutters-col-v-md-2 gutters-col-v-2\">\n          <!---->\n          <div class=\"h-column h-column-container d-flex h-col-lg-auto h-col-md-auto h-col-auto style-2502-outer style-local-2370-c12-outer\">\n            <div data-colibri-id=\"2370-c12\" class=\"d-flex h-flex-basis h-column__inner h-px-lg-2 h-px-md-2 h-px-2 v-inner-lg-2 v-inner-md-2 v-inner-2 style-2502 style-local-2370-c12 position-relative\">\n              <!---->\n              <!---->\n              <div class=\"w-100 h-y-container h-column__content h-column__v-align flex-basis-100 align-self-lg-start align-self-md-start align-self-start\">\n                <!---->\n                <div data-colibri-id=\"2370-c16\" class=\"h-x-container style-2506 style-local-2370-c16 position-relative h-element\">\n                  <!---->\n                  <div class=\"h-x-container-inner style-dynamic-2370-c16-group style-2506-spacing style-local-2370-c16-spacing\"><span class=\"h-link__outer style-2507-outer style-local-2370-c17-outer d-inline-flex h-element\"><a h-use-smooth-scroll=\"true\" href=\"https:\/\/kalixlinjen.se\/en\/ambulansbandvagn-2023-a-mt\/\"  data-colibri-id=\"2370-c17\" class=\"d-flex w-100 align-items-center h-link style-2507 style-local-2370-c17 position-relative\"><!----><!----> <span>Ambulansbandvagn 2023A<\/span><\/a>\n                    <\/span>\n                  <\/div>\n                <\/div>\n                <div data-colibri-id=\"2370-c14\" class=\"h-x-container style-2504 style-local-2370-c14 position-relative h-element\">\n                  <!---->\n                  <div class=\"h-x-container-inner style-dynamic-2370-c14-group style-2504-spacing style-local-2370-c14-spacing\"><span class=\"h-link__outer style-2505-outer style-local-2370-c15-outer d-inline-flex h-element\"><a h-use-smooth-scroll=\"true\" href=\"https:\/\/kalixlinjen.se\/en\/bv-202s-t\/\"  data-colibri-id=\"2370-c15\" class=\"d-flex w-100 align-items-center h-link style-2505 style-local-2370-c15 position-relative\"><!----><!----> <span>Bandvagn 202A<\/span><\/a>\n                    <\/span>\n                  <\/div>\n                <\/div>\n                <div data-colibri-id=\"2370-c26\" class=\"h-x-container style-2516 style-local-2370-c26 position-relative h-element\">\n                  <!---->\n                  <div class=\"h-x-container-inner style-dynamic-2370-c26-group style-2516-spacing style-local-2370-c26-spacing\"><span class=\"h-link__outer style-2517-outer style-local-2370-c27-outer d-inline-flex h-element\"><a h-use-smooth-scroll=\"true\" href=\"https:\/\/kalixlinjen.se\/en\/bv-202e-tp-t\/\"  data-colibri-id=\"2370-c27\" class=\"d-flex w-100 align-items-center h-link style-2517 style-local-2370-c27 position-relative\"><!----><!----> <span>Bandvagn 202E<\/span><\/a>\n                    <\/span>\n                  <\/div>\n                <\/div>\n                <div data-colibri-id=\"2370-c20\" class=\"h-x-container style-2510 style-local-2370-c20 position-relative h-element\">\n                  <!---->\n                  <div class=\"h-x-container-inner style-dynamic-2370-c20-group style-2510-spacing style-local-2370-c20-spacing\"><span class=\"h-link__outer style-2511-outer style-local-2370-c21-outer d-inline-flex h-element\"><a h-use-smooth-scroll=\"true\" href=\"https:\/\/kalixlinjen.se\/en\/bv-202f-sjtp-t\/\"  data-colibri-id=\"2370-c21\" class=\"d-flex w-100 align-items-center h-link style-2511 style-local-2370-c21 position-relative\"><!----><!----> <span>Bandvagn 202 SJTP<\/span><\/a>\n                    <\/span>\n                  <\/div>\n                <\/div>\n                <div data-colibri-id=\"2370-c24\" class=\"h-x-container style-2514 style-local-2370-c24 position-relative h-element\">\n                  <!---->\n                  <div class=\"h-x-container-inner style-dynamic-2370-c24-group style-2514-spacing style-local-2370-c24-spacing\"><span class=\"h-link__outer style-2515-outer style-local-2370-c25-outer d-inline-flex h-element\"><a h-use-smooth-scroll=\"true\" href=\"https:\/\/kalixlinjen.se\/en\/bv-203b\/\"  data-colibri-id=\"2370-c25\" class=\"d-flex w-100 align-items-center h-link style-2515 style-local-2370-c25 position-relative\"><!----><!----> <span>Bandvagn 203B<\/span><\/a>\n                    <\/span>\n                  <\/div>\n                <\/div>\n                <div data-colibri-id=\"2370-c18\" class=\"h-x-container style-2508 style-local-2370-c18 position-relative h-element\">\n                  <!---->\n                  <div class=\"h-x-container-inner style-dynamic-2370-c18-group style-2508-spacing style-local-2370-c18-spacing\"><span class=\"h-link__outer style-2509-outer style-local-2370-c19-outer d-inline-flex h-element\"><a h-use-smooth-scroll=\"true\" href=\"https:\/\/kalixlinjen.se\/en\/bv-206a-t\/\"  data-colibri-id=\"2370-c19\" class=\"d-flex w-100 align-items-center h-link style-2509 style-local-2370-c19 position-relative\"><!----><!----> <span>Bandvagn 206A<\/span><\/a>\n                    <\/span>\n                  <\/div>\n                <\/div>\n                <div data-colibri-id=\"2370-c34\" class=\"h-x-container style-2524 style-local-2370-c34 position-relative h-element\">\n                  <!---->\n                  <div class=\"h-x-container-inner style-dynamic-2370-c34-group style-2524-spacing style-local-2370-c34-spacing\"><span class=\"h-link__outer style-2525-outer style-local-2370-c35-outer d-inline-flex h-element\"><a h-use-smooth-scroll=\"true\" href=\"https:\/\/kalixlinjen.se\/en\/bargningsbandvagn-82\/\"  data-colibri-id=\"2370-c35\" class=\"d-flex w-100 align-items-center h-link style-2525 style-local-2370-c35 position-relative\"><!----><!----> <span>ARMOURED RECOVERY VEHICLE BGBV 82<\/span><\/a>\n                    <\/span>\n                  <\/div>\n                <\/div>\n                <div data-colibri-id=\"2370-c28\" class=\"h-x-container style-2518 style-local-2370-c28 position-relative h-element\">\n                  <!---->\n                  <div class=\"h-x-container-inner style-dynamic-2370-c28-group style-2518-spacing style-local-2370-c28-spacing\"><span class=\"h-link__outer style-2519-outer style-local-2370-c29-outer d-inline-flex h-element\"><a h-use-smooth-scroll=\"true\" href=\"https:\/\/kalixlinjen.se\/en\/pansarvarnsrobotbandvagn-2063-a\/\"  data-colibri-id=\"2370-c29\" class=\"d-flex w-100 align-items-center h-link style-2519 style-local-2370-c29 position-relative\"><!----><!----> <span>Pansarv\u00e4rnsrobotbandvagn 2063<\/span><\/a>\n                    <\/span>\n                  <\/div>\n                <\/div>\n                <div data-colibri-id=\"2370-c32\" class=\"h-x-container style-2522 style-local-2370-c32 position-relative h-element\">\n                  <!---->\n                  <div class=\"h-x-container-inner style-dynamic-2370-c32-group style-2522-spacing style-local-2370-c32-spacing\"><span class=\"h-link__outer style-2523-outer style-local-2370-c33-outer d-inline-flex h-element\"><a h-use-smooth-scroll=\"true\" href=\"https:\/\/kalixlinjen.se\/en\/strforbplbv-2069a-mt\/\"  data-colibri-id=\"2370-c33\" class=\"d-flex w-100 align-items-center h-link style-2523 style-local-2370-c33 position-relative\"><!----><!----> <span>Stridsf\u00f6rbandsplatsbandvagn 2069A<\/span><\/a>\n                    <\/span>\n                  <\/div>\n                <\/div>\n              <\/div>\n            <\/div>\n          <\/div>\n        <\/div>\n      <\/div>\n      <div data-colibri-id=\"2370-c22\" class=\"h-row-container gutters-row-lg-2 gutters-row-md-2 gutters-row-0 gutters-row-v-lg-2 gutters-row-v-md-2 gutters-row-v-2 style-2512 style-local-2370-c22 position-relative\">\n        <!---->\n        <div class=\"h-row justify-content-lg-center justify-content-md-center justify-content-center align-items-lg-stretch align-items-md-stretch align-items-stretch gutters-col-lg-2 gutters-col-md-2 gutters-col-0 gutters-col-v-lg-2 gutters-col-v-md-2 gutters-col-v-2\">\n          <!---->\n          <div class=\"h-column h-column-container d-flex h-col-lg-auto h-col-md-auto h-col-auto style-2513-outer style-local-2370-c23-outer\">\n            <div data-colibri-id=\"2370-c23\" class=\"d-flex h-flex-basis h-column__inner h-ui-empty-state-container h-px-lg-2 h-px-md-2 h-px-2 v-inner-lg-2 v-inner-md-2 v-inner-2 style-2513 style-local-2370-c23 position-relative\">\n              <!---->\n              <!---->\n              <div class=\"w-100 h-y-container h-column__content h-column__v-align flex-basis-100\">\n                <!---->\n              <\/div>\n            <\/div>\n          <\/div>\n        <\/div>\n      <\/div>\n    <\/div>\n  <\/div>\n<\/div>","protected":false},"excerpt":{"rendered":"<p>bandfordon Bandfordon \u00e4r mycket effektiva i besv\u00e4rlig terr\u00e4ng.&nbsp; Sj\u00e4lva syftet med bandet p\u00e5 ett fordon \u00e4r att agera som en l\u00e5ng, o\u00e4ndlig v\u00e4gbana, som rullas ut framf\u00f6r fordonets hjul. Detta \u00f6kar kontaktytan mellan fordonet och terr\u00e4ngen, och minskar marktrycket. Det f\u00f6rhindrar att fordonet sjunker ned eller fastnar n\u00e4r det r\u00f6r sig p\u00e5 mjuka eller oj\u00e4mna [&hellip;]<\/p>\n","protected":false},"author":1,"featured_media":0,"parent":0,"menu_order":0,"comment_status":"closed","ping_status":"closed","template":"page-templates\/full-width-page.php","meta":{"_kadence_starter_templates_imported_post":false,"footnotes":""},"class_list":["post-2370","page","type-page","status-publish","hentry"],"yoast_head":"<!-- This site is optimized with the Yoast SEO plugin v27.4 - https:\/\/yoast.com\/product\/yoast-seo-wordpress\/ -->\n<title>Bandfordon - Kalixlinjens museum<\/title>\n<meta name=\"robots\" content=\"index, follow, max-snippet:-1, max-image-preview:large, max-video-preview:-1\" \/>\n<link rel=\"canonical\" href=\"https:\/\/kalixlinjen.se\/en\/bandfordon\/\" \/>\n<meta property=\"og:locale\" content=\"en_GB\" \/>\n<meta property=\"og:type\" content=\"article\" \/>\n<meta property=\"og:title\" content=\"Bandfordon - Kalixlinjens museum\" \/>\n<meta property=\"og:description\" content=\"bandfordon Bandfordon \u00e4r mycket effektiva i besv\u00e4rlig terr\u00e4ng.&nbsp; Sj\u00e4lva syftet med bandet p\u00e5 ett fordon \u00e4r att agera som en l\u00e5ng, o\u00e4ndlig v\u00e4gbana, som rullas ut framf\u00f6r fordonets hjul. Detta \u00f6kar kontaktytan mellan fordonet och terr\u00e4ngen, och minskar marktrycket. Det f\u00f6rhindrar att fordonet sjunker ned eller fastnar n\u00e4r det r\u00f6r sig p\u00e5 mjuka eller oj\u00e4mna [&hellip;]\" \/>\n<meta property=\"og:url\" content=\"https:\/\/kalixlinjen.se\/en\/bandfordon\/\" \/>\n<meta property=\"og:site_name\" content=\"Kalixlinjens museum\" \/>\n<meta property=\"article:publisher\" content=\"https:\/\/www.facebook.com\/kalixlinjensmuseum\" \/>\n<meta property=\"article:modified_time\" content=\"2023-06-21T12:41:55+00:00\" \/>\n<meta property=\"og:image\" content=\"https:\/\/kalixlinjen.se\/wp-content\/uploads\/2023\/05\/cropped-UDY450-034-scaled-1.jpg\" \/>\n<meta name=\"twitter:card\" content=\"summary_large_image\" \/>\n<script type=\"application\/ld+json\" class=\"yoast-schema-graph\">{\"@context\":\"https:\\\/\\\/schema.org\",\"@graph\":[{\"@type\":\"WebPage\",\"@id\":\"https:\\\/\\\/kalixlinjen.se\\\/bandfordon\\\/\",\"url\":\"https:\\\/\\\/kalixlinjen.se\\\/bandfordon\\\/\",\"name\":\"Bandfordon - Kalixlinjens museum\",\"isPartOf\":{\"@id\":\"https:\\\/\\\/kalixlinjen.se\\\/#website\"},\"primaryImageOfPage\":{\"@id\":\"https:\\\/\\\/kalixlinjen.se\\\/bandfordon\\\/#primaryimage\"},\"image\":{\"@id\":\"https:\\\/\\\/kalixlinjen.se\\\/bandfordon\\\/#primaryimage\"},\"thumbnailUrl\":\"https:\\\/\\\/kalixlinjen.se\\\/wp-content\\\/uploads\\\/2023\\\/05\\\/cropped-UDY450-034-scaled-1.jpg\",\"datePublished\":\"2023-05-23T11:51:41+00:00\",\"dateModified\":\"2023-06-21T12:41:55+00:00\",\"breadcrumb\":{\"@id\":\"https:\\\/\\\/kalixlinjen.se\\\/bandfordon\\\/#breadcrumb\"},\"inLanguage\":\"en-GB\",\"potentialAction\":[{\"@type\":\"ReadAction\",\"target\":[\"https:\\\/\\\/kalixlinjen.se\\\/bandfordon\\\/\"]}]},{\"@type\":\"ImageObject\",\"inLanguage\":\"en-GB\",\"@id\":\"https:\\\/\\\/kalixlinjen.se\\\/bandfordon\\\/#primaryimage\",\"url\":\"https:\\\/\\\/kalixlinjen.se\\\/wp-content\\\/uploads\\\/2023\\\/05\\\/cropped-UDY450-034-scaled-1.jpg\",\"contentUrl\":\"https:\\\/\\\/kalixlinjen.se\\\/wp-content\\\/uploads\\\/2023\\\/05\\\/cropped-UDY450-034-scaled-1.jpg\"},{\"@type\":\"BreadcrumbList\",\"@id\":\"https:\\\/\\\/kalixlinjen.se\\\/bandfordon\\\/#breadcrumb\",\"itemListElement\":[{\"@type\":\"ListItem\",\"position\":1,\"name\":\"Hem\",\"item\":\"https:\\\/\\\/kalixlinjen.se\\\/\"},{\"@type\":\"ListItem\",\"position\":2,\"name\":\"Bandfordon\"}]},{\"@type\":\"WebSite\",\"@id\":\"https:\\\/\\\/kalixlinjen.se\\\/#website\",\"url\":\"https:\\\/\\\/kalixlinjen.se\\\/\",\"name\":\"Kalixlinjens museum\",\"description\":\"St\u00f6rst och hemligast!\",\"publisher\":{\"@id\":\"https:\\\/\\\/kalixlinjen.se\\\/#organization\"},\"potentialAction\":[{\"@type\":\"SearchAction\",\"target\":{\"@type\":\"EntryPoint\",\"urlTemplate\":\"https:\\\/\\\/kalixlinjen.se\\\/?s={search_term_string}\"},\"query-input\":{\"@type\":\"PropertyValueSpecification\",\"valueRequired\":true,\"valueName\":\"search_term_string\"}}],\"inLanguage\":\"en-GB\"},{\"@type\":\"Organization\",\"@id\":\"https:\\\/\\\/kalixlinjen.se\\\/#organization\",\"name\":\"Kalixlinjens museum\",\"url\":\"https:\\\/\\\/kalixlinjen.se\\\/\",\"logo\":{\"@type\":\"ImageObject\",\"inLanguage\":\"en-GB\",\"@id\":\"https:\\\/\\\/kalixlinjen.se\\\/#\\\/schema\\\/logo\\\/image\\\/\",\"url\":\"https:\\\/\\\/kalixlinjen.se\\\/wp-content\\\/uploads\\\/2022\\\/11\\\/cropped-cropped-cropped-cropped-loggo.png\",\"contentUrl\":\"https:\\\/\\\/kalixlinjen.se\\\/wp-content\\\/uploads\\\/2022\\\/11\\\/cropped-cropped-cropped-cropped-loggo.png\",\"width\":512,\"height\":512,\"caption\":\"Kalixlinjens museum\"},\"image\":{\"@id\":\"https:\\\/\\\/kalixlinjen.se\\\/#\\\/schema\\\/logo\\\/image\\\/\"},\"sameAs\":[\"https:\\\/\\\/www.facebook.com\\\/kalixlinjensmuseum\",\"https:\\\/\\\/www.instagram.com\\\/kalixlinjens_museum\\\/\"]}]}<\/script>\n<!-- \/ Yoast SEO plugin. -->","yoast_head_json":{"title":"Bandfordon - Kalixlinjens museum","robots":{"index":"index","follow":"follow","max-snippet":"max-snippet:-1","max-image-preview":"max-image-preview:large","max-video-preview":"max-video-preview:-1"},"canonical":"https:\/\/kalixlinjen.se\/en\/bandfordon\/","og_locale":"en_GB","og_type":"article","og_title":"Bandfordon - Kalixlinjens museum","og_description":"bandfordon Bandfordon \u00e4r mycket effektiva i besv\u00e4rlig terr\u00e4ng.&nbsp; Sj\u00e4lva syftet med bandet p\u00e5 ett fordon \u00e4r att agera som en l\u00e5ng, o\u00e4ndlig v\u00e4gbana, som rullas ut framf\u00f6r fordonets hjul. Detta \u00f6kar kontaktytan mellan fordonet och terr\u00e4ngen, och minskar marktrycket. Det f\u00f6rhindrar att fordonet sjunker ned eller fastnar n\u00e4r det r\u00f6r sig p\u00e5 mjuka eller oj\u00e4mna [&hellip;]","og_url":"https:\/\/kalixlinjen.se\/en\/bandfordon\/","og_site_name":"Kalixlinjens museum","article_publisher":"https:\/\/www.facebook.com\/kalixlinjensmuseum","article_modified_time":"2023-06-21T12:41:55+00:00","og_image":[{"url":"https:\/\/kalixlinjen.se\/wp-content\/uploads\/2023\/05\/cropped-UDY450-034-scaled-1.jpg","type":"","width":"","height":""}],"twitter_card":"summary_large_image","schema":{"@context":"https:\/\/schema.org","@graph":[{"@type":"WebPage","@id":"https:\/\/kalixlinjen.se\/bandfordon\/","url":"https:\/\/kalixlinjen.se\/bandfordon\/","name":"Bandfordon - Kalixlinjens museum","isPartOf":{"@id":"https:\/\/kalixlinjen.se\/#website"},"primaryImageOfPage":{"@id":"https:\/\/kalixlinjen.se\/bandfordon\/#primaryimage"},"image":{"@id":"https:\/\/kalixlinjen.se\/bandfordon\/#primaryimage"},"thumbnailUrl":"https:\/\/kalixlinjen.se\/wp-content\/uploads\/2023\/05\/cropped-UDY450-034-scaled-1.jpg","datePublished":"2023-05-23T11:51:41+00:00","dateModified":"2023-06-21T12:41:55+00:00","breadcrumb":{"@id":"https:\/\/kalixlinjen.se\/bandfordon\/#breadcrumb"},"inLanguage":"en-GB","potentialAction":[{"@type":"ReadAction","target":["https:\/\/kalixlinjen.se\/bandfordon\/"]}]},{"@type":"ImageObject","inLanguage":"en-GB","@id":"https:\/\/kalixlinjen.se\/bandfordon\/#primaryimage","url":"https:\/\/kalixlinjen.se\/wp-content\/uploads\/2023\/05\/cropped-UDY450-034-scaled-1.jpg","contentUrl":"https:\/\/kalixlinjen.se\/wp-content\/uploads\/2023\/05\/cropped-UDY450-034-scaled-1.jpg"},{"@type":"BreadcrumbList","@id":"https:\/\/kalixlinjen.se\/bandfordon\/#breadcrumb","itemListElement":[{"@type":"ListItem","position":1,"name":"Hem","item":"https:\/\/kalixlinjen.se\/"},{"@type":"ListItem","position":2,"name":"Bandfordon"}]},{"@type":"WebSite","@id":"https:\/\/kalixlinjen.se\/#website","url":"https:\/\/kalixlinjen.se\/","name":"The Kalix line museum","description":"St\u00f6rst och hemligast!","publisher":{"@id":"https:\/\/kalixlinjen.se\/#organization"},"potentialAction":[{"@type":"SearchAction","target":{"@type":"EntryPoint","urlTemplate":"https:\/\/kalixlinjen.se\/?s={search_term_string}"},"query-input":{"@type":"PropertyValueSpecification","valueRequired":true,"valueName":"search_term_string"}}],"inLanguage":"en-GB"},{"@type":"Organization","@id":"https:\/\/kalixlinjen.se\/#organization","name":"The Kalix line museum","url":"https:\/\/kalixlinjen.se\/","logo":{"@type":"ImageObject","inLanguage":"en-GB","@id":"https:\/\/kalixlinjen.se\/#\/schema\/logo\/image\/","url":"https:\/\/kalixlinjen.se\/wp-content\/uploads\/2022\/11\/cropped-cropped-cropped-cropped-loggo.png","contentUrl":"https:\/\/kalixlinjen.se\/wp-content\/uploads\/2022\/11\/cropped-cropped-cropped-cropped-loggo.png","width":512,"height":512,"caption":"Kalixlinjens museum"},"image":{"@id":"https:\/\/kalixlinjen.se\/#\/schema\/logo\/image\/"},"sameAs":["https:\/\/www.facebook.com\/kalixlinjensmuseum","https:\/\/www.instagram.com\/kalixlinjens_museum\/"]}]}},"_links":{"self":[{"href":"https:\/\/kalixlinjen.se\/en\/wp-json\/wp\/v2\/pages\/2370","targetHints":{"allow":["GET"]}}],"collection":[{"href":"https:\/\/kalixlinjen.se\/en\/wp-json\/wp\/v2\/pages"}],"about":[{"href":"https:\/\/kalixlinjen.se\/en\/wp-json\/wp\/v2\/types\/page"}],"author":[{"embeddable":true,"href":"https:\/\/kalixlinjen.se\/en\/wp-json\/wp\/v2\/users\/1"}],"replies":[{"embeddable":true,"href":"https:\/\/kalixlinjen.se\/en\/wp-json\/wp\/v2\/comments?post=2370"}],"version-history":[{"count":5,"href":"https:\/\/kalixlinjen.se\/en\/wp-json\/wp\/v2\/pages\/2370\/revisions"}],"predecessor-version":[{"id":4320,"href":"https:\/\/kalixlinjen.se\/en\/wp-json\/wp\/v2\/pages\/2370\/revisions\/4320"}],"wp:attachment":[{"href":"https:\/\/kalixlinjen.se\/en\/wp-json\/wp\/v2\/media?parent=2370"}],"curies":[{"name":"wp","href":"https:\/\/api.w.org\/{rel}","templated":true}]}}