{"id":2323,"date":"2023-05-22T07:45:24","date_gmt":"2023-05-22T07:45:24","guid":{"rendered":"https:\/\/kalixlinjen.se\/?page_id=2323"},"modified":"2024-10-21T13:08:16","modified_gmt":"2024-10-21T13:08:16","slug":"lvrepkarra-1-s","status":"publish","type":"page","link":"https:\/\/kalixlinjen.se\/en\/lvrepkarra-1-s\/","title":{"rendered":"AIR-DEFENCE REPAIR TRAILER 1\/S"},"content":{"rendered":"<div data-colibri-id=\"2323-c1\" class=\"style-1842 style-local-2323-c1 position-relative\">\n  <!---->\n  <div data-colibri-component=\"section\" data-colibri-id=\"2323-c2\" id=\"reusable-sections\" class=\"h-section h-section-global-spacing d-flex align-items-lg-center align-items-md-center align-items-center style-1843 style-local-2323-c2 position-relative\">\n    <!---->\n    <!---->\n    <div class=\"h-section-grid-container h-section-boxed-container\">\n      <div data-colibri-id=\"2323-c14\" class=\"h-row-container gutters-row-lg-2 gutters-row-md-2 gutters-row-2 gutters-row-v-lg-2 gutters-row-v-md-2 gutters-row-v-2 style-1857 style-local-2323-c14 position-relative\">\n        <!---->\n        <div class=\"h-row justify-content-lg-center justify-content-md-center justify-content-center align-items-lg-stretch align-items-md-stretch align-items-stretch gutters-col-lg-2 gutters-col-md-2 gutters-col-2 gutters-col-v-lg-2 gutters-col-v-md-2 gutters-col-v-2\">\n          <!---->\n          <div class=\"h-column h-column-container d-flex h-col-lg-auto h-col-md-auto h-col-auto style-1858-outer style-local-2323-c15-outer\">\n            <div data-colibri-id=\"2323-c15\" class=\"d-flex h-flex-basis h-column__inner h-px-lg-2 h-px-md-2 h-px-2 v-inner-lg-2 v-inner-md-2 v-inner-2 style-1858 style-local-2323-c15 position-relative\">\n              <!---->\n              <!---->\n              <div class=\"w-100 h-y-container h-column__content h-column__v-align flex-basis-100 align-self-lg-start align-self-md-start align-self-start\">\n                <!---->\n                <div data-colibri-id=\"2323-c16\" class=\"h-global-transition-all h-heading style-1859 style-local-2323-c16 position-relative h-element\">\n                  <!---->\n                  <div class=\"h-heading__outer style-1859 style-local-2323-c16\">\n                    <!---->\n                    <!---->\n                    <h1 class=\"\">AIR-DEFENCE REPAIR TRAILER 1\/S<\/h1>\n                  <\/div>\n                <\/div>\n                <div data-colibri-id=\"2323-c18\" class=\"h-global-transition-all h-heading style-2739 style-local-2323-c18 position-relative h-element\">\n                  <!---->\n                  <div class=\"h-heading__outer style-2739 style-local-2323-c18\">\n                    <!---->\n                    <!---->\n                    <h4 class=\"\">AIR-DEFENCE REPAIR TRAILER 1\/<\/h4>\n                  <\/div>\n                <\/div>\n              <\/div>\n            <\/div>\n          <\/div>\n        <\/div>\n      <\/div>\n      <div data-colibri-id=\"2323-c3\" class=\"h-row-container gutters-row-lg-2 gutters-row-md-2 gutters-row-0 gutters-row-v-lg-2 gutters-row-v-md-2 gutters-row-v-2 style-1844 style-local-2323-c3 position-relative\">\n        <!---->\n        <div class=\"h-row justify-content-lg-center justify-content-md-center justify-content-center align-items-lg-stretch align-items-md-stretch align-items-stretch gutters-col-lg-2 gutters-col-md-2 gutters-col-0 gutters-col-v-lg-2 gutters-col-v-md-2 gutters-col-v-2\">\n          <!---->\n          <div class=\"h-column h-column-container d-flex h-col-lg-auto h-col-md-auto h-col-auto style-1845-outer style-local-2323-c4-outer\">\n            <div data-colibri-id=\"2323-c4\" class=\"d-flex h-flex-basis h-column__inner h-px-lg-2 h-px-md-2 h-px-2 v-inner-lg-2 v-inner-md-2 v-inner-2 style-1845 style-local-2323-c4 position-relative\">\n              <!---->\n              <!---->\n              <div class=\"w-100 h-y-container h-column__content h-column__v-align flex-basis-100 align-self-lg-start align-self-md-start align-self-start\">\n                <!---->\n                <div data-colibri-id=\"2323-c5\" class=\"h-text h-text-component style-1846 style-local-2323-c5 position-relative h-element\">\n                  <!---->\n                  <!---->\n                  <div class=\"\">\n                    <p>The air defense repair trailer made it possible to carry out repairs on air defense components, such as missile systems, anti-aircraft guns, and other equipment, in the field.&nbsp;<\/p>\n                    <p>En robot har k\u00e4nsliga komponenter, och de verkstadsk\u00e4rror som anpassades f\u00f6r den typen av reparationer skulle h\u00e5llas som &#8221;rent rum&#8221;. Det innebar att k\u00e4rran skulle h\u00e5llas dammfri inv\u00e4ndigt (dammsugare h\u00f6rde till utrustningen), och personalen\n                      hade utrustning med skyddsrock och plast\u00f6verdrag till h\u00e5r och skor (som komplement till f\u00e4ltuniform).&nbsp;\n                      <br>\n                    <\/p>\n                    <p>The museum's specimen lacks large parts of the original equipment.&nbsp;<\/p>\n                  <\/div>\n                <\/div>\n              <\/div>\n            <\/div>\n          <\/div>\n          <div class=\"h-column h-column-container d-flex h-col-lg-auto h-col-md-auto h-col-auto style-1847-outer style-local-2323-c6-outer\">\n            <div data-colibri-id=\"2323-c6\" class=\"d-flex h-flex-basis h-column__inner h-ui-empty-state-container h-px-lg-2 h-px-md-2 h-px-2 v-inner-lg-2 v-inner-md-2 v-inner-2 style-1847 style-local-2323-c6 position-relative\">\n              <!---->\n              <!---->\n              <div class=\"w-100 h-y-container h-column__content h-column__v-align flex-basis-100\">\n                <!---->\n              <\/div>\n            <\/div>\n          <\/div>\n        <\/div>\n      <\/div>\n      <div data-colibri-id=\"2323-c7\" class=\"h-row-container gutters-row-lg-2 gutters-row-md-2 gutters-row-0 gutters-row-v-lg-2 gutters-row-v-md-2 gutters-row-v-2 style-1850 style-local-2323-c7 position-relative\">\n        <!---->\n        <div class=\"h-row justify-content-lg-center justify-content-md-center justify-content-center align-items-lg-stretch align-items-md-stretch align-items-stretch gutters-col-lg-2 gutters-col-md-2 gutters-col-0 gutters-col-v-lg-2 gutters-col-v-md-2 gutters-col-v-2\">\n          <!---->\n          <div class=\"h-column h-column-container d-flex h-col-lg-auto h-col-md-auto h-col-auto style-1851-outer style-local-2323-c8-outer\">\n            <div data-colibri-id=\"2323-c8\" class=\"d-flex h-flex-basis h-column__inner h-px-lg-2 h-px-md-2 h-px-2 v-inner-lg-2 v-inner-md-2 v-inner-2 style-1851 style-local-2323-c8 position-relative\">\n              <!---->\n              <!---->\n              <div class=\"w-100 h-y-container h-column__content h-column__v-align flex-basis-100 align-self-lg-start align-self-md-start align-self-start\">\n                <!---->\n                <div data-colibri-component=\"\" data-colibri-id=\"2323-c9\" class=\"h-photo-gallery margin-none caption-displayTrue caption-vertical-align-top style-1852 style-local-2323-c9 h-overflow-hidden position-relative h-element\">\n                  <!---->\n                  <div class=\"h-global-transition-all\"><div id='colibri-2323-c9' class='gallery-wrapper'>    <style type=\"text\/css\">\n\n        @media (min-width: 1023px) {        #colibri-2323-c9        dl {\n            float: left;\n            width: 25% !important;\n            max-width: 25% !important;\n            min-width: 25% !important;\n        }\n\n        #colibri-2323-c9        dl:nth-of-type(4n +1 ) {\n            clear: both;\n        }\n\n        }@media (min-width: 768px) and (max-width: 1023px) {        #colibri-2323-c9        dl {\n            float: left;\n            width: 25% !important;\n            max-width: 25% !important;\n            min-width: 25% !important;\n        }\n\n        #colibri-2323-c9        dl:nth-of-type(4n +1 ) {\n            clear: both;\n        }\n\n        }@media (max-width: 767px) {        #colibri-2323-c9        dl {\n            float: left;\n            width: 50% !important;\n            max-width: 50% !important;\n            min-width: 50% !important;\n        }\n\n        #colibri-2323-c9        dl:nth-of-type(2n +1 ) {\n            clear: both;\n        }\n\n        }\n        #colibri-2323-c9        .gallery-item {\n            position: relative;\n        }\n\n        \n    <\/style>\n    <div   class='colibri-2323-c9-dls-wrapper gallery-items-wrapper' ><dl class='gallery-item masonry-item'>\n\t\t\t<dt class='gallery-icon portrait'>\n\t\t\t\t<a data-fancybox=\"colibri-2323-c9-group\" href='https:\/\/kalixlinjen.se\/wp-content\/uploads\/2023\/05\/IMG_20230530_112713-scaled.jpg'><img loading=\"lazy\" decoding=\"async\"  width=\"225\" height=\"300\" src=\"https:\/\/kalixlinjen.se\/wp-content\/uploads\/2023\/05\/IMG_20230530_112713-225x300.jpg\"  class='colibri-2323-c9-image' alt=\"Luftv\u00e4rnsrepk\u00e4rra 1\" srcset=\"https:\/\/kalixlinjen.se\/wp-content\/uploads\/2023\/05\/IMG_20230530_112713-225x300.jpg 225w, https:\/\/kalixlinjen.se\/wp-content\/uploads\/2023\/05\/IMG_20230530_112713-768x1024.jpg 768w, https:\/\/kalixlinjen.se\/wp-content\/uploads\/2023\/05\/IMG_20230530_112713-1152x1536.jpg 1152w, https:\/\/kalixlinjen.se\/wp-content\/uploads\/2023\/05\/IMG_20230530_112713-1536x2048.jpg 1536w, https:\/\/kalixlinjen.se\/wp-content\/uploads\/2023\/05\/IMG_20230530_112713-scaled.jpg 1920w\" sizes=\"auto, (max-width: 225px) 100vw, 225px\" \/><\/a>\n\t\t\t<\/dt><\/dl><dl class='gallery-item masonry-item'>\n\t\t\t<dt class='gallery-icon portrait'>\n\t\t\t\t<a data-fancybox=\"colibri-2323-c9-group\" href='https:\/\/kalixlinjen.se\/wp-content\/uploads\/2023\/05\/IMG_20230530_112721-scaled.jpg'><img loading=\"lazy\" decoding=\"async\"  width=\"225\" height=\"300\" src=\"https:\/\/kalixlinjen.se\/wp-content\/uploads\/2023\/05\/IMG_20230530_112721-225x300.jpg\"  class='colibri-2323-c9-image' alt=\"Luftv\u00e4rnsrepk\u00e4rra 1\" aria-describedby=\"gallery-1-3219\" srcset=\"https:\/\/kalixlinjen.se\/wp-content\/uploads\/2023\/05\/IMG_20230530_112721-225x300.jpg 225w, https:\/\/kalixlinjen.se\/wp-content\/uploads\/2023\/05\/IMG_20230530_112721-768x1024.jpg 768w, https:\/\/kalixlinjen.se\/wp-content\/uploads\/2023\/05\/IMG_20230530_112721-1152x1536.jpg 1152w, https:\/\/kalixlinjen.se\/wp-content\/uploads\/2023\/05\/IMG_20230530_112721-1536x2048.jpg 1536w, https:\/\/kalixlinjen.se\/wp-content\/uploads\/2023\/05\/IMG_20230530_112721-scaled.jpg 1920w\" sizes=\"auto, (max-width: 225px) 100vw, 225px\" \/><\/a>\n\t\t\t<\/dt>\n\t\t\t\t<div class=\"gallery-caption__wrapper\"><dd class='wp-caption-text gallery-caption' id='gallery-1-3219'>\n\t\t\t\tLuftv\u00e4rnsrepk\u00e4rra 1\n\t\t\t\t<\/dd><\/div><\/dl><dl class='gallery-item masonry-item'>\n\t\t\t<dt class='gallery-icon portrait'>\n\t\t\t\t<a data-fancybox=\"colibri-2323-c9-group\" href='https:\/\/kalixlinjen.se\/wp-content\/uploads\/2023\/05\/IMG_20230530_112655-scaled.jpg'><img loading=\"lazy\" decoding=\"async\"  width=\"225\" height=\"300\" src=\"https:\/\/kalixlinjen.se\/wp-content\/uploads\/2023\/05\/IMG_20230530_112655-225x300.jpg\"  class='colibri-2323-c9-image' alt=\"Luftv\u00e4rnsrepk\u00e4rra 1\" aria-describedby=\"gallery-1-3217\" srcset=\"https:\/\/kalixlinjen.se\/wp-content\/uploads\/2023\/05\/IMG_20230530_112655-225x300.jpg 225w, https:\/\/kalixlinjen.se\/wp-content\/uploads\/2023\/05\/IMG_20230530_112655-768x1024.jpg 768w, https:\/\/kalixlinjen.se\/wp-content\/uploads\/2023\/05\/IMG_20230530_112655-1152x1536.jpg 1152w, https:\/\/kalixlinjen.se\/wp-content\/uploads\/2023\/05\/IMG_20230530_112655-1536x2048.jpg 1536w, https:\/\/kalixlinjen.se\/wp-content\/uploads\/2023\/05\/IMG_20230530_112655-scaled.jpg 1920w\" sizes=\"auto, (max-width: 225px) 100vw, 225px\" \/><\/a>\n\t\t\t<\/dt>\n\t\t\t\t<div class=\"gallery-caption__wrapper\"><dd class='wp-caption-text gallery-caption' id='gallery-1-3217'>\n\t\t\t\tLuftv\u00e4rnsrepk\u00e4rra 1\n\t\t\t\t<\/dd><\/div><\/dl><dl class='gallery-item masonry-item'>\n\t\t\t<dt class='gallery-icon portrait'>\n\t\t\t\t<a data-fancybox=\"colibri-2323-c9-group\" href='https:\/\/kalixlinjen.se\/wp-content\/uploads\/2023\/05\/IMG_20230530_112742-scaled.jpg'><img loading=\"lazy\" decoding=\"async\"  width=\"225\" height=\"300\" src=\"https:\/\/kalixlinjen.se\/wp-content\/uploads\/2023\/05\/IMG_20230530_112742-225x300.jpg\"  class='colibri-2323-c9-image' alt=\"Luftv\u00e4rnsrepk\u00e4rra 1\" aria-describedby=\"gallery-1-3221\" srcset=\"https:\/\/kalixlinjen.se\/wp-content\/uploads\/2023\/05\/IMG_20230530_112742-225x300.jpg 225w, https:\/\/kalixlinjen.se\/wp-content\/uploads\/2023\/05\/IMG_20230530_112742-768x1024.jpg 768w, https:\/\/kalixlinjen.se\/wp-content\/uploads\/2023\/05\/IMG_20230530_112742-1152x1536.jpg 1152w, https:\/\/kalixlinjen.se\/wp-content\/uploads\/2023\/05\/IMG_20230530_112742-1536x2048.jpg 1536w, https:\/\/kalixlinjen.se\/wp-content\/uploads\/2023\/05\/IMG_20230530_112742-scaled.jpg 1920w\" sizes=\"auto, (max-width: 225px) 100vw, 225px\" \/><\/a>\n\t\t\t<\/dt>\n\t\t\t\t<div class=\"gallery-caption__wrapper\"><dd class='wp-caption-text gallery-caption' id='gallery-1-3221'>\n\t\t\t\tLuftv\u00e4rnsrepk\u00e4rra 1\n\t\t\t\t<\/dd><\/div><\/dl>\n\t\t<\/div>\n<style>#colibri-2323-c9 .wp-caption-text.gallery-caption{display:none;}<\/style><\/div><\/div>\n                <\/div>\n              <\/div>\n            <\/div>\n          <\/div>\n        <\/div>\n      <\/div>\n      <div data-colibri-id=\"2323-c10\" class=\"h-row-container gutters-row-lg-2 gutters-row-md-2 gutters-row-0 gutters-row-v-lg-2 gutters-row-v-md-2 gutters-row-v-2 style-1853 style-local-2323-c10 position-relative\">\n        <!---->\n        <div class=\"h-row justify-content-lg-center justify-content-md-center justify-content-center align-items-lg-stretch align-items-md-stretch align-items-stretch gutters-col-lg-2 gutters-col-md-2 gutters-col-0 gutters-col-v-lg-2 gutters-col-v-md-2 gutters-col-v-2\">\n          <!---->\n          <div class=\"h-column h-column-container d-flex h-col-lg-auto h-col-md-auto h-col-auto style-1854-outer style-local-2323-c11-outer\">\n            <div data-colibri-id=\"2323-c11\" class=\"d-flex h-flex-basis h-column__inner h-px-lg-2 h-px-md-2 h-px-2 v-inner-lg-2 v-inner-md-2 v-inner-2 style-1854 style-local-2323-c11 position-relative\">\n              <!---->\n              <!---->\n              <div class=\"w-100 h-y-container h-column__content h-column__v-align flex-basis-100 align-self-lg-start align-self-md-start align-self-start\">\n                <!---->\n                <div data-colibri-id=\"2323-c12\" class=\"h-text h-text-component style-1855 style-local-2323-c12 position-relative h-element\">\n                  <!---->\n                  <!---->\n                  <div class=\"\">\n                    <p>Reg. No<\/p>\n                    <p>185008<\/p>\n                    <p>M8720-301710<\/p>\n                    <p>AIR-DEFENCE REPAIR TRAILER 1\/S<\/p>\n                    <p>Assigned<\/p>\n                    <p>FM AVV<\/p>\n                    <p>Vehicle type<\/p>\n                    <p>TOWABLE<\/p>\n                    <p>Manufacturer\/type<\/p>\n                    <p>SKV<\/p>\n                    <p>Model year<\/p>\n                    <p>1960<\/p>\n                    <p>Chassis number<\/p>\n                    <p>31-5900-099<\/p>\n                    <p>Reference number<\/p>\n                    <p>12539<\/p>\n                    <p>Date of registration<\/p>\n                    <p>1961-09-11<\/p>\n                    <p>User<\/p>\n                    <p>001<\/p>\n                    <p>Deregistered<\/p>\n                    <p>AVREG V1046<\/p>\n                    <p> <\/p>\n                    <p>Vehicle body<\/p>\n                    <p>26 CABINET \u2013 WORKSHOP FURNITURE<\/p>\n                    <p>Length<\/p>\n                    <p>5,20<\/p>\n                    <p>Width<\/p>\n                    <p>2,35<\/p>\n                    <p>Numbers of axles <\/p>\n                    <p>2<\/p>\n                    <p>Wheelbase<\/p>\n                    <p>0,96<\/p>\n                    <p>Numbers of tires<\/p>\n                    <p>4<\/p>\n                    <p>Tyre dimension back<\/p>\n                    <p>7,50-16<\/p>\n                    <p>Curb weight (kg)<\/p>\n                    <p>2190<\/p>\n                    <p>Maximum payload (kg)<\/p>\n                    <p>960<\/p>\n                    <p>Gross vehicle weight<\/p>\n                    <p>3150<\/p>\n                    <p>Curb weight distribution<\/p>\n                    <p>60+1040+1090<\/p>\n                    <p>Hitch type<\/p>\n                    <p>LUNETTE RING<\/p>\n                    <p>Clutch pedal travel<\/p>\n                    <p>3,56<\/p>\n                    <p>Break system<\/p>\n                    <p>YES<\/p>\n                    <p>Brake socket<\/p>\n                    <p>1<\/p>\n                    <p>Cargo space<\/p>\n                    <p>3,27<\/p>\n                    <p>Overhang<\/p>\n                    <p>1,14<\/p>\n                    <p>Gross weight distribution<\/p>\n                    <p>130+1490+1530<\/p>\n                    <p>Additional information<\/p>\n                    <p>YES<\/p>\n                    <p>CHASSIS NUMBER PLACED ON THE RIGHT SIDE OF THE TOW BAR. LOAD SPACE WIDTH 2.20 M. BETWEEN WHEEL ARCHES 1.49 M. VEHICLE HEIGHT 2.85 M. <\/p>\n                    <p> <\/p>\n                  <\/div>\n                <\/div>\n              <\/div>\n            <\/div>\n          <\/div>\n          <div class=\"h-column h-column-container d-flex h-col-lg-auto h-col-md-auto h-col-auto style-1856-outer style-local-2323-c13-outer\">\n            <div data-colibri-id=\"2323-c13\" class=\"d-flex h-flex-basis h-column__inner h-ui-empty-state-container h-px-lg-2 h-px-md-2 h-px-2 v-inner-lg-2 v-inner-md-2 v-inner-2 style-1856 style-local-2323-c13 position-relative\">\n              <!---->\n              <!---->\n              <div class=\"w-100 h-y-container h-column__content h-column__v-align flex-basis-100\">\n                <!---->\n              <\/div>\n            <\/div>\n          <\/div>\n        <\/div>\n      <\/div>\n    <\/div>\n  <\/div>\n<\/div>","protected":false},"excerpt":{"rendered":"<p>LVREPK\u00c4RRA 1 \/S LUFTV\u00c4RNSREPARATIONSK\u00c4RRA 1 \/s Luftv\u00e4rnsreparationsk\u00e4rran gjorde det m\u00f6jligt att&nbsp;utf\u00f6ra reparationer p\u00e5 luftv\u00e4rnskomponenter, exempelvis robotmateriel, luftv\u00e4rnskanoner och annan materiel, i f\u00e4lt.&nbsp; En robot har k\u00e4nsliga komponenter, och de verkstadsk\u00e4rror som anpassades f\u00f6r den typen av reparationer skulle h\u00e5llas som &#8221;rent rum&#8221;. Det innebar att k\u00e4rran skulle h\u00e5llas dammfri inv\u00e4ndigt (dammsugare h\u00f6rde till utrustningen), och [&hellip;]<\/p>\n","protected":false},"author":1,"featured_media":0,"parent":0,"menu_order":0,"comment_status":"closed","ping_status":"closed","template":"page-templates\/full-width-page.php","meta":{"_kadence_starter_templates_imported_post":false,"footnotes":""},"class_list":["post-2323","page","type-page","status-publish","hentry"],"yoast_head":"<!-- This site is optimized with the Yoast SEO plugin v27.4 - https:\/\/yoast.com\/product\/yoast-seo-wordpress\/ -->\n<title>LVREPK\u00c4RRA 1 \/S - Kalixlinjens museum<\/title>\n<meta name=\"robots\" content=\"index, follow, max-snippet:-1, max-image-preview:large, max-video-preview:-1\" \/>\n<link rel=\"canonical\" href=\"https:\/\/kalixlinjen.se\/en\/lvrepkarra-1-s\/\" \/>\n<meta property=\"og:locale\" content=\"en_GB\" \/>\n<meta property=\"og:type\" content=\"article\" \/>\n<meta property=\"og:title\" content=\"LVREPK\u00c4RRA 1 \/S - Kalixlinjens museum\" \/>\n<meta property=\"og:description\" content=\"LVREPK\u00c4RRA 1 \/S LUFTV\u00c4RNSREPARATIONSK\u00c4RRA 1 \/s Luftv\u00e4rnsreparationsk\u00e4rran gjorde det m\u00f6jligt att&nbsp;utf\u00f6ra reparationer p\u00e5 luftv\u00e4rnskomponenter, exempelvis robotmateriel, luftv\u00e4rnskanoner och annan materiel, i f\u00e4lt.&nbsp; En robot har k\u00e4nsliga komponenter, och de verkstadsk\u00e4rror som anpassades f\u00f6r den typen av reparationer skulle h\u00e5llas som &#8221;rent rum&#8221;. Det innebar att k\u00e4rran skulle h\u00e5llas dammfri inv\u00e4ndigt (dammsugare h\u00f6rde till utrustningen), och [&hellip;]\" \/>\n<meta property=\"og:url\" content=\"https:\/\/kalixlinjen.se\/en\/lvrepkarra-1-s\/\" \/>\n<meta property=\"og:site_name\" content=\"Kalixlinjens museum\" \/>\n<meta property=\"article:publisher\" content=\"https:\/\/www.facebook.com\/kalixlinjensmuseum\" \/>\n<meta property=\"article:modified_time\" content=\"2024-10-21T13:08:16+00:00\" \/>\n<meta name=\"twitter:card\" content=\"summary_large_image\" \/>\n<script type=\"application\/ld+json\" class=\"yoast-schema-graph\">{\"@context\":\"https:\\\/\\\/schema.org\",\"@graph\":[{\"@type\":\"WebPage\",\"@id\":\"https:\\\/\\\/kalixlinjen.se\\\/lvrepkarra-1-s\\\/\",\"url\":\"https:\\\/\\\/kalixlinjen.se\\\/lvrepkarra-1-s\\\/\",\"name\":\"LVREPK\u00c4RRA 1 \\\/S - Kalixlinjens museum\",\"isPartOf\":{\"@id\":\"https:\\\/\\\/kalixlinjen.se\\\/#website\"},\"datePublished\":\"2023-05-22T07:45:24+00:00\",\"dateModified\":\"2024-10-21T13:08:16+00:00\",\"breadcrumb\":{\"@id\":\"https:\\\/\\\/kalixlinjen.se\\\/lvrepkarra-1-s\\\/#breadcrumb\"},\"inLanguage\":\"en-GB\",\"potentialAction\":[{\"@type\":\"ReadAction\",\"target\":[\"https:\\\/\\\/kalixlinjen.se\\\/lvrepkarra-1-s\\\/\"]}]},{\"@type\":\"BreadcrumbList\",\"@id\":\"https:\\\/\\\/kalixlinjen.se\\\/lvrepkarra-1-s\\\/#breadcrumb\",\"itemListElement\":[{\"@type\":\"ListItem\",\"position\":1,\"name\":\"Hem\",\"item\":\"https:\\\/\\\/kalixlinjen.se\\\/\"},{\"@type\":\"ListItem\",\"position\":2,\"name\":\"LVREPK\u00c4RRA 1 \\\/S\"}]},{\"@type\":\"WebSite\",\"@id\":\"https:\\\/\\\/kalixlinjen.se\\\/#website\",\"url\":\"https:\\\/\\\/kalixlinjen.se\\\/\",\"name\":\"Kalixlinjens museum\",\"description\":\"St\u00f6rst och hemligast!\",\"publisher\":{\"@id\":\"https:\\\/\\\/kalixlinjen.se\\\/#organization\"},\"potentialAction\":[{\"@type\":\"SearchAction\",\"target\":{\"@type\":\"EntryPoint\",\"urlTemplate\":\"https:\\\/\\\/kalixlinjen.se\\\/?s={search_term_string}\"},\"query-input\":{\"@type\":\"PropertyValueSpecification\",\"valueRequired\":true,\"valueName\":\"search_term_string\"}}],\"inLanguage\":\"en-GB\"},{\"@type\":\"Organization\",\"@id\":\"https:\\\/\\\/kalixlinjen.se\\\/#organization\",\"name\":\"Kalixlinjens museum\",\"url\":\"https:\\\/\\\/kalixlinjen.se\\\/\",\"logo\":{\"@type\":\"ImageObject\",\"inLanguage\":\"en-GB\",\"@id\":\"https:\\\/\\\/kalixlinjen.se\\\/#\\\/schema\\\/logo\\\/image\\\/\",\"url\":\"https:\\\/\\\/kalixlinjen.se\\\/wp-content\\\/uploads\\\/2022\\\/11\\\/cropped-cropped-cropped-cropped-loggo.png\",\"contentUrl\":\"https:\\\/\\\/kalixlinjen.se\\\/wp-content\\\/uploads\\\/2022\\\/11\\\/cropped-cropped-cropped-cropped-loggo.png\",\"width\":512,\"height\":512,\"caption\":\"Kalixlinjens museum\"},\"image\":{\"@id\":\"https:\\\/\\\/kalixlinjen.se\\\/#\\\/schema\\\/logo\\\/image\\\/\"},\"sameAs\":[\"https:\\\/\\\/www.facebook.com\\\/kalixlinjensmuseum\",\"https:\\\/\\\/www.instagram.com\\\/kalixlinjens_museum\\\/\"]}]}<\/script>\n<!-- \/ Yoast SEO plugin. -->","yoast_head_json":{"title":"LVREPK\u00c4RRA 1 \/S - Kalixlinjens museum","robots":{"index":"index","follow":"follow","max-snippet":"max-snippet:-1","max-image-preview":"max-image-preview:large","max-video-preview":"max-video-preview:-1"},"canonical":"https:\/\/kalixlinjen.se\/en\/lvrepkarra-1-s\/","og_locale":"en_GB","og_type":"article","og_title":"LVREPK\u00c4RRA 1 \/S - Kalixlinjens museum","og_description":"LVREPK\u00c4RRA 1 \/S LUFTV\u00c4RNSREPARATIONSK\u00c4RRA 1 \/s Luftv\u00e4rnsreparationsk\u00e4rran gjorde det m\u00f6jligt att&nbsp;utf\u00f6ra reparationer p\u00e5 luftv\u00e4rnskomponenter, exempelvis robotmateriel, luftv\u00e4rnskanoner och annan materiel, i f\u00e4lt.&nbsp; En robot har k\u00e4nsliga komponenter, och de verkstadsk\u00e4rror som anpassades f\u00f6r den typen av reparationer skulle h\u00e5llas som &#8221;rent rum&#8221;. Det innebar att k\u00e4rran skulle h\u00e5llas dammfri inv\u00e4ndigt (dammsugare h\u00f6rde till utrustningen), och [&hellip;]","og_url":"https:\/\/kalixlinjen.se\/en\/lvrepkarra-1-s\/","og_site_name":"Kalixlinjens museum","article_publisher":"https:\/\/www.facebook.com\/kalixlinjensmuseum","article_modified_time":"2024-10-21T13:08:16+00:00","twitter_card":"summary_large_image","schema":{"@context":"https:\/\/schema.org","@graph":[{"@type":"WebPage","@id":"https:\/\/kalixlinjen.se\/lvrepkarra-1-s\/","url":"https:\/\/kalixlinjen.se\/lvrepkarra-1-s\/","name":"LVREPK\u00c4RRA 1 \/S - Kalixlinjens museum","isPartOf":{"@id":"https:\/\/kalixlinjen.se\/#website"},"datePublished":"2023-05-22T07:45:24+00:00","dateModified":"2024-10-21T13:08:16+00:00","breadcrumb":{"@id":"https:\/\/kalixlinjen.se\/lvrepkarra-1-s\/#breadcrumb"},"inLanguage":"en-GB","potentialAction":[{"@type":"ReadAction","target":["https:\/\/kalixlinjen.se\/lvrepkarra-1-s\/"]}]},{"@type":"BreadcrumbList","@id":"https:\/\/kalixlinjen.se\/lvrepkarra-1-s\/#breadcrumb","itemListElement":[{"@type":"ListItem","position":1,"name":"Hem","item":"https:\/\/kalixlinjen.se\/"},{"@type":"ListItem","position":2,"name":"LVREPK\u00c4RRA 1 \/S"}]},{"@type":"WebSite","@id":"https:\/\/kalixlinjen.se\/#website","url":"https:\/\/kalixlinjen.se\/","name":"The Kalix line museum","description":"St\u00f6rst och hemligast!","publisher":{"@id":"https:\/\/kalixlinjen.se\/#organization"},"potentialAction":[{"@type":"SearchAction","target":{"@type":"EntryPoint","urlTemplate":"https:\/\/kalixlinjen.se\/?s={search_term_string}"},"query-input":{"@type":"PropertyValueSpecification","valueRequired":true,"valueName":"search_term_string"}}],"inLanguage":"en-GB"},{"@type":"Organization","@id":"https:\/\/kalixlinjen.se\/#organization","name":"The Kalix line museum","url":"https:\/\/kalixlinjen.se\/","logo":{"@type":"ImageObject","inLanguage":"en-GB","@id":"https:\/\/kalixlinjen.se\/#\/schema\/logo\/image\/","url":"https:\/\/kalixlinjen.se\/wp-content\/uploads\/2022\/11\/cropped-cropped-cropped-cropped-loggo.png","contentUrl":"https:\/\/kalixlinjen.se\/wp-content\/uploads\/2022\/11\/cropped-cropped-cropped-cropped-loggo.png","width":512,"height":512,"caption":"Kalixlinjens museum"},"image":{"@id":"https:\/\/kalixlinjen.se\/#\/schema\/logo\/image\/"},"sameAs":["https:\/\/www.facebook.com\/kalixlinjensmuseum","https:\/\/www.instagram.com\/kalixlinjens_museum\/"]}]}},"_links":{"self":[{"href":"https:\/\/kalixlinjen.se\/en\/wp-json\/wp\/v2\/pages\/2323","targetHints":{"allow":["GET"]}}],"collection":[{"href":"https:\/\/kalixlinjen.se\/en\/wp-json\/wp\/v2\/pages"}],"about":[{"href":"https:\/\/kalixlinjen.se\/en\/wp-json\/wp\/v2\/types\/page"}],"author":[{"embeddable":true,"href":"https:\/\/kalixlinjen.se\/en\/wp-json\/wp\/v2\/users\/1"}],"replies":[{"embeddable":true,"href":"https:\/\/kalixlinjen.se\/en\/wp-json\/wp\/v2\/comments?post=2323"}],"version-history":[{"count":7,"href":"https:\/\/kalixlinjen.se\/en\/wp-json\/wp\/v2\/pages\/2323\/revisions"}],"predecessor-version":[{"id":5427,"href":"https:\/\/kalixlinjen.se\/en\/wp-json\/wp\/v2\/pages\/2323\/revisions\/5427"}],"wp:attachment":[{"href":"https:\/\/kalixlinjen.se\/en\/wp-json\/wp\/v2\/media?parent=2323"}],"curies":[{"name":"wp","href":"https:\/\/api.w.org\/{rel}","templated":true}]}}