{"id":2230,"date":"2023-05-16T11:20:33","date_gmt":"2023-05-16T11:20:33","guid":{"rendered":"https:\/\/kalixlinjen.se\/?page_id=2230"},"modified":"2024-10-21T11:47:12","modified_gmt":"2024-10-21T11:47:12","slug":"57-mm-pvkan-43","status":"publish","type":"page","link":"https:\/\/kalixlinjen.se\/en\/57-mm-pvkan-43\/","title":{"rendered":"57 MM PVKAN \/43"},"content":{"rendered":"<div data-colibri-id=\"2230-c1\" class=\"style-1784 style-local-2230-c1 position-relative\">\n  <!---->\n  <div data-colibri-component=\"section\" data-colibri-id=\"2230-c2\" id=\"reusable-sections\" class=\"h-section h-section-global-spacing d-flex align-items-lg-center align-items-md-center align-items-center style-1785 style-local-2230-c2 position-relative\">\n    <!---->\n    <!---->\n    <div class=\"h-section-grid-container h-section-boxed-container\">\n      <div data-colibri-id=\"2230-c14\" class=\"h-row-container gutters-row-lg-2 gutters-row-md-2 gutters-row-2 gutters-row-v-lg-2 gutters-row-v-md-2 gutters-row-v-2 style-1799 style-local-2230-c14 position-relative\">\n        <!---->\n        <div class=\"h-row justify-content-lg-center justify-content-md-center justify-content-center align-items-lg-stretch align-items-md-stretch align-items-stretch gutters-col-lg-2 gutters-col-md-2 gutters-col-2 gutters-col-v-lg-2 gutters-col-v-md-2 gutters-col-v-2\">\n          <!---->\n          <div class=\"h-column h-column-container d-flex h-col-lg-auto h-col-md-auto h-col-auto style-1800-outer style-local-2230-c15-outer\">\n            <div data-colibri-id=\"2230-c15\" class=\"d-flex h-flex-basis h-column__inner h-px-lg-2 h-px-md-2 h-px-2 v-inner-lg-2 v-inner-md-2 v-inner-2 style-1800 style-local-2230-c15 position-relative\">\n              <!---->\n              <!---->\n              <div class=\"w-100 h-y-container h-column__content h-column__v-align flex-basis-100 align-self-lg-start align-self-md-start align-self-start\">\n                <!---->\n                <div data-colibri-id=\"2230-c16\" class=\"h-global-transition-all h-heading style-1801 style-local-2230-c16 position-relative h-element\">\n                  <!---->\n                  <div class=\"h-heading__outer style-1801 style-local-2230-c16\">\n                    <!---->\n                    <!---->\n                    <h1 class=\"\">57 MM PVKAN M\/43<\/h1>\n                  <\/div>\n                <\/div>\n                <div data-colibri-id=\"2230-c18\" class=\"h-global-transition-all h-heading style-2714 style-local-2230-c18 position-relative h-element\">\n                  <!---->\n                  <div class=\"h-heading__outer style-2714 style-local-2230-c18\">\n                    <!---->\n                    <!---->\n                    <h4 class=\"\">57 MM ANTI-TANK GUN M\/43<\/h4>\n                  <\/div>\n                <\/div>\n              <\/div>\n            <\/div>\n          <\/div>\n        <\/div>\n      <\/div>\n      <div data-colibri-id=\"2230-c3\" class=\"h-row-container gutters-row-lg-2 gutters-row-md-2 gutters-row-0 gutters-row-v-lg-2 gutters-row-v-md-2 gutters-row-v-2 style-1786 style-local-2230-c3 position-relative\">\n        <!---->\n        <div class=\"h-row justify-content-lg-center justify-content-md-center justify-content-center align-items-lg-stretch align-items-md-stretch align-items-stretch gutters-col-lg-2 gutters-col-md-2 gutters-col-0 gutters-col-v-lg-2 gutters-col-v-md-2 gutters-col-v-2\">\n          <!---->\n          <div class=\"h-column h-column-container d-flex h-col-lg-auto h-col-md-auto h-col-auto style-1787-outer style-local-2230-c4-outer\">\n            <div data-colibri-id=\"2230-c4\" class=\"d-flex h-flex-basis h-column__inner h-px-lg-2 h-px-md-2 h-px-2 v-inner-lg-2 v-inner-md-2 v-inner-2 style-1787 style-local-2230-c4 position-relative\">\n              <!---->\n              <!---->\n              <div class=\"w-100 h-y-container h-column__content h-column__v-align flex-basis-100 align-self-lg-start align-self-md-start align-self-start\">\n                <!---->\n                <div data-colibri-id=\"2230-c5\" class=\"h-text h-text-component style-1788 style-local-2230-c5 position-relative h-element\">\n                  <!---->\n                  <!---->\n                  <div class=\"\">\n                    <p>57 mm PVKAN m\/43 var ett svar p\u00e5 pansarfordonens allt b\u00e4ttre pansarskydd. Det beh\u00f6vdes starkare medel f\u00f6r att bryta igenom, och 57 mm pansarv\u00e4rnskanon konstruerades. P\u00e5 grund av vikten (n\u00e4ra 1000 kg) var den tung att dra f\u00f6r hand i\n                      terr\u00e4ngen, och n\u00e4r pansarfordonen blev \u00e4n b\u00e4ttre, f\u00f6rpassades 57 mm PVKAN till andra uppgifter. Den byttes ut mot\n                      <a href=\"https:\/\/kalixlinjen.se\/en\/9cm-pvpj-1110-t\/\" target=\"_blank\" rel=\"noopener\">9 cm PVPJ 1110<\/a>.<\/p>\n                    <p>The 57 mm PVKAN had a rate of fire of 12 rounds per minute and a maximum range of 8.5 km.&nbsp;<\/p>\n                  <\/div>\n                <\/div>\n              <\/div>\n            <\/div>\n          <\/div>\n          <div class=\"h-column h-column-container d-flex h-col-lg-auto h-col-md-auto h-col-auto style-1789-outer style-local-2230-c6-outer\">\n            <div data-colibri-id=\"2230-c6\" class=\"d-flex h-flex-basis h-column__inner h-ui-empty-state-container h-px-lg-2 h-px-md-2 h-px-2 v-inner-lg-2 v-inner-md-2 v-inner-2 style-1789 style-local-2230-c6 position-relative\">\n              <!---->\n              <!---->\n              <div class=\"w-100 h-y-container h-column__content h-column__v-align flex-basis-100\">\n                <!---->\n              <\/div>\n            <\/div>\n          <\/div>\n        <\/div>\n      <\/div>\n      <div data-colibri-id=\"2230-c7\" class=\"h-row-container gutters-row-lg-2 gutters-row-md-2 gutters-row-0 gutters-row-v-lg-2 gutters-row-v-md-2 gutters-row-v-2 style-1792 style-local-2230-c7 position-relative\">\n        <!---->\n        <div class=\"h-row justify-content-lg-center justify-content-md-center justify-content-center align-items-lg-stretch align-items-md-stretch align-items-stretch gutters-col-lg-2 gutters-col-md-2 gutters-col-0 gutters-col-v-lg-2 gutters-col-v-md-2 gutters-col-v-2\">\n          <!---->\n          <div class=\"h-column h-column-container d-flex h-col-lg-auto h-col-md-auto h-col-auto style-1793-outer style-local-2230-c8-outer\">\n            <div data-colibri-id=\"2230-c8\" class=\"d-flex h-flex-basis h-column__inner h-px-lg-2 h-px-md-2 h-px-2 v-inner-lg-2 v-inner-md-2 v-inner-2 style-1793 style-local-2230-c8 position-relative\">\n              <!---->\n              <!---->\n              <div class=\"w-100 h-y-container h-column__content h-column__v-align flex-basis-100 align-self-lg-start align-self-md-start align-self-start\">\n                <!---->\n                <div data-colibri-component=\"\" data-colibri-id=\"2230-c9\" class=\"h-photo-gallery margin-none caption-displayTrue caption-vertical-align-top style-1794 style-local-2230-c9 h-overflow-hidden position-relative h-element\">\n                  <!---->\n                  <div class=\"h-global-transition-all\"><div id='colibri-2230-c9' class='gallery-wrapper'>    <style type=\"text\/css\">\n\n        @media (min-width: 1023px) {        #colibri-2230-c9        dl {\n            float: left;\n            width: 25% !important;\n            max-width: 25% !important;\n            min-width: 25% !important;\n        }\n\n        #colibri-2230-c9        dl:nth-of-type(4n +1 ) {\n            clear: both;\n        }\n\n        }@media (min-width: 768px) and (max-width: 1023px) {        #colibri-2230-c9        dl {\n            float: left;\n            width: 25% !important;\n            max-width: 25% !important;\n            min-width: 25% !important;\n        }\n\n        #colibri-2230-c9        dl:nth-of-type(4n +1 ) {\n            clear: both;\n        }\n\n        }@media (max-width: 767px) {        #colibri-2230-c9        dl {\n            float: left;\n            width: 50% !important;\n            max-width: 50% !important;\n            min-width: 50% !important;\n        }\n\n        #colibri-2230-c9        dl:nth-of-type(2n +1 ) {\n            clear: both;\n        }\n\n        }\n        #colibri-2230-c9        .gallery-item {\n            position: relative;\n        }\n\n        \n    <\/style>\n    <div   class='colibri-2230-c9-dls-wrapper gallery-items-wrapper' ><dl class='gallery-item masonry-item'>\n\t\t\t<dt class='gallery-icon landscape'>\n\t\t\t\t<a data-fancybox=\"colibri-2230-c9-group\" href='https:\/\/kalixlinjen.se\/wp-content\/uploads\/2023\/04\/Fotografier-forbereds-2.png'><img loading=\"lazy\" decoding=\"async\"  width=\"300\" height=\"300\" src=\"https:\/\/kalixlinjen.se\/wp-content\/uploads\/2023\/04\/Fotografier-forbereds-2-300x300.png\"  class='colibri-2230-c9-image' alt=\"\" aria-describedby=\"gallery-1-1212\" srcset=\"https:\/\/kalixlinjen.se\/wp-content\/uploads\/2023\/04\/Fotografier-forbereds-2-300x300.png 300w, https:\/\/kalixlinjen.se\/wp-content\/uploads\/2023\/04\/Fotografier-forbereds-2-1024x1024.png 1024w, https:\/\/kalixlinjen.se\/wp-content\/uploads\/2023\/04\/Fotografier-forbereds-2-150x150.png 150w, https:\/\/kalixlinjen.se\/wp-content\/uploads\/2023\/04\/Fotografier-forbereds-2-768x768.png 768w, https:\/\/kalixlinjen.se\/wp-content\/uploads\/2023\/04\/Fotografier-forbereds-2.png 1080w\" sizes=\"auto, (max-width: 300px) 100vw, 300px\" \/><\/a>\n\t\t\t<\/dt>\n\t\t\t\t<div class=\"gallery-caption__wrapper\"><dd class='wp-caption-text gallery-caption' id='gallery-1-1212'>\n\t\t\t\tMore photographs are being prepared. \n\t\t\t\t<\/dd><\/div><\/dl><dl class='gallery-item masonry-item'>\n\t\t\t<dt class='gallery-icon portrait'>\n\t\t\t\t<a data-fancybox=\"colibri-2230-c9-group\" href='https:\/\/kalixlinjen.se\/wp-content\/uploads\/2023\/05\/20221203_112936-scaled.jpg'><img loading=\"lazy\" decoding=\"async\"  width=\"225\" height=\"300\" src=\"https:\/\/kalixlinjen.se\/wp-content\/uploads\/2023\/05\/20221203_112936-225x300.jpg\"  class='colibri-2230-c9-image' alt=\"\" srcset=\"https:\/\/kalixlinjen.se\/wp-content\/uploads\/2023\/05\/20221203_112936-225x300.jpg 225w, https:\/\/kalixlinjen.se\/wp-content\/uploads\/2023\/05\/20221203_112936-768x1024.jpg 768w, https:\/\/kalixlinjen.se\/wp-content\/uploads\/2023\/05\/20221203_112936-1152x1536.jpg 1152w, https:\/\/kalixlinjen.se\/wp-content\/uploads\/2023\/05\/20221203_112936-1536x2048.jpg 1536w, https:\/\/kalixlinjen.se\/wp-content\/uploads\/2023\/05\/20221203_112936-scaled.jpg 1920w\" sizes=\"auto, (max-width: 225px) 100vw, 225px\" \/><\/a>\n\t\t\t<\/dt><\/dl><dl class='gallery-item masonry-item'>\n\t\t\t<dt class='gallery-icon portrait'>\n\t\t\t\t<a data-fancybox=\"colibri-2230-c9-group\" href='https:\/\/kalixlinjen.se\/wp-content\/uploads\/2023\/05\/20221203_112938-scaled.jpg'><img loading=\"lazy\" decoding=\"async\"  width=\"225\" height=\"300\" src=\"https:\/\/kalixlinjen.se\/wp-content\/uploads\/2023\/05\/20221203_112938-225x300.jpg\"  class='colibri-2230-c9-image' alt=\"\" srcset=\"https:\/\/kalixlinjen.se\/wp-content\/uploads\/2023\/05\/20221203_112938-225x300.jpg 225w, https:\/\/kalixlinjen.se\/wp-content\/uploads\/2023\/05\/20221203_112938-768x1024.jpg 768w, https:\/\/kalixlinjen.se\/wp-content\/uploads\/2023\/05\/20221203_112938-1152x1536.jpg 1152w, https:\/\/kalixlinjen.se\/wp-content\/uploads\/2023\/05\/20221203_112938-1536x2048.jpg 1536w, https:\/\/kalixlinjen.se\/wp-content\/uploads\/2023\/05\/20221203_112938-scaled.jpg 1920w\" sizes=\"auto, (max-width: 225px) 100vw, 225px\" \/><\/a>\n\t\t\t<\/dt><\/dl>\n\t\t\t\n\t\t<\/div>\n<style>#colibri-2230-c9 .wp-caption-text.gallery-caption{display:none;}<\/style><\/div><\/div>\n                <\/div>\n              <\/div>\n            <\/div>\n          <\/div>\n        <\/div>\n      <\/div>\n      <div data-colibri-id=\"2230-c10\" class=\"h-row-container gutters-row-lg-2 gutters-row-md-2 gutters-row-0 gutters-row-v-lg-2 gutters-row-v-md-2 gutters-row-v-2 style-1795 style-local-2230-c10 position-relative\">\n        <!---->\n        <div class=\"h-row justify-content-lg-center justify-content-md-center justify-content-center align-items-lg-stretch align-items-md-stretch align-items-stretch gutters-col-lg-2 gutters-col-md-2 gutters-col-0 gutters-col-v-lg-2 gutters-col-v-md-2 gutters-col-v-2\">\n          <!---->\n          <div class=\"h-column h-column-container d-flex h-col-lg-auto h-col-md-auto h-col-auto style-1796-outer style-local-2230-c11-outer\">\n            <div data-colibri-id=\"2230-c11\" class=\"d-flex h-flex-basis h-column__inner h-px-lg-2 h-px-md-2 h-px-2 v-inner-lg-2 v-inner-md-2 v-inner-2 style-1796 style-local-2230-c11 position-relative\">\n              <!---->\n              <!---->\n              <div class=\"w-100 h-y-container h-column__content h-column__v-align flex-basis-100 align-self-lg-start align-self-md-start align-self-start\">\n                <!---->\n                <div data-colibri-id=\"2230-c12\" class=\"h-text h-text-component style-1797 style-local-2230-c12 position-relative h-element\">\n                  <!---->\n                  <!---->\n                  <div class=\"\">\n                    <p>57 mm PVKAN m\/43<\/p>\n                    <p>Manufacturer\n                      <br>Bofors<\/p>\n                    <p>Weight\n                      <br>975<\/p>\n                    <p>Width\n                      <br>1460 mm&nbsp;<\/p>\n                    <p>Height\n                      <br>1200 mm&nbsp;<\/p>\n                    <p>Maximum firing range\n                      <br>8500 meter<\/p>\n                    <p>\n                      <br>\n                    <\/p>\n                  <\/div>\n                <\/div>\n              <\/div>\n            <\/div>\n          <\/div>\n          <div class=\"h-column h-column-container d-flex h-col-lg-auto h-col-md-auto h-col-auto style-1798-outer style-local-2230-c13-outer\">\n            <div data-colibri-id=\"2230-c13\" class=\"d-flex h-flex-basis h-column__inner h-ui-empty-state-container h-px-lg-2 h-px-md-2 h-px-2 v-inner-lg-2 v-inner-md-2 v-inner-2 style-1798 style-local-2230-c13 position-relative\">\n              <!---->\n              <!---->\n              <div class=\"w-100 h-y-container h-column__content h-column__v-align flex-basis-100\">\n                <!---->\n              <\/div>\n            <\/div>\n          <\/div>\n        <\/div>\n      <\/div>\n    <\/div>\n  <\/div>\n<\/div>","protected":false},"excerpt":{"rendered":"<p>57 MM PVKAN M\/43 57 MM PANSARV\u00c4RNSKANON M\/43 57 mm PVKAN m\/43 var ett svar p\u00e5 pansarfordonens allt b\u00e4ttre pansarskydd. Det beh\u00f6vdes starkare medel f\u00f6r att bryta igenom, och 57 mm pansarv\u00e4rnskanon konstruerades. P\u00e5 grund av vikten (n\u00e4ra 1000 kg) var den tung att dra f\u00f6r hand i terr\u00e4ngen, och n\u00e4r pansarfordonen blev \u00e4n b\u00e4ttre, [&hellip;]<\/p>\n","protected":false},"author":1,"featured_media":0,"parent":0,"menu_order":0,"comment_status":"closed","ping_status":"closed","template":"page-templates\/full-width-page.php","meta":{"_kadence_starter_templates_imported_post":false,"footnotes":""},"class_list":["post-2230","page","type-page","status-publish","hentry"],"yoast_head":"<!-- This site is optimized with the Yoast SEO plugin v27.5 - https:\/\/yoast.com\/product\/yoast-seo-wordpress\/ -->\n<title>57 MM PVKAN \/43 - Kalixlinjens museum<\/title>\n<meta name=\"robots\" content=\"index, follow, max-snippet:-1, max-image-preview:large, max-video-preview:-1\" \/>\n<link rel=\"canonical\" href=\"https:\/\/kalixlinjen.se\/en\/57-mm-pvkan-43\/\" \/>\n<meta property=\"og:locale\" content=\"en_GB\" \/>\n<meta property=\"og:type\" content=\"article\" \/>\n<meta property=\"og:title\" content=\"57 MM PVKAN \/43 - Kalixlinjens museum\" \/>\n<meta property=\"og:description\" content=\"57 MM PVKAN M\/43 57 MM PANSARV\u00c4RNSKANON M\/43 57 mm PVKAN m\/43 var ett svar p\u00e5 pansarfordonens allt b\u00e4ttre pansarskydd. Det beh\u00f6vdes starkare medel f\u00f6r att bryta igenom, och 57 mm pansarv\u00e4rnskanon konstruerades. P\u00e5 grund av vikten (n\u00e4ra 1000 kg) var den tung att dra f\u00f6r hand i terr\u00e4ngen, och n\u00e4r pansarfordonen blev \u00e4n b\u00e4ttre, [&hellip;]\" \/>\n<meta property=\"og:url\" content=\"https:\/\/kalixlinjen.se\/en\/57-mm-pvkan-43\/\" \/>\n<meta property=\"og:site_name\" content=\"Kalixlinjens museum\" \/>\n<meta property=\"article:publisher\" content=\"https:\/\/www.facebook.com\/kalixlinjensmuseum\" \/>\n<meta property=\"article:modified_time\" content=\"2024-10-21T11:47:12+00:00\" \/>\n<meta name=\"twitter:card\" content=\"summary_large_image\" \/>\n<script type=\"application\/ld+json\" class=\"yoast-schema-graph\">{\"@context\":\"https:\\\/\\\/schema.org\",\"@graph\":[{\"@type\":\"WebPage\",\"@id\":\"https:\\\/\\\/kalixlinjen.se\\\/57-mm-pvkan-43\\\/\",\"url\":\"https:\\\/\\\/kalixlinjen.se\\\/57-mm-pvkan-43\\\/\",\"name\":\"57 MM PVKAN \\\/43 - Kalixlinjens museum\",\"isPartOf\":{\"@id\":\"https:\\\/\\\/kalixlinjen.se\\\/#website\"},\"datePublished\":\"2023-05-16T11:20:33+00:00\",\"dateModified\":\"2024-10-21T11:47:12+00:00\",\"breadcrumb\":{\"@id\":\"https:\\\/\\\/kalixlinjen.se\\\/57-mm-pvkan-43\\\/#breadcrumb\"},\"inLanguage\":\"en-GB\",\"potentialAction\":[{\"@type\":\"ReadAction\",\"target\":[\"https:\\\/\\\/kalixlinjen.se\\\/57-mm-pvkan-43\\\/\"]}]},{\"@type\":\"BreadcrumbList\",\"@id\":\"https:\\\/\\\/kalixlinjen.se\\\/57-mm-pvkan-43\\\/#breadcrumb\",\"itemListElement\":[{\"@type\":\"ListItem\",\"position\":1,\"name\":\"Hem\",\"item\":\"https:\\\/\\\/kalixlinjen.se\\\/\"},{\"@type\":\"ListItem\",\"position\":2,\"name\":\"57 MM PVKAN \\\/43\"}]},{\"@type\":\"WebSite\",\"@id\":\"https:\\\/\\\/kalixlinjen.se\\\/#website\",\"url\":\"https:\\\/\\\/kalixlinjen.se\\\/\",\"name\":\"Kalixlinjens museum\",\"description\":\"St\u00f6rst och hemligast!\",\"publisher\":{\"@id\":\"https:\\\/\\\/kalixlinjen.se\\\/#organization\"},\"potentialAction\":[{\"@type\":\"SearchAction\",\"target\":{\"@type\":\"EntryPoint\",\"urlTemplate\":\"https:\\\/\\\/kalixlinjen.se\\\/?s={search_term_string}\"},\"query-input\":{\"@type\":\"PropertyValueSpecification\",\"valueRequired\":true,\"valueName\":\"search_term_string\"}}],\"inLanguage\":\"en-GB\"},{\"@type\":\"Organization\",\"@id\":\"https:\\\/\\\/kalixlinjen.se\\\/#organization\",\"name\":\"Kalixlinjens museum\",\"url\":\"https:\\\/\\\/kalixlinjen.se\\\/\",\"logo\":{\"@type\":\"ImageObject\",\"inLanguage\":\"en-GB\",\"@id\":\"https:\\\/\\\/kalixlinjen.se\\\/#\\\/schema\\\/logo\\\/image\\\/\",\"url\":\"https:\\\/\\\/kalixlinjen.se\\\/wp-content\\\/uploads\\\/2022\\\/11\\\/cropped-cropped-cropped-cropped-loggo.png\",\"contentUrl\":\"https:\\\/\\\/kalixlinjen.se\\\/wp-content\\\/uploads\\\/2022\\\/11\\\/cropped-cropped-cropped-cropped-loggo.png\",\"width\":512,\"height\":512,\"caption\":\"Kalixlinjens museum\"},\"image\":{\"@id\":\"https:\\\/\\\/kalixlinjen.se\\\/#\\\/schema\\\/logo\\\/image\\\/\"},\"sameAs\":[\"https:\\\/\\\/www.facebook.com\\\/kalixlinjensmuseum\",\"https:\\\/\\\/www.instagram.com\\\/kalixlinjens_museum\\\/\"]}]}<\/script>\n<!-- \/ Yoast SEO plugin. -->","yoast_head_json":{"title":"57 MM PVKAN \/43 - Kalixlinjens museum","robots":{"index":"index","follow":"follow","max-snippet":"max-snippet:-1","max-image-preview":"max-image-preview:large","max-video-preview":"max-video-preview:-1"},"canonical":"https:\/\/kalixlinjen.se\/en\/57-mm-pvkan-43\/","og_locale":"en_GB","og_type":"article","og_title":"57 MM PVKAN \/43 - Kalixlinjens museum","og_description":"57 MM PVKAN M\/43 57 MM PANSARV\u00c4RNSKANON M\/43 57 mm PVKAN m\/43 var ett svar p\u00e5 pansarfordonens allt b\u00e4ttre pansarskydd. Det beh\u00f6vdes starkare medel f\u00f6r att bryta igenom, och 57 mm pansarv\u00e4rnskanon konstruerades. P\u00e5 grund av vikten (n\u00e4ra 1000 kg) var den tung att dra f\u00f6r hand i terr\u00e4ngen, och n\u00e4r pansarfordonen blev \u00e4n b\u00e4ttre, [&hellip;]","og_url":"https:\/\/kalixlinjen.se\/en\/57-mm-pvkan-43\/","og_site_name":"Kalixlinjens museum","article_publisher":"https:\/\/www.facebook.com\/kalixlinjensmuseum","article_modified_time":"2024-10-21T11:47:12+00:00","twitter_card":"summary_large_image","schema":{"@context":"https:\/\/schema.org","@graph":[{"@type":"WebPage","@id":"https:\/\/kalixlinjen.se\/57-mm-pvkan-43\/","url":"https:\/\/kalixlinjen.se\/57-mm-pvkan-43\/","name":"57 MM PVKAN \/43 - Kalixlinjens museum","isPartOf":{"@id":"https:\/\/kalixlinjen.se\/#website"},"datePublished":"2023-05-16T11:20:33+00:00","dateModified":"2024-10-21T11:47:12+00:00","breadcrumb":{"@id":"https:\/\/kalixlinjen.se\/57-mm-pvkan-43\/#breadcrumb"},"inLanguage":"en-GB","potentialAction":[{"@type":"ReadAction","target":["https:\/\/kalixlinjen.se\/57-mm-pvkan-43\/"]}]},{"@type":"BreadcrumbList","@id":"https:\/\/kalixlinjen.se\/57-mm-pvkan-43\/#breadcrumb","itemListElement":[{"@type":"ListItem","position":1,"name":"Hem","item":"https:\/\/kalixlinjen.se\/"},{"@type":"ListItem","position":2,"name":"57 MM PVKAN \/43"}]},{"@type":"WebSite","@id":"https:\/\/kalixlinjen.se\/#website","url":"https:\/\/kalixlinjen.se\/","name":"The Kalix line museum","description":"St\u00f6rst och hemligast!","publisher":{"@id":"https:\/\/kalixlinjen.se\/#organization"},"potentialAction":[{"@type":"SearchAction","target":{"@type":"EntryPoint","urlTemplate":"https:\/\/kalixlinjen.se\/?s={search_term_string}"},"query-input":{"@type":"PropertyValueSpecification","valueRequired":true,"valueName":"search_term_string"}}],"inLanguage":"en-GB"},{"@type":"Organization","@id":"https:\/\/kalixlinjen.se\/#organization","name":"The Kalix line museum","url":"https:\/\/kalixlinjen.se\/","logo":{"@type":"ImageObject","inLanguage":"en-GB","@id":"https:\/\/kalixlinjen.se\/#\/schema\/logo\/image\/","url":"https:\/\/kalixlinjen.se\/wp-content\/uploads\/2022\/11\/cropped-cropped-cropped-cropped-loggo.png","contentUrl":"https:\/\/kalixlinjen.se\/wp-content\/uploads\/2022\/11\/cropped-cropped-cropped-cropped-loggo.png","width":512,"height":512,"caption":"Kalixlinjens museum"},"image":{"@id":"https:\/\/kalixlinjen.se\/#\/schema\/logo\/image\/"},"sameAs":["https:\/\/www.facebook.com\/kalixlinjensmuseum","https:\/\/www.instagram.com\/kalixlinjens_museum\/"]}]}},"_links":{"self":[{"href":"https:\/\/kalixlinjen.se\/en\/wp-json\/wp\/v2\/pages\/2230","targetHints":{"allow":["GET"]}}],"collection":[{"href":"https:\/\/kalixlinjen.se\/en\/wp-json\/wp\/v2\/pages"}],"about":[{"href":"https:\/\/kalixlinjen.se\/en\/wp-json\/wp\/v2\/types\/page"}],"author":[{"embeddable":true,"href":"https:\/\/kalixlinjen.se\/en\/wp-json\/wp\/v2\/users\/1"}],"replies":[{"embeddable":true,"href":"https:\/\/kalixlinjen.se\/en\/wp-json\/wp\/v2\/comments?post=2230"}],"version-history":[{"count":7,"href":"https:\/\/kalixlinjen.se\/en\/wp-json\/wp\/v2\/pages\/2230\/revisions"}],"predecessor-version":[{"id":5184,"href":"https:\/\/kalixlinjen.se\/en\/wp-json\/wp\/v2\/pages\/2230\/revisions\/5184"}],"wp:attachment":[{"href":"https:\/\/kalixlinjen.se\/en\/wp-json\/wp\/v2\/media?parent=2230"}],"curies":[{"name":"wp","href":"https:\/\/api.w.org\/{rel}","templated":true}]}}