{"id":2196,"date":"2023-05-15T07:03:26","date_gmt":"2023-05-15T07:03:26","guid":{"rendered":"https:\/\/kalixlinjen.se\/?page_id=2196"},"modified":"2024-10-21T11:52:34","modified_gmt":"2024-10-21T11:52:34","slug":"9cm-pvpj-1110-t","status":"publish","type":"page","link":"https:\/\/kalixlinjen.se\/en\/9cm-pvpj-1110-t\/","title":{"rendered":"9cm PVPJ 1110 \/T"},"content":{"rendered":"<div data-colibri-id=\"2196-c1\" class=\"style-1746 style-local-2196-c1 position-relative\">\n  <!---->\n  <div data-colibri-component=\"section\" data-colibri-id=\"2196-c2\" id=\"reusable-sections\" class=\"h-section h-section-global-spacing d-flex align-items-lg-center align-items-md-center align-items-center style-1747 style-local-2196-c2 position-relative\">\n    <!---->\n    <!---->\n    <div class=\"h-section-grid-container h-section-boxed-container\">\n      <div data-colibri-id=\"2196-c14\" class=\"h-row-container gutters-row-lg-2 gutters-row-md-2 gutters-row-2 gutters-row-v-lg-2 gutters-row-v-md-2 gutters-row-v-2 style-1761 style-local-2196-c14 position-relative\">\n        <!---->\n        <div class=\"h-row justify-content-lg-center justify-content-md-center justify-content-center align-items-lg-stretch align-items-md-stretch align-items-stretch gutters-col-lg-2 gutters-col-md-2 gutters-col-2 gutters-col-v-lg-2 gutters-col-v-md-2 gutters-col-v-2\">\n          <!---->\n          <div class=\"h-column h-column-container d-flex h-col-lg-auto h-col-md-auto h-col-auto style-1762-outer style-local-2196-c15-outer\">\n            <div data-colibri-id=\"2196-c15\" class=\"d-flex h-flex-basis h-column__inner h-px-lg-2 h-px-md-2 h-px-2 v-inner-lg-2 v-inner-md-2 v-inner-2 style-1762 style-local-2196-c15 position-relative\">\n              <!---->\n              <!---->\n              <div class=\"w-100 h-y-container h-column__content h-column__v-align flex-basis-100 align-self-lg-start align-self-md-start align-self-start\">\n                <!---->\n                <div data-colibri-id=\"2196-c16\" class=\"h-global-transition-all h-heading style-1763 style-local-2196-c16 position-relative h-element\">\n                  <!---->\n                  <div class=\"h-heading__outer style-1763 style-local-2196-c16\">\n                    <!---->\n                    <!---->\n                    <h1 class=\"\">9 CM PVPJ 1110 \/T<\/h1>\n                  <\/div>\n                <\/div>\n                <div data-colibri-id=\"2196-c18\" class=\"h-global-transition-all h-heading style-2717 style-local-2196-c18 position-relative h-element\">\n                  <!---->\n                  <div class=\"h-heading__outer style-2717 style-local-2196-c18\">\n                    <!---->\n                    <!---->\n                    <h4 class=\"\">9 CM ANTI-TANK GUN 1110 \/T<\/h4>\n                  <\/div>\n                <\/div>\n              <\/div>\n            <\/div>\n          <\/div>\n        <\/div>\n      <\/div>\n      <div data-colibri-id=\"2196-c3\" class=\"h-row-container gutters-row-lg-2 gutters-row-md-2 gutters-row-0 gutters-row-v-lg-2 gutters-row-v-md-2 gutters-row-v-2 style-1748 style-local-2196-c3 position-relative\">\n        <!---->\n        <div class=\"h-row justify-content-lg-center justify-content-md-center justify-content-center align-items-lg-stretch align-items-md-stretch align-items-stretch gutters-col-lg-2 gutters-col-md-2 gutters-col-0 gutters-col-v-lg-2 gutters-col-v-md-2 gutters-col-v-2\">\n          <!---->\n          <div class=\"h-column h-column-container d-flex h-col-lg-auto h-col-md-auto h-col-auto style-1749-outer style-local-2196-c4-outer\">\n            <div data-colibri-id=\"2196-c4\" class=\"d-flex h-flex-basis h-column__inner h-px-lg-2 h-px-md-2 h-px-2 v-inner-lg-2 v-inner-md-2 v-inner-2 style-1749 style-local-2196-c4 position-relative\">\n              <!---->\n              <!---->\n              <div class=\"w-100 h-y-container h-column__content h-column__v-align flex-basis-100 align-self-lg-start align-self-md-start align-self-start\">\n                <!---->\n                <div data-colibri-id=\"2196-c5\" class=\"h-text h-text-component style-1750 style-local-2196-c5 position-relative h-element\">\n                  <!---->\n                  <!---->\n                  <div class=\"\">\n                    <p>9 cm anti-tank gun 1110, a recoilless anti-tank weapon with a caliber of 9 cm.<\/p>\n                    <p>The PVPJ 1110 was developed by Bofors in the late 1950s and was introduced into service by the Swedish Army in 1959. The museum's example is registered in 1963.<\/p>\n                    <p>PVPJ 1110 laddas med 9 cm patroner, som v\u00e4gde runt 10 kg styck. Eldhastighet p\u00e5 6-8 skott per minut, och de olika laddningarna kunde ha pansargenomslag p\u00e5 upp till 800 mm!<\/p>\n                    <p>O<span style=\"font-weight: 400; font-size: 20px; font-family: Questrial; color: rgb(23, 37, 42);\">riginally, the PVPJ 1110 was towed by a tractor, but the development of the <\/span>\n                      <a href=\"https:\/\/kalixlinjen.se\/en\/personlastterrangbil-903\/\" style=\"font-weight: 400; font-size: 20px; font-family: Questrial; color: rgb(23, 37, 42);\">PLTGBIL 903<\/a><span style=\"font-weight: 400; font-size: 20px; font-family: Questrial; color: rgb(23, 37, 42);\">&nbsp;<\/span>(Valpen)<span style=\"font-weight: 400; font-size: 20px; font-family: Questrial; color: rgb(23, 37, 42);\">&nbsp;there was an opportunity to mount and transport the cannon in a more efficient way. <br>An open version of the PLTGBIL 903 was ordered, and with the PVPJ 1110 mounted on a carriage, it became quicker to get into position during combat. <br>The PVPJ 1110 has also been mounted on other vehicles, such as the BV206, <\/span>\n                      <a href=\"https:\/\/kalixlinjen.se\/en\/pansarvarnspjasterrangbil-1111\/\" target=\"_blank\" style=\"font-weight: 400; font-size: 20px; font-family: Questrial; color: rgb(23, 37, 42);\" rel=\"noopener\">PVPTGB 1111<\/a><span style=\"font-weight: 400; font-size: 20px; font-family: Questrial; color: rgb(23, 37, 42);\">, and even ski sleds!&nbsp;<\/span>\n                        <br>\n                        <br>(The museum has a\n                        <a href=\"https:\/\/kalixlinjen.se\/en\/pansarvarnsrobotterrangbil-1111a\/\" target=\"_blank\" rel=\"noopener\">PVRBTGBIL 1111A <\/a>which most likely had the PVPJ 1110 mounted before the vehicle was modernized to be used with the\n                        <a href=\"https:\/\/kalixlinjen.se\/en\/rbs56\/\" target=\"_blank\" rel=\"noopener\">RBS56<\/a>.)<\/p>\n                  <\/div>\n                <\/div>\n              <\/div>\n            <\/div>\n          <\/div>\n          <div class=\"h-column h-column-container d-flex h-col-lg-auto h-col-md-auto h-col-auto style-1751-outer style-local-2196-c6-outer\">\n            <div data-colibri-id=\"2196-c6\" class=\"d-flex h-flex-basis h-column__inner h-ui-empty-state-container h-px-lg-2 h-px-md-2 h-px-2 v-inner-lg-2 v-inner-md-2 v-inner-2 style-1751 style-local-2196-c6 position-relative\">\n              <!---->\n              <!---->\n              <div class=\"w-100 h-y-container h-column__content h-column__v-align flex-basis-100\">\n                <!---->\n              <\/div>\n            <\/div>\n          <\/div>\n        <\/div>\n      <\/div>\n      <div data-colibri-id=\"2196-c7\" class=\"h-row-container gutters-row-lg-2 gutters-row-md-2 gutters-row-0 gutters-row-v-lg-2 gutters-row-v-md-2 gutters-row-v-2 style-1754 style-local-2196-c7 position-relative\">\n        <!---->\n        <div class=\"h-row justify-content-lg-center justify-content-md-center justify-content-center align-items-lg-stretch align-items-md-stretch align-items-stretch gutters-col-lg-2 gutters-col-md-2 gutters-col-0 gutters-col-v-lg-2 gutters-col-v-md-2 gutters-col-v-2\">\n          <!---->\n          <div class=\"h-column h-column-container d-flex h-col-lg-auto h-col-md-auto h-col-auto style-1755-outer style-local-2196-c8-outer\">\n            <div data-colibri-id=\"2196-c8\" class=\"d-flex h-flex-basis h-column__inner h-px-lg-2 h-px-md-2 h-px-2 v-inner-lg-2 v-inner-md-2 v-inner-2 style-1755 style-local-2196-c8 position-relative\">\n              <!---->\n              <!---->\n              <div class=\"w-100 h-y-container h-column__content h-column__v-align flex-basis-100 align-self-lg-start align-self-md-start align-self-start\">\n                <!---->\n                <div data-colibri-component=\"\" data-colibri-id=\"2196-c9\" class=\"h-photo-gallery margin-none caption-displayTrue caption-vertical-align-top style-1756 style-local-2196-c9 h-overflow-hidden position-relative h-element\">\n                  <!---->\n                  <div class=\"h-global-transition-all\"><div id='colibri-2196-c9' class='gallery-wrapper'>    <style type=\"text\/css\">\n\n        @media (min-width: 1023px) {        #colibri-2196-c9        dl {\n            float: left;\n            width: 25% !important;\n            max-width: 25% !important;\n            min-width: 25% !important;\n        }\n\n        #colibri-2196-c9        dl:nth-of-type(4n +1 ) {\n            clear: both;\n        }\n\n        }@media (min-width: 768px) and (max-width: 1023px) {        #colibri-2196-c9        dl {\n            float: left;\n            width: 25% !important;\n            max-width: 25% !important;\n            min-width: 25% !important;\n        }\n\n        #colibri-2196-c9        dl:nth-of-type(4n +1 ) {\n            clear: both;\n        }\n\n        }@media (max-width: 767px) {        #colibri-2196-c9        dl {\n            float: left;\n            width: 50% !important;\n            max-width: 50% !important;\n            min-width: 50% !important;\n        }\n\n        #colibri-2196-c9        dl:nth-of-type(2n +1 ) {\n            clear: both;\n        }\n\n        }\n        #colibri-2196-c9        .gallery-item {\n            position: relative;\n        }\n\n        \n    <\/style>\n    <div   class='colibri-2196-c9-dls-wrapper gallery-items-wrapper' ><dl class='gallery-item masonry-item'>\n\t\t\t<dt class='gallery-icon portrait'>\n\t\t\t\t<a data-fancybox=\"colibri-2196-c9-group\" href='https:\/\/kalixlinjen.se\/wp-content\/uploads\/2023\/06\/IMG_20230612_111319-scaled.jpg'><img loading=\"lazy\" decoding=\"async\"  width=\"225\" height=\"300\" src=\"https:\/\/kalixlinjen.se\/wp-content\/uploads\/2023\/06\/IMG_20230612_111319-225x300.jpg\"  class='colibri-2196-c9-image' alt=\"\" aria-describedby=\"gallery-1-4100\" srcset=\"https:\/\/kalixlinjen.se\/wp-content\/uploads\/2023\/06\/IMG_20230612_111319-225x300.jpg 225w, https:\/\/kalixlinjen.se\/wp-content\/uploads\/2023\/06\/IMG_20230612_111319-768x1024.jpg 768w, https:\/\/kalixlinjen.se\/wp-content\/uploads\/2023\/06\/IMG_20230612_111319-1152x1536.jpg 1152w, https:\/\/kalixlinjen.se\/wp-content\/uploads\/2023\/06\/IMG_20230612_111319-1536x2048.jpg 1536w, https:\/\/kalixlinjen.se\/wp-content\/uploads\/2023\/06\/IMG_20230612_111319-scaled.jpg 1920w\" sizes=\"auto, (max-width: 225px) 100vw, 225px\" \/><\/a>\n\t\t\t<\/dt>\n\t\t\t\t<div class=\"gallery-caption__wrapper\"><dd class='wp-caption-text gallery-caption' id='gallery-1-4100'>\n\t\t\t\t9 CM PVPJ 1110\n\t\t\t\t<\/dd><\/div><\/dl><dl class='gallery-item masonry-item'>\n\t\t\t<dt class='gallery-icon portrait'>\n\t\t\t\t<a data-fancybox=\"colibri-2196-c9-group\" href='https:\/\/kalixlinjen.se\/wp-content\/uploads\/2023\/06\/IMG_20230612_111331-scaled.jpg'><img loading=\"lazy\" decoding=\"async\"  width=\"225\" height=\"300\" src=\"https:\/\/kalixlinjen.se\/wp-content\/uploads\/2023\/06\/IMG_20230612_111331-225x300.jpg\"  class='colibri-2196-c9-image' alt=\"\" aria-describedby=\"gallery-1-4101\" srcset=\"https:\/\/kalixlinjen.se\/wp-content\/uploads\/2023\/06\/IMG_20230612_111331-225x300.jpg 225w, https:\/\/kalixlinjen.se\/wp-content\/uploads\/2023\/06\/IMG_20230612_111331-768x1024.jpg 768w, https:\/\/kalixlinjen.se\/wp-content\/uploads\/2023\/06\/IMG_20230612_111331-1152x1536.jpg 1152w, https:\/\/kalixlinjen.se\/wp-content\/uploads\/2023\/06\/IMG_20230612_111331-1536x2048.jpg 1536w, https:\/\/kalixlinjen.se\/wp-content\/uploads\/2023\/06\/IMG_20230612_111331-scaled.jpg 1920w\" sizes=\"auto, (max-width: 225px) 100vw, 225px\" \/><\/a>\n\t\t\t<\/dt>\n\t\t\t\t<div class=\"gallery-caption__wrapper\"><dd class='wp-caption-text gallery-caption' id='gallery-1-4101'>\n\t\t\t\t9 CM PVPJ 1110\n\t\t\t\t<\/dd><\/div><\/dl><dl class='gallery-item masonry-item'>\n\t\t\t<dt class='gallery-icon portrait'>\n\t\t\t\t<a data-fancybox=\"colibri-2196-c9-group\" href='https:\/\/kalixlinjen.se\/wp-content\/uploads\/2023\/06\/IMG_20230612_111337-scaled.jpg'><img loading=\"lazy\" decoding=\"async\"  width=\"225\" height=\"300\" src=\"https:\/\/kalixlinjen.se\/wp-content\/uploads\/2023\/06\/IMG_20230612_111337-225x300.jpg\"  class='colibri-2196-c9-image' alt=\"\" aria-describedby=\"gallery-1-4102\" srcset=\"https:\/\/kalixlinjen.se\/wp-content\/uploads\/2023\/06\/IMG_20230612_111337-225x300.jpg 225w, https:\/\/kalixlinjen.se\/wp-content\/uploads\/2023\/06\/IMG_20230612_111337-768x1024.jpg 768w, https:\/\/kalixlinjen.se\/wp-content\/uploads\/2023\/06\/IMG_20230612_111337-1152x1536.jpg 1152w, https:\/\/kalixlinjen.se\/wp-content\/uploads\/2023\/06\/IMG_20230612_111337-1536x2048.jpg 1536w, https:\/\/kalixlinjen.se\/wp-content\/uploads\/2023\/06\/IMG_20230612_111337-scaled.jpg 1920w\" sizes=\"auto, (max-width: 225px) 100vw, 225px\" \/><\/a>\n\t\t\t<\/dt>\n\t\t\t\t<div class=\"gallery-caption__wrapper\"><dd class='wp-caption-text gallery-caption' id='gallery-1-4102'>\n\t\t\t\t9 CM PVPJ 1110\n\t\t\t\t<\/dd><\/div><\/dl>\n\t\t\t\n\t\t<\/div>\n<style>#colibri-2196-c9 .wp-caption-text.gallery-caption{display:none;}<\/style><\/div><\/div>\n                <\/div>\n              <\/div>\n            <\/div>\n          <\/div>\n        <\/div>\n      <\/div>\n      <div data-colibri-id=\"2196-c10\" class=\"h-row-container gutters-row-lg-2 gutters-row-md-2 gutters-row-0 gutters-row-v-lg-2 gutters-row-v-md-2 gutters-row-v-2 style-1757 style-local-2196-c10 position-relative\">\n        <!---->\n        <div class=\"h-row justify-content-lg-center justify-content-md-center justify-content-center align-items-lg-stretch align-items-md-stretch align-items-stretch gutters-col-lg-2 gutters-col-md-2 gutters-col-0 gutters-col-v-lg-2 gutters-col-v-md-2 gutters-col-v-2\">\n          <!---->\n          <div class=\"h-column h-column-container d-flex h-col-lg-auto h-col-md-auto h-col-auto style-1758-outer style-local-2196-c11-outer\">\n            <div data-colibri-id=\"2196-c11\" class=\"d-flex h-flex-basis h-column__inner h-px-lg-2 h-px-md-2 h-px-2 v-inner-lg-2 v-inner-md-2 v-inner-2 style-1758 style-local-2196-c11 position-relative\">\n              <!---->\n              <!---->\n              <div class=\"w-100 h-y-container h-column__content h-column__v-align flex-basis-100 align-self-lg-start align-self-md-start align-self-start\">\n                <!---->\n                <div data-colibri-id=\"2196-c12\" class=\"h-text h-text-component style-1759 style-local-2196-c12 position-relative h-element\">\n                  <!---->\n                  <!---->\n                  <div class=\"\">\n                    <p>Reg. No<\/p>\n                    <p>5552<\/p>\n                    <p>M4809-01100<\/p>\n                    <p>9 CM PVPJ 1110 \/T<\/p>\n                    <p>Assigned<\/p>\n                    <p>MDF KAL<\/p>\n                    <p>Vehicle type<\/p>\n                    <p>TOWABLE<\/p>\n                    <p>Manufacturer\/type<\/p>\n                    <p>BOFORS<\/p>\n                    <p>Model year<\/p>\n                    <p>0<\/p>\n                    <p>Reference number<\/p>\n                    <p>N216\/3<\/p>\n                    <p>Date of registration<\/p>\n                    <p>1963-06-16<\/p>\n                    <p>User<\/p>\n                    <p>767<\/p>\n                    <p>Deregistered<\/p>\n                    <p>UTLO 102-7528<\/p>\n                    <p>JOHANSSON CHRISTER<\/p>\n                    <p> <\/p>\n                    <p>Vehicle body<\/p>\n                    <p>98 MISCELLANEOUS<\/p>\n                    <p>Length<\/p>\n                    <p>4,15<\/p>\n                    <p>Numbers of axles <\/p>\n                    <p>1<\/p>\n                    <p>Numbers of tires<\/p>\n                    <p>2<\/p>\n                    <p>Tyre dimension back<\/p>\n                    <p>3,50*19<\/p>\n                    <p>Power standard<\/p>\n                    <p>MISSING<\/p>\n                    <p>Curb weight (kg)<\/p>\n                    <p>265<\/p>\n                    <p>Gross vehicle weight<\/p>\n                    <p>265<\/p>\n                    <p>Hitch type<\/p>\n                    <p>LUNETTE RING<\/p>\n                    <p>Clutch pedal travel<\/p>\n                    <p>1,9<\/p>\n                    <p>Break system<\/p>\n                    <p>NO<\/p>\n                    <p>Gross weight distribution<\/p>\n                    <p>30+235<\/p>\n                    <p>Additional information<\/p>\n                    <p>YES<\/p>\n                    <p>TOWED ARTILLERY<\/p>\n                    <p> <\/p>\n                  <\/div>\n                <\/div>\n              <\/div>\n            <\/div>\n          <\/div>\n          <div class=\"h-column h-column-container d-flex h-col-lg-auto h-col-md-auto h-col-auto style-1760-outer style-local-2196-c13-outer\">\n            <div data-colibri-id=\"2196-c13\" class=\"d-flex h-flex-basis h-column__inner h-ui-empty-state-container h-px-lg-2 h-px-md-2 h-px-2 v-inner-lg-2 v-inner-md-2 v-inner-2 style-1760 style-local-2196-c13 position-relative\">\n              <!---->\n              <!---->\n              <div class=\"w-100 h-y-container h-column__content h-column__v-align flex-basis-100\">\n                <!---->\n              <\/div>\n            <\/div>\n          <\/div>\n        <\/div>\n      <\/div>\n    <\/div>\n  <\/div>\n<\/div>","protected":false},"excerpt":{"rendered":"<p>9 CM PVPJ 1110 \/T 9 CM PANSARV\u00c4RNSPJ\u00c4S 1110 \/t 9 cm pansarv\u00e4rnspj\u00e4s 1110, ett rekylfritt pansarv\u00e4rnsvapen med kaliber 9 cm. PVPJ 1110 utvecklades av Bofors i slutet av 1950talet, och togs i bruk av svenska arm\u00e9n 1959. Muse\u00e9ts exemplar \u00e4r registrerat 1963. PVPJ 1110 laddas med 9 cm patroner, som v\u00e4gde runt 10 kg [&hellip;]<\/p>\n","protected":false},"author":1,"featured_media":0,"parent":0,"menu_order":0,"comment_status":"closed","ping_status":"closed","template":"page-templates\/full-width-page.php","meta":{"_kadence_starter_templates_imported_post":false,"footnotes":""},"class_list":["post-2196","page","type-page","status-publish","hentry"],"yoast_head":"<!-- This site is optimized with the Yoast SEO plugin v27.5 - https:\/\/yoast.com\/product\/yoast-seo-wordpress\/ -->\n<title>9cm PVPJ 1110 \/T - Kalixlinjens museum<\/title>\n<meta name=\"robots\" content=\"index, follow, max-snippet:-1, max-image-preview:large, max-video-preview:-1\" \/>\n<link rel=\"canonical\" href=\"https:\/\/kalixlinjen.se\/en\/9cm-pvpj-1110-t\/\" \/>\n<meta property=\"og:locale\" content=\"en_GB\" \/>\n<meta property=\"og:type\" content=\"article\" \/>\n<meta property=\"og:title\" content=\"9cm PVPJ 1110 \/T - Kalixlinjens museum\" \/>\n<meta property=\"og:description\" content=\"9 CM PVPJ 1110 \/T 9 CM PANSARV\u00c4RNSPJ\u00c4S 1110 \/t 9 cm pansarv\u00e4rnspj\u00e4s 1110, ett rekylfritt pansarv\u00e4rnsvapen med kaliber 9 cm. PVPJ 1110 utvecklades av Bofors i slutet av 1950talet, och togs i bruk av svenska arm\u00e9n 1959. Muse\u00e9ts exemplar \u00e4r registrerat 1963. PVPJ 1110 laddas med 9 cm patroner, som v\u00e4gde runt 10 kg [&hellip;]\" \/>\n<meta property=\"og:url\" content=\"https:\/\/kalixlinjen.se\/en\/9cm-pvpj-1110-t\/\" \/>\n<meta property=\"og:site_name\" content=\"Kalixlinjens museum\" \/>\n<meta property=\"article:publisher\" content=\"https:\/\/www.facebook.com\/kalixlinjensmuseum\" \/>\n<meta property=\"article:modified_time\" content=\"2024-10-21T11:52:34+00:00\" \/>\n<meta name=\"twitter:card\" content=\"summary_large_image\" \/>\n<meta name=\"twitter:label1\" content=\"Estimated reading time\" \/>\n\t<meta name=\"twitter:data1\" content=\"2 minutes\" \/>\n<script type=\"application\/ld+json\" class=\"yoast-schema-graph\">{\"@context\":\"https:\\\/\\\/schema.org\",\"@graph\":[{\"@type\":\"WebPage\",\"@id\":\"https:\\\/\\\/kalixlinjen.se\\\/9cm-pvpj-1110-t\\\/\",\"url\":\"https:\\\/\\\/kalixlinjen.se\\\/9cm-pvpj-1110-t\\\/\",\"name\":\"9cm PVPJ 1110 \\\/T - Kalixlinjens museum\",\"isPartOf\":{\"@id\":\"https:\\\/\\\/kalixlinjen.se\\\/#website\"},\"datePublished\":\"2023-05-15T07:03:26+00:00\",\"dateModified\":\"2024-10-21T11:52:34+00:00\",\"breadcrumb\":{\"@id\":\"https:\\\/\\\/kalixlinjen.se\\\/9cm-pvpj-1110-t\\\/#breadcrumb\"},\"inLanguage\":\"en-GB\",\"potentialAction\":[{\"@type\":\"ReadAction\",\"target\":[\"https:\\\/\\\/kalixlinjen.se\\\/9cm-pvpj-1110-t\\\/\"]}]},{\"@type\":\"BreadcrumbList\",\"@id\":\"https:\\\/\\\/kalixlinjen.se\\\/9cm-pvpj-1110-t\\\/#breadcrumb\",\"itemListElement\":[{\"@type\":\"ListItem\",\"position\":1,\"name\":\"Hem\",\"item\":\"https:\\\/\\\/kalixlinjen.se\\\/\"},{\"@type\":\"ListItem\",\"position\":2,\"name\":\"9cm PVPJ 1110 \\\/T\"}]},{\"@type\":\"WebSite\",\"@id\":\"https:\\\/\\\/kalixlinjen.se\\\/#website\",\"url\":\"https:\\\/\\\/kalixlinjen.se\\\/\",\"name\":\"Kalixlinjens museum\",\"description\":\"St\u00f6rst och hemligast!\",\"publisher\":{\"@id\":\"https:\\\/\\\/kalixlinjen.se\\\/#organization\"},\"potentialAction\":[{\"@type\":\"SearchAction\",\"target\":{\"@type\":\"EntryPoint\",\"urlTemplate\":\"https:\\\/\\\/kalixlinjen.se\\\/?s={search_term_string}\"},\"query-input\":{\"@type\":\"PropertyValueSpecification\",\"valueRequired\":true,\"valueName\":\"search_term_string\"}}],\"inLanguage\":\"en-GB\"},{\"@type\":\"Organization\",\"@id\":\"https:\\\/\\\/kalixlinjen.se\\\/#organization\",\"name\":\"Kalixlinjens museum\",\"url\":\"https:\\\/\\\/kalixlinjen.se\\\/\",\"logo\":{\"@type\":\"ImageObject\",\"inLanguage\":\"en-GB\",\"@id\":\"https:\\\/\\\/kalixlinjen.se\\\/#\\\/schema\\\/logo\\\/image\\\/\",\"url\":\"https:\\\/\\\/kalixlinjen.se\\\/wp-content\\\/uploads\\\/2022\\\/11\\\/cropped-cropped-cropped-cropped-loggo.png\",\"contentUrl\":\"https:\\\/\\\/kalixlinjen.se\\\/wp-content\\\/uploads\\\/2022\\\/11\\\/cropped-cropped-cropped-cropped-loggo.png\",\"width\":512,\"height\":512,\"caption\":\"Kalixlinjens museum\"},\"image\":{\"@id\":\"https:\\\/\\\/kalixlinjen.se\\\/#\\\/schema\\\/logo\\\/image\\\/\"},\"sameAs\":[\"https:\\\/\\\/www.facebook.com\\\/kalixlinjensmuseum\",\"https:\\\/\\\/www.instagram.com\\\/kalixlinjens_museum\\\/\"]}]}<\/script>\n<!-- \/ Yoast SEO plugin. -->","yoast_head_json":{"title":"9cm PVPJ 1110 \/T - Kalixlinjens museum","robots":{"index":"index","follow":"follow","max-snippet":"max-snippet:-1","max-image-preview":"max-image-preview:large","max-video-preview":"max-video-preview:-1"},"canonical":"https:\/\/kalixlinjen.se\/en\/9cm-pvpj-1110-t\/","og_locale":"en_GB","og_type":"article","og_title":"9cm PVPJ 1110 \/T - Kalixlinjens museum","og_description":"9 CM PVPJ 1110 \/T 9 CM PANSARV\u00c4RNSPJ\u00c4S 1110 \/t 9 cm pansarv\u00e4rnspj\u00e4s 1110, ett rekylfritt pansarv\u00e4rnsvapen med kaliber 9 cm. PVPJ 1110 utvecklades av Bofors i slutet av 1950talet, och togs i bruk av svenska arm\u00e9n 1959. Muse\u00e9ts exemplar \u00e4r registrerat 1963. PVPJ 1110 laddas med 9 cm patroner, som v\u00e4gde runt 10 kg [&hellip;]","og_url":"https:\/\/kalixlinjen.se\/en\/9cm-pvpj-1110-t\/","og_site_name":"Kalixlinjens museum","article_publisher":"https:\/\/www.facebook.com\/kalixlinjensmuseum","article_modified_time":"2024-10-21T11:52:34+00:00","twitter_card":"summary_large_image","twitter_misc":{"Estimated reading time":"2 minutes"},"schema":{"@context":"https:\/\/schema.org","@graph":[{"@type":"WebPage","@id":"https:\/\/kalixlinjen.se\/9cm-pvpj-1110-t\/","url":"https:\/\/kalixlinjen.se\/9cm-pvpj-1110-t\/","name":"9cm PVPJ 1110 \/T - Kalixlinjens museum","isPartOf":{"@id":"https:\/\/kalixlinjen.se\/#website"},"datePublished":"2023-05-15T07:03:26+00:00","dateModified":"2024-10-21T11:52:34+00:00","breadcrumb":{"@id":"https:\/\/kalixlinjen.se\/9cm-pvpj-1110-t\/#breadcrumb"},"inLanguage":"en-GB","potentialAction":[{"@type":"ReadAction","target":["https:\/\/kalixlinjen.se\/9cm-pvpj-1110-t\/"]}]},{"@type":"BreadcrumbList","@id":"https:\/\/kalixlinjen.se\/9cm-pvpj-1110-t\/#breadcrumb","itemListElement":[{"@type":"ListItem","position":1,"name":"Hem","item":"https:\/\/kalixlinjen.se\/"},{"@type":"ListItem","position":2,"name":"9cm PVPJ 1110 \/T"}]},{"@type":"WebSite","@id":"https:\/\/kalixlinjen.se\/#website","url":"https:\/\/kalixlinjen.se\/","name":"The Kalix line museum","description":"St\u00f6rst och hemligast!","publisher":{"@id":"https:\/\/kalixlinjen.se\/#organization"},"potentialAction":[{"@type":"SearchAction","target":{"@type":"EntryPoint","urlTemplate":"https:\/\/kalixlinjen.se\/?s={search_term_string}"},"query-input":{"@type":"PropertyValueSpecification","valueRequired":true,"valueName":"search_term_string"}}],"inLanguage":"en-GB"},{"@type":"Organization","@id":"https:\/\/kalixlinjen.se\/#organization","name":"The Kalix line museum","url":"https:\/\/kalixlinjen.se\/","logo":{"@type":"ImageObject","inLanguage":"en-GB","@id":"https:\/\/kalixlinjen.se\/#\/schema\/logo\/image\/","url":"https:\/\/kalixlinjen.se\/wp-content\/uploads\/2022\/11\/cropped-cropped-cropped-cropped-loggo.png","contentUrl":"https:\/\/kalixlinjen.se\/wp-content\/uploads\/2022\/11\/cropped-cropped-cropped-cropped-loggo.png","width":512,"height":512,"caption":"Kalixlinjens museum"},"image":{"@id":"https:\/\/kalixlinjen.se\/#\/schema\/logo\/image\/"},"sameAs":["https:\/\/www.facebook.com\/kalixlinjensmuseum","https:\/\/www.instagram.com\/kalixlinjens_museum\/"]}]}},"_links":{"self":[{"href":"https:\/\/kalixlinjen.se\/en\/wp-json\/wp\/v2\/pages\/2196","targetHints":{"allow":["GET"]}}],"collection":[{"href":"https:\/\/kalixlinjen.se\/en\/wp-json\/wp\/v2\/pages"}],"about":[{"href":"https:\/\/kalixlinjen.se\/en\/wp-json\/wp\/v2\/types\/page"}],"author":[{"embeddable":true,"href":"https:\/\/kalixlinjen.se\/en\/wp-json\/wp\/v2\/users\/1"}],"replies":[{"embeddable":true,"href":"https:\/\/kalixlinjen.se\/en\/wp-json\/wp\/v2\/comments?post=2196"}],"version-history":[{"count":13,"href":"https:\/\/kalixlinjen.se\/en\/wp-json\/wp\/v2\/pages\/2196\/revisions"}],"predecessor-version":[{"id":5212,"href":"https:\/\/kalixlinjen.se\/en\/wp-json\/wp\/v2\/pages\/2196\/revisions\/5212"}],"wp:attachment":[{"href":"https:\/\/kalixlinjen.se\/en\/wp-json\/wp\/v2\/media?parent=2196"}],"curies":[{"name":"wp","href":"https:\/\/api.w.org\/{rel}","templated":true}]}}