{"id":2153,"date":"2023-05-12T07:57:21","date_gmt":"2023-05-12T07:57:21","guid":{"rendered":"https:\/\/kalixlinjen.se\/?page_id=2153"},"modified":"2024-10-21T11:45:57","modified_gmt":"2024-10-21T11:45:57","slug":"40mm-lvakan-m-48","status":"publish","type":"page","link":"https:\/\/kalixlinjen.se\/en\/40mm-lvakan-m-48\/","title":{"rendered":"40MM LVAKAN M\/48"},"content":{"rendered":"<div data-colibri-id=\"2153-c1\" class=\"style-1727 style-local-2153-c1 position-relative\">\n  <!---->\n  <div data-colibri-component=\"section\" data-colibri-id=\"2153-c2\" id=\"reusable-sections\" class=\"h-section h-section-global-spacing d-flex align-items-lg-center align-items-md-center align-items-center style-1728 style-local-2153-c2 position-relative\">\n    <!---->\n    <!---->\n    <div class=\"h-section-grid-container h-section-boxed-container\">\n      <div data-colibri-id=\"2153-c14\" class=\"h-row-container gutters-row-lg-2 gutters-row-md-2 gutters-row-2 gutters-row-v-lg-2 gutters-row-v-md-2 gutters-row-v-2 style-1742 style-local-2153-c14 position-relative\">\n        <!---->\n        <div class=\"h-row justify-content-lg-center justify-content-md-center justify-content-center align-items-lg-stretch align-items-md-stretch align-items-stretch gutters-col-lg-2 gutters-col-md-2 gutters-col-2 gutters-col-v-lg-2 gutters-col-v-md-2 gutters-col-v-2\">\n          <!---->\n          <div class=\"h-column h-column-container d-flex h-col-lg-auto h-col-md-auto h-col-auto style-1743-outer style-local-2153-c15-outer\">\n            <div data-colibri-id=\"2153-c15\" class=\"d-flex h-flex-basis h-column__inner h-px-lg-2 h-px-md-2 h-px-2 v-inner-lg-2 v-inner-md-2 v-inner-2 style-1743 style-local-2153-c15 position-relative\">\n              <!---->\n              <!---->\n              <div class=\"w-100 h-y-container h-column__content h-column__v-align flex-basis-100 align-self-lg-start align-self-md-start align-self-start\">\n                <!---->\n                <div data-colibri-id=\"2153-c16\" class=\"h-global-transition-all h-heading style-1744 style-local-2153-c16 position-relative h-element\">\n                  <!---->\n                  <div class=\"h-heading__outer style-1744 style-local-2153-c16\">\n                    <!---->\n                    <!---->\n                    <h1 class=\"\">40 MM LVAKAN M\/48 dir<\/h1>\n                  <\/div>\n                <\/div>\n                <div data-colibri-id=\"2153-c18\" class=\"h-global-transition-all h-heading style-2713 style-local-2153-c18 position-relative h-element\">\n                  <!---->\n                  <div class=\"h-heading__outer style-2713 style-local-2153-c18\">\n                    <!---->\n                    <!---->\n                    <h4 class=\"\">BOFORS 40 MM ANTI-AIRCRAFT GUN M\/48<\/h4>\n                  <\/div>\n                <\/div>\n              <\/div>\n            <\/div>\n          <\/div>\n        <\/div>\n      <\/div>\n      <div data-colibri-id=\"2153-c3\" class=\"h-row-container gutters-row-lg-2 gutters-row-md-2 gutters-row-0 gutters-row-v-lg-2 gutters-row-v-md-2 gutters-row-v-2 style-1729 style-local-2153-c3 position-relative\">\n        <!---->\n        <div class=\"h-row justify-content-lg-center justify-content-md-center justify-content-center align-items-lg-stretch align-items-md-stretch align-items-stretch gutters-col-lg-2 gutters-col-md-2 gutters-col-0 gutters-col-v-lg-2 gutters-col-v-md-2 gutters-col-v-2\">\n          <!---->\n          <div class=\"h-column h-column-container d-flex h-col-lg-auto h-col-md-auto h-col-auto style-1730-outer style-local-2153-c4-outer\">\n            <div data-colibri-id=\"2153-c4\" class=\"d-flex h-flex-basis h-column__inner h-px-lg-2 h-px-md-2 h-px-2 v-inner-lg-2 v-inner-md-2 v-inner-2 style-1730 style-local-2153-c4 position-relative\">\n              <!---->\n              <!---->\n              <div class=\"w-100 h-y-container h-column__content h-column__v-align flex-basis-100 align-self-lg-start align-self-md-start align-self-start\">\n                <!---->\n                <div data-colibri-id=\"2153-c5\" class=\"h-text h-text-component style-1731 style-local-2153-c5 position-relative h-element\">\n                  <!---->\n                  <!---->\n                  <div class=\"\">\n                    <p><span style=\"color: rgb(23, 37, 42); font-family: Questrial; font-size: 20px; font-weight: 400;\">During the interwar period, air forces developed rapidly, and to counter the growing threat from the skies, there was a need for fast-firing anti-aircraft guns. Bofors was tasked with the project, as foreign models did not meet Sweden's requirements. The result, the 40 mm anti-aircraft cannon model m\/36, was completed in 1933, and its further development, the m\/48, was ready for use in 1951.<\/span><\/p>\n                    <p>The anti-aircraft automatic cannon m\/48 is fully automatic and machine-guided. It has a firing rate of 4 rounds per second and can fire continuously as long as ammunition is supplied.&nbsp;\n                      <br>Riktmaskineriet drivs av frist\u00e5ende elverk, och om elverket saknas kan den \u00e4ven riktas f\u00f6r hand med riktvevar. Kan n\u00e5 m\u00e5l p\u00e5 5000 meters h\u00e5ll, och 3000 meters h\u00f6jd. Kan \u00e4ven anv\u00e4ndas mot b\u00e5de mark- och sj\u00f6m\u00e5l.<\/p>\n                    <p>The m\/48 automatic cannon can be mounted on ships and vehicles or, as in the museum's example, on a trailer to be attached to a suitable vehicle for transportation.&nbsp;\n                      <br>\n                    <\/p>\n                    <p>The lvakan m\/48 was also produced under license in other countries and is used by the armed forces of numerous other nations.&nbsp;<\/p>\n                  <\/div>\n                <\/div>\n              <\/div>\n            <\/div>\n          <\/div>\n          <div class=\"h-column h-column-container d-flex h-col-lg-auto h-col-md-auto h-col-auto style-1732-outer style-local-2153-c6-outer\">\n            <div data-colibri-id=\"2153-c6\" class=\"d-flex h-flex-basis h-column__inner h-ui-empty-state-container h-px-lg-2 h-px-md-2 h-px-2 v-inner-lg-2 v-inner-md-2 v-inner-2 style-1732 style-local-2153-c6 position-relative\">\n              <!---->\n              <!---->\n              <div class=\"w-100 h-y-container h-column__content h-column__v-align flex-basis-100\">\n                <!---->\n              <\/div>\n            <\/div>\n          <\/div>\n        <\/div>\n      <\/div>\n      <div data-colibri-id=\"2153-c7\" class=\"h-row-container gutters-row-lg-2 gutters-row-md-2 gutters-row-0 gutters-row-v-lg-2 gutters-row-v-md-2 gutters-row-v-2 style-1735 style-local-2153-c7 position-relative\">\n        <!---->\n        <div class=\"h-row justify-content-lg-center justify-content-md-center justify-content-center align-items-lg-stretch align-items-md-stretch align-items-stretch gutters-col-lg-2 gutters-col-md-2 gutters-col-0 gutters-col-v-lg-2 gutters-col-v-md-2 gutters-col-v-2\">\n          <!---->\n          <div class=\"h-column h-column-container d-flex h-col-lg-auto h-col-md-auto h-col-auto style-1736-outer style-local-2153-c8-outer\">\n            <div data-colibri-id=\"2153-c8\" class=\"d-flex h-flex-basis h-column__inner h-px-lg-2 h-px-md-2 h-px-2 v-inner-lg-2 v-inner-md-2 v-inner-2 style-1736 style-local-2153-c8 position-relative\">\n              <!---->\n              <!---->\n              <div class=\"w-100 h-y-container h-column__content h-column__v-align flex-basis-100 align-self-lg-start align-self-md-start align-self-start\">\n                <!---->\n                <div data-colibri-component=\"\" data-colibri-id=\"2153-c9\" class=\"h-photo-gallery margin-none caption-displayTrue caption-vertical-align-top style-1737 style-local-2153-c9 h-overflow-hidden position-relative h-element\">\n                  <!---->\n                  <div class=\"h-global-transition-all\"><div id='colibri-2153-c9' class='gallery-wrapper'>    <style type=\"text\/css\">\n\n        @media (min-width: 1023px) {        #colibri-2153-c9        dl {\n            float: left;\n            width: 25% !important;\n            max-width: 25% !important;\n            min-width: 25% !important;\n        }\n\n        #colibri-2153-c9        dl:nth-of-type(4n +1 ) {\n            clear: both;\n        }\n\n        }@media (min-width: 768px) and (max-width: 1023px) {        #colibri-2153-c9        dl {\n            float: left;\n            width: 25% !important;\n            max-width: 25% !important;\n            min-width: 25% !important;\n        }\n\n        #colibri-2153-c9        dl:nth-of-type(4n +1 ) {\n            clear: both;\n        }\n\n        }@media (max-width: 767px) {        #colibri-2153-c9        dl {\n            float: left;\n            width: 50% !important;\n            max-width: 50% !important;\n            min-width: 50% !important;\n        }\n\n        #colibri-2153-c9        dl:nth-of-type(2n +1 ) {\n            clear: both;\n        }\n\n        }\n        #colibri-2153-c9        .gallery-item {\n            position: relative;\n        }\n\n        \n    <\/style>\n    <div   class='colibri-2153-c9-dls-wrapper gallery-items-wrapper' ><dl class='gallery-item masonry-item'>\n\t\t\t<dt class='gallery-icon landscape'>\n\t\t\t\t<a data-fancybox=\"colibri-2153-c9-group\" href='https:\/\/kalixlinjen.se\/wp-content\/uploads\/2023\/04\/Fotografier-forbereds-2.png'><img loading=\"lazy\" decoding=\"async\"  width=\"300\" height=\"300\" src=\"https:\/\/kalixlinjen.se\/wp-content\/uploads\/2023\/04\/Fotografier-forbereds-2-300x300.png\"  class='colibri-2153-c9-image' alt=\"\" aria-describedby=\"gallery-1-1212\" srcset=\"https:\/\/kalixlinjen.se\/wp-content\/uploads\/2023\/04\/Fotografier-forbereds-2-300x300.png 300w, https:\/\/kalixlinjen.se\/wp-content\/uploads\/2023\/04\/Fotografier-forbereds-2-1024x1024.png 1024w, https:\/\/kalixlinjen.se\/wp-content\/uploads\/2023\/04\/Fotografier-forbereds-2-150x150.png 150w, https:\/\/kalixlinjen.se\/wp-content\/uploads\/2023\/04\/Fotografier-forbereds-2-768x768.png 768w, https:\/\/kalixlinjen.se\/wp-content\/uploads\/2023\/04\/Fotografier-forbereds-2.png 1080w\" sizes=\"auto, (max-width: 300px) 100vw, 300px\" \/><\/a>\n\t\t\t<\/dt>\n\t\t\t\t<div class=\"gallery-caption__wrapper\"><dd class='wp-caption-text gallery-caption' id='gallery-1-1212'>\n\t\t\t\tMore photographs are being prepared. \n\t\t\t\t<\/dd><\/div><\/dl><dl class='gallery-item masonry-item'>\n\t\t\t<dt class='gallery-icon portrait'>\n\t\t\t\t<a data-fancybox=\"colibri-2153-c9-group\" href='https:\/\/kalixlinjen.se\/wp-content\/uploads\/2023\/05\/20221203_113946-scaled.jpg'><img loading=\"lazy\" decoding=\"async\"  width=\"225\" height=\"300\" src=\"https:\/\/kalixlinjen.se\/wp-content\/uploads\/2023\/05\/20221203_113946-225x300.jpg\"  class='colibri-2153-c9-image' alt=\"\" srcset=\"https:\/\/kalixlinjen.se\/wp-content\/uploads\/2023\/05\/20221203_113946-225x300.jpg 225w, https:\/\/kalixlinjen.se\/wp-content\/uploads\/2023\/05\/20221203_113946-768x1024.jpg 768w, https:\/\/kalixlinjen.se\/wp-content\/uploads\/2023\/05\/20221203_113946-1152x1536.jpg 1152w, https:\/\/kalixlinjen.se\/wp-content\/uploads\/2023\/05\/20221203_113946-1536x2048.jpg 1536w, https:\/\/kalixlinjen.se\/wp-content\/uploads\/2023\/05\/20221203_113946-scaled.jpg 1920w\" sizes=\"auto, (max-width: 225px) 100vw, 225px\" \/><\/a>\n\t\t\t<\/dt><\/dl><dl class='gallery-item masonry-item'>\n\t\t\t<dt class='gallery-icon landscape'>\n\t\t\t\t<a data-fancybox=\"colibri-2153-c9-group\" href='https:\/\/kalixlinjen.se\/wp-content\/uploads\/2023\/05\/20221203_114001-scaled.jpg'><img loading=\"lazy\" decoding=\"async\"  width=\"300\" height=\"225\" src=\"https:\/\/kalixlinjen.se\/wp-content\/uploads\/2023\/05\/20221203_114001-300x225.jpg\"  class='colibri-2153-c9-image' alt=\"\" srcset=\"https:\/\/kalixlinjen.se\/wp-content\/uploads\/2023\/05\/20221203_114001-300x225.jpg 300w, https:\/\/kalixlinjen.se\/wp-content\/uploads\/2023\/05\/20221203_114001-1024x768.jpg 1024w, https:\/\/kalixlinjen.se\/wp-content\/uploads\/2023\/05\/20221203_114001-768x576.jpg 768w, https:\/\/kalixlinjen.se\/wp-content\/uploads\/2023\/05\/20221203_114001-1536x1152.jpg 1536w, https:\/\/kalixlinjen.se\/wp-content\/uploads\/2023\/05\/20221203_114001-2048x1536.jpg 2048w\" sizes=\"auto, (max-width: 300px) 100vw, 300px\" \/><\/a>\n\t\t\t<\/dt><\/dl><dl class='gallery-item masonry-item'>\n\t\t\t<dt class='gallery-icon portrait'>\n\t\t\t\t<a data-fancybox=\"colibri-2153-c9-group\" href='https:\/\/kalixlinjen.se\/wp-content\/uploads\/2023\/05\/20221203_114029-scaled.jpg'><img loading=\"lazy\" decoding=\"async\"  width=\"225\" height=\"300\" src=\"https:\/\/kalixlinjen.se\/wp-content\/uploads\/2023\/05\/20221203_114029-225x300.jpg\"  class='colibri-2153-c9-image' alt=\"\" srcset=\"https:\/\/kalixlinjen.se\/wp-content\/uploads\/2023\/05\/20221203_114029-225x300.jpg 225w, https:\/\/kalixlinjen.se\/wp-content\/uploads\/2023\/05\/20221203_114029-768x1024.jpg 768w, https:\/\/kalixlinjen.se\/wp-content\/uploads\/2023\/05\/20221203_114029-1152x1536.jpg 1152w, https:\/\/kalixlinjen.se\/wp-content\/uploads\/2023\/05\/20221203_114029-1536x2048.jpg 1536w, https:\/\/kalixlinjen.se\/wp-content\/uploads\/2023\/05\/20221203_114029-scaled.jpg 1920w\" sizes=\"auto, (max-width: 225px) 100vw, 225px\" \/><\/a>\n\t\t\t<\/dt><\/dl>\n\t\t<\/div>\n<style>#colibri-2153-c9 .wp-caption-text.gallery-caption{display:none;}<\/style><\/div><\/div>\n                <\/div>\n              <\/div>\n            <\/div>\n          <\/div>\n        <\/div>\n      <\/div>\n      <div data-colibri-id=\"2153-c10\" class=\"h-row-container gutters-row-lg-2 gutters-row-md-2 gutters-row-0 gutters-row-v-lg-2 gutters-row-v-md-2 gutters-row-v-2 style-1738 style-local-2153-c10 position-relative\">\n        <!---->\n        <div class=\"h-row justify-content-lg-center justify-content-md-center justify-content-center align-items-lg-stretch align-items-md-stretch align-items-stretch gutters-col-lg-2 gutters-col-md-2 gutters-col-0 gutters-col-v-lg-2 gutters-col-v-md-2 gutters-col-v-2\">\n          <!---->\n          <div class=\"h-column h-column-container d-flex h-col-lg-auto h-col-md-auto h-col-auto style-1739-outer style-local-2153-c11-outer\">\n            <div data-colibri-id=\"2153-c11\" class=\"d-flex h-flex-basis h-column__inner h-px-lg-2 h-px-md-2 h-px-2 v-inner-lg-2 v-inner-md-2 v-inner-2 style-1739 style-local-2153-c11 position-relative\">\n              <!---->\n              <!---->\n              <div class=\"w-100 h-y-container h-column__content h-column__v-align flex-basis-100 align-self-lg-start align-self-md-start align-self-start\">\n                <!---->\n                <div data-colibri-id=\"2153-c12\" class=\"h-text h-text-component style-1740 style-local-2153-c12 position-relative h-element\">\n                  <!---->\n                  <!---->\n                  <div class=\"\">\n                    <p>Reg. No<\/p>\n                    <p>1289<\/p>\n                    <p>M4804-021271<\/p>\n                    <p>40LVAKAN 48D DIR \/T<\/p>\n                    <p>Assigned<\/p>\n                    <p>FM ACC<\/p>\n                    <p>Vehicle type<\/p>\n                    <p>TOWABLE<\/p>\n                    <p>Manufacturer\/type<\/p>\n                    <p>BOFORS<\/p>\n                    <p>Model year<\/p>\n                    <p>0<\/p>\n                    <p>Chassis number<\/p>\n                    <p>272<\/p>\n                    <p>Reference number<\/p>\n                    <p>MISSING<\/p>\n                    <p>Date of registration<\/p>\n                    <p>1960-08-17<\/p>\n                    <p>User<\/p>\n                    <p>001<\/p>\n                    <p>Deregistered<\/p>\n                    <p>AVREG FMAVV V.517<\/p>\n                    <p>Vehicle body<\/p>\n                    <p>98 MISCELLANEOUS<\/p>\n                    <p>Length<\/p>\n                    <p>7,29<\/p>\n                    <p>Width<\/p>\n                    <p>2,23<\/p>\n                    <p>Numbers of axles<\/p>\n                    <p>2<\/p>\n                    <p>Wheelbase<\/p>\n                    <p>4,00<\/p>\n                    <p>Numbers of tires<\/p>\n                    <p>4<\/p>\n                    <p>Tyre dimension back<\/p>\n                    <p>7,5*20<\/p>\n                    <p>Power standard<\/p>\n                    <p>MISSING<\/p>\n                    <p>Curb weight (kg)<\/p>\n                    <p>4700<\/p>\n                    <p>Gross vehicle weight<\/p>\n                    <p>4700<\/p>\n                    <p>Curb weight distribution<\/p>\n                    <p>2100+2600<\/p>\n                    <p>Hitch type<\/p>\n                    <p>LUNETTE RING<\/p>\n                    <p>Clutch pedal travel<\/p>\n                    <p>5,9<\/p>\n                    <p>Break system<\/p>\n                    <p>YES<\/p>\n                    <p>Brake socket<\/p>\n                    <p>1<\/p>\n                    <p>Gross weight distribution<\/p>\n                    <p>2100-2600<\/p>\n                    <p>Additional information<\/p>\n                    <p>YES<\/p>\n                    <p>TOWED ARTILLERY\n                      <br> VEHICLE LENGTH WITH THE TOWBAR RAISED - 6,27 M\n                      <br> DRAGKROK BAK<\/p>\n                    <p>\n                      <br>\n                    <\/p>\n                  <\/div>\n                <\/div>\n              <\/div>\n            <\/div>\n          <\/div>\n          <div class=\"h-column h-column-container d-flex h-col-lg-auto h-col-md-auto h-col-auto style-1741-outer style-local-2153-c13-outer\">\n            <div data-colibri-id=\"2153-c13\" class=\"d-flex h-flex-basis h-column__inner h-ui-empty-state-container h-px-lg-2 h-px-md-2 h-px-2 v-inner-lg-2 v-inner-md-2 v-inner-2 style-1741 style-local-2153-c13 position-relative\">\n              <!---->\n              <!---->\n              <div class=\"w-100 h-y-container h-column__content h-column__v-align flex-basis-100\">\n                <!---->\n              <\/div>\n            <\/div>\n          <\/div>\n        <\/div>\n      <\/div>\n    <\/div>\n  <\/div>\n<\/div>","protected":false},"excerpt":{"rendered":"<p>40 MM LVAKAN M\/48 dir BOFORS LUFTV\u00c4RNSAUTOMATKANON 40 MM M\/48 Under mellankrigstiden utvecklades flygvapnen snabbt, och f\u00f6r att m\u00f6ta hotet fr\u00e5n luften beh\u00f6vdes snabbskjutande luftv\u00e4rnskanoner.&nbsp;Bofors fick uppdraget, d\u00e5 utl\u00e4ndska varianter inte m\u00f6tte det behov som Sverige s\u00e5g. Resultatet lvakan m\/36 var klar 1933, och vidareutvecklingen lvakan m\/48 var redo att anv\u00e4ndas 1951. Luftv\u00e4rnsautomatkanon m\/48 \u00e4r [&hellip;]<\/p>\n","protected":false},"author":1,"featured_media":0,"parent":0,"menu_order":0,"comment_status":"closed","ping_status":"closed","template":"page-templates\/full-width-page.php","meta":{"_kadence_starter_templates_imported_post":false,"footnotes":""},"class_list":["post-2153","page","type-page","status-publish","hentry"],"yoast_head":"<!-- This site is optimized with the Yoast SEO plugin v27.5 - https:\/\/yoast.com\/product\/yoast-seo-wordpress\/ -->\n<title>40MM LVAKAN M\/48 - Kalixlinjens museum<\/title>\n<meta name=\"robots\" content=\"index, follow, max-snippet:-1, max-image-preview:large, max-video-preview:-1\" \/>\n<link rel=\"canonical\" href=\"https:\/\/kalixlinjen.se\/en\/40mm-lvakan-m-48\/\" \/>\n<meta property=\"og:locale\" content=\"en_GB\" \/>\n<meta property=\"og:type\" content=\"article\" \/>\n<meta property=\"og:title\" content=\"40MM LVAKAN M\/48 - Kalixlinjens museum\" \/>\n<meta property=\"og:description\" content=\"40 MM LVAKAN M\/48 dir BOFORS LUFTV\u00c4RNSAUTOMATKANON 40 MM M\/48 Under mellankrigstiden utvecklades flygvapnen snabbt, och f\u00f6r att m\u00f6ta hotet fr\u00e5n luften beh\u00f6vdes snabbskjutande luftv\u00e4rnskanoner.&nbsp;Bofors fick uppdraget, d\u00e5 utl\u00e4ndska varianter inte m\u00f6tte det behov som Sverige s\u00e5g. Resultatet lvakan m\/36 var klar 1933, och vidareutvecklingen lvakan m\/48 var redo att anv\u00e4ndas 1951. Luftv\u00e4rnsautomatkanon m\/48 \u00e4r [&hellip;]\" \/>\n<meta property=\"og:url\" content=\"https:\/\/kalixlinjen.se\/en\/40mm-lvakan-m-48\/\" \/>\n<meta property=\"og:site_name\" content=\"Kalixlinjens museum\" \/>\n<meta property=\"article:publisher\" content=\"https:\/\/www.facebook.com\/kalixlinjensmuseum\" \/>\n<meta property=\"article:modified_time\" content=\"2024-10-21T11:45:57+00:00\" \/>\n<meta name=\"twitter:card\" content=\"summary_large_image\" \/>\n<script type=\"application\/ld+json\" class=\"yoast-schema-graph\">{\"@context\":\"https:\\\/\\\/schema.org\",\"@graph\":[{\"@type\":\"WebPage\",\"@id\":\"https:\\\/\\\/kalixlinjen.se\\\/40mm-lvakan-m-48\\\/\",\"url\":\"https:\\\/\\\/kalixlinjen.se\\\/40mm-lvakan-m-48\\\/\",\"name\":\"40MM LVAKAN M\\\/48 - Kalixlinjens museum\",\"isPartOf\":{\"@id\":\"https:\\\/\\\/kalixlinjen.se\\\/#website\"},\"datePublished\":\"2023-05-12T07:57:21+00:00\",\"dateModified\":\"2024-10-21T11:45:57+00:00\",\"breadcrumb\":{\"@id\":\"https:\\\/\\\/kalixlinjen.se\\\/40mm-lvakan-m-48\\\/#breadcrumb\"},\"inLanguage\":\"en-GB\",\"potentialAction\":[{\"@type\":\"ReadAction\",\"target\":[\"https:\\\/\\\/kalixlinjen.se\\\/40mm-lvakan-m-48\\\/\"]}]},{\"@type\":\"BreadcrumbList\",\"@id\":\"https:\\\/\\\/kalixlinjen.se\\\/40mm-lvakan-m-48\\\/#breadcrumb\",\"itemListElement\":[{\"@type\":\"ListItem\",\"position\":1,\"name\":\"Hem\",\"item\":\"https:\\\/\\\/kalixlinjen.se\\\/\"},{\"@type\":\"ListItem\",\"position\":2,\"name\":\"40MM LVAKAN M\\\/48\"}]},{\"@type\":\"WebSite\",\"@id\":\"https:\\\/\\\/kalixlinjen.se\\\/#website\",\"url\":\"https:\\\/\\\/kalixlinjen.se\\\/\",\"name\":\"Kalixlinjens museum\",\"description\":\"St\u00f6rst och hemligast!\",\"publisher\":{\"@id\":\"https:\\\/\\\/kalixlinjen.se\\\/#organization\"},\"potentialAction\":[{\"@type\":\"SearchAction\",\"target\":{\"@type\":\"EntryPoint\",\"urlTemplate\":\"https:\\\/\\\/kalixlinjen.se\\\/?s={search_term_string}\"},\"query-input\":{\"@type\":\"PropertyValueSpecification\",\"valueRequired\":true,\"valueName\":\"search_term_string\"}}],\"inLanguage\":\"en-GB\"},{\"@type\":\"Organization\",\"@id\":\"https:\\\/\\\/kalixlinjen.se\\\/#organization\",\"name\":\"Kalixlinjens museum\",\"url\":\"https:\\\/\\\/kalixlinjen.se\\\/\",\"logo\":{\"@type\":\"ImageObject\",\"inLanguage\":\"en-GB\",\"@id\":\"https:\\\/\\\/kalixlinjen.se\\\/#\\\/schema\\\/logo\\\/image\\\/\",\"url\":\"https:\\\/\\\/kalixlinjen.se\\\/wp-content\\\/uploads\\\/2022\\\/11\\\/cropped-cropped-cropped-cropped-loggo.png\",\"contentUrl\":\"https:\\\/\\\/kalixlinjen.se\\\/wp-content\\\/uploads\\\/2022\\\/11\\\/cropped-cropped-cropped-cropped-loggo.png\",\"width\":512,\"height\":512,\"caption\":\"Kalixlinjens museum\"},\"image\":{\"@id\":\"https:\\\/\\\/kalixlinjen.se\\\/#\\\/schema\\\/logo\\\/image\\\/\"},\"sameAs\":[\"https:\\\/\\\/www.facebook.com\\\/kalixlinjensmuseum\",\"https:\\\/\\\/www.instagram.com\\\/kalixlinjens_museum\\\/\"]}]}<\/script>\n<!-- \/ Yoast SEO plugin. -->","yoast_head_json":{"title":"40MM LVAKAN M\/48 - Kalixlinjens museum","robots":{"index":"index","follow":"follow","max-snippet":"max-snippet:-1","max-image-preview":"max-image-preview:large","max-video-preview":"max-video-preview:-1"},"canonical":"https:\/\/kalixlinjen.se\/en\/40mm-lvakan-m-48\/","og_locale":"en_GB","og_type":"article","og_title":"40MM LVAKAN M\/48 - Kalixlinjens museum","og_description":"40 MM LVAKAN M\/48 dir BOFORS LUFTV\u00c4RNSAUTOMATKANON 40 MM M\/48 Under mellankrigstiden utvecklades flygvapnen snabbt, och f\u00f6r att m\u00f6ta hotet fr\u00e5n luften beh\u00f6vdes snabbskjutande luftv\u00e4rnskanoner.&nbsp;Bofors fick uppdraget, d\u00e5 utl\u00e4ndska varianter inte m\u00f6tte det behov som Sverige s\u00e5g. Resultatet lvakan m\/36 var klar 1933, och vidareutvecklingen lvakan m\/48 var redo att anv\u00e4ndas 1951. Luftv\u00e4rnsautomatkanon m\/48 \u00e4r [&hellip;]","og_url":"https:\/\/kalixlinjen.se\/en\/40mm-lvakan-m-48\/","og_site_name":"Kalixlinjens museum","article_publisher":"https:\/\/www.facebook.com\/kalixlinjensmuseum","article_modified_time":"2024-10-21T11:45:57+00:00","twitter_card":"summary_large_image","schema":{"@context":"https:\/\/schema.org","@graph":[{"@type":"WebPage","@id":"https:\/\/kalixlinjen.se\/40mm-lvakan-m-48\/","url":"https:\/\/kalixlinjen.se\/40mm-lvakan-m-48\/","name":"40MM LVAKAN M\/48 - Kalixlinjens museum","isPartOf":{"@id":"https:\/\/kalixlinjen.se\/#website"},"datePublished":"2023-05-12T07:57:21+00:00","dateModified":"2024-10-21T11:45:57+00:00","breadcrumb":{"@id":"https:\/\/kalixlinjen.se\/40mm-lvakan-m-48\/#breadcrumb"},"inLanguage":"en-GB","potentialAction":[{"@type":"ReadAction","target":["https:\/\/kalixlinjen.se\/40mm-lvakan-m-48\/"]}]},{"@type":"BreadcrumbList","@id":"https:\/\/kalixlinjen.se\/40mm-lvakan-m-48\/#breadcrumb","itemListElement":[{"@type":"ListItem","position":1,"name":"Hem","item":"https:\/\/kalixlinjen.se\/"},{"@type":"ListItem","position":2,"name":"40MM LVAKAN M\/48"}]},{"@type":"WebSite","@id":"https:\/\/kalixlinjen.se\/#website","url":"https:\/\/kalixlinjen.se\/","name":"The Kalix line museum","description":"St\u00f6rst och hemligast!","publisher":{"@id":"https:\/\/kalixlinjen.se\/#organization"},"potentialAction":[{"@type":"SearchAction","target":{"@type":"EntryPoint","urlTemplate":"https:\/\/kalixlinjen.se\/?s={search_term_string}"},"query-input":{"@type":"PropertyValueSpecification","valueRequired":true,"valueName":"search_term_string"}}],"inLanguage":"en-GB"},{"@type":"Organization","@id":"https:\/\/kalixlinjen.se\/#organization","name":"The Kalix line museum","url":"https:\/\/kalixlinjen.se\/","logo":{"@type":"ImageObject","inLanguage":"en-GB","@id":"https:\/\/kalixlinjen.se\/#\/schema\/logo\/image\/","url":"https:\/\/kalixlinjen.se\/wp-content\/uploads\/2022\/11\/cropped-cropped-cropped-cropped-loggo.png","contentUrl":"https:\/\/kalixlinjen.se\/wp-content\/uploads\/2022\/11\/cropped-cropped-cropped-cropped-loggo.png","width":512,"height":512,"caption":"Kalixlinjens museum"},"image":{"@id":"https:\/\/kalixlinjen.se\/#\/schema\/logo\/image\/"},"sameAs":["https:\/\/www.facebook.com\/kalixlinjensmuseum","https:\/\/www.instagram.com\/kalixlinjens_museum\/"]}]}},"_links":{"self":[{"href":"https:\/\/kalixlinjen.se\/en\/wp-json\/wp\/v2\/pages\/2153","targetHints":{"allow":["GET"]}}],"collection":[{"href":"https:\/\/kalixlinjen.se\/en\/wp-json\/wp\/v2\/pages"}],"about":[{"href":"https:\/\/kalixlinjen.se\/en\/wp-json\/wp\/v2\/types\/page"}],"author":[{"embeddable":true,"href":"https:\/\/kalixlinjen.se\/en\/wp-json\/wp\/v2\/users\/1"}],"replies":[{"embeddable":true,"href":"https:\/\/kalixlinjen.se\/en\/wp-json\/wp\/v2\/comments?post=2153"}],"version-history":[{"count":6,"href":"https:\/\/kalixlinjen.se\/en\/wp-json\/wp\/v2\/pages\/2153\/revisions"}],"predecessor-version":[{"id":5177,"href":"https:\/\/kalixlinjen.se\/en\/wp-json\/wp\/v2\/pages\/2153\/revisions\/5177"}],"wp:attachment":[{"href":"https:\/\/kalixlinjen.se\/en\/wp-json\/wp\/v2\/media?parent=2153"}],"curies":[{"name":"wp","href":"https:\/\/api.w.org\/{rel}","templated":true}]}}