{"id":1637,"date":"2023-04-27T11:54:25","date_gmt":"2023-04-27T11:54:25","guid":{"rendered":"https:\/\/kalixlinjen.se\/?page_id=1637"},"modified":"2023-05-30T12:45:13","modified_gmt":"2023-05-30T12:45:13","slug":"kalla-kriget-norrbotten","status":"publish","type":"page","link":"https:\/\/kalixlinjen.se\/en\/kalla-kriget-norrbotten\/","title":{"rendered":"Kalla kriget &#8211; Norrbotten"},"content":{"rendered":"<div data-colibri-id=\"1637-c1\" class=\"style-1434 style-local-1637-c1 position-relative\">\n  <!---->\n  <div data-colibri-component=\"section\" data-colibri-id=\"1637-c2\" id=\"custom\" class=\"h-section h-section-global-spacing d-flex align-items-lg-center align-items-md-center align-items-center style-1435 style-local-1637-c2 position-relative\">\n    <!---->\n    <!---->\n    <div class=\"h-section-grid-container h-section-boxed-container\">\n      <!---->\n      <div data-colibri-id=\"1637-c3\" class=\"h-row-container gutters-row-lg-2 gutters-row-md-2 gutters-row-0 gutters-row-v-lg-2 gutters-row-v-md-2 gutters-row-v-2 style-1440 style-local-1637-c3 position-relative\">\n        <!---->\n        <div class=\"h-row justify-content-lg-center justify-content-md-center justify-content-center align-items-lg-stretch align-items-md-stretch align-items-stretch gutters-col-lg-2 gutters-col-md-2 gutters-col-0 gutters-col-v-lg-2 gutters-col-v-md-2 gutters-col-v-2\">\n          <!---->\n          <div class=\"h-column h-column-container d-flex h-col-lg-auto h-col-md-auto h-col-auto style-1441-outer style-local-1637-c4-outer\">\n            <div data-colibri-id=\"1637-c4\" class=\"d-flex h-flex-basis h-column__inner h-px-lg-2 h-px-md-2 h-px-2 v-inner-lg-2 v-inner-md-2 v-inner-2 style-1441 style-local-1637-c4 position-relative\">\n              <!---->\n              <!---->\n              <div class=\"w-100 h-y-container h-column__content h-column__v-align flex-basis-100 align-self-lg-start align-self-md-start align-self-start\">\n                <!---->\n                <div data-colibri-id=\"1637-c5\" class=\"h-global-transition-all h-heading style-1443 style-local-1637-c5 position-relative h-element\">\n                  <!---->\n                  <div class=\"h-heading__outer style-1443 style-local-1637-c5\">\n                    <!---->\n                    <!---->\n                    <h1 class=\"\">Norrbotten and the Cold War<\/h1>\n                  <\/div>\n                <\/div>\n              <\/div>\n            <\/div>\n          <\/div>\n        <\/div>\n      <\/div>\n      <div data-colibri-id=\"1637-c6\" class=\"h-row-container gutters-row-lg-2 gutters-row-md-2 gutters-row-0 gutters-row-v-lg-2 gutters-row-v-md-2 gutters-row-v-2 style-1436 style-local-1637-c6 position-relative\">\n        <!---->\n        <div class=\"h-row justify-content-lg-center justify-content-md-center justify-content-center align-items-lg-stretch align-items-md-stretch align-items-stretch gutters-col-lg-2 gutters-col-md-2 gutters-col-0 gutters-col-v-lg-2 gutters-col-v-md-2 gutters-col-v-2\">\n          <!---->\n          <div class=\"h-column h-column-container d-flex h-col-lg-auto h-col-md-auto h-col-auto style-1437-outer style-local-1637-c7-outer\">\n            <div data-colibri-id=\"1637-c7\" class=\"d-flex h-flex-basis h-column__inner h-px-lg-2 h-px-md-2 h-px-2 v-inner-lg-2 v-inner-md-2 v-inner-2 style-1437 style-local-1637-c7 position-relative\">\n              <!---->\n              <!---->\n              <div class=\"w-100 h-y-container h-column__content h-column__v-align flex-basis-100 align-self-lg-start align-self-md-start align-self-start\">\n                <!---->\n                <div data-colibri-id=\"1637-c8\" class=\"h-text h-text-component style-1439 style-local-1637-c8 position-relative h-element\">\n                  <!---->\n                  <!---->\n                  <div class=\"\">\n                    <p>Norrbotten var en strategiskt viktig region under Kalla kriget. p\u00e5 grund av sin geografiska n\u00e4rhet till Sovjetunionen. Regionen var ocks\u00e5 hem till flera milit\u00e4rbaser och viktiga infrastrukturer som anv\u00e4ndes av det svenska f\u00f6rsvaret\n                      under kalla kriget.&nbsp;\n                      <br>\n                      <br>Under kalla kriget upplevde Norrbotten en stark milit\u00e4rn\u00e4rvaro, med b\u00e5de svenska och utl\u00e4ndska milit\u00e4rbaser i regionen. Exempelvis fanns det amerikanska radarstationer i Vidsel och Jokkmok, samt svenska luftv\u00e4rnsbaser i Kalix, Boden,\n                      och Lule\u00e5. Det svenska flygvapnet hade ocks\u00e5 flera baser i Norrbotten, bland annat i Kiruna och Lule\u00e5.&nbsp;\n                      <br>\n                      <br>Den starka milit\u00e4ra n\u00e4rvaron i Norrbotten ledde till betydande ekonomiska och sociala f\u00f6r\u00e4ndringar i regionen. Det var vanligt att se milit\u00e4rfordon p\u00e5 v\u00e4garna och milit\u00e4rpersonal i st\u00e4der och samh\u00e4llen runt om i Norrbotten. En betydande\n                      m\u00e4ngd milit\u00e4ra \u00f6vningar genomf\u00f6rdes i regionen.&nbsp;\n                      <br>\n                    <\/p>\n                    <p>&nbsp;Norrbotten var utsatt f\u00f6r en stor del av ryss-skr\u00e4cken, som ledde till stark inriktning p\u00e5 f\u00f6rsvar och s\u00e4kerhet i regionen. M\u00e5nga m\u00e4nniskor var oroliga f\u00f6r en eventuell sovjetisk invasion, och det fanns en h\u00f6g beredskap f\u00f6r att\n                      hantera en s\u00e5dan h\u00e4ndelse. Vaksamheten bland civilbefolkningen var stor, och fr\u00e4mlingar betraktades med misst\u00e4nksamhet.&nbsp;\n                      <br>\n                      <br>Det kalla kriget p\u00e5verkade \u00e4ven Norrbottens ekonomi, d\u00e5 bland annat svenska staten gjorde investeringar f\u00f6r att bygga upp den milit\u00e4ra n\u00e4rvaron och infrastrukturen. Investeringarna skapade nya arbetstillf\u00e4llen och ekonomisk tillv\u00e4xt\n                      i regionen.<\/p>\n                  <\/div>\n                <\/div>\n              <\/div>\n            <\/div>\n          <\/div>\n          <div class=\"h-column h-column-container d-flex h-col-lg-auto h-col-md-auto h-col-auto style-1438-outer style-local-1637-c9-outer\">\n            <div data-colibri-id=\"1637-c9\" class=\"d-flex h-flex-basis h-column__inner h-px-lg-2 h-px-md-2 h-px-2 v-inner-lg-2 v-inner-md-2 v-inner-2 style-1438 style-local-1637-c9 position-relative\">\n              <!---->\n              <!---->\n              <div class=\"w-100 h-y-container h-column__content h-column__v-align flex-basis-100 align-self-lg-start align-self-md-start align-self-start\">\n                <!---->\n                <div data-colibri-id=\"1637-c10\" class=\"d-block style-1444 style-local-1637-c10 position-relative h-element\">\n                  <!---->\n                  <div class=\"h-image__frame-container-outer\">\n                    <div class=\"h-image__frame-container\">\n                      <!---->\n                      <!---->\n                      <img loading=\"lazy\" decoding=\"async\" width=\"758\" height=\"758\" src=\"https:\/\/kalixlinjen.se\/wp-content\/uploads\/2023\/04\/cropped-cropped-Skarmbild-2023-04-27-150808.png\" class=\"wp-image-1642 style-1444-image style-local-1637-c10-image\" alt=\"kartgrafik \u00f6ver norrbottens l\u00e4n\" srcset=\"https:\/\/kalixlinjen.se\/wp-content\/uploads\/2023\/04\/cropped-cropped-Skarmbild-2023-04-27-150808.png 758w, https:\/\/kalixlinjen.se\/wp-content\/uploads\/2023\/04\/cropped-cropped-Skarmbild-2023-04-27-150808-300x300.png 300w, https:\/\/kalixlinjen.se\/wp-content\/uploads\/2023\/04\/cropped-cropped-Skarmbild-2023-04-27-150808-150x150.png 150w\" sizes=\"auto, (max-width: 758px) 100vw, 758px\" \/>\n                      <div class=\"h-image__frame h-hide-lg h-hide-md h-hide-sm style-1444-frameImage style-local-1637-c10-frameImage\"><\/div>\n                    <\/div>\n                  <\/div>\n                <\/div>\n              <\/div>\n            <\/div>\n          <\/div>\n        <\/div>\n      <\/div>\n    <\/div>\n  <\/div>\n<\/div>","protected":false},"excerpt":{"rendered":"<p>Norrbotten och kalla kriget Norrbotten var en strategiskt viktig region under Kalla kriget. p\u00e5 grund av sin geografiska n\u00e4rhet till Sovjetunionen. Regionen var ocks\u00e5 hem till flera milit\u00e4rbaser och viktiga infrastrukturer som anv\u00e4ndes av det svenska f\u00f6rsvaret under kalla kriget.&nbsp; Under kalla kriget upplevde Norrbotten en stark milit\u00e4rn\u00e4rvaro, med b\u00e5de svenska och utl\u00e4ndska milit\u00e4rbaser i [&hellip;]<\/p>\n","protected":false},"author":1,"featured_media":0,"parent":0,"menu_order":0,"comment_status":"closed","ping_status":"closed","template":"page-templates\/full-width-page.php","meta":{"_kadence_starter_templates_imported_post":false,"footnotes":""},"class_list":["post-1637","page","type-page","status-publish","hentry"],"yoast_head":"<!-- This site is optimized with the Yoast SEO plugin v27.5 - https:\/\/yoast.com\/product\/yoast-seo-wordpress\/ -->\n<title>Kalla kriget - Norrbotten - Kalixlinjens museum<\/title>\n<meta name=\"robots\" content=\"index, follow, max-snippet:-1, max-image-preview:large, max-video-preview:-1\" \/>\n<link rel=\"canonical\" href=\"https:\/\/kalixlinjen.se\/en\/kalla-kriget-norrbotten\/\" \/>\n<meta property=\"og:locale\" content=\"en_GB\" \/>\n<meta property=\"og:type\" content=\"article\" \/>\n<meta property=\"og:title\" content=\"Kalla kriget - Norrbotten - Kalixlinjens museum\" \/>\n<meta property=\"og:description\" content=\"Norrbotten och kalla kriget Norrbotten var en strategiskt viktig region under Kalla kriget. p\u00e5 grund av sin geografiska n\u00e4rhet till Sovjetunionen. Regionen var ocks\u00e5 hem till flera milit\u00e4rbaser och viktiga infrastrukturer som anv\u00e4ndes av det svenska f\u00f6rsvaret under kalla kriget.&nbsp; Under kalla kriget upplevde Norrbotten en stark milit\u00e4rn\u00e4rvaro, med b\u00e5de svenska och utl\u00e4ndska milit\u00e4rbaser i [&hellip;]\" \/>\n<meta property=\"og:url\" content=\"https:\/\/kalixlinjen.se\/en\/kalla-kriget-norrbotten\/\" \/>\n<meta property=\"og:site_name\" content=\"Kalixlinjens museum\" \/>\n<meta property=\"article:publisher\" content=\"https:\/\/www.facebook.com\/kalixlinjensmuseum\" \/>\n<meta property=\"article:modified_time\" content=\"2023-05-30T12:45:13+00:00\" \/>\n<meta property=\"og:image\" content=\"https:\/\/kalixlinjen.se\/wp-content\/uploads\/2023\/04\/cropped-cropped-Skarmbild-2023-04-27-150808.png\" \/>\n<meta name=\"twitter:card\" content=\"summary_large_image\" \/>\n<meta name=\"twitter:label1\" content=\"Estimated reading time\" \/>\n\t<meta name=\"twitter:data1\" content=\"2 minutes\" \/>\n<script type=\"application\/ld+json\" class=\"yoast-schema-graph\">{\"@context\":\"https:\\\/\\\/schema.org\",\"@graph\":[{\"@type\":\"WebPage\",\"@id\":\"https:\\\/\\\/kalixlinjen.se\\\/kalla-kriget-norrbotten\\\/\",\"url\":\"https:\\\/\\\/kalixlinjen.se\\\/kalla-kriget-norrbotten\\\/\",\"name\":\"Kalla kriget - Norrbotten - Kalixlinjens museum\",\"isPartOf\":{\"@id\":\"https:\\\/\\\/kalixlinjen.se\\\/#website\"},\"primaryImageOfPage\":{\"@id\":\"https:\\\/\\\/kalixlinjen.se\\\/kalla-kriget-norrbotten\\\/#primaryimage\"},\"image\":{\"@id\":\"https:\\\/\\\/kalixlinjen.se\\\/kalla-kriget-norrbotten\\\/#primaryimage\"},\"thumbnailUrl\":\"https:\\\/\\\/kalixlinjen.se\\\/wp-content\\\/uploads\\\/2023\\\/04\\\/cropped-cropped-Skarmbild-2023-04-27-150808.png\",\"datePublished\":\"2023-04-27T11:54:25+00:00\",\"dateModified\":\"2023-05-30T12:45:13+00:00\",\"breadcrumb\":{\"@id\":\"https:\\\/\\\/kalixlinjen.se\\\/kalla-kriget-norrbotten\\\/#breadcrumb\"},\"inLanguage\":\"en-GB\",\"potentialAction\":[{\"@type\":\"ReadAction\",\"target\":[\"https:\\\/\\\/kalixlinjen.se\\\/kalla-kriget-norrbotten\\\/\"]}]},{\"@type\":\"ImageObject\",\"inLanguage\":\"en-GB\",\"@id\":\"https:\\\/\\\/kalixlinjen.se\\\/kalla-kriget-norrbotten\\\/#primaryimage\",\"url\":\"https:\\\/\\\/kalixlinjen.se\\\/wp-content\\\/uploads\\\/2023\\\/04\\\/cropped-cropped-Skarmbild-2023-04-27-150808.png\",\"contentUrl\":\"https:\\\/\\\/kalixlinjen.se\\\/wp-content\\\/uploads\\\/2023\\\/04\\\/cropped-cropped-Skarmbild-2023-04-27-150808.png\"},{\"@type\":\"BreadcrumbList\",\"@id\":\"https:\\\/\\\/kalixlinjen.se\\\/kalla-kriget-norrbotten\\\/#breadcrumb\",\"itemListElement\":[{\"@type\":\"ListItem\",\"position\":1,\"name\":\"Hem\",\"item\":\"https:\\\/\\\/kalixlinjen.se\\\/\"},{\"@type\":\"ListItem\",\"position\":2,\"name\":\"Kalla kriget &#8211; Norrbotten\"}]},{\"@type\":\"WebSite\",\"@id\":\"https:\\\/\\\/kalixlinjen.se\\\/#website\",\"url\":\"https:\\\/\\\/kalixlinjen.se\\\/\",\"name\":\"Kalixlinjens museum\",\"description\":\"St\u00f6rst och hemligast!\",\"publisher\":{\"@id\":\"https:\\\/\\\/kalixlinjen.se\\\/#organization\"},\"potentialAction\":[{\"@type\":\"SearchAction\",\"target\":{\"@type\":\"EntryPoint\",\"urlTemplate\":\"https:\\\/\\\/kalixlinjen.se\\\/?s={search_term_string}\"},\"query-input\":{\"@type\":\"PropertyValueSpecification\",\"valueRequired\":true,\"valueName\":\"search_term_string\"}}],\"inLanguage\":\"en-GB\"},{\"@type\":\"Organization\",\"@id\":\"https:\\\/\\\/kalixlinjen.se\\\/#organization\",\"name\":\"Kalixlinjens museum\",\"url\":\"https:\\\/\\\/kalixlinjen.se\\\/\",\"logo\":{\"@type\":\"ImageObject\",\"inLanguage\":\"en-GB\",\"@id\":\"https:\\\/\\\/kalixlinjen.se\\\/#\\\/schema\\\/logo\\\/image\\\/\",\"url\":\"https:\\\/\\\/kalixlinjen.se\\\/wp-content\\\/uploads\\\/2022\\\/11\\\/cropped-cropped-cropped-cropped-loggo.png\",\"contentUrl\":\"https:\\\/\\\/kalixlinjen.se\\\/wp-content\\\/uploads\\\/2022\\\/11\\\/cropped-cropped-cropped-cropped-loggo.png\",\"width\":512,\"height\":512,\"caption\":\"Kalixlinjens museum\"},\"image\":{\"@id\":\"https:\\\/\\\/kalixlinjen.se\\\/#\\\/schema\\\/logo\\\/image\\\/\"},\"sameAs\":[\"https:\\\/\\\/www.facebook.com\\\/kalixlinjensmuseum\",\"https:\\\/\\\/www.instagram.com\\\/kalixlinjens_museum\\\/\"]}]}<\/script>\n<!-- \/ Yoast SEO plugin. -->","yoast_head_json":{"title":"Kalla kriget - Norrbotten - Kalixlinjens museum","robots":{"index":"index","follow":"follow","max-snippet":"max-snippet:-1","max-image-preview":"max-image-preview:large","max-video-preview":"max-video-preview:-1"},"canonical":"https:\/\/kalixlinjen.se\/en\/kalla-kriget-norrbotten\/","og_locale":"en_GB","og_type":"article","og_title":"Kalla kriget - Norrbotten - Kalixlinjens museum","og_description":"Norrbotten och kalla kriget Norrbotten var en strategiskt viktig region under Kalla kriget. p\u00e5 grund av sin geografiska n\u00e4rhet till Sovjetunionen. Regionen var ocks\u00e5 hem till flera milit\u00e4rbaser och viktiga infrastrukturer som anv\u00e4ndes av det svenska f\u00f6rsvaret under kalla kriget.&nbsp; Under kalla kriget upplevde Norrbotten en stark milit\u00e4rn\u00e4rvaro, med b\u00e5de svenska och utl\u00e4ndska milit\u00e4rbaser i [&hellip;]","og_url":"https:\/\/kalixlinjen.se\/en\/kalla-kriget-norrbotten\/","og_site_name":"Kalixlinjens museum","article_publisher":"https:\/\/www.facebook.com\/kalixlinjensmuseum","article_modified_time":"2023-05-30T12:45:13+00:00","og_image":[{"url":"https:\/\/kalixlinjen.se\/wp-content\/uploads\/2023\/04\/cropped-cropped-Skarmbild-2023-04-27-150808.png","type":"","width":"","height":""}],"twitter_card":"summary_large_image","twitter_misc":{"Estimated reading time":"2 minutes"},"schema":{"@context":"https:\/\/schema.org","@graph":[{"@type":"WebPage","@id":"https:\/\/kalixlinjen.se\/kalla-kriget-norrbotten\/","url":"https:\/\/kalixlinjen.se\/kalla-kriget-norrbotten\/","name":"Kalla kriget - Norrbotten - Kalixlinjens museum","isPartOf":{"@id":"https:\/\/kalixlinjen.se\/#website"},"primaryImageOfPage":{"@id":"https:\/\/kalixlinjen.se\/kalla-kriget-norrbotten\/#primaryimage"},"image":{"@id":"https:\/\/kalixlinjen.se\/kalla-kriget-norrbotten\/#primaryimage"},"thumbnailUrl":"https:\/\/kalixlinjen.se\/wp-content\/uploads\/2023\/04\/cropped-cropped-Skarmbild-2023-04-27-150808.png","datePublished":"2023-04-27T11:54:25+00:00","dateModified":"2023-05-30T12:45:13+00:00","breadcrumb":{"@id":"https:\/\/kalixlinjen.se\/kalla-kriget-norrbotten\/#breadcrumb"},"inLanguage":"en-GB","potentialAction":[{"@type":"ReadAction","target":["https:\/\/kalixlinjen.se\/kalla-kriget-norrbotten\/"]}]},{"@type":"ImageObject","inLanguage":"en-GB","@id":"https:\/\/kalixlinjen.se\/kalla-kriget-norrbotten\/#primaryimage","url":"https:\/\/kalixlinjen.se\/wp-content\/uploads\/2023\/04\/cropped-cropped-Skarmbild-2023-04-27-150808.png","contentUrl":"https:\/\/kalixlinjen.se\/wp-content\/uploads\/2023\/04\/cropped-cropped-Skarmbild-2023-04-27-150808.png"},{"@type":"BreadcrumbList","@id":"https:\/\/kalixlinjen.se\/kalla-kriget-norrbotten\/#breadcrumb","itemListElement":[{"@type":"ListItem","position":1,"name":"Hem","item":"https:\/\/kalixlinjen.se\/"},{"@type":"ListItem","position":2,"name":"Kalla kriget &#8211; Norrbotten"}]},{"@type":"WebSite","@id":"https:\/\/kalixlinjen.se\/#website","url":"https:\/\/kalixlinjen.se\/","name":"The Kalix line museum","description":"St\u00f6rst och hemligast!","publisher":{"@id":"https:\/\/kalixlinjen.se\/#organization"},"potentialAction":[{"@type":"SearchAction","target":{"@type":"EntryPoint","urlTemplate":"https:\/\/kalixlinjen.se\/?s={search_term_string}"},"query-input":{"@type":"PropertyValueSpecification","valueRequired":true,"valueName":"search_term_string"}}],"inLanguage":"en-GB"},{"@type":"Organization","@id":"https:\/\/kalixlinjen.se\/#organization","name":"The Kalix line museum","url":"https:\/\/kalixlinjen.se\/","logo":{"@type":"ImageObject","inLanguage":"en-GB","@id":"https:\/\/kalixlinjen.se\/#\/schema\/logo\/image\/","url":"https:\/\/kalixlinjen.se\/wp-content\/uploads\/2022\/11\/cropped-cropped-cropped-cropped-loggo.png","contentUrl":"https:\/\/kalixlinjen.se\/wp-content\/uploads\/2022\/11\/cropped-cropped-cropped-cropped-loggo.png","width":512,"height":512,"caption":"Kalixlinjens museum"},"image":{"@id":"https:\/\/kalixlinjen.se\/#\/schema\/logo\/image\/"},"sameAs":["https:\/\/www.facebook.com\/kalixlinjensmuseum","https:\/\/www.instagram.com\/kalixlinjens_museum\/"]}]}},"_links":{"self":[{"href":"https:\/\/kalixlinjen.se\/en\/wp-json\/wp\/v2\/pages\/1637","targetHints":{"allow":["GET"]}}],"collection":[{"href":"https:\/\/kalixlinjen.se\/en\/wp-json\/wp\/v2\/pages"}],"about":[{"href":"https:\/\/kalixlinjen.se\/en\/wp-json\/wp\/v2\/types\/page"}],"author":[{"embeddable":true,"href":"https:\/\/kalixlinjen.se\/en\/wp-json\/wp\/v2\/users\/1"}],"replies":[{"embeddable":true,"href":"https:\/\/kalixlinjen.se\/en\/wp-json\/wp\/v2\/comments?post=1637"}],"version-history":[{"count":5,"href":"https:\/\/kalixlinjen.se\/en\/wp-json\/wp\/v2\/pages\/1637\/revisions"}],"predecessor-version":[{"id":2974,"href":"https:\/\/kalixlinjen.se\/en\/wp-json\/wp\/v2\/pages\/1637\/revisions\/2974"}],"wp:attachment":[{"href":"https:\/\/kalixlinjen.se\/en\/wp-json\/wp\/v2\/media?parent=1637"}],"curies":[{"name":"wp","href":"https:\/\/api.w.org\/{rel}","templated":true}]}}