{"id":1339,"date":"2023-04-24T07:09:29","date_gmt":"2023-04-24T07:09:29","guid":{"rendered":"https:\/\/kalixlinjen.se\/?page_id=1339"},"modified":"2024-10-21T11:56:39","modified_gmt":"2024-10-21T11:56:39","slug":"ammunitionsslapkarra-2071-t","status":"publish","type":"page","link":"https:\/\/kalixlinjen.se\/en\/ammunitionsslapkarra-2071-t\/","title":{"rendered":"AMMUNITION TRAILER 2071 \/T"},"content":{"rendered":"<div data-colibri-id=\"1339-c1\" class=\"style-1047 style-local-1339-c1 position-relative\">\n  <!---->\n  <div data-colibri-component=\"section\" data-colibri-id=\"1339-c2\" id=\"reusable-sections\" class=\"h-section h-section-global-spacing d-flex align-items-lg-center align-items-md-center align-items-center style-1048 style-local-1339-c2 position-relative\">\n    <!---->\n    <!---->\n    <div class=\"h-section-grid-container h-section-boxed-container\">\n      <div data-colibri-id=\"1339-c14\" class=\"h-row-container gutters-row-lg-2 gutters-row-md-2 gutters-row-2 gutters-row-v-lg-2 gutters-row-v-md-2 gutters-row-v-2 style-1062 style-local-1339-c14 position-relative\">\n        <!---->\n        <div class=\"h-row justify-content-lg-center justify-content-md-center justify-content-center align-items-lg-stretch align-items-md-stretch align-items-stretch gutters-col-lg-2 gutters-col-md-2 gutters-col-2 gutters-col-v-lg-2 gutters-col-v-md-2 gutters-col-v-2\">\n          <!---->\n          <div class=\"h-column h-column-container d-flex h-col-lg-auto h-col-md-auto h-col-auto style-1063-outer style-local-1339-c15-outer\">\n            <div data-colibri-id=\"1339-c15\" class=\"d-flex h-flex-basis h-column__inner h-px-lg-2 h-px-md-2 h-px-2 v-inner-lg-2 v-inner-md-2 v-inner-2 style-1063 style-local-1339-c15 position-relative\">\n              <!---->\n              <!---->\n              <div class=\"w-100 h-y-container h-column__content h-column__v-align flex-basis-100 align-self-lg-start align-self-md-start align-self-start\">\n                <!---->\n                <div data-colibri-id=\"1339-c16\" class=\"h-global-transition-all h-heading style-1064 style-local-1339-c16 position-relative h-element\">\n                  <!---->\n                  <div class=\"h-heading__outer style-1064 style-local-1339-c16\">\n                    <!---->\n                    <!---->\n                    <h1 class=\"\">AMSL\u00c4PK\u00c4RRA 2071 \/T<\/h1>\n                  <\/div>\n                <\/div>\n                <div data-colibri-id=\"1339-c18\" class=\"h-global-transition-all h-heading style-2719 style-local-1339-c18 position-relative h-element\">\n                  <!---->\n                  <div class=\"h-heading__outer style-2719 style-local-1339-c18\">\n                    <!---->\n                    <!---->\n                    <h4 class=\"\">AMMUNITION TRAILER 2071<\/h4>\n                  <\/div>\n                <\/div>\n              <\/div>\n            <\/div>\n          <\/div>\n        <\/div>\n      <\/div>\n      <div data-colibri-id=\"1339-c3\" class=\"h-row-container gutters-row-lg-2 gutters-row-md-2 gutters-row-0 gutters-row-v-lg-2 gutters-row-v-md-2 gutters-row-v-2 style-1049 style-local-1339-c3 position-relative\">\n        <!---->\n        <div class=\"h-row justify-content-lg-center justify-content-md-center justify-content-center align-items-lg-stretch align-items-md-stretch align-items-stretch gutters-col-lg-2 gutters-col-md-2 gutters-col-0 gutters-col-v-lg-2 gutters-col-v-md-2 gutters-col-v-2\">\n          <!---->\n          <div class=\"h-column h-column-container d-flex h-col-lg-auto h-col-md-auto h-col-auto style-1050-outer style-local-1339-c4-outer\">\n            <div data-colibri-id=\"1339-c4\" class=\"d-flex h-flex-basis h-column__inner h-px-lg-2 h-px-md-2 h-px-2 v-inner-lg-2 v-inner-md-2 v-inner-2 style-1050 style-local-1339-c4 position-relative\">\n              <!---->\n              <!---->\n              <div class=\"w-100 h-y-container h-column__content h-column__v-align flex-basis-100 align-self-lg-start align-self-md-start align-self-start\">\n                <!---->\n                <div data-colibri-id=\"1339-c5\" class=\"h-text h-text-component style-1051 style-local-1339-c5 position-relative h-element\">\n                  <!---->\n                  <!---->\n                  <div class=\"\">\n                    <p>Trailer intended for the transport of ammunition. With a length of 6.2 m and a width of 2.6 m, it accommodates missiles and rockets and was used, among other things, by the air force.\n                      <br> The trailer has a tipping function, and the rear flap is used as a ramp. <\/p>\n                  <\/div>\n                <\/div>\n              <\/div>\n            <\/div>\n          <\/div>\n          <div class=\"h-column h-column-container d-flex h-col-lg-auto h-col-md-auto h-col-auto style-1052-outer style-local-1339-c6-outer\">\n            <div data-colibri-id=\"1339-c6\" class=\"d-flex h-flex-basis h-column__inner h-ui-empty-state-container h-px-lg-2 h-px-md-2 h-px-2 v-inner-lg-2 v-inner-md-2 v-inner-2 style-1052 style-local-1339-c6 position-relative\">\n              <!---->\n              <!---->\n              <div class=\"w-100 h-y-container h-column__content h-column__v-align flex-basis-100\">\n                <!---->\n              <\/div>\n            <\/div>\n          <\/div>\n        <\/div>\n      <\/div>\n      <div data-colibri-id=\"1339-c7\" class=\"h-row-container gutters-row-lg-2 gutters-row-md-2 gutters-row-0 gutters-row-v-lg-2 gutters-row-v-md-2 gutters-row-v-2 style-1055 style-local-1339-c7 position-relative\">\n        <!---->\n        <div class=\"h-row justify-content-lg-center justify-content-md-center justify-content-center align-items-lg-stretch align-items-md-stretch align-items-stretch gutters-col-lg-2 gutters-col-md-2 gutters-col-0 gutters-col-v-lg-2 gutters-col-v-md-2 gutters-col-v-2\">\n          <!---->\n          <div class=\"h-column h-column-container d-flex h-col-lg-auto h-col-md-auto h-col-auto style-1056-outer style-local-1339-c8-outer\">\n            <div data-colibri-id=\"1339-c8\" class=\"d-flex h-flex-basis h-column__inner h-px-lg-2 h-px-md-2 h-px-2 v-inner-lg-2 v-inner-md-2 v-inner-2 style-1056 style-local-1339-c8 position-relative\">\n              <!---->\n              <!---->\n              <div class=\"w-100 h-y-container h-column__content h-column__v-align flex-basis-100 align-self-lg-start align-self-md-start align-self-start\">\n                <!---->\n                <div data-colibri-component=\"\" data-colibri-id=\"1339-c9\" class=\"h-photo-gallery margin-none caption-displayTrue caption-vertical-align-top style-1057 style-local-1339-c9 h-overflow-hidden position-relative h-element\">\n                  <!---->\n                  <div class=\"h-global-transition-all\"><div id='colibri-1339-c9' class='gallery-wrapper'>    <style type=\"text\/css\">\n\n        @media (min-width: 1023px) {        #colibri-1339-c9        dl {\n            float: left;\n            width: 25% !important;\n            max-width: 25% !important;\n            min-width: 25% !important;\n        }\n\n        #colibri-1339-c9        dl:nth-of-type(4n +1 ) {\n            clear: both;\n        }\n\n        }@media (min-width: 768px) and (max-width: 1023px) {        #colibri-1339-c9        dl {\n            float: left;\n            width: 25% !important;\n            max-width: 25% !important;\n            min-width: 25% !important;\n        }\n\n        #colibri-1339-c9        dl:nth-of-type(4n +1 ) {\n            clear: both;\n        }\n\n        }@media (max-width: 767px) {        #colibri-1339-c9        dl {\n            float: left;\n            width: 50% !important;\n            max-width: 50% !important;\n            min-width: 50% !important;\n        }\n\n        #colibri-1339-c9        dl:nth-of-type(2n +1 ) {\n            clear: both;\n        }\n\n        }\n        #colibri-1339-c9        .gallery-item {\n            position: relative;\n        }\n\n        \n    <\/style>\n    <div   class='colibri-1339-c9-dls-wrapper gallery-items-wrapper' ><dl class='gallery-item masonry-item'>\n\t\t\t<dt class='gallery-icon portrait'>\n\t\t\t\t<a data-fancybox=\"colibri-1339-c9-group\" href='https:\/\/kalixlinjen.se\/wp-content\/uploads\/2023\/05\/IMG_20230530_103031-scaled.jpg'><img loading=\"lazy\" decoding=\"async\"  width=\"225\" height=\"300\" src=\"https:\/\/kalixlinjen.se\/wp-content\/uploads\/2023\/05\/IMG_20230530_103031-225x300.jpg\"  class='colibri-1339-c9-image' alt=\"Ammunitionsk\u00e4rra 2071\" aria-describedby=\"gallery-1-3055\" srcset=\"https:\/\/kalixlinjen.se\/wp-content\/uploads\/2023\/05\/IMG_20230530_103031-225x300.jpg 225w, https:\/\/kalixlinjen.se\/wp-content\/uploads\/2023\/05\/IMG_20230530_103031-768x1024.jpg 768w, https:\/\/kalixlinjen.se\/wp-content\/uploads\/2023\/05\/IMG_20230530_103031-1152x1536.jpg 1152w, https:\/\/kalixlinjen.se\/wp-content\/uploads\/2023\/05\/IMG_20230530_103031-1536x2048.jpg 1536w, https:\/\/kalixlinjen.se\/wp-content\/uploads\/2023\/05\/IMG_20230530_103031-scaled.jpg 1920w\" sizes=\"auto, (max-width: 225px) 100vw, 225px\" \/><\/a>\n\t\t\t<\/dt>\n\t\t\t\t<div class=\"gallery-caption__wrapper\"><dd class='wp-caption-text gallery-caption' id='gallery-1-3055'>\n\t\t\t\tAMMUNITION TRAILER 2071 \/T\n\t\t\t\t<\/dd><\/div><\/dl><dl class='gallery-item masonry-item'>\n\t\t\t<dt class='gallery-icon portrait'>\n\t\t\t\t<a data-fancybox=\"colibri-1339-c9-group\" href='https:\/\/kalixlinjen.se\/wp-content\/uploads\/2023\/05\/IMG_20230530_103039-scaled.jpg'><img loading=\"lazy\" decoding=\"async\"  width=\"225\" height=\"300\" src=\"https:\/\/kalixlinjen.se\/wp-content\/uploads\/2023\/05\/IMG_20230530_103039-225x300.jpg\"  class='colibri-1339-c9-image' alt=\"Ammunitionsk\u00e4rra 2071\" aria-describedby=\"gallery-1-3056\" srcset=\"https:\/\/kalixlinjen.se\/wp-content\/uploads\/2023\/05\/IMG_20230530_103039-225x300.jpg 225w, https:\/\/kalixlinjen.se\/wp-content\/uploads\/2023\/05\/IMG_20230530_103039-768x1024.jpg 768w, https:\/\/kalixlinjen.se\/wp-content\/uploads\/2023\/05\/IMG_20230530_103039-1152x1536.jpg 1152w, https:\/\/kalixlinjen.se\/wp-content\/uploads\/2023\/05\/IMG_20230530_103039-1536x2048.jpg 1536w, https:\/\/kalixlinjen.se\/wp-content\/uploads\/2023\/05\/IMG_20230530_103039-scaled.jpg 1920w\" sizes=\"auto, (max-width: 225px) 100vw, 225px\" \/><\/a>\n\t\t\t<\/dt>\n\t\t\t\t<div class=\"gallery-caption__wrapper\"><dd class='wp-caption-text gallery-caption' id='gallery-1-3056'>\n\t\t\t\tAMMUNITION TRAILER 2071 \/T\n\t\t\t\t<\/dd><\/div><\/dl><dl class='gallery-item masonry-item'>\n\t\t\t<dt class='gallery-icon portrait'>\n\t\t\t\t<a data-fancybox=\"colibri-1339-c9-group\" href='https:\/\/kalixlinjen.se\/wp-content\/uploads\/2023\/05\/IMG_20230530_103048-scaled.jpg'><img loading=\"lazy\" decoding=\"async\"  width=\"225\" height=\"300\" src=\"https:\/\/kalixlinjen.se\/wp-content\/uploads\/2023\/05\/IMG_20230530_103048-225x300.jpg\"  class='colibri-1339-c9-image' alt=\"Ammunitionsk\u00e4rra 2071\" aria-describedby=\"gallery-1-3057\" srcset=\"https:\/\/kalixlinjen.se\/wp-content\/uploads\/2023\/05\/IMG_20230530_103048-225x300.jpg 225w, https:\/\/kalixlinjen.se\/wp-content\/uploads\/2023\/05\/IMG_20230530_103048-768x1024.jpg 768w, https:\/\/kalixlinjen.se\/wp-content\/uploads\/2023\/05\/IMG_20230530_103048-1152x1536.jpg 1152w, https:\/\/kalixlinjen.se\/wp-content\/uploads\/2023\/05\/IMG_20230530_103048-1536x2048.jpg 1536w, https:\/\/kalixlinjen.se\/wp-content\/uploads\/2023\/05\/IMG_20230530_103048-scaled.jpg 1920w\" sizes=\"auto, (max-width: 225px) 100vw, 225px\" \/><\/a>\n\t\t\t<\/dt>\n\t\t\t\t<div class=\"gallery-caption__wrapper\"><dd class='wp-caption-text gallery-caption' id='gallery-1-3057'>\n\t\t\t\tAMMUNITION TRAILER 2071 \/T\n\t\t\t\t<\/dd><\/div><\/dl><dl class='gallery-item masonry-item'>\n\t\t\t<dt class='gallery-icon landscape'>\n\t\t\t\t<a data-fancybox=\"colibri-1339-c9-group\" href='https:\/\/kalixlinjen.se\/wp-content\/uploads\/2023\/05\/IMG_20230530_103107-scaled.jpg'><img loading=\"lazy\" decoding=\"async\"  width=\"300\" height=\"225\" src=\"https:\/\/kalixlinjen.se\/wp-content\/uploads\/2023\/05\/IMG_20230530_103107-300x225.jpg\"  class='colibri-1339-c9-image' alt=\"Ammunitionsk\u00e4rra 2071\" aria-describedby=\"gallery-1-3058\" srcset=\"https:\/\/kalixlinjen.se\/wp-content\/uploads\/2023\/05\/IMG_20230530_103107-300x225.jpg 300w, https:\/\/kalixlinjen.se\/wp-content\/uploads\/2023\/05\/IMG_20230530_103107-1024x768.jpg 1024w, https:\/\/kalixlinjen.se\/wp-content\/uploads\/2023\/05\/IMG_20230530_103107-768x576.jpg 768w, https:\/\/kalixlinjen.se\/wp-content\/uploads\/2023\/05\/IMG_20230530_103107-1536x1152.jpg 1536w, https:\/\/kalixlinjen.se\/wp-content\/uploads\/2023\/05\/IMG_20230530_103107-2048x1536.jpg 2048w\" sizes=\"auto, (max-width: 300px) 100vw, 300px\" \/><\/a>\n\t\t\t<\/dt>\n\t\t\t\t<div class=\"gallery-caption__wrapper\"><dd class='wp-caption-text gallery-caption' id='gallery-1-3058'>\n\t\t\t\tAMMUNITION TRAILER 2071 \/T\n\t\t\t\t<\/dd><\/div><\/dl>\n\t\t<\/div>\n<style>#colibri-1339-c9 .wp-caption-text.gallery-caption{display:none;}<\/style><\/div><\/div>\n                <\/div>\n              <\/div>\n            <\/div>\n          <\/div>\n        <\/div>\n      <\/div>\n      <div data-colibri-id=\"1339-c10\" class=\"h-row-container gutters-row-lg-2 gutters-row-md-2 gutters-row-0 gutters-row-v-lg-2 gutters-row-v-md-2 gutters-row-v-2 style-1058 style-local-1339-c10 position-relative\">\n        <!---->\n        <div class=\"h-row justify-content-lg-center justify-content-md-center justify-content-center align-items-lg-stretch align-items-md-stretch align-items-stretch gutters-col-lg-2 gutters-col-md-2 gutters-col-0 gutters-col-v-lg-2 gutters-col-v-md-2 gutters-col-v-2\">\n          <!---->\n          <div class=\"h-column h-column-container d-flex h-col-lg-auto h-col-md-auto h-col-auto style-1059-outer style-local-1339-c11-outer\">\n            <div data-colibri-id=\"1339-c11\" class=\"d-flex h-flex-basis h-column__inner h-px-lg-2 h-px-md-2 h-px-2 v-inner-lg-2 v-inner-md-2 v-inner-2 style-1059 style-local-1339-c11 position-relative\">\n              <!---->\n              <!---->\n              <div class=\"w-100 h-y-container h-column__content h-column__v-align flex-basis-100 align-self-lg-start align-self-md-start align-self-start\">\n                <!---->\n                <div data-colibri-id=\"1339-c12\" class=\"h-text h-text-component style-1060 style-local-1339-c12 position-relative h-element\">\n                  <!---->\n                  <!---->\n                  <div class=\"\">\n                    <p>Reg. No<\/p>\n                    <p>130300<\/p>\n                    <p>M5044-207114<\/p>\n                    <p>AMSL\u00c4PK\u00c4RRA 2071\/T<\/p>\n                    <p>Assigned<\/p>\n                    <p>FM AVV<\/p>\n                    <p>Vehicle type<\/p>\n                    <p>TOWABLE<\/p>\n                    <p>Manufacturer\/type<\/p>\n                    <p>SAJO SENKOMAT<\/p>\n                    <p>Model year<\/p>\n                    <p>1983<\/p>\n                    <p>Chassis number<\/p>\n                    <p>8122-202<\/p>\n                    <p>Reference number<\/p>\n                    <p>Q26705<\/p>\n                    <p>Model code<\/p>\n                    <p>\u00d6V0400<\/p>\n                    <p>Date of registration<\/p>\n                    <p>1984-01-23<\/p>\n                    <p>Colour<\/p>\n                    <p>MGREEN<\/p>\n                    <p>User<\/p>\n                    <p>001<\/p>\n                    <p>Deregistered<\/p>\n                    <p>AVREG FMAVV VECKA<\/p>\n                    <p>421<\/p>\n                    <p>Vehicle body<\/p>\n                    <p>15 FLATBEDS \u2013 CARGO BOX<\/p>\n                    <p>Length<\/p>\n                    <p>6,20<\/p>\n                    <p>Width<\/p>\n                    <p>2,60<\/p>\n                    <p>Numbers of axles<\/p>\n                    <p>2<\/p>\n                    <p>Wheelbase<\/p>\n                    <p>0,80<\/p>\n                    <p>Tyre dimension back<\/p>\n                    <p>18R1490S<\/p>\n                    <p>Axle load<\/p>\n                    <p>100+2500<\/p>\n                    <p>Curb weight (kg)<\/p>\n                    <p>1020<\/p>\n                    <p>Maximum payload (kg)<\/p>\n                    <p>1480<\/p>\n                    <p>Gross vehicle weight<\/p>\n                    <p>2500<\/p>\n                    <p>Curb weight distribution<\/p>\n                    <p>90+930<\/p>\n                    <p>Hitch type<\/p>\n                    <p>LUNETTE RING<\/p>\n                    <p>Clutch pedal travel<\/p>\n                    <p>4,26<\/p>\n                    <p>Break system<\/p>\n                    <p>YES<\/p>\n                    <p>Cargo space<\/p>\n                    <p>4,53<\/p>\n                    <p>Overhang<\/p>\n                    <p>1,85<\/p>\n                    <p>Y-konstant<\/p>\n                    <p>1,00<\/p>\n                    <p>Equipment<\/p>\n                    <p>WINCH<\/p>\n                    <p>Additional information<\/p>\n                    <p>YES<\/p>\n                    <p>T16D CHASSIS NUMBER PLACED ON THE LEFT TOW BAR BEAM. LOWERABLE CHASSIS. ALTERNATIVE COUPLING DEVICE: BALL SOCKET 60 MM. PUSH-BRAKE SPV 236P.<\/p>\n                    <p>\n                      <br>\n                    <\/p>\n                  <\/div>\n                <\/div>\n              <\/div>\n            <\/div>\n          <\/div>\n          <div class=\"h-column h-column-container d-flex h-col-lg-auto h-col-md-auto h-col-auto style-1061-outer style-local-1339-c13-outer\">\n            <div data-colibri-id=\"1339-c13\" class=\"d-flex h-flex-basis h-column__inner h-ui-empty-state-container h-px-lg-2 h-px-md-2 h-px-2 v-inner-lg-2 v-inner-md-2 v-inner-2 style-1061 style-local-1339-c13 position-relative\">\n              <!---->\n              <!---->\n              <div class=\"w-100 h-y-container h-column__content h-column__v-align flex-basis-100\">\n                <!---->\n              <\/div>\n            <\/div>\n          <\/div>\n        <\/div>\n      <\/div>\n    <\/div>\n  <\/div>\n<\/div>","protected":false},"excerpt":{"rendered":"<p>AMSL\u00c4PK\u00c4RRA 2071 \/T AMMUNITIONSSL\u00c4PK\u00c4RRA 2071 \/t Sl\u00e4pk\u00e4rra avsedd f\u00f6r frakt av ammunition. Med l\u00e4ngd p\u00e5 6,2 m och bredd 2,6 m rymmer den robotar och raketer, och anv\u00e4ndes bland annat inom flygvapnet. Sl\u00e4pet har tipp, och bakl\u00e4mmen anv\u00e4nds som ramp. Regnr 130300 M5044-207114 AMSL\u00c4PK\u00c4RRA 2071\/T Tilldelad FM AVV Fordonslag SL\u00c4P Fabr\/typ SAJO SENKOMAT \u00c5rsmodell 1983 [&hellip;]<\/p>\n","protected":false},"author":1,"featured_media":0,"parent":0,"menu_order":0,"comment_status":"closed","ping_status":"closed","template":"page-templates\/full-width-page.php","meta":{"_kadence_starter_templates_imported_post":false,"footnotes":""},"class_list":["post-1339","page","type-page","status-publish","hentry"],"yoast_head":"<!-- This site is optimized with the Yoast SEO plugin v27.4 - https:\/\/yoast.com\/product\/yoast-seo-wordpress\/ -->\n<title>Ammunitionssl\u00e4pk\u00e4rra 2071 \/t - Kalixlinjens museum<\/title>\n<meta name=\"robots\" content=\"index, follow, max-snippet:-1, max-image-preview:large, max-video-preview:-1\" \/>\n<link rel=\"canonical\" href=\"https:\/\/kalixlinjen.se\/en\/ammunitionsslapkarra-2071-t\/\" \/>\n<meta property=\"og:locale\" content=\"en_GB\" \/>\n<meta property=\"og:type\" content=\"article\" \/>\n<meta property=\"og:title\" content=\"Ammunitionssl\u00e4pk\u00e4rra 2071 \/t - Kalixlinjens museum\" \/>\n<meta property=\"og:description\" content=\"AMSL\u00c4PK\u00c4RRA 2071 \/T AMMUNITIONSSL\u00c4PK\u00c4RRA 2071 \/t Sl\u00e4pk\u00e4rra avsedd f\u00f6r frakt av ammunition. Med l\u00e4ngd p\u00e5 6,2 m och bredd 2,6 m rymmer den robotar och raketer, och anv\u00e4ndes bland annat inom flygvapnet. Sl\u00e4pet har tipp, och bakl\u00e4mmen anv\u00e4nds som ramp. Regnr 130300 M5044-207114 AMSL\u00c4PK\u00c4RRA 2071\/T Tilldelad FM AVV Fordonslag SL\u00c4P Fabr\/typ SAJO SENKOMAT \u00c5rsmodell 1983 [&hellip;]\" \/>\n<meta property=\"og:url\" content=\"https:\/\/kalixlinjen.se\/en\/ammunitionsslapkarra-2071-t\/\" \/>\n<meta property=\"og:site_name\" content=\"Kalixlinjens museum\" \/>\n<meta property=\"article:publisher\" content=\"https:\/\/www.facebook.com\/kalixlinjensmuseum\" \/>\n<meta property=\"article:modified_time\" content=\"2024-10-21T11:56:39+00:00\" \/>\n<meta name=\"twitter:card\" content=\"summary_large_image\" \/>\n<meta name=\"twitter:label1\" content=\"Estimated reading time\" \/>\n\t<meta name=\"twitter:data1\" content=\"1 minute\" \/>\n<script type=\"application\/ld+json\" class=\"yoast-schema-graph\">{\"@context\":\"https:\\\/\\\/schema.org\",\"@graph\":[{\"@type\":\"WebPage\",\"@id\":\"https:\\\/\\\/kalixlinjen.se\\\/ammunitionsslapkarra-2071-t\\\/\",\"url\":\"https:\\\/\\\/kalixlinjen.se\\\/ammunitionsslapkarra-2071-t\\\/\",\"name\":\"Ammunitionssl\u00e4pk\u00e4rra 2071 \\\/t - Kalixlinjens museum\",\"isPartOf\":{\"@id\":\"https:\\\/\\\/kalixlinjen.se\\\/#website\"},\"datePublished\":\"2023-04-24T07:09:29+00:00\",\"dateModified\":\"2024-10-21T11:56:39+00:00\",\"breadcrumb\":{\"@id\":\"https:\\\/\\\/kalixlinjen.se\\\/ammunitionsslapkarra-2071-t\\\/#breadcrumb\"},\"inLanguage\":\"en-GB\",\"potentialAction\":[{\"@type\":\"ReadAction\",\"target\":[\"https:\\\/\\\/kalixlinjen.se\\\/ammunitionsslapkarra-2071-t\\\/\"]}]},{\"@type\":\"BreadcrumbList\",\"@id\":\"https:\\\/\\\/kalixlinjen.se\\\/ammunitionsslapkarra-2071-t\\\/#breadcrumb\",\"itemListElement\":[{\"@type\":\"ListItem\",\"position\":1,\"name\":\"Hem\",\"item\":\"https:\\\/\\\/kalixlinjen.se\\\/\"},{\"@type\":\"ListItem\",\"position\":2,\"name\":\"Ammunitionssl\u00e4pk\u00e4rra 2071 \\\/t\"}]},{\"@type\":\"WebSite\",\"@id\":\"https:\\\/\\\/kalixlinjen.se\\\/#website\",\"url\":\"https:\\\/\\\/kalixlinjen.se\\\/\",\"name\":\"Kalixlinjens museum\",\"description\":\"St\u00f6rst och hemligast!\",\"publisher\":{\"@id\":\"https:\\\/\\\/kalixlinjen.se\\\/#organization\"},\"potentialAction\":[{\"@type\":\"SearchAction\",\"target\":{\"@type\":\"EntryPoint\",\"urlTemplate\":\"https:\\\/\\\/kalixlinjen.se\\\/?s={search_term_string}\"},\"query-input\":{\"@type\":\"PropertyValueSpecification\",\"valueRequired\":true,\"valueName\":\"search_term_string\"}}],\"inLanguage\":\"en-GB\"},{\"@type\":\"Organization\",\"@id\":\"https:\\\/\\\/kalixlinjen.se\\\/#organization\",\"name\":\"Kalixlinjens museum\",\"url\":\"https:\\\/\\\/kalixlinjen.se\\\/\",\"logo\":{\"@type\":\"ImageObject\",\"inLanguage\":\"en-GB\",\"@id\":\"https:\\\/\\\/kalixlinjen.se\\\/#\\\/schema\\\/logo\\\/image\\\/\",\"url\":\"https:\\\/\\\/kalixlinjen.se\\\/wp-content\\\/uploads\\\/2022\\\/11\\\/cropped-cropped-cropped-cropped-loggo.png\",\"contentUrl\":\"https:\\\/\\\/kalixlinjen.se\\\/wp-content\\\/uploads\\\/2022\\\/11\\\/cropped-cropped-cropped-cropped-loggo.png\",\"width\":512,\"height\":512,\"caption\":\"Kalixlinjens museum\"},\"image\":{\"@id\":\"https:\\\/\\\/kalixlinjen.se\\\/#\\\/schema\\\/logo\\\/image\\\/\"},\"sameAs\":[\"https:\\\/\\\/www.facebook.com\\\/kalixlinjensmuseum\",\"https:\\\/\\\/www.instagram.com\\\/kalixlinjens_museum\\\/\"]}]}<\/script>\n<!-- \/ Yoast SEO plugin. -->","yoast_head_json":{"title":"Ammunitionssl\u00e4pk\u00e4rra 2071 \/t - Kalixlinjens museum","robots":{"index":"index","follow":"follow","max-snippet":"max-snippet:-1","max-image-preview":"max-image-preview:large","max-video-preview":"max-video-preview:-1"},"canonical":"https:\/\/kalixlinjen.se\/en\/ammunitionsslapkarra-2071-t\/","og_locale":"en_GB","og_type":"article","og_title":"Ammunitionssl\u00e4pk\u00e4rra 2071 \/t - Kalixlinjens museum","og_description":"AMSL\u00c4PK\u00c4RRA 2071 \/T AMMUNITIONSSL\u00c4PK\u00c4RRA 2071 \/t Sl\u00e4pk\u00e4rra avsedd f\u00f6r frakt av ammunition. Med l\u00e4ngd p\u00e5 6,2 m och bredd 2,6 m rymmer den robotar och raketer, och anv\u00e4ndes bland annat inom flygvapnet. Sl\u00e4pet har tipp, och bakl\u00e4mmen anv\u00e4nds som ramp. Regnr 130300 M5044-207114 AMSL\u00c4PK\u00c4RRA 2071\/T Tilldelad FM AVV Fordonslag SL\u00c4P Fabr\/typ SAJO SENKOMAT \u00c5rsmodell 1983 [&hellip;]","og_url":"https:\/\/kalixlinjen.se\/en\/ammunitionsslapkarra-2071-t\/","og_site_name":"Kalixlinjens museum","article_publisher":"https:\/\/www.facebook.com\/kalixlinjensmuseum","article_modified_time":"2024-10-21T11:56:39+00:00","twitter_card":"summary_large_image","twitter_misc":{"Estimated reading time":"1 minute"},"schema":{"@context":"https:\/\/schema.org","@graph":[{"@type":"WebPage","@id":"https:\/\/kalixlinjen.se\/ammunitionsslapkarra-2071-t\/","url":"https:\/\/kalixlinjen.se\/ammunitionsslapkarra-2071-t\/","name":"Ammunitionssl\u00e4pk\u00e4rra 2071 \/t - Kalixlinjens museum","isPartOf":{"@id":"https:\/\/kalixlinjen.se\/#website"},"datePublished":"2023-04-24T07:09:29+00:00","dateModified":"2024-10-21T11:56:39+00:00","breadcrumb":{"@id":"https:\/\/kalixlinjen.se\/ammunitionsslapkarra-2071-t\/#breadcrumb"},"inLanguage":"en-GB","potentialAction":[{"@type":"ReadAction","target":["https:\/\/kalixlinjen.se\/ammunitionsslapkarra-2071-t\/"]}]},{"@type":"BreadcrumbList","@id":"https:\/\/kalixlinjen.se\/ammunitionsslapkarra-2071-t\/#breadcrumb","itemListElement":[{"@type":"ListItem","position":1,"name":"Hem","item":"https:\/\/kalixlinjen.se\/"},{"@type":"ListItem","position":2,"name":"Ammunitionssl\u00e4pk\u00e4rra 2071 \/t"}]},{"@type":"WebSite","@id":"https:\/\/kalixlinjen.se\/#website","url":"https:\/\/kalixlinjen.se\/","name":"The Kalix line museum","description":"St\u00f6rst och hemligast!","publisher":{"@id":"https:\/\/kalixlinjen.se\/#organization"},"potentialAction":[{"@type":"SearchAction","target":{"@type":"EntryPoint","urlTemplate":"https:\/\/kalixlinjen.se\/?s={search_term_string}"},"query-input":{"@type":"PropertyValueSpecification","valueRequired":true,"valueName":"search_term_string"}}],"inLanguage":"en-GB"},{"@type":"Organization","@id":"https:\/\/kalixlinjen.se\/#organization","name":"The Kalix line museum","url":"https:\/\/kalixlinjen.se\/","logo":{"@type":"ImageObject","inLanguage":"en-GB","@id":"https:\/\/kalixlinjen.se\/#\/schema\/logo\/image\/","url":"https:\/\/kalixlinjen.se\/wp-content\/uploads\/2022\/11\/cropped-cropped-cropped-cropped-loggo.png","contentUrl":"https:\/\/kalixlinjen.se\/wp-content\/uploads\/2022\/11\/cropped-cropped-cropped-cropped-loggo.png","width":512,"height":512,"caption":"Kalixlinjens museum"},"image":{"@id":"https:\/\/kalixlinjen.se\/#\/schema\/logo\/image\/"},"sameAs":["https:\/\/www.facebook.com\/kalixlinjensmuseum","https:\/\/www.instagram.com\/kalixlinjens_museum\/"]}]}},"_links":{"self":[{"href":"https:\/\/kalixlinjen.se\/en\/wp-json\/wp\/v2\/pages\/1339","targetHints":{"allow":["GET"]}}],"collection":[{"href":"https:\/\/kalixlinjen.se\/en\/wp-json\/wp\/v2\/pages"}],"about":[{"href":"https:\/\/kalixlinjen.se\/en\/wp-json\/wp\/v2\/types\/page"}],"author":[{"embeddable":true,"href":"https:\/\/kalixlinjen.se\/en\/wp-json\/wp\/v2\/users\/1"}],"replies":[{"embeddable":true,"href":"https:\/\/kalixlinjen.se\/en\/wp-json\/wp\/v2\/comments?post=1339"}],"version-history":[{"count":9,"href":"https:\/\/kalixlinjen.se\/en\/wp-json\/wp\/v2\/pages\/1339\/revisions"}],"predecessor-version":[{"id":5226,"href":"https:\/\/kalixlinjen.se\/en\/wp-json\/wp\/v2\/pages\/1339\/revisions\/5226"}],"wp:attachment":[{"href":"https:\/\/kalixlinjen.se\/en\/wp-json\/wp\/v2\/media?parent=1339"}],"curies":[{"name":"wp","href":"https:\/\/api.w.org\/{rel}","templated":true}]}}