{"id":1314,"date":"2023-04-20T06:47:55","date_gmt":"2023-04-20T06:47:55","guid":{"rendered":"https:\/\/kalixlinjen.se\/?page_id=1314"},"modified":"2024-10-21T12:36:55","modified_gmt":"2024-10-21T12:36:55","slug":"betongblandare-torno-k350-m50","status":"publish","type":"page","link":"https:\/\/kalixlinjen.se\/en\/betongblandare-torno-k350-m50\/","title":{"rendered":"CONCRETE MIXER TORNO K350\/M50"},"content":{"rendered":"<div data-colibri-id=\"1314-c1\" class=\"style-1028 style-local-1314-c1 position-relative\">\n  <!---->\n  <div data-colibri-component=\"section\" data-colibri-id=\"1314-c2\" id=\"reusable-sections\" class=\"h-section h-section-global-spacing d-flex align-items-lg-center align-items-md-center align-items-center style-1029 style-local-1314-c2 position-relative\">\n    <!---->\n    <!---->\n    <div class=\"h-section-grid-container h-section-boxed-container\">\n      <div data-colibri-id=\"1314-c14\" class=\"h-row-container gutters-row-lg-2 gutters-row-md-2 gutters-row-2 gutters-row-v-lg-2 gutters-row-v-md-2 gutters-row-v-2 style-1043 style-local-1314-c14 position-relative\">\n        <!---->\n        <div class=\"h-row justify-content-lg-center justify-content-md-center justify-content-center align-items-lg-stretch align-items-md-stretch align-items-stretch gutters-col-lg-2 gutters-col-md-2 gutters-col-2 gutters-col-v-lg-2 gutters-col-v-md-2 gutters-col-v-2\">\n          <!---->\n          <div class=\"h-column h-column-container d-flex h-col-lg-auto h-col-md-auto h-col-auto style-1044-outer style-local-1314-c15-outer\">\n            <div data-colibri-id=\"1314-c15\" class=\"d-flex h-flex-basis h-column__inner h-px-lg-2 h-px-md-2 h-px-2 v-inner-lg-2 v-inner-md-2 v-inner-2 style-1044 style-local-1314-c15 position-relative\">\n              <!---->\n              <!---->\n              <div class=\"w-100 h-y-container h-column__content h-column__v-align flex-basis-100 align-self-lg-start align-self-md-start align-self-start\">\n                <!---->\n                <div data-colibri-id=\"1314-c16\" class=\"h-global-transition-all h-heading style-1045 style-local-1314-c16 position-relative h-element\">\n                  <!---->\n                  <div class=\"h-heading__outer style-1045 style-local-1314-c16\">\n                    <!---->\n                    <!---->\n                    <h1 class=\"\">BETONGBL 302D \/T<\/h1>\n                  <\/div>\n                <\/div>\n                <div data-colibri-id=\"1314-c18\" class=\"h-global-transition-all h-heading style-2722 style-local-1314-c18 position-relative h-element\">\n                  <!---->\n                  <div class=\"h-heading__outer style-2722 style-local-1314-c18\">\n                    <!---->\n                    <!---->\n                    <h4 class=\"\">CONCRETE MIXER TORNO K350\/M50<\/h4>\n                  <\/div>\n                <\/div>\n              <\/div>\n            <\/div>\n          <\/div>\n        <\/div>\n      <\/div>\n      <div data-colibri-id=\"1314-c3\" class=\"h-row-container gutters-row-lg-2 gutters-row-md-2 gutters-row-0 gutters-row-v-lg-2 gutters-row-v-md-2 gutters-row-v-2 style-1030 style-local-1314-c3 position-relative\">\n        <!---->\n        <div class=\"h-row justify-content-lg-center justify-content-md-center justify-content-center align-items-lg-stretch align-items-md-stretch align-items-stretch gutters-col-lg-2 gutters-col-md-2 gutters-col-0 gutters-col-v-lg-2 gutters-col-v-md-2 gutters-col-v-2\">\n          <!---->\n          <div class=\"h-column h-column-container d-flex h-col-lg-auto h-col-md-auto h-col-auto style-1031-outer style-local-1314-c4-outer\">\n            <div data-colibri-id=\"1314-c4\" class=\"d-flex h-flex-basis h-column__inner h-px-lg-2 h-px-md-2 h-px-2 v-inner-lg-2 v-inner-md-2 v-inner-2 style-1031 style-local-1314-c4 position-relative\">\n              <!---->\n              <!---->\n              <div class=\"w-100 h-y-container h-column__content h-column__v-align flex-basis-100 align-self-lg-start align-self-md-start align-self-start\">\n                <!---->\n                <div data-colibri-id=\"1314-c5\" class=\"h-text h-text-component style-1032 style-local-1314-c5 position-relative h-element\">\n                  <!---->\n                  <!---->\n                  <div class=\"\">\n                    <p>Milit\u00e4ra betongblandare \u00e4r specialbyggda maskiner som anv\u00e4nds av milit\u00e4ren f\u00f6r att bygga fasta strukturer p\u00e5 platser d\u00e4r det kan vara sv\u00e5rt att n\u00e5. Blandarna \u00e4r mycket t\u00e5liga och kan ta sig fram p\u00e5 oj\u00e4mna ytor med hj\u00e4lp av stora hjul\n                      eller larvf\u00f6tter. De kan \u00e4ven fungera utan tillg\u00e5ng till str\u00f6m genom att drivas av diesel eller bensin och ha egna generatorer som ger str\u00f6m till maskinen. Vissa modeller \u00e4r ocks\u00e5 utrustade med inbyggda vattenreningsanl\u00e4ggningar\n                      s\u00e5 att man kan anv\u00e4nda k\u00e4llvatten eller annat ofiltrerat vatten i betongblandningen.<\/p>\n                    <p>De kan enkelt transporteras till olika platser, \u00e4ven d\u00e4r vanliga v\u00e4gar inte finns tillg\u00e4ngliga. De \u00e4r en viktig del av milit\u00e4ra operationer och anv\u00e4nds ofta vid humanit\u00e4ra insatser f\u00f6r att snabbt kunna bygga upp infrastruktur och bost\u00e4der\n                      p\u00e5 platser d\u00e4r det har skett naturkatastrofer eller krig.<\/p>\n                    <p>Torno-K350\/M50 \u00e4r en betongblandare som tillverkades i Sverige p\u00e5 1950-talet. Den har en kapacitet p\u00e5 350 liter och kan producera upp till 2,5 kubikmeter betong per timme. Blandaren \u00e4r robust och t\u00e5lig med en gjutj\u00e4rnsring och ett\n                      chassi av st\u00e5l. Den kan l\u00e4tt f\u00f6rflyttas p\u00e5 oj\u00e4mna ytor med hj\u00e4lp av sina stora hjul. Torno-K350\/M50 \u00e4r ocks\u00e5 enkel att anv\u00e4nda med en bred \u00f6ppning p\u00e5 toppen f\u00f6r att fylla p\u00e5 betong och en handvev f\u00f6r att h\u00f6ja och s\u00e4nka blandarhinken.<\/p>\n                    <p>\n                      <br>\n                    <\/p>\n                  <\/div>\n                <\/div>\n              <\/div>\n            <\/div>\n          <\/div>\n          <div class=\"h-column h-column-container d-flex h-col-lg-auto h-col-md-auto h-col-auto style-1033-outer style-local-1314-c6-outer\">\n            <div data-colibri-id=\"1314-c6\" class=\"d-flex h-flex-basis h-column__inner h-ui-empty-state-container h-px-lg-2 h-px-md-2 h-px-2 v-inner-lg-2 v-inner-md-2 v-inner-2 style-1033 style-local-1314-c6 position-relative\">\n              <!---->\n              <!---->\n              <div class=\"w-100 h-y-container h-column__content h-column__v-align flex-basis-100\">\n                <!---->\n              <\/div>\n            <\/div>\n          <\/div>\n        <\/div>\n      <\/div>\n      <div data-colibri-id=\"1314-c7\" class=\"h-row-container gutters-row-lg-2 gutters-row-md-2 gutters-row-0 gutters-row-v-lg-2 gutters-row-v-md-2 gutters-row-v-2 style-1036 style-local-1314-c7 position-relative\">\n        <!---->\n        <div class=\"h-row justify-content-lg-center justify-content-md-center justify-content-center align-items-lg-stretch align-items-md-stretch align-items-stretch gutters-col-lg-2 gutters-col-md-2 gutters-col-0 gutters-col-v-lg-2 gutters-col-v-md-2 gutters-col-v-2\">\n          <!---->\n          <div class=\"h-column h-column-container d-flex h-col-lg-auto h-col-md-auto h-col-auto style-1037-outer style-local-1314-c8-outer\">\n            <div data-colibri-id=\"1314-c8\" class=\"d-flex h-flex-basis h-column__inner h-px-lg-2 h-px-md-2 h-px-2 v-inner-lg-2 v-inner-md-2 v-inner-2 style-1037 style-local-1314-c8 position-relative\">\n              <!---->\n              <!---->\n              <div class=\"w-100 h-y-container h-column__content h-column__v-align flex-basis-100 align-self-lg-start align-self-md-start align-self-start\">\n                <!---->\n                <div data-colibri-component=\"\" data-colibri-id=\"1314-c9\" class=\"h-photo-gallery margin-none caption-displayTrue caption-vertical-align-top style-1038 style-local-1314-c9 h-overflow-hidden position-relative h-element\">\n                  <!---->\n                  <div class=\"h-global-transition-all\"><div id='colibri-1314-c9' class='gallery-wrapper'>    <style type=\"text\/css\">\n\n        @media (min-width: 1023px) {        #colibri-1314-c9        dl {\n            float: left;\n            width: 25% !important;\n            max-width: 25% !important;\n            min-width: 25% !important;\n        }\n\n        #colibri-1314-c9        dl:nth-of-type(4n +1 ) {\n            clear: both;\n        }\n\n        }@media (min-width: 768px) and (max-width: 1023px) {        #colibri-1314-c9        dl {\n            float: left;\n            width: 25% !important;\n            max-width: 25% !important;\n            min-width: 25% !important;\n        }\n\n        #colibri-1314-c9        dl:nth-of-type(4n +1 ) {\n            clear: both;\n        }\n\n        }@media (max-width: 767px) {        #colibri-1314-c9        dl {\n            float: left;\n            width: 50% !important;\n            max-width: 50% !important;\n            min-width: 50% !important;\n        }\n\n        #colibri-1314-c9        dl:nth-of-type(2n +1 ) {\n            clear: both;\n        }\n\n        }\n        #colibri-1314-c9        .gallery-item {\n            position: relative;\n        }\n\n        \n    <\/style>\n    <div   class='colibri-1314-c9-dls-wrapper gallery-items-wrapper' ><dl class='gallery-item masonry-item'>\n\t\t\t<dt class='gallery-icon portrait'>\n\t\t\t\t<a data-fancybox=\"colibri-1314-c9-group\" href='https:\/\/kalixlinjen.se\/wp-content\/uploads\/2023\/04\/BETONGBLANDARE-2-scaled.jpg'><img loading=\"lazy\" decoding=\"async\"  width=\"225\" height=\"300\" src=\"https:\/\/kalixlinjen.se\/wp-content\/uploads\/2023\/04\/BETONGBLANDARE-2-225x300.jpg\"  class='colibri-1314-c9-image' alt=\"betongblandare 302d \/t Torno k350\/m50\" aria-describedby=\"gallery-1-1317\" srcset=\"https:\/\/kalixlinjen.se\/wp-content\/uploads\/2023\/04\/BETONGBLANDARE-2-225x300.jpg 225w, https:\/\/kalixlinjen.se\/wp-content\/uploads\/2023\/04\/BETONGBLANDARE-2-768x1024.jpg 768w, https:\/\/kalixlinjen.se\/wp-content\/uploads\/2023\/04\/BETONGBLANDARE-2-1152x1536.jpg 1152w, https:\/\/kalixlinjen.se\/wp-content\/uploads\/2023\/04\/BETONGBLANDARE-2-1536x2048.jpg 1536w, https:\/\/kalixlinjen.se\/wp-content\/uploads\/2023\/04\/BETONGBLANDARE-2-scaled.jpg 1920w\" sizes=\"auto, (max-width: 225px) 100vw, 225px\" \/><\/a>\n\t\t\t<\/dt>\n\t\t\t\t<div class=\"gallery-caption__wrapper\"><dd class='wp-caption-text gallery-caption' id='gallery-1-1317'>\n\t\t\t\tBetongblandare 302D \/t, Torno k350\/m50\n\t\t\t\t<\/dd><\/div><\/dl>\n\t\t\t\n\t\t<\/div>\n<style>#colibri-1314-c9 .wp-caption-text.gallery-caption{display:none;}<\/style><\/div><\/div>\n                <\/div>\n              <\/div>\n            <\/div>\n          <\/div>\n        <\/div>\n      <\/div>\n      <div data-colibri-id=\"1314-c10\" class=\"h-row-container gutters-row-lg-2 gutters-row-md-2 gutters-row-0 gutters-row-v-lg-2 gutters-row-v-md-2 gutters-row-v-2 style-1039 style-local-1314-c10 position-relative\">\n        <!---->\n        <div class=\"h-row justify-content-lg-center justify-content-md-center justify-content-center align-items-lg-stretch align-items-md-stretch align-items-stretch gutters-col-lg-2 gutters-col-md-2 gutters-col-0 gutters-col-v-lg-2 gutters-col-v-md-2 gutters-col-v-2\">\n          <!---->\n          <div class=\"h-column h-column-container d-flex h-col-lg-auto h-col-md-auto h-col-auto style-1040-outer style-local-1314-c11-outer\">\n            <div data-colibri-id=\"1314-c11\" class=\"d-flex h-flex-basis h-column__inner h-px-lg-2 h-px-md-2 h-px-2 v-inner-lg-2 v-inner-md-2 v-inner-2 style-1040 style-local-1314-c11 position-relative\">\n              <!---->\n              <!---->\n              <div class=\"w-100 h-y-container h-column__content h-column__v-align flex-basis-100 align-self-lg-start align-self-md-start align-self-start\">\n                <!---->\n                <div data-colibri-id=\"1314-c12\" class=\"h-text h-text-component style-1041 style-local-1314-c12 position-relative h-element\">\n                  <!---->\n                  <!---->\n                  <div class=\"\">\n                    <p>Reg. No<\/p>\n                    <p>86621<\/p>\n                    <p>M6742-302041<\/p>\n                    <p>BETONGBL 302D \/T<\/p>\n                    <p>Assigned<\/p>\n                    <p>MFD KAL<\/p>\n                    <p>Vehicle type<\/p>\n                    <p>TOWABLE<\/p>\n                    <p>Manufacturer\/type<\/p>\n                    <p>TORNO-K350\/M50<\/p>\n                    <p>Model year<\/p>\n                    <p>1977<\/p>\n                    <p>Chassis number<\/p>\n                    <p>117094<\/p>\n                    <p>Reference number<\/p>\n                    <p>19397<\/p>\n                    <p>Date of registration<\/p>\n                    <p>1978-02-21<\/p>\n                    <p>Colour<\/p>\n                    <p>MGREEN<\/p>\n                    <p>User<\/p>\n                    <p>767<\/p>\n                    <p>Deregistered<\/p>\n                    <p>UTLO 102-7520<\/p>\n                    <p>JOHANSSON CHRISTER<\/p>\n                    <p>Vehicle body<\/p>\n                    <p>62 CONCRETE CONTAINER<\/p>\n                    <p>Length<\/p>\n                    <p>3,80<\/p>\n                    <p>Width<\/p>\n                    <p>2,46<\/p>\n                    <p>Numbers of axles<\/p>\n                    <p>1<\/p>\n                    <p>Numbers of tires<\/p>\n                    <p>2<\/p>\n                    <p>Tyre dimension back<\/p>\n                    <p>9,00-16\/10<\/p>\n                    <p>Power standard<\/p>\n                    <p>MISSING<\/p>\n                    <p>Curb weight (kg)<\/p>\n                    <p>2320<\/p>\n                    <p>Gross vehicle weight<\/p>\n                    <p>2320<\/p>\n                    <p>Hitch type<\/p>\n                    <p>LUNETTE RING<\/p>\n                    <p>Clutch pedal travel<\/p>\n                    <p>2,72<\/p>\n                    <p>Break system<\/p>\n                    <p>NO<\/p>\n                    <p>Gross weight distribution<\/p>\n                    <p>100+2220<\/p>\n                    <p>Additional information<\/p>\n                    <p>YES<\/p>\n                    <p>CHASSIS NUMBER PLACED ON THE FRAME FRONT LEFT AND SIGN. TOWING EYE FOR CIVILIAN VEHICLES AS EQUIPMENT. THE VEHICLE MAY BE DRIVEN ON ROADS AT A MAXIMUM SPEED OF 20 KM\/H.\"<\/p>\n                    <p>\n                      <br>\n                    <\/p>\n                  <\/div>\n                <\/div>\n              <\/div>\n            <\/div>\n          <\/div>\n          <div class=\"h-column h-column-container d-flex h-col-lg-auto h-col-md-auto h-col-auto style-1042-outer style-local-1314-c13-outer\">\n            <div data-colibri-id=\"1314-c13\" class=\"d-flex h-flex-basis h-column__inner h-ui-empty-state-container h-px-lg-2 h-px-md-2 h-px-2 v-inner-lg-2 v-inner-md-2 v-inner-2 style-1042 style-local-1314-c13 position-relative\">\n              <!---->\n              <!---->\n              <div class=\"w-100 h-y-container h-column__content h-column__v-align flex-basis-100\">\n                <!---->\n              <\/div>\n            <\/div>\n          <\/div>\n        <\/div>\n      <\/div>\n    <\/div>\n  <\/div>\n<\/div>","protected":false},"excerpt":{"rendered":"<p>BETONGBL 302D \/T BETONGBLANDARE TORNO-K350\/M50 Milit\u00e4ra betongblandare \u00e4r specialbyggda maskiner som anv\u00e4nds av milit\u00e4ren f\u00f6r att bygga fasta strukturer p\u00e5 platser d\u00e4r det kan vara sv\u00e5rt att n\u00e5. Blandarna \u00e4r mycket t\u00e5liga och kan ta sig fram p\u00e5 oj\u00e4mna ytor med hj\u00e4lp av stora hjul eller larvf\u00f6tter. De kan \u00e4ven fungera utan tillg\u00e5ng till str\u00f6m [&hellip;]<\/p>\n","protected":false},"author":1,"featured_media":0,"parent":0,"menu_order":0,"comment_status":"closed","ping_status":"closed","template":"page-templates\/full-width-page.php","meta":{"_kadence_starter_templates_imported_post":false,"footnotes":""},"class_list":["post-1314","page","type-page","status-publish","hentry"],"yoast_head":"<!-- This site is optimized with the Yoast SEO plugin v27.5 - https:\/\/yoast.com\/product\/yoast-seo-wordpress\/ -->\n<title>BETONGBLANDARE TORNO K350\/M50 - Kalixlinjens museum<\/title>\n<meta name=\"robots\" content=\"index, follow, max-snippet:-1, max-image-preview:large, max-video-preview:-1\" \/>\n<link rel=\"canonical\" href=\"https:\/\/kalixlinjen.se\/en\/betongblandare-torno-k350-m50\/\" \/>\n<meta property=\"og:locale\" content=\"en_GB\" \/>\n<meta property=\"og:type\" content=\"article\" \/>\n<meta property=\"og:title\" content=\"BETONGBLANDARE TORNO K350\/M50 - Kalixlinjens museum\" \/>\n<meta property=\"og:description\" content=\"BETONGBL 302D \/T BETONGBLANDARE TORNO-K350\/M50 Milit\u00e4ra betongblandare \u00e4r specialbyggda maskiner som anv\u00e4nds av milit\u00e4ren f\u00f6r att bygga fasta strukturer p\u00e5 platser d\u00e4r det kan vara sv\u00e5rt att n\u00e5. Blandarna \u00e4r mycket t\u00e5liga och kan ta sig fram p\u00e5 oj\u00e4mna ytor med hj\u00e4lp av stora hjul eller larvf\u00f6tter. De kan \u00e4ven fungera utan tillg\u00e5ng till str\u00f6m [&hellip;]\" \/>\n<meta property=\"og:url\" content=\"https:\/\/kalixlinjen.se\/en\/betongblandare-torno-k350-m50\/\" \/>\n<meta property=\"og:site_name\" content=\"Kalixlinjens museum\" \/>\n<meta property=\"article:publisher\" content=\"https:\/\/www.facebook.com\/kalixlinjensmuseum\" \/>\n<meta property=\"article:modified_time\" content=\"2024-10-21T12:36:55+00:00\" \/>\n<meta name=\"twitter:card\" content=\"summary_large_image\" \/>\n<meta name=\"twitter:label1\" content=\"Estimated reading time\" \/>\n\t<meta name=\"twitter:data1\" content=\"2 minutes\" \/>\n<script type=\"application\/ld+json\" class=\"yoast-schema-graph\">{\"@context\":\"https:\\\/\\\/schema.org\",\"@graph\":[{\"@type\":\"WebPage\",\"@id\":\"https:\\\/\\\/kalixlinjen.se\\\/betongblandare-torno-k350-m50\\\/\",\"url\":\"https:\\\/\\\/kalixlinjen.se\\\/betongblandare-torno-k350-m50\\\/\",\"name\":\"BETONGBLANDARE TORNO K350\\\/M50 - Kalixlinjens museum\",\"isPartOf\":{\"@id\":\"https:\\\/\\\/kalixlinjen.se\\\/#website\"},\"datePublished\":\"2023-04-20T06:47:55+00:00\",\"dateModified\":\"2024-10-21T12:36:55+00:00\",\"breadcrumb\":{\"@id\":\"https:\\\/\\\/kalixlinjen.se\\\/betongblandare-torno-k350-m50\\\/#breadcrumb\"},\"inLanguage\":\"en-GB\",\"potentialAction\":[{\"@type\":\"ReadAction\",\"target\":[\"https:\\\/\\\/kalixlinjen.se\\\/betongblandare-torno-k350-m50\\\/\"]}]},{\"@type\":\"BreadcrumbList\",\"@id\":\"https:\\\/\\\/kalixlinjen.se\\\/betongblandare-torno-k350-m50\\\/#breadcrumb\",\"itemListElement\":[{\"@type\":\"ListItem\",\"position\":1,\"name\":\"Hem\",\"item\":\"https:\\\/\\\/kalixlinjen.se\\\/\"},{\"@type\":\"ListItem\",\"position\":2,\"name\":\"BETONGBLANDARE TORNO K350\\\/M50\"}]},{\"@type\":\"WebSite\",\"@id\":\"https:\\\/\\\/kalixlinjen.se\\\/#website\",\"url\":\"https:\\\/\\\/kalixlinjen.se\\\/\",\"name\":\"Kalixlinjens museum\",\"description\":\"St\u00f6rst och hemligast!\",\"publisher\":{\"@id\":\"https:\\\/\\\/kalixlinjen.se\\\/#organization\"},\"potentialAction\":[{\"@type\":\"SearchAction\",\"target\":{\"@type\":\"EntryPoint\",\"urlTemplate\":\"https:\\\/\\\/kalixlinjen.se\\\/?s={search_term_string}\"},\"query-input\":{\"@type\":\"PropertyValueSpecification\",\"valueRequired\":true,\"valueName\":\"search_term_string\"}}],\"inLanguage\":\"en-GB\"},{\"@type\":\"Organization\",\"@id\":\"https:\\\/\\\/kalixlinjen.se\\\/#organization\",\"name\":\"Kalixlinjens museum\",\"url\":\"https:\\\/\\\/kalixlinjen.se\\\/\",\"logo\":{\"@type\":\"ImageObject\",\"inLanguage\":\"en-GB\",\"@id\":\"https:\\\/\\\/kalixlinjen.se\\\/#\\\/schema\\\/logo\\\/image\\\/\",\"url\":\"https:\\\/\\\/kalixlinjen.se\\\/wp-content\\\/uploads\\\/2022\\\/11\\\/cropped-cropped-cropped-cropped-loggo.png\",\"contentUrl\":\"https:\\\/\\\/kalixlinjen.se\\\/wp-content\\\/uploads\\\/2022\\\/11\\\/cropped-cropped-cropped-cropped-loggo.png\",\"width\":512,\"height\":512,\"caption\":\"Kalixlinjens museum\"},\"image\":{\"@id\":\"https:\\\/\\\/kalixlinjen.se\\\/#\\\/schema\\\/logo\\\/image\\\/\"},\"sameAs\":[\"https:\\\/\\\/www.facebook.com\\\/kalixlinjensmuseum\",\"https:\\\/\\\/www.instagram.com\\\/kalixlinjens_museum\\\/\"]}]}<\/script>\n<!-- \/ Yoast SEO plugin. -->","yoast_head_json":{"title":"BETONGBLANDARE TORNO K350\/M50 - Kalixlinjens museum","robots":{"index":"index","follow":"follow","max-snippet":"max-snippet:-1","max-image-preview":"max-image-preview:large","max-video-preview":"max-video-preview:-1"},"canonical":"https:\/\/kalixlinjen.se\/en\/betongblandare-torno-k350-m50\/","og_locale":"en_GB","og_type":"article","og_title":"BETONGBLANDARE TORNO K350\/M50 - Kalixlinjens museum","og_description":"BETONGBL 302D \/T BETONGBLANDARE TORNO-K350\/M50 Milit\u00e4ra betongblandare \u00e4r specialbyggda maskiner som anv\u00e4nds av milit\u00e4ren f\u00f6r att bygga fasta strukturer p\u00e5 platser d\u00e4r det kan vara sv\u00e5rt att n\u00e5. Blandarna \u00e4r mycket t\u00e5liga och kan ta sig fram p\u00e5 oj\u00e4mna ytor med hj\u00e4lp av stora hjul eller larvf\u00f6tter. De kan \u00e4ven fungera utan tillg\u00e5ng till str\u00f6m [&hellip;]","og_url":"https:\/\/kalixlinjen.se\/en\/betongblandare-torno-k350-m50\/","og_site_name":"Kalixlinjens museum","article_publisher":"https:\/\/www.facebook.com\/kalixlinjensmuseum","article_modified_time":"2024-10-21T12:36:55+00:00","twitter_card":"summary_large_image","twitter_misc":{"Estimated reading time":"2 minutes"},"schema":{"@context":"https:\/\/schema.org","@graph":[{"@type":"WebPage","@id":"https:\/\/kalixlinjen.se\/betongblandare-torno-k350-m50\/","url":"https:\/\/kalixlinjen.se\/betongblandare-torno-k350-m50\/","name":"BETONGBLANDARE TORNO K350\/M50 - Kalixlinjens museum","isPartOf":{"@id":"https:\/\/kalixlinjen.se\/#website"},"datePublished":"2023-04-20T06:47:55+00:00","dateModified":"2024-10-21T12:36:55+00:00","breadcrumb":{"@id":"https:\/\/kalixlinjen.se\/betongblandare-torno-k350-m50\/#breadcrumb"},"inLanguage":"en-GB","potentialAction":[{"@type":"ReadAction","target":["https:\/\/kalixlinjen.se\/betongblandare-torno-k350-m50\/"]}]},{"@type":"BreadcrumbList","@id":"https:\/\/kalixlinjen.se\/betongblandare-torno-k350-m50\/#breadcrumb","itemListElement":[{"@type":"ListItem","position":1,"name":"Hem","item":"https:\/\/kalixlinjen.se\/"},{"@type":"ListItem","position":2,"name":"BETONGBLANDARE TORNO K350\/M50"}]},{"@type":"WebSite","@id":"https:\/\/kalixlinjen.se\/#website","url":"https:\/\/kalixlinjen.se\/","name":"The Kalix line museum","description":"St\u00f6rst och hemligast!","publisher":{"@id":"https:\/\/kalixlinjen.se\/#organization"},"potentialAction":[{"@type":"SearchAction","target":{"@type":"EntryPoint","urlTemplate":"https:\/\/kalixlinjen.se\/?s={search_term_string}"},"query-input":{"@type":"PropertyValueSpecification","valueRequired":true,"valueName":"search_term_string"}}],"inLanguage":"en-GB"},{"@type":"Organization","@id":"https:\/\/kalixlinjen.se\/#organization","name":"The Kalix line museum","url":"https:\/\/kalixlinjen.se\/","logo":{"@type":"ImageObject","inLanguage":"en-GB","@id":"https:\/\/kalixlinjen.se\/#\/schema\/logo\/image\/","url":"https:\/\/kalixlinjen.se\/wp-content\/uploads\/2022\/11\/cropped-cropped-cropped-cropped-loggo.png","contentUrl":"https:\/\/kalixlinjen.se\/wp-content\/uploads\/2022\/11\/cropped-cropped-cropped-cropped-loggo.png","width":512,"height":512,"caption":"Kalixlinjens museum"},"image":{"@id":"https:\/\/kalixlinjen.se\/#\/schema\/logo\/image\/"},"sameAs":["https:\/\/www.facebook.com\/kalixlinjensmuseum","https:\/\/www.instagram.com\/kalixlinjens_museum\/"]}]}},"_links":{"self":[{"href":"https:\/\/kalixlinjen.se\/en\/wp-json\/wp\/v2\/pages\/1314","targetHints":{"allow":["GET"]}}],"collection":[{"href":"https:\/\/kalixlinjen.se\/en\/wp-json\/wp\/v2\/pages"}],"about":[{"href":"https:\/\/kalixlinjen.se\/en\/wp-json\/wp\/v2\/types\/page"}],"author":[{"embeddable":true,"href":"https:\/\/kalixlinjen.se\/en\/wp-json\/wp\/v2\/users\/1"}],"replies":[{"embeddable":true,"href":"https:\/\/kalixlinjen.se\/en\/wp-json\/wp\/v2\/comments?post=1314"}],"version-history":[{"count":6,"href":"https:\/\/kalixlinjen.se\/en\/wp-json\/wp\/v2\/pages\/1314\/revisions"}],"predecessor-version":[{"id":5252,"href":"https:\/\/kalixlinjen.se\/en\/wp-json\/wp\/v2\/pages\/1314\/revisions\/5252"}],"wp:attachment":[{"href":"https:\/\/kalixlinjen.se\/en\/wp-json\/wp\/v2\/media?parent=1314"}],"curies":[{"name":"wp","href":"https:\/\/api.w.org\/{rel}","templated":true}]}}