{"id":1301,"date":"2023-04-19T12:29:16","date_gmt":"2023-04-19T12:29:16","guid":{"rendered":"https:\/\/kalixlinjen.se\/?page_id=1301"},"modified":"2024-10-21T12:54:11","modified_gmt":"2024-10-21T12:54:11","slug":"fotolabbkarra","status":"publish","type":"page","link":"https:\/\/kalixlinjen.se\/en\/fotolabbkarra\/","title":{"rendered":"PHOTO LAB TRAILER"},"content":{"rendered":"<div data-colibri-id=\"1301-c1\" class=\"style-1009 style-local-1301-c1 position-relative\">\n  <!---->\n  <div data-colibri-component=\"section\" data-colibri-id=\"1301-c2\" id=\"reusable-sections\" class=\"h-section h-section-global-spacing d-flex align-items-lg-center align-items-md-center align-items-center style-1010 style-local-1301-c2 position-relative\">\n    <!---->\n    <!---->\n    <div class=\"h-section-grid-container h-section-boxed-container\">\n      <div data-colibri-id=\"1301-c14\" class=\"h-row-container gutters-row-lg-2 gutters-row-md-2 gutters-row-2 gutters-row-v-lg-2 gutters-row-v-md-2 gutters-row-v-2 style-1024 style-local-1301-c14 position-relative\">\n        <!---->\n        <div class=\"h-row justify-content-lg-center justify-content-md-center justify-content-center align-items-lg-stretch align-items-md-stretch align-items-stretch gutters-col-lg-2 gutters-col-md-2 gutters-col-2 gutters-col-v-lg-2 gutters-col-v-md-2 gutters-col-v-2\">\n          <!---->\n          <div class=\"h-column h-column-container d-flex h-col-lg-auto h-col-md-auto h-col-auto style-1025-outer style-local-1301-c15-outer\">\n            <div data-colibri-id=\"1301-c15\" class=\"d-flex h-flex-basis h-column__inner h-px-lg-2 h-px-md-2 h-px-2 v-inner-lg-2 v-inner-md-2 v-inner-2 style-1025 style-local-1301-c15 position-relative\">\n              <!---->\n              <!---->\n              <div class=\"w-100 h-y-container h-column__content h-column__v-align flex-basis-100 align-self-lg-start align-self-md-start align-self-start\">\n                <!---->\n                <div data-colibri-id=\"1301-c16\" class=\"h-global-transition-all h-heading style-1026 style-local-1301-c16 position-relative h-element\">\n                  <!---->\n                  <div class=\"h-heading__outer style-1026 style-local-1301-c16\">\n                    <!---->\n                    <!---->\n                    <h1 class=\"\">FOTOLABK\u00c4RRA 303 MT<\/h1>\n                  <\/div>\n                <\/div>\n                <div data-colibri-id=\"1301-c18\" class=\"h-global-transition-all h-heading style-2732 style-local-1301-c18 position-relative h-element\">\n                  <!---->\n                  <div class=\"h-heading__outer style-2732 style-local-1301-c18\">\n                    <!---->\n                    <!---->\n                    <h4 class=\"\">PHOTO LAB TRAILER 303 MT<\/h4>\n                  <\/div>\n                <\/div>\n              <\/div>\n            <\/div>\n          <\/div>\n        <\/div>\n      <\/div>\n      <div data-colibri-id=\"1301-c3\" class=\"h-row-container gutters-row-lg-2 gutters-row-md-2 gutters-row-0 gutters-row-v-lg-2 gutters-row-v-md-2 gutters-row-v-2 style-1011 style-local-1301-c3 position-relative\">\n        <!---->\n        <div class=\"h-row justify-content-lg-center justify-content-md-center justify-content-center align-items-lg-stretch align-items-md-stretch align-items-stretch gutters-col-lg-2 gutters-col-md-2 gutters-col-0 gutters-col-v-lg-2 gutters-col-v-md-2 gutters-col-v-2\">\n          <!---->\n          <div class=\"h-column h-column-container d-flex h-col-lg-auto h-col-md-auto h-col-auto style-1012-outer style-local-1301-c4-outer\">\n            <div data-colibri-id=\"1301-c4\" class=\"d-flex h-flex-basis h-column__inner h-px-lg-2 h-px-md-2 h-px-2 v-inner-lg-2 v-inner-md-2 v-inner-2 style-1012 style-local-1301-c4 position-relative\">\n              <!---->\n              <!---->\n              <div class=\"w-100 h-y-container h-column__content h-column__v-align flex-basis-100 align-self-lg-start align-self-md-start align-self-start\">\n                <!---->\n                <div data-colibri-id=\"1301-c5\" class=\"h-text h-text-component style-1013 style-local-1301-c5 position-relative h-element\">\n                  <!---->\n                  <!---->\n                  <div class=\"\">\n                    <p>The military used photo lab trailers to process photographic material on-site.<\/p>\n                    <p>These trailers were equipped with photo equipment, including cameras, darkrooms, chemicals, and other necessary tools.<\/p>\n                    <p>This allowed the military to quickly access information needed for planning operations and making decisions. <\/p>\n                    <p>Photo lab trailers were also used to create and produce maps, aerial photographs, and other material essential for military purposes.<\/p>\n                  <\/div>\n                <\/div>\n              <\/div>\n            <\/div>\n          <\/div>\n          <div class=\"h-column h-column-container d-flex h-col-lg-auto h-col-md-auto h-col-auto style-1014-outer style-local-1301-c6-outer\">\n            <div data-colibri-id=\"1301-c6\" class=\"d-flex h-flex-basis h-column__inner h-ui-empty-state-container h-px-lg-2 h-px-md-2 h-px-2 v-inner-lg-2 v-inner-md-2 v-inner-2 style-1014 style-local-1301-c6 position-relative\">\n              <!---->\n              <!---->\n              <div class=\"w-100 h-y-container h-column__content h-column__v-align flex-basis-100\">\n                <!---->\n              <\/div>\n            <\/div>\n          <\/div>\n        <\/div>\n      <\/div>\n      <div data-colibri-id=\"1301-c7\" class=\"h-row-container gutters-row-lg-2 gutters-row-md-2 gutters-row-0 gutters-row-v-lg-2 gutters-row-v-md-2 gutters-row-v-2 style-1017 style-local-1301-c7 position-relative\">\n        <!---->\n        <div class=\"h-row justify-content-lg-center justify-content-md-center justify-content-center align-items-lg-stretch align-items-md-stretch align-items-stretch gutters-col-lg-2 gutters-col-md-2 gutters-col-0 gutters-col-v-lg-2 gutters-col-v-md-2 gutters-col-v-2\">\n          <!---->\n          <div class=\"h-column h-column-container d-flex h-col-lg-auto h-col-md-auto h-col-auto style-1018-outer style-local-1301-c8-outer\">\n            <div data-colibri-id=\"1301-c8\" class=\"d-flex h-flex-basis h-column__inner h-px-lg-2 h-px-md-2 h-px-2 v-inner-lg-2 v-inner-md-2 v-inner-2 style-1018 style-local-1301-c8 position-relative\">\n              <!---->\n              <!---->\n              <div class=\"w-100 h-y-container h-column__content h-column__v-align flex-basis-100 align-self-lg-start align-self-md-start align-self-start\">\n                <!---->\n                <div data-colibri-component=\"\" data-colibri-id=\"1301-c9\" class=\"h-photo-gallery margin-none caption-displayTrue caption-vertical-align-top style-1019 style-local-1301-c9 h-overflow-hidden position-relative h-element\">\n                  <!---->\n                  <div class=\"h-global-transition-all\"><div id='colibri-1301-c9' class='gallery-wrapper'>    <style type=\"text\/css\">\n\n        @media (min-width: 1023px) {        #colibri-1301-c9        dl {\n            float: left;\n            width: 25% !important;\n            max-width: 25% !important;\n            min-width: 25% !important;\n        }\n\n        #colibri-1301-c9        dl:nth-of-type(4n +1 ) {\n            clear: both;\n        }\n\n        }@media (min-width: 768px) and (max-width: 1023px) {        #colibri-1301-c9        dl {\n            float: left;\n            width: 25% !important;\n            max-width: 25% !important;\n            min-width: 25% !important;\n        }\n\n        #colibri-1301-c9        dl:nth-of-type(4n +1 ) {\n            clear: both;\n        }\n\n        }@media (max-width: 767px) {        #colibri-1301-c9        dl {\n            float: left;\n            width: 50% !important;\n            max-width: 50% !important;\n            min-width: 50% !important;\n        }\n\n        #colibri-1301-c9        dl:nth-of-type(2n +1 ) {\n            clear: both;\n        }\n\n        }\n        #colibri-1301-c9        .gallery-item {\n            position: relative;\n        }\n\n        \n    <\/style>\n    <div   class='colibri-1301-c9-dls-wrapper gallery-items-wrapper' ><dl class='gallery-item masonry-item'>\n\t\t\t<dt class='gallery-icon portrait'>\n\t\t\t\t<a data-fancybox=\"colibri-1301-c9-group\" href='https:\/\/kalixlinjen.se\/wp-content\/uploads\/2023\/04\/FOTOLABBKARRA-84225-2-scaled.jpg'><img loading=\"lazy\" decoding=\"async\"  width=\"225\" height=\"300\" src=\"https:\/\/kalixlinjen.se\/wp-content\/uploads\/2023\/04\/FOTOLABBKARRA-84225-2-225x300.jpg\"  class='colibri-1301-c9-image' alt=\"\" srcset=\"https:\/\/kalixlinjen.se\/wp-content\/uploads\/2023\/04\/FOTOLABBKARRA-84225-2-225x300.jpg 225w, https:\/\/kalixlinjen.se\/wp-content\/uploads\/2023\/04\/FOTOLABBKARRA-84225-2-768x1024.jpg 768w, https:\/\/kalixlinjen.se\/wp-content\/uploads\/2023\/04\/FOTOLABBKARRA-84225-2-1152x1536.jpg 1152w, https:\/\/kalixlinjen.se\/wp-content\/uploads\/2023\/04\/FOTOLABBKARRA-84225-2-1536x2048.jpg 1536w, https:\/\/kalixlinjen.se\/wp-content\/uploads\/2023\/04\/FOTOLABBKARRA-84225-2-scaled.jpg 1920w\" sizes=\"auto, (max-width: 225px) 100vw, 225px\" \/><\/a>\n\t\t\t<\/dt><\/dl><dl class='gallery-item masonry-item'>\n\t\t\t<dt class='gallery-icon portrait'>\n\t\t\t\t<a data-fancybox=\"colibri-1301-c9-group\" href='https:\/\/kalixlinjen.se\/wp-content\/uploads\/2023\/04\/FOTOLABBKARRA-84225-3-scaled.jpg'><img loading=\"lazy\" decoding=\"async\"  width=\"225\" height=\"300\" src=\"https:\/\/kalixlinjen.se\/wp-content\/uploads\/2023\/04\/FOTOLABBKARRA-84225-3-225x300.jpg\"  class='colibri-1301-c9-image' alt=\"\" srcset=\"https:\/\/kalixlinjen.se\/wp-content\/uploads\/2023\/04\/FOTOLABBKARRA-84225-3-225x300.jpg 225w, https:\/\/kalixlinjen.se\/wp-content\/uploads\/2023\/04\/FOTOLABBKARRA-84225-3-768x1024.jpg 768w, https:\/\/kalixlinjen.se\/wp-content\/uploads\/2023\/04\/FOTOLABBKARRA-84225-3-1152x1536.jpg 1152w, https:\/\/kalixlinjen.se\/wp-content\/uploads\/2023\/04\/FOTOLABBKARRA-84225-3-1536x2048.jpg 1536w, https:\/\/kalixlinjen.se\/wp-content\/uploads\/2023\/04\/FOTOLABBKARRA-84225-3-scaled.jpg 1920w\" sizes=\"auto, (max-width: 225px) 100vw, 225px\" \/><\/a>\n\t\t\t<\/dt><\/dl><dl class='gallery-item masonry-item'>\n\t\t\t<dt class='gallery-icon portrait'>\n\t\t\t\t<a data-fancybox=\"colibri-1301-c9-group\" href='https:\/\/kalixlinjen.se\/wp-content\/uploads\/2023\/04\/FOTOLABBKARRA-84225-scaled.jpg'><img loading=\"lazy\" decoding=\"async\"  width=\"225\" height=\"300\" src=\"https:\/\/kalixlinjen.se\/wp-content\/uploads\/2023\/04\/FOTOLABBKARRA-84225-225x300.jpg\"  class='colibri-1301-c9-image' alt=\"\" srcset=\"https:\/\/kalixlinjen.se\/wp-content\/uploads\/2023\/04\/FOTOLABBKARRA-84225-225x300.jpg 225w, https:\/\/kalixlinjen.se\/wp-content\/uploads\/2023\/04\/FOTOLABBKARRA-84225-768x1024.jpg 768w, https:\/\/kalixlinjen.se\/wp-content\/uploads\/2023\/04\/FOTOLABBKARRA-84225-1152x1536.jpg 1152w, https:\/\/kalixlinjen.se\/wp-content\/uploads\/2023\/04\/FOTOLABBKARRA-84225-1536x2048.jpg 1536w, https:\/\/kalixlinjen.se\/wp-content\/uploads\/2023\/04\/FOTOLABBKARRA-84225-scaled.jpg 1920w\" sizes=\"auto, (max-width: 225px) 100vw, 225px\" \/><\/a>\n\t\t\t<\/dt><\/dl>\n\t\t\t\n\t\t<\/div>\n<style>#colibri-1301-c9 .wp-caption-text.gallery-caption{display:none;}<\/style><\/div><\/div>\n                <\/div>\n              <\/div>\n            <\/div>\n          <\/div>\n        <\/div>\n      <\/div>\n      <div data-colibri-id=\"1301-c10\" class=\"h-row-container gutters-row-lg-2 gutters-row-md-2 gutters-row-0 gutters-row-v-lg-2 gutters-row-v-md-2 gutters-row-v-2 style-1020 style-local-1301-c10 position-relative\">\n        <!---->\n        <div class=\"h-row justify-content-lg-center justify-content-md-center justify-content-center align-items-lg-stretch align-items-md-stretch align-items-stretch gutters-col-lg-2 gutters-col-md-2 gutters-col-0 gutters-col-v-lg-2 gutters-col-v-md-2 gutters-col-v-2\">\n          <!---->\n          <div class=\"h-column h-column-container d-flex h-col-lg-auto h-col-md-auto h-col-auto style-1021-outer style-local-1301-c11-outer\">\n            <div data-colibri-id=\"1301-c11\" class=\"d-flex h-flex-basis h-column__inner h-px-lg-2 h-px-md-2 h-px-2 v-inner-lg-2 v-inner-md-2 v-inner-2 style-1021 style-local-1301-c11 position-relative\">\n              <!---->\n              <!---->\n              <div class=\"w-100 h-y-container h-column__content h-column__v-align flex-basis-100 align-self-lg-start align-self-md-start align-self-start\">\n                <!---->\n                <div data-colibri-id=\"1301-c12\" class=\"h-text h-text-component style-1022 style-local-1301-c12 position-relative h-element\">\n                  <!---->\n                  <!---->\n                  <div class=\"\">\n                    <p>Reg. No<\/p>\n                    <p>84225<\/p>\n                    <p>M5048-303013<\/p>\n                    <p>FOTOLABK\u00c4RRA 303 MT<\/p>\n                    <p>Assigned<\/p>\n                    <p>FM AVV<\/p>\n                    <p>Vehicle type<\/p>\n                    <p>TOWABLE<\/p>\n                    <p>Manufacturer\/type<\/p>\n                    <p>NORRLANDSVAGN R 304 82-73 B<\/p>\n                    <p>Model year<\/p>\n                    <p>1984<\/p>\n                    <p>Chassis number<\/p>\n                    <p>11939<\/p>\n                    <p>Reference number<\/p>\n                    <p>25494<\/p>\n                    <p>Model code<\/p>\n                    <p>NG0000<\/p>\n                    <p>Date of registration<\/p>\n                    <p>1984-02-22<\/p>\n                    <p>Colour<\/p>\n                    <p>MGREEN<\/p>\n                    <p>User<\/p>\n                    <p>001<\/p>\n                    <p>Deregistered<\/p>\n                    <p>129\/12 AVREG EFTER<\/p>\n                    <p>R\u00c4TTNING FELLISTA<\/p>\n                    <p>Vehicle body<\/p>\n                    <p>29 CABIN - MISCELLANEOUS<\/p>\n                    <p>Length<\/p>\n                    <p>5,15<\/p>\n                    <p>Width<\/p>\n                    <p>2,25<\/p>\n                    <p>Numbers of axles<\/p>\n                    <p>1<\/p>\n                    <p>Tyre dimension back<\/p>\n                    <p>7,00-14C<\/p>\n                    <p>Axle load<\/p>\n                    <p>100+1500<\/p>\n                    <p>Curb weight (kg)<\/p>\n                    <p>1390<\/p>\n                    <p>Maximum payload (kg)<\/p>\n                    <p>110<\/p>\n                    <p>Gross vehicle weight<\/p>\n                    <p>1500<\/p>\n                    <p>Registered weight (kg)<\/p>\n                    <p>1500<\/p>\n                    <p>Curb weight distribution<\/p>\n                    <p>80+1310<\/p>\n                    <p>Hitch type<\/p>\n                    <p>KULHANDSKE<\/p>\n                    <p>Clutch pedal travel<\/p>\n                    <p>3,22<\/p>\n                    <p>Break system<\/p>\n                    <p>YES<\/p>\n                    <p>Gross weight distribution<\/p>\n                    <p>100+1400<\/p>\n                    <p>Additional information<\/p>\n                    <p>YES<\/p>\n                    <p>T16D CHASSINUMRET PLACERAT P\u00c5 V\u00c4NSTER DRAGST\u00c5NGSBALK. FOTOLABORATORIEUTRUSTNING. P\u00c5SKJUTSBROMS TSV 221 P<\/p>\n                    <p>\n                      <br>\n                    <\/p>\n                  <\/div>\n                <\/div>\n              <\/div>\n            <\/div>\n          <\/div>\n          <div class=\"h-column h-column-container d-flex h-col-lg-auto h-col-md-auto h-col-auto style-1023-outer style-local-1301-c13-outer\">\n            <div data-colibri-id=\"1301-c13\" class=\"d-flex h-flex-basis h-column__inner h-ui-empty-state-container h-px-lg-2 h-px-md-2 h-px-2 v-inner-lg-2 v-inner-md-2 v-inner-2 style-1023 style-local-1301-c13 position-relative\">\n              <!---->\n              <!---->\n              <div class=\"w-100 h-y-container h-column__content h-column__v-align flex-basis-100\">\n                <!---->\n              <\/div>\n            <\/div>\n          <\/div>\n        <\/div>\n      <\/div>\n    <\/div>\n  <\/div>\n<\/div>","protected":false},"excerpt":{"rendered":"<p>FOTOLABK\u00c4RRA 303 MT FOTOLABBK\u00c4RRA 303 MT Milit\u00e4ren anv\u00e4nde fotolabbk\u00e4rror f\u00f6r att kunna bearbeta fotografiskt material p\u00e5 plats. Dessa k\u00e4rror var utrustade med fotoutrustning, inklusive kameror, m\u00f6rkrum, kemikalier och annan utrustning som kr\u00e4vdes. Detta gav milit\u00e4ren m\u00f6jlighet att snabbt f\u00e5 tillg\u00e5ng till information som beh\u00f6vdes f\u00f6r att planera operationer och fatta beslut. Fotolabbk\u00e4rror anv\u00e4ndes ocks\u00e5 f\u00f6r [&hellip;]<\/p>\n","protected":false},"author":1,"featured_media":0,"parent":0,"menu_order":0,"comment_status":"closed","ping_status":"closed","template":"page-templates\/full-width-page.php","meta":{"_kadence_starter_templates_imported_post":false,"footnotes":""},"class_list":["post-1301","page","type-page","status-publish","hentry"],"yoast_head":"<!-- This site is optimized with the Yoast SEO plugin v27.5 - https:\/\/yoast.com\/product\/yoast-seo-wordpress\/ -->\n<title>FOTOLABBK\u00c4RRA - Kalixlinjens museum<\/title>\n<meta name=\"robots\" content=\"index, follow, max-snippet:-1, max-image-preview:large, max-video-preview:-1\" \/>\n<link rel=\"canonical\" href=\"https:\/\/kalixlinjen.se\/en\/fotolabbkarra\/\" \/>\n<meta property=\"og:locale\" content=\"en_GB\" \/>\n<meta property=\"og:type\" content=\"article\" \/>\n<meta property=\"og:title\" content=\"FOTOLABBK\u00c4RRA - Kalixlinjens museum\" \/>\n<meta property=\"og:description\" content=\"FOTOLABK\u00c4RRA 303 MT FOTOLABBK\u00c4RRA 303 MT Milit\u00e4ren anv\u00e4nde fotolabbk\u00e4rror f\u00f6r att kunna bearbeta fotografiskt material p\u00e5 plats. Dessa k\u00e4rror var utrustade med fotoutrustning, inklusive kameror, m\u00f6rkrum, kemikalier och annan utrustning som kr\u00e4vdes. Detta gav milit\u00e4ren m\u00f6jlighet att snabbt f\u00e5 tillg\u00e5ng till information som beh\u00f6vdes f\u00f6r att planera operationer och fatta beslut. Fotolabbk\u00e4rror anv\u00e4ndes ocks\u00e5 f\u00f6r [&hellip;]\" \/>\n<meta property=\"og:url\" content=\"https:\/\/kalixlinjen.se\/en\/fotolabbkarra\/\" \/>\n<meta property=\"og:site_name\" content=\"Kalixlinjens museum\" \/>\n<meta property=\"article:publisher\" content=\"https:\/\/www.facebook.com\/kalixlinjensmuseum\" \/>\n<meta property=\"article:modified_time\" content=\"2024-10-21T12:54:11+00:00\" \/>\n<meta name=\"twitter:card\" content=\"summary_large_image\" \/>\n<meta name=\"twitter:label1\" content=\"Estimated reading time\" \/>\n\t<meta name=\"twitter:data1\" content=\"1 minute\" \/>\n<script type=\"application\/ld+json\" class=\"yoast-schema-graph\">{\"@context\":\"https:\\\/\\\/schema.org\",\"@graph\":[{\"@type\":\"WebPage\",\"@id\":\"https:\\\/\\\/kalixlinjen.se\\\/fotolabbkarra\\\/\",\"url\":\"https:\\\/\\\/kalixlinjen.se\\\/fotolabbkarra\\\/\",\"name\":\"FOTOLABBK\u00c4RRA - Kalixlinjens museum\",\"isPartOf\":{\"@id\":\"https:\\\/\\\/kalixlinjen.se\\\/#website\"},\"datePublished\":\"2023-04-19T12:29:16+00:00\",\"dateModified\":\"2024-10-21T12:54:11+00:00\",\"breadcrumb\":{\"@id\":\"https:\\\/\\\/kalixlinjen.se\\\/fotolabbkarra\\\/#breadcrumb\"},\"inLanguage\":\"en-GB\",\"potentialAction\":[{\"@type\":\"ReadAction\",\"target\":[\"https:\\\/\\\/kalixlinjen.se\\\/fotolabbkarra\\\/\"]}]},{\"@type\":\"BreadcrumbList\",\"@id\":\"https:\\\/\\\/kalixlinjen.se\\\/fotolabbkarra\\\/#breadcrumb\",\"itemListElement\":[{\"@type\":\"ListItem\",\"position\":1,\"name\":\"Hem\",\"item\":\"https:\\\/\\\/kalixlinjen.se\\\/\"},{\"@type\":\"ListItem\",\"position\":2,\"name\":\"FOTOLABBK\u00c4RRA\"}]},{\"@type\":\"WebSite\",\"@id\":\"https:\\\/\\\/kalixlinjen.se\\\/#website\",\"url\":\"https:\\\/\\\/kalixlinjen.se\\\/\",\"name\":\"Kalixlinjens museum\",\"description\":\"St\u00f6rst och hemligast!\",\"publisher\":{\"@id\":\"https:\\\/\\\/kalixlinjen.se\\\/#organization\"},\"potentialAction\":[{\"@type\":\"SearchAction\",\"target\":{\"@type\":\"EntryPoint\",\"urlTemplate\":\"https:\\\/\\\/kalixlinjen.se\\\/?s={search_term_string}\"},\"query-input\":{\"@type\":\"PropertyValueSpecification\",\"valueRequired\":true,\"valueName\":\"search_term_string\"}}],\"inLanguage\":\"en-GB\"},{\"@type\":\"Organization\",\"@id\":\"https:\\\/\\\/kalixlinjen.se\\\/#organization\",\"name\":\"Kalixlinjens museum\",\"url\":\"https:\\\/\\\/kalixlinjen.se\\\/\",\"logo\":{\"@type\":\"ImageObject\",\"inLanguage\":\"en-GB\",\"@id\":\"https:\\\/\\\/kalixlinjen.se\\\/#\\\/schema\\\/logo\\\/image\\\/\",\"url\":\"https:\\\/\\\/kalixlinjen.se\\\/wp-content\\\/uploads\\\/2022\\\/11\\\/cropped-cropped-cropped-cropped-loggo.png\",\"contentUrl\":\"https:\\\/\\\/kalixlinjen.se\\\/wp-content\\\/uploads\\\/2022\\\/11\\\/cropped-cropped-cropped-cropped-loggo.png\",\"width\":512,\"height\":512,\"caption\":\"Kalixlinjens museum\"},\"image\":{\"@id\":\"https:\\\/\\\/kalixlinjen.se\\\/#\\\/schema\\\/logo\\\/image\\\/\"},\"sameAs\":[\"https:\\\/\\\/www.facebook.com\\\/kalixlinjensmuseum\",\"https:\\\/\\\/www.instagram.com\\\/kalixlinjens_museum\\\/\"]}]}<\/script>\n<!-- \/ Yoast SEO plugin. -->","yoast_head_json":{"title":"FOTOLABBK\u00c4RRA - Kalixlinjens museum","robots":{"index":"index","follow":"follow","max-snippet":"max-snippet:-1","max-image-preview":"max-image-preview:large","max-video-preview":"max-video-preview:-1"},"canonical":"https:\/\/kalixlinjen.se\/en\/fotolabbkarra\/","og_locale":"en_GB","og_type":"article","og_title":"FOTOLABBK\u00c4RRA - Kalixlinjens museum","og_description":"FOTOLABK\u00c4RRA 303 MT FOTOLABBK\u00c4RRA 303 MT Milit\u00e4ren anv\u00e4nde fotolabbk\u00e4rror f\u00f6r att kunna bearbeta fotografiskt material p\u00e5 plats. Dessa k\u00e4rror var utrustade med fotoutrustning, inklusive kameror, m\u00f6rkrum, kemikalier och annan utrustning som kr\u00e4vdes. Detta gav milit\u00e4ren m\u00f6jlighet att snabbt f\u00e5 tillg\u00e5ng till information som beh\u00f6vdes f\u00f6r att planera operationer och fatta beslut. Fotolabbk\u00e4rror anv\u00e4ndes ocks\u00e5 f\u00f6r [&hellip;]","og_url":"https:\/\/kalixlinjen.se\/en\/fotolabbkarra\/","og_site_name":"Kalixlinjens museum","article_publisher":"https:\/\/www.facebook.com\/kalixlinjensmuseum","article_modified_time":"2024-10-21T12:54:11+00:00","twitter_card":"summary_large_image","twitter_misc":{"Estimated reading time":"1 minute"},"schema":{"@context":"https:\/\/schema.org","@graph":[{"@type":"WebPage","@id":"https:\/\/kalixlinjen.se\/fotolabbkarra\/","url":"https:\/\/kalixlinjen.se\/fotolabbkarra\/","name":"FOTOLABBK\u00c4RRA - Kalixlinjens museum","isPartOf":{"@id":"https:\/\/kalixlinjen.se\/#website"},"datePublished":"2023-04-19T12:29:16+00:00","dateModified":"2024-10-21T12:54:11+00:00","breadcrumb":{"@id":"https:\/\/kalixlinjen.se\/fotolabbkarra\/#breadcrumb"},"inLanguage":"en-GB","potentialAction":[{"@type":"ReadAction","target":["https:\/\/kalixlinjen.se\/fotolabbkarra\/"]}]},{"@type":"BreadcrumbList","@id":"https:\/\/kalixlinjen.se\/fotolabbkarra\/#breadcrumb","itemListElement":[{"@type":"ListItem","position":1,"name":"Hem","item":"https:\/\/kalixlinjen.se\/"},{"@type":"ListItem","position":2,"name":"FOTOLABBK\u00c4RRA"}]},{"@type":"WebSite","@id":"https:\/\/kalixlinjen.se\/#website","url":"https:\/\/kalixlinjen.se\/","name":"The Kalix line museum","description":"St\u00f6rst och hemligast!","publisher":{"@id":"https:\/\/kalixlinjen.se\/#organization"},"potentialAction":[{"@type":"SearchAction","target":{"@type":"EntryPoint","urlTemplate":"https:\/\/kalixlinjen.se\/?s={search_term_string}"},"query-input":{"@type":"PropertyValueSpecification","valueRequired":true,"valueName":"search_term_string"}}],"inLanguage":"en-GB"},{"@type":"Organization","@id":"https:\/\/kalixlinjen.se\/#organization","name":"The Kalix line museum","url":"https:\/\/kalixlinjen.se\/","logo":{"@type":"ImageObject","inLanguage":"en-GB","@id":"https:\/\/kalixlinjen.se\/#\/schema\/logo\/image\/","url":"https:\/\/kalixlinjen.se\/wp-content\/uploads\/2022\/11\/cropped-cropped-cropped-cropped-loggo.png","contentUrl":"https:\/\/kalixlinjen.se\/wp-content\/uploads\/2022\/11\/cropped-cropped-cropped-cropped-loggo.png","width":512,"height":512,"caption":"Kalixlinjens museum"},"image":{"@id":"https:\/\/kalixlinjen.se\/#\/schema\/logo\/image\/"},"sameAs":["https:\/\/www.facebook.com\/kalixlinjensmuseum","https:\/\/www.instagram.com\/kalixlinjens_museum\/"]}]}},"_links":{"self":[{"href":"https:\/\/kalixlinjen.se\/en\/wp-json\/wp\/v2\/pages\/1301","targetHints":{"allow":["GET"]}}],"collection":[{"href":"https:\/\/kalixlinjen.se\/en\/wp-json\/wp\/v2\/pages"}],"about":[{"href":"https:\/\/kalixlinjen.se\/en\/wp-json\/wp\/v2\/types\/page"}],"author":[{"embeddable":true,"href":"https:\/\/kalixlinjen.se\/en\/wp-json\/wp\/v2\/users\/1"}],"replies":[{"embeddable":true,"href":"https:\/\/kalixlinjen.se\/en\/wp-json\/wp\/v2\/comments?post=1301"}],"version-history":[{"count":9,"href":"https:\/\/kalixlinjen.se\/en\/wp-json\/wp\/v2\/pages\/1301\/revisions"}],"predecessor-version":[{"id":5378,"href":"https:\/\/kalixlinjen.se\/en\/wp-json\/wp\/v2\/pages\/1301\/revisions\/5378"}],"wp:attachment":[{"href":"https:\/\/kalixlinjen.se\/en\/wp-json\/wp\/v2\/media?parent=1301"}],"curies":[{"name":"wp","href":"https:\/\/api.w.org\/{rel}","templated":true}]}}