{"id":1281,"date":"2023-04-19T11:13:10","date_gmt":"2023-04-19T11:13:10","guid":{"rendered":"https:\/\/kalixlinjen.se\/?page_id=1281"},"modified":"2024-10-21T13:30:57","modified_gmt":"2024-10-21T13:30:57","slug":"rbs56","status":"publish","type":"page","link":"https:\/\/kalixlinjen.se\/en\/rbs56\/","title":{"rendered":"RBS56"},"content":{"rendered":"<div data-colibri-id=\"1281-c1\" class=\"style-990 style-local-1281-c1 position-relative\">\n  <!---->\n  <div data-colibri-component=\"section\" data-colibri-id=\"1281-c2\" id=\"reusable-sections\" class=\"h-section h-section-global-spacing d-flex align-items-lg-center align-items-md-center align-items-center style-991 style-local-1281-c2 position-relative\">\n    <!---->\n    <!---->\n    <div class=\"h-section-grid-container h-section-boxed-container\">\n      <div data-colibri-id=\"1281-c14\" class=\"h-row-container gutters-row-lg-2 gutters-row-md-2 gutters-row-2 gutters-row-v-lg-2 gutters-row-v-md-2 gutters-row-v-2 style-1005 style-local-1281-c14 position-relative\">\n        <!---->\n        <div class=\"h-row justify-content-lg-center justify-content-md-center justify-content-center align-items-lg-stretch align-items-md-stretch align-items-stretch gutters-col-lg-2 gutters-col-md-2 gutters-col-2 gutters-col-v-lg-2 gutters-col-v-md-2 gutters-col-v-2\">\n          <!---->\n          <div class=\"h-column h-column-container d-flex h-col-lg-auto h-col-md-auto h-col-auto style-1006-outer style-local-1281-c15-outer\">\n            <div data-colibri-id=\"1281-c15\" class=\"d-flex h-flex-basis h-column__inner h-px-lg-2 h-px-md-2 h-px-2 v-inner-lg-2 v-inner-md-2 v-inner-2 style-1006 style-local-1281-c15 position-relative\">\n              <!---->\n              <!---->\n              <div class=\"w-100 h-y-container h-column__content h-column__v-align flex-basis-100 align-self-lg-start align-self-md-start align-self-start\">\n                <!---->\n                <div data-colibri-id=\"1281-c16\" class=\"h-global-transition-all h-heading style-1007 style-local-1281-c16 position-relative h-element\">\n                  <!---->\n                  <div class=\"h-heading__outer style-1007 style-local-1281-c16\">\n                    <!---->\n                    <!---->\n                    <h2 class=\"\">BOFORS BILL<\/h2>\n                  <\/div>\n                <\/div>\n                <div data-colibri-id=\"1281-c18\" class=\"h-global-transition-all h-heading style-2746 style-local-1281-c18 position-relative h-element\">\n                  <!---->\n                  <div class=\"h-heading__outer style-2746 style-local-1281-c18\">\n                    <!---->\n                    <!---->\n                    <h4 class=\"\">ROBOTSYSTEM 56, BOFORS INFANTRY LIGHT AND LETHAL ANTI-TANK MISSILE<\/h4>\n                  <\/div>\n                <\/div>\n              <\/div>\n            <\/div>\n          <\/div>\n        <\/div>\n      <\/div>\n      <div data-colibri-id=\"1281-c3\" class=\"h-row-container gutters-row-lg-2 gutters-row-md-2 gutters-row-0 gutters-row-v-lg-2 gutters-row-v-md-2 gutters-row-v-2 style-992 style-local-1281-c3 position-relative\">\n        <!---->\n        <div class=\"h-row justify-content-lg-center justify-content-md-center justify-content-center align-items-lg-stretch align-items-md-stretch align-items-stretch gutters-col-lg-2 gutters-col-md-2 gutters-col-0 gutters-col-v-lg-2 gutters-col-v-md-2 gutters-col-v-2\">\n          <!---->\n          <div class=\"h-column h-column-container d-flex h-col-lg-auto h-col-md-auto h-col-auto style-993-outer style-local-1281-c4-outer\">\n            <div data-colibri-id=\"1281-c4\" class=\"d-flex h-flex-basis h-column__inner h-px-lg-2 h-px-md-2 h-px-2 v-inner-lg-2 v-inner-md-2 v-inner-2 style-993 style-local-1281-c4 position-relative\">\n              <!---->\n              <!---->\n              <div class=\"w-100 h-y-container h-column__content h-column__v-align flex-basis-100 align-self-lg-start align-self-md-start align-self-start\">\n                <!---->\n                <div data-colibri-id=\"1281-c5\" class=\"h-text h-text-component style-994 style-local-1281-c5 position-relative h-element\">\n                  <!---->\n                  <!---->\n                  <div class=\"\">\n                    <p>Under b\u00f6rjan av 1980-talet utvecklade Bofors ett svenskt pansarv\u00e4rnsrobotsystem (Robot 56\/r56 eller Robotsystem 56\/rs56) med medell\u00e5ng r\u00e4ckvidd i samarbete med den svenska arm\u00e9n. Systemet var anpassat f\u00f6r infanterisoldater och utrustat\n                      med en robot som fungerade enligt principen ovanflygande toppattack (OTA). Vid sin introduktion 1988 var detta den f\u00f6rsta roboten i v\u00e4rlden att anv\u00e4nda denna funktion.<\/p>\n                    <p>OTA-principen inneb\u00e4r att roboten flyger \u00f6ver m\u00e5let och exploderar precis ovanf\u00f6r det. Detta sker n\u00e4r robotens styrautomatik k\u00e4nner av att den befinner sig rakt ovanf\u00f6r m\u00e5let med hj\u00e4lp av en radar som kallas zonr\u00f6r. N\u00e4r roboten exploderar\n                      skjuts RSV-str\u00e5lar(Riktad Spr\u00e4ngVerkan, fokuserar laddningen p\u00e5 minimal yta f\u00f6r maximal spr\u00e4ngeffekt) ut fr\u00e5n undersidan av roboten och sl\u00e5r igenom taket p\u00e5 m\u00e5let. Detta g\u00f6r att m\u00e5let kan bek\u00e4mpas p\u00e5 ett effektivt s\u00e4tt.<\/p>\n                    <p>There were two main models of the missile:\n                      <br>BILL 1 \u2013 featuring a forward-angled HEAT charge in the center of the missile, tilted approximately 30 degrees from horizontal.&nbsp;\n                      <br>BILL 2 \u2013 equipped with two downward-facing HEAT charges, one in the front and one in the rear, where the first charge exploded just before the second for increased blast effect.&nbsp;&nbsp;<\/p>\n                    <p>The system consisted of a missile tube, missile, launcher, day sight, night sight, and a transport case. The missile could be fired from a launcher and operated by a crew of three soldiers: a gunner, a loader, and a group leader.<\/p>\n                    <p>The RS56 was decommissioned in 2013 when it was replaced by the Robot 57. Production resumed in 2021, pending the arrival of a more modern anti-tank missile, which is planned to be ready for delivery in 2025.<\/p>\n                  <\/div>\n                <\/div>\n              <\/div>\n            <\/div>\n          <\/div>\n          <div class=\"h-column h-column-container d-flex h-col-lg-auto h-col-md-auto h-col-auto style-995-outer style-local-1281-c6-outer\">\n            <div data-colibri-id=\"1281-c6\" class=\"d-flex h-flex-basis h-column__inner h-px-lg-2 h-px-md-2 h-px-2 v-inner-lg-2 v-inner-md-2 v-inner-2 style-995 style-local-1281-c6 position-relative\">\n              <!---->\n              <!---->\n              <div class=\"w-100 h-y-container h-column__content h-column__v-align flex-basis-100 align-self-lg-start align-self-md-start align-self-start\">\n                <!---->\n                <div data-colibri-component=\"video\" data-colibri-id=\"1281-c7\" class=\"d-block h-video d-block h-video style-996 style-local-1281-c7 position-relative h-element\">\n                  <!---->\n                  <!---->\n                  <div class=\"video-container position-relative\">\n                    <div class=\"h-global-transition-all ratio-inner\"><iframe src=\"https:\/\/www.youtube.com\/embed\/etbINT6zPP8?autoplay=0&#038;mute=0&#038;modestbranding=0&#038;rel=0&#038;enablejsapi=1&#038;\" class='h-video-main'  allowfullscreen><\/iframe><\/div>\n                  <\/div>\n                <\/div>\n                <div data-colibri-id=\"1281-c9\" class=\"h-text h-text-component style-2708 style-local-1281-c9 position-relative h-element\">\n                  <!---->\n                  <!---->\n                  <div class=\"\">\n                    <p><span style=\"font-weight: 400; font-size: 16px; font-family: S\u00f6hne, ui-sans-serif, system-ui, -apple-system, &quot;Segoe UI&quot;, Roboto, Ubuntu, Cantarell, &quot;Noto Sans&quot;, sans-serif, &quot;Helvetica Neue&quot;, Arial, &quot;Apple Color Emoji&quot;, &quot;Segoe UI Emoji&quot;, &quot;Segoe UI Symbol&quot;, &quot;Noto Color Emoji&quot;; color: rgb(55, 65, 81);\">Handling the Robot 56 is a simple process. The operator aims the sight at the target and fires the missile. However, it is crucial to keep the target steady in the sight throughout the flight so that the missile, which is continuously updated with information from the sight, can track the target\u2019s position.<\/span><\/p>\n                  <\/div>\n                <\/div>\n              <\/div>\n            <\/div>\n          <\/div>\n        <\/div>\n      <\/div>\n      <div data-colibri-id=\"1281-c10\" class=\"h-row-container gutters-row-lg-2 gutters-row-md-2 gutters-row-0 gutters-row-v-lg-2 gutters-row-v-md-2 gutters-row-v-2 style-1001 style-local-1281-c10 position-relative\">\n        <!---->\n        <div class=\"h-row justify-content-lg-center justify-content-md-center justify-content-center align-items-lg-stretch align-items-md-stretch align-items-stretch gutters-col-lg-2 gutters-col-md-2 gutters-col-0 gutters-col-v-lg-2 gutters-col-v-md-2 gutters-col-v-2\">\n          <!---->\n          <div class=\"h-column h-column-container d-flex h-col-lg-auto h-col-md-auto h-col-auto style-1002-outer style-local-1281-c11-outer\">\n            <div data-colibri-id=\"1281-c11\" class=\"d-flex h-flex-basis h-column__inner h-px-lg-2 h-px-md-2 h-px-2 v-inner-lg-2 v-inner-md-2 v-inner-2 style-1002 style-local-1281-c11 position-relative\">\n              <!---->\n              <!---->\n              <div class=\"w-100 h-y-container h-column__content h-column__v-align flex-basis-100 align-self-lg-start align-self-md-start align-self-start\">\n                <!---->\n                <div data-colibri-id=\"1281-c19\" class=\"h-text h-text-component style-2747 style-local-1281-c19 position-relative h-element\">\n                  <!---->\n                  <!---->\n                  <div class=\"\">\n                    <p>Length<\/p>\n                    <p>900 mm<\/p>\n                    <p>Weight<\/p>\n                    <p>34.5 kg (launch tube with missile, ready for firing)<\/p>\n                    <p>43.5 kg (with night sight)<\/p>\n                    <p>Diameter<\/p>\n                    <p>150 mm<\/p>\n                    <p>Warhead<\/p>\n                    <p>Roof-penetrating HEAT jet<\/p>\n                    <p>Explosive power<\/p>\n                    <p>Penetrates over 550+ mm of armor<\/p>\n                    <p>Guidance system<\/p>\n                    <p>Semi-automatic command to line of sight (wire-guided)<\/p>\n                    <p>Weapon carrier<\/p>\n                    <p>Portable, combat vehicle<\/p>\n                    <p>Range<\/p>\n                    <p>150\u20132 200 m<\/p>\n                    <p>Maximum altitude<\/p>\n                    <p>Time to altitude<\/p>\n                    <p>\u00b7 500 m = 3 sek<\/p>\n                    <p>\u00b7 1 000 m = 5,2 sek<\/p>\n                    <p>\u00b7 1 500 m = 8 sek<\/p>\n                    <p>\u00b7 2 000 m = 11 sek<\/p>\n                    <p>\u00b7 2 200 m = 13 sek<\/p>\n                    <p>Flight height<\/p>\n                    <p>0,75-1,05 m above the line of sight<\/p>\n                    <p>Maximum speed<\/p>\n                    <p>250 m\/s<\/p>\n                    <p>Speed<\/p>\n                    <p>72 m\/s launch speed<\/p>\n                    <p>ca 135 m\/s slutfashastighet<\/p>\n                    <p>\n                      <br>\n                    <\/p>\n                  <\/div>\n                <\/div>\n              <\/div>\n            <\/div>\n          <\/div>\n          <div class=\"h-column h-column-container d-flex h-col-lg-auto h-col-md-auto h-col-auto style-1004-outer style-local-1281-c13-outer\">\n            <div data-colibri-id=\"1281-c13\" class=\"d-flex h-flex-basis h-column__inner h-ui-empty-state-container h-px-lg-2 h-px-md-2 h-px-2 v-inner-lg-2 v-inner-md-2 v-inner-2 style-1004 style-local-1281-c13 position-relative\">\n              <!---->\n              <!---->\n              <div class=\"w-100 h-y-container h-column__content h-column__v-align flex-basis-100\">\n                <!---->\n              <\/div>\n            <\/div>\n          <\/div>\n        <\/div>\n      <\/div>\n    <\/div>\n  <\/div>\n<\/div>","protected":false},"excerpt":{"rendered":"<p>BOFORS BILL ROBOTSYSTEM 56, BOFORS INFANTRY LIGHT AND LETHAL ANTI-TANK MISSILE Under b\u00f6rjan av 1980-talet utvecklade Bofors ett svenskt pansarv\u00e4rnsrobotsystem (Robot 56\/r56 eller Robotsystem 56\/rs56) med medell\u00e5ng r\u00e4ckvidd i samarbete med den svenska arm\u00e9n. Systemet var anpassat f\u00f6r infanterisoldater och utrustat med en robot som fungerade enligt principen ovanflygande toppattack (OTA). Vid sin introduktion 1988 [&hellip;]<\/p>\n","protected":false},"author":1,"featured_media":0,"parent":0,"menu_order":0,"comment_status":"closed","ping_status":"closed","template":"page-templates\/full-width-page.php","meta":{"_kadence_starter_templates_imported_post":false,"footnotes":""},"class_list":["post-1281","page","type-page","status-publish","hentry"],"yoast_head":"<!-- This site is optimized with the Yoast SEO plugin v27.4 - https:\/\/yoast.com\/product\/yoast-seo-wordpress\/ -->\n<title>RBS56 - Kalixlinjens museum<\/title>\n<meta name=\"robots\" content=\"index, follow, max-snippet:-1, max-image-preview:large, max-video-preview:-1\" \/>\n<link rel=\"canonical\" href=\"https:\/\/kalixlinjen.se\/en\/rbs56\/\" \/>\n<meta property=\"og:locale\" content=\"en_GB\" \/>\n<meta property=\"og:type\" content=\"article\" \/>\n<meta property=\"og:title\" content=\"RBS56 - Kalixlinjens museum\" \/>\n<meta property=\"og:description\" content=\"BOFORS BILL ROBOTSYSTEM 56, BOFORS INFANTRY LIGHT AND LETHAL ANTI-TANK MISSILE Under b\u00f6rjan av 1980-talet utvecklade Bofors ett svenskt pansarv\u00e4rnsrobotsystem (Robot 56\/r56 eller Robotsystem 56\/rs56) med medell\u00e5ng r\u00e4ckvidd i samarbete med den svenska arm\u00e9n. Systemet var anpassat f\u00f6r infanterisoldater och utrustat med en robot som fungerade enligt principen ovanflygande toppattack (OTA). Vid sin introduktion 1988 [&hellip;]\" \/>\n<meta property=\"og:url\" content=\"https:\/\/kalixlinjen.se\/en\/rbs56\/\" \/>\n<meta property=\"og:site_name\" content=\"Kalixlinjens museum\" \/>\n<meta property=\"article:publisher\" content=\"https:\/\/www.facebook.com\/kalixlinjensmuseum\" \/>\n<meta property=\"article:modified_time\" content=\"2024-10-21T13:30:57+00:00\" \/>\n<meta name=\"twitter:card\" content=\"summary_large_image\" \/>\n<meta name=\"twitter:label1\" content=\"Estimated reading time\" \/>\n\t<meta name=\"twitter:data1\" content=\"2 minutes\" \/>\n<script type=\"application\/ld+json\" class=\"yoast-schema-graph\">{\"@context\":\"https:\\\/\\\/schema.org\",\"@graph\":[{\"@type\":\"WebPage\",\"@id\":\"https:\\\/\\\/kalixlinjen.se\\\/rbs56\\\/\",\"url\":\"https:\\\/\\\/kalixlinjen.se\\\/rbs56\\\/\",\"name\":\"RBS56 - Kalixlinjens museum\",\"isPartOf\":{\"@id\":\"https:\\\/\\\/kalixlinjen.se\\\/#website\"},\"datePublished\":\"2023-04-19T11:13:10+00:00\",\"dateModified\":\"2024-10-21T13:30:57+00:00\",\"breadcrumb\":{\"@id\":\"https:\\\/\\\/kalixlinjen.se\\\/rbs56\\\/#breadcrumb\"},\"inLanguage\":\"en-GB\",\"potentialAction\":[{\"@type\":\"ReadAction\",\"target\":[\"https:\\\/\\\/kalixlinjen.se\\\/rbs56\\\/\"]}]},{\"@type\":\"BreadcrumbList\",\"@id\":\"https:\\\/\\\/kalixlinjen.se\\\/rbs56\\\/#breadcrumb\",\"itemListElement\":[{\"@type\":\"ListItem\",\"position\":1,\"name\":\"Hem\",\"item\":\"https:\\\/\\\/kalixlinjen.se\\\/\"},{\"@type\":\"ListItem\",\"position\":2,\"name\":\"RBS56\"}]},{\"@type\":\"WebSite\",\"@id\":\"https:\\\/\\\/kalixlinjen.se\\\/#website\",\"url\":\"https:\\\/\\\/kalixlinjen.se\\\/\",\"name\":\"Kalixlinjens museum\",\"description\":\"St\u00f6rst och hemligast!\",\"publisher\":{\"@id\":\"https:\\\/\\\/kalixlinjen.se\\\/#organization\"},\"potentialAction\":[{\"@type\":\"SearchAction\",\"target\":{\"@type\":\"EntryPoint\",\"urlTemplate\":\"https:\\\/\\\/kalixlinjen.se\\\/?s={search_term_string}\"},\"query-input\":{\"@type\":\"PropertyValueSpecification\",\"valueRequired\":true,\"valueName\":\"search_term_string\"}}],\"inLanguage\":\"en-GB\"},{\"@type\":\"Organization\",\"@id\":\"https:\\\/\\\/kalixlinjen.se\\\/#organization\",\"name\":\"Kalixlinjens museum\",\"url\":\"https:\\\/\\\/kalixlinjen.se\\\/\",\"logo\":{\"@type\":\"ImageObject\",\"inLanguage\":\"en-GB\",\"@id\":\"https:\\\/\\\/kalixlinjen.se\\\/#\\\/schema\\\/logo\\\/image\\\/\",\"url\":\"https:\\\/\\\/kalixlinjen.se\\\/wp-content\\\/uploads\\\/2022\\\/11\\\/cropped-cropped-cropped-cropped-loggo.png\",\"contentUrl\":\"https:\\\/\\\/kalixlinjen.se\\\/wp-content\\\/uploads\\\/2022\\\/11\\\/cropped-cropped-cropped-cropped-loggo.png\",\"width\":512,\"height\":512,\"caption\":\"Kalixlinjens museum\"},\"image\":{\"@id\":\"https:\\\/\\\/kalixlinjen.se\\\/#\\\/schema\\\/logo\\\/image\\\/\"},\"sameAs\":[\"https:\\\/\\\/www.facebook.com\\\/kalixlinjensmuseum\",\"https:\\\/\\\/www.instagram.com\\\/kalixlinjens_museum\\\/\"]}]}<\/script>\n<!-- \/ Yoast SEO plugin. -->","yoast_head_json":{"title":"RBS56 - Kalixlinjens museum","robots":{"index":"index","follow":"follow","max-snippet":"max-snippet:-1","max-image-preview":"max-image-preview:large","max-video-preview":"max-video-preview:-1"},"canonical":"https:\/\/kalixlinjen.se\/en\/rbs56\/","og_locale":"en_GB","og_type":"article","og_title":"RBS56 - Kalixlinjens museum","og_description":"BOFORS BILL ROBOTSYSTEM 56, BOFORS INFANTRY LIGHT AND LETHAL ANTI-TANK MISSILE Under b\u00f6rjan av 1980-talet utvecklade Bofors ett svenskt pansarv\u00e4rnsrobotsystem (Robot 56\/r56 eller Robotsystem 56\/rs56) med medell\u00e5ng r\u00e4ckvidd i samarbete med den svenska arm\u00e9n. Systemet var anpassat f\u00f6r infanterisoldater och utrustat med en robot som fungerade enligt principen ovanflygande toppattack (OTA). Vid sin introduktion 1988 [&hellip;]","og_url":"https:\/\/kalixlinjen.se\/en\/rbs56\/","og_site_name":"Kalixlinjens museum","article_publisher":"https:\/\/www.facebook.com\/kalixlinjensmuseum","article_modified_time":"2024-10-21T13:30:57+00:00","twitter_card":"summary_large_image","twitter_misc":{"Estimated reading time":"2 minutes"},"schema":{"@context":"https:\/\/schema.org","@graph":[{"@type":"WebPage","@id":"https:\/\/kalixlinjen.se\/rbs56\/","url":"https:\/\/kalixlinjen.se\/rbs56\/","name":"RBS56 - Kalixlinjens museum","isPartOf":{"@id":"https:\/\/kalixlinjen.se\/#website"},"datePublished":"2023-04-19T11:13:10+00:00","dateModified":"2024-10-21T13:30:57+00:00","breadcrumb":{"@id":"https:\/\/kalixlinjen.se\/rbs56\/#breadcrumb"},"inLanguage":"en-GB","potentialAction":[{"@type":"ReadAction","target":["https:\/\/kalixlinjen.se\/rbs56\/"]}]},{"@type":"BreadcrumbList","@id":"https:\/\/kalixlinjen.se\/rbs56\/#breadcrumb","itemListElement":[{"@type":"ListItem","position":1,"name":"Hem","item":"https:\/\/kalixlinjen.se\/"},{"@type":"ListItem","position":2,"name":"RBS56"}]},{"@type":"WebSite","@id":"https:\/\/kalixlinjen.se\/#website","url":"https:\/\/kalixlinjen.se\/","name":"The Kalix line museum","description":"St\u00f6rst och hemligast!","publisher":{"@id":"https:\/\/kalixlinjen.se\/#organization"},"potentialAction":[{"@type":"SearchAction","target":{"@type":"EntryPoint","urlTemplate":"https:\/\/kalixlinjen.se\/?s={search_term_string}"},"query-input":{"@type":"PropertyValueSpecification","valueRequired":true,"valueName":"search_term_string"}}],"inLanguage":"en-GB"},{"@type":"Organization","@id":"https:\/\/kalixlinjen.se\/#organization","name":"The Kalix line museum","url":"https:\/\/kalixlinjen.se\/","logo":{"@type":"ImageObject","inLanguage":"en-GB","@id":"https:\/\/kalixlinjen.se\/#\/schema\/logo\/image\/","url":"https:\/\/kalixlinjen.se\/wp-content\/uploads\/2022\/11\/cropped-cropped-cropped-cropped-loggo.png","contentUrl":"https:\/\/kalixlinjen.se\/wp-content\/uploads\/2022\/11\/cropped-cropped-cropped-cropped-loggo.png","width":512,"height":512,"caption":"Kalixlinjens museum"},"image":{"@id":"https:\/\/kalixlinjen.se\/#\/schema\/logo\/image\/"},"sameAs":["https:\/\/www.facebook.com\/kalixlinjensmuseum","https:\/\/www.instagram.com\/kalixlinjens_museum\/"]}]}},"_links":{"self":[{"href":"https:\/\/kalixlinjen.se\/en\/wp-json\/wp\/v2\/pages\/1281","targetHints":{"allow":["GET"]}}],"collection":[{"href":"https:\/\/kalixlinjen.se\/en\/wp-json\/wp\/v2\/pages"}],"about":[{"href":"https:\/\/kalixlinjen.se\/en\/wp-json\/wp\/v2\/types\/page"}],"author":[{"embeddable":true,"href":"https:\/\/kalixlinjen.se\/en\/wp-json\/wp\/v2\/users\/1"}],"replies":[{"embeddable":true,"href":"https:\/\/kalixlinjen.se\/en\/wp-json\/wp\/v2\/comments?post=1281"}],"version-history":[{"count":5,"href":"https:\/\/kalixlinjen.se\/en\/wp-json\/wp\/v2\/pages\/1281\/revisions"}],"predecessor-version":[{"id":5470,"href":"https:\/\/kalixlinjen.se\/en\/wp-json\/wp\/v2\/pages\/1281\/revisions\/5470"}],"wp:attachment":[{"href":"https:\/\/kalixlinjen.se\/en\/wp-json\/wp\/v2\/media?parent=1281"}],"curies":[{"name":"wp","href":"https:\/\/api.w.org\/{rel}","templated":true}]}}