{"id":1209,"date":"2023-04-18T11:39:46","date_gmt":"2023-04-18T11:39:46","guid":{"rendered":"https:\/\/kalixlinjen.se\/?page_id=1209"},"modified":"2024-10-21T13:45:06","modified_gmt":"2024-10-21T13:45:06","slug":"traktor-case-international-844-axl","status":"publish","type":"page","link":"https:\/\/kalixlinjen.se\/en\/traktor-case-international-844-axl\/","title":{"rendered":"TRACTOR CASE INTERNATIONAL 844 AXL"},"content":{"rendered":"<div data-colibri-id=\"1209-c1\" class=\"style-895 style-local-1209-c1 position-relative\">\n  <!---->\n  <div data-colibri-component=\"section\" data-colibri-id=\"1209-c2\" id=\"reusable-sections\" class=\"h-section h-section-global-spacing d-flex align-items-lg-center align-items-md-center align-items-center style-896 style-local-1209-c2 position-relative\">\n    <!---->\n    <!---->\n    <div class=\"h-section-grid-container h-section-boxed-container\">\n      <div data-colibri-id=\"1209-c14\" class=\"h-row-container gutters-row-lg-2 gutters-row-md-2 gutters-row-2 gutters-row-v-lg-2 gutters-row-v-md-2 gutters-row-v-2 style-910 style-local-1209-c14 position-relative\">\n        <!---->\n        <div class=\"h-row justify-content-lg-center justify-content-md-center justify-content-center align-items-lg-stretch align-items-md-stretch align-items-stretch gutters-col-lg-2 gutters-col-md-2 gutters-col-2 gutters-col-v-lg-2 gutters-col-v-md-2 gutters-col-v-2\">\n          <!---->\n          <div class=\"h-column h-column-container d-flex h-col-lg-auto h-col-md-auto h-col-auto style-911-outer style-local-1209-c15-outer\">\n            <div data-colibri-id=\"1209-c15\" class=\"d-flex h-flex-basis h-column__inner h-px-lg-2 h-px-md-2 h-px-2 v-inner-lg-2 v-inner-md-2 v-inner-2 style-911 style-local-1209-c15 position-relative\">\n              <!---->\n              <!---->\n              <div class=\"w-100 h-y-container h-column__content h-column__v-align flex-basis-100 align-self-lg-start align-self-md-start align-self-start\">\n                <!---->\n                <div data-colibri-id=\"1209-c16\" class=\"h-global-transition-all h-heading style-912 style-local-1209-c16 position-relative h-element\">\n                  <!---->\n                  <div class=\"h-heading__outer style-912 style-local-1209-c16\">\n                    <!---->\n                    <!---->\n                    <h2 class=\"\">HT tung 4 ic844 \/t<\/h2>\n                  <\/div>\n                <\/div>\n                <div data-colibri-id=\"1209-c18\" class=\"h-global-transition-all h-heading style-2757 style-local-1209-c18 position-relative h-element\">\n                  <!---->\n                  <div class=\"h-heading__outer style-2757 style-local-1209-c18\">\n                    <!---->\n                    <!---->\n                    <h4 class=\"\">TRAKTOR CASE INTERNATIONAL 844 axl<\/h4>\n                  <\/div>\n                <\/div>\n              <\/div>\n            <\/div>\n          <\/div>\n        <\/div>\n      <\/div>\n      <div data-colibri-id=\"1209-c3\" class=\"h-row-container gutters-row-lg-2 gutters-row-md-2 gutters-row-0 gutters-row-v-lg-2 gutters-row-v-md-2 gutters-row-v-2 style-897 style-local-1209-c3 position-relative\">\n        <!---->\n        <div class=\"h-row justify-content-lg-center justify-content-md-center justify-content-center align-items-lg-stretch align-items-md-stretch align-items-stretch gutters-col-lg-2 gutters-col-md-2 gutters-col-0 gutters-col-v-lg-2 gutters-col-v-md-2 gutters-col-v-2\">\n          <!---->\n          <div class=\"h-column h-column-container d-flex h-col-lg-auto h-col-md-auto h-col-auto style-898-outer style-local-1209-c4-outer\">\n            <div data-colibri-id=\"1209-c4\" class=\"d-flex h-flex-basis h-column__inner h-px-lg-2 h-px-md-2 h-px-2 v-inner-lg-2 v-inner-md-2 v-inner-2 style-898 style-local-1209-c4 position-relative\">\n              <!---->\n              <!---->\n              <div class=\"w-100 h-y-container h-column__content h-column__v-align flex-basis-100 align-self-lg-start align-self-md-start align-self-start\">\n                <!---->\n                <div data-colibri-id=\"1209-c5\" class=\"h-text h-text-component style-899 style-local-1209-c5 position-relative h-element\">\n                  <!---->\n                  <!---->\n                  <div class=\"\">\n                    <p>Case International tractors have a solid and well-deserved reputation for being both highly reliable and comfortable. With four-wheel drive and a 4.4L four-cylinder engine, it delivers robust and strong pulling power of 109 horsepower.\n                      <br>In addition to being durable, strong, and versatile, it also features modern conveniences such as a comfort cabin with climate control.&nbsp;\n                      <br>\n                      <br>Inom milit\u00e4ren har traktorerna en viktig roll f\u00f6r transport inom fr\u00e4mst infanteri och artilleri. Stridsf\u00f6ring \u00e4r beroende av v\u00e4l fungerande logistik. Soldater, materiel, drivmedel och mat ska fraktas dit d\u00e4r de beh\u00f6vs, snarast, och\n                      d\u00e4r g\u00f6r traktorer ett enormt arbete. En traktor kan exempelvis frakta en kokk\u00e4rra, en kanon p\u00e5 tillh\u00f6rande k\u00e4rra, samt cykeltolkande soldater, samtidigt. Och detta i ganska besv\u00e4rlig terr\u00e4ng! F\u00f6rutom detta, \u00e4r traktorer v\u00e4ldigt anv\u00e4ndbara\n                      vid sn\u00f6r\u00f6jning, dikesgr\u00e4vning, och liknande.&nbsp;<\/p>\n                    <p>Innan svenska milit\u00e4ren kunde motoriseras, anv\u00e4ndes h\u00e4star till denna typ av frakt. Det var inte f\u00f6rr\u00e4n p\u00e5 1950talet som traktorernas int\u00e5g till\u00e4t avh\u00e4stning. M\u00e5nga privat\u00e4gda traktorer var krigsplacerade, och skulle allts\u00e5 i h\u00e4ndelse\n                      av krig eller kris l\u00e4mnas in f\u00f6r milit\u00e4r anv\u00e4ndning.&nbsp;&nbsp;<\/p>\n                  <\/div>\n                <\/div>\n              <\/div>\n            <\/div>\n          <\/div>\n          <div class=\"h-column h-column-container d-flex h-col-lg-auto h-col-md-auto h-col-auto style-900-outer style-local-1209-c6-outer\">\n            <div data-colibri-id=\"1209-c6\" class=\"d-flex h-flex-basis h-column__inner h-ui-empty-state-container h-px-lg-2 h-px-md-2 h-px-2 v-inner-lg-2 v-inner-md-2 v-inner-2 style-900 style-local-1209-c6 position-relative\">\n              <!---->\n              <!---->\n              <div class=\"w-100 h-y-container h-column__content h-column__v-align flex-basis-100\">\n                <!---->\n              <\/div>\n            <\/div>\n          <\/div>\n        <\/div>\n      <\/div>\n      <div data-colibri-id=\"1209-c7\" class=\"h-row-container gutters-row-lg-2 gutters-row-md-2 gutters-row-0 gutters-row-v-lg-2 gutters-row-v-md-2 gutters-row-v-2 style-903 style-local-1209-c7 position-relative\">\n        <!---->\n        <div class=\"h-row justify-content-lg-center justify-content-md-center justify-content-center align-items-lg-stretch align-items-md-stretch align-items-stretch gutters-col-lg-2 gutters-col-md-2 gutters-col-0 gutters-col-v-lg-2 gutters-col-v-md-2 gutters-col-v-2\">\n          <!---->\n          <div class=\"h-column h-column-container d-flex h-col-lg-auto h-col-md-auto h-col-auto style-904-outer style-local-1209-c8-outer\">\n            <div data-colibri-id=\"1209-c8\" class=\"d-flex h-flex-basis h-column__inner h-px-lg-2 h-px-md-2 h-px-2 v-inner-lg-2 v-inner-md-2 v-inner-2 style-904 style-local-1209-c8 position-relative\">\n              <!---->\n              <!---->\n              <div class=\"w-100 h-y-container h-column__content h-column__v-align flex-basis-100 align-self-lg-start align-self-md-start align-self-start\">\n                <!---->\n                <div data-colibri-component=\"\" data-colibri-id=\"1209-c9\" class=\"h-photo-gallery margin-none caption-displayTrue caption-vertical-align-top style-905 style-local-1209-c9 h-overflow-hidden position-relative h-element\">\n                  <!---->\n                  <div class=\"h-global-transition-all\"><div id='colibri-1209-c9' class='gallery-wrapper'>    <style type=\"text\/css\">\n\n        @media (min-width: 1023px) {        #colibri-1209-c9        dl {\n            float: left;\n            width: 25% !important;\n            max-width: 25% !important;\n            min-width: 25% !important;\n        }\n\n        #colibri-1209-c9        dl:nth-of-type(4n +1 ) {\n            clear: both;\n        }\n\n        }@media (min-width: 768px) and (max-width: 1023px) {        #colibri-1209-c9        dl {\n            float: left;\n            width: 25% !important;\n            max-width: 25% !important;\n            min-width: 25% !important;\n        }\n\n        #colibri-1209-c9        dl:nth-of-type(4n +1 ) {\n            clear: both;\n        }\n\n        }@media (max-width: 767px) {        #colibri-1209-c9        dl {\n            float: left;\n            width: 50% !important;\n            max-width: 50% !important;\n            min-width: 50% !important;\n        }\n\n        #colibri-1209-c9        dl:nth-of-type(2n +1 ) {\n            clear: both;\n        }\n\n        }\n        #colibri-1209-c9        .gallery-item {\n            position: relative;\n        }\n\n        \n    <\/style>\n    <div   class='colibri-1209-c9-dls-wrapper gallery-items-wrapper' ><dl class='gallery-item masonry-item'>\n\t\t\t<dt class='gallery-icon portrait'>\n\t\t\t\t<a data-fancybox=\"colibri-1209-c9-group\" href='https:\/\/kalixlinjen.se\/wp-content\/uploads\/2023\/06\/IMG_20230530_104218-scaled.jpg'><img loading=\"lazy\" decoding=\"async\"  width=\"225\" height=\"300\" src=\"https:\/\/kalixlinjen.se\/wp-content\/uploads\/2023\/06\/IMG_20230530_104218-225x300.jpg\"  class='colibri-1209-c9-image' alt=\"Hjultraktor Case International 844 XL4, milregnr 149078\" aria-describedby=\"gallery-1-3414\" srcset=\"https:\/\/kalixlinjen.se\/wp-content\/uploads\/2023\/06\/IMG_20230530_104218-225x300.jpg 225w, https:\/\/kalixlinjen.se\/wp-content\/uploads\/2023\/06\/IMG_20230530_104218-768x1024.jpg 768w, https:\/\/kalixlinjen.se\/wp-content\/uploads\/2023\/06\/IMG_20230530_104218-1152x1536.jpg 1152w, https:\/\/kalixlinjen.se\/wp-content\/uploads\/2023\/06\/IMG_20230530_104218-1536x2048.jpg 1536w, https:\/\/kalixlinjen.se\/wp-content\/uploads\/2023\/06\/IMG_20230530_104218-scaled.jpg 1920w\" sizes=\"auto, (max-width: 225px) 100vw, 225px\" \/><\/a>\n\t\t\t<\/dt>\n\t\t\t\t<div class=\"gallery-caption__wrapper\"><dd class='wp-caption-text gallery-caption' id='gallery-1-3414'>\n\t\t\t\tWheeled tractor, Case International 844 XL4, military registry no 149078\n\t\t\t\t<\/dd><\/div><\/dl><dl class='gallery-item masonry-item'>\n\t\t\t<dt class='gallery-icon portrait'>\n\t\t\t\t<a data-fancybox=\"colibri-1209-c9-group\" href='https:\/\/kalixlinjen.se\/wp-content\/uploads\/2023\/06\/IMG_20230530_104204-scaled.jpg'><img loading=\"lazy\" decoding=\"async\"  width=\"225\" height=\"300\" src=\"https:\/\/kalixlinjen.se\/wp-content\/uploads\/2023\/06\/IMG_20230530_104204-225x300.jpg\"  class='colibri-1209-c9-image' alt=\"Hjultraktor Case International 844 XL4, milregnr 149078\" aria-describedby=\"gallery-1-3416\" srcset=\"https:\/\/kalixlinjen.se\/wp-content\/uploads\/2023\/06\/IMG_20230530_104204-225x300.jpg 225w, https:\/\/kalixlinjen.se\/wp-content\/uploads\/2023\/06\/IMG_20230530_104204-768x1024.jpg 768w, https:\/\/kalixlinjen.se\/wp-content\/uploads\/2023\/06\/IMG_20230530_104204-1152x1536.jpg 1152w, https:\/\/kalixlinjen.se\/wp-content\/uploads\/2023\/06\/IMG_20230530_104204-1536x2048.jpg 1536w, https:\/\/kalixlinjen.se\/wp-content\/uploads\/2023\/06\/IMG_20230530_104204-scaled.jpg 1920w\" sizes=\"auto, (max-width: 225px) 100vw, 225px\" \/><\/a>\n\t\t\t<\/dt>\n\t\t\t\t<div class=\"gallery-caption__wrapper\"><dd class='wp-caption-text gallery-caption' id='gallery-1-3416'>\n\t\t\t\tWheeled tractor, Case International 844 XL4, military registry no 149078\n\t\t\t\t<\/dd><\/div><\/dl><dl class='gallery-item masonry-item'>\n\t\t\t<dt class='gallery-icon portrait'>\n\t\t\t\t<a data-fancybox=\"colibri-1209-c9-group\" href='https:\/\/kalixlinjen.se\/wp-content\/uploads\/2023\/06\/IMG_20230530_104248-scaled.jpg'><img loading=\"lazy\" decoding=\"async\"  width=\"225\" height=\"300\" src=\"https:\/\/kalixlinjen.se\/wp-content\/uploads\/2023\/06\/IMG_20230530_104248-225x300.jpg\"  class='colibri-1209-c9-image' alt=\"Hjultraktor Case International 844 XL4, milregnr 149078\" aria-describedby=\"gallery-1-3415\" srcset=\"https:\/\/kalixlinjen.se\/wp-content\/uploads\/2023\/06\/IMG_20230530_104248-225x300.jpg 225w, https:\/\/kalixlinjen.se\/wp-content\/uploads\/2023\/06\/IMG_20230530_104248-768x1024.jpg 768w, https:\/\/kalixlinjen.se\/wp-content\/uploads\/2023\/06\/IMG_20230530_104248-1152x1536.jpg 1152w, https:\/\/kalixlinjen.se\/wp-content\/uploads\/2023\/06\/IMG_20230530_104248-1536x2048.jpg 1536w, https:\/\/kalixlinjen.se\/wp-content\/uploads\/2023\/06\/IMG_20230530_104248-scaled.jpg 1920w\" sizes=\"auto, (max-width: 225px) 100vw, 225px\" \/><\/a>\n\t\t\t<\/dt>\n\t\t\t\t<div class=\"gallery-caption__wrapper\"><dd class='wp-caption-text gallery-caption' id='gallery-1-3415'>\n\t\t\t\tWheeled tractor, Case International 844 XL4, military registry no 149078\n\t\t\t\t<\/dd><\/div><\/dl>\n\t\t\t\n\t\t<\/div>\n<style>#colibri-1209-c9 .wp-caption-text.gallery-caption{display:none;}<\/style><\/div><\/div>\n                <\/div>\n              <\/div>\n            <\/div>\n          <\/div>\n        <\/div>\n      <\/div>\n      <div data-colibri-id=\"1209-c10\" class=\"h-row-container gutters-row-lg-2 gutters-row-md-2 gutters-row-0 gutters-row-v-lg-2 gutters-row-v-md-2 gutters-row-v-2 style-906 style-local-1209-c10 position-relative\">\n        <!---->\n        <div class=\"h-row justify-content-lg-center justify-content-md-center justify-content-center align-items-lg-stretch align-items-md-stretch align-items-stretch gutters-col-lg-2 gutters-col-md-2 gutters-col-0 gutters-col-v-lg-2 gutters-col-v-md-2 gutters-col-v-2\">\n          <!---->\n          <div class=\"h-column h-column-container d-flex h-col-lg-auto h-col-md-auto h-col-auto style-909-outer style-local-1209-c11-outer\">\n            <div data-colibri-id=\"1209-c11\" class=\"d-flex h-flex-basis h-column__inner h-px-lg-2 h-px-md-2 h-px-2 v-inner-lg-2 v-inner-md-2 v-inner-2 style-909 style-local-1209-c11 position-relative\">\n              <!---->\n              <!---->\n              <div class=\"w-100 h-y-container h-column__content h-column__v-align flex-basis-100 align-self-lg-start align-self-md-start align-self-start\">\n                <!---->\n                <div data-colibri-id=\"1209-c12\" class=\"h-text h-text-component style-2526 style-local-1209-c12 position-relative h-element\">\n                  <!---->\n                  <!---->\n                  <div class=\"\">\n                    <p>Reg. No\n                      <br>149078<\/p>\n                    <p>M5331-446411\n                      <br>HT TUNG 4 IC844 \/T<\/p>\n                    <p>Assigned\n                      <br>FM AVV<\/p>\n                    <p>HTRAK 847 MT 20 mm<\/p>\n                    <p>Vehicle type\n                      <br>TR<\/p>\n                    <p>Fabr\/Typ\n                      <br>Case international 844 XL4<\/p>\n                    <p>Chassis number\n                      <br>D030284F26897<\/p>\n                    <p>Reference number\n                      <br>23605<\/p>\n                    <p>Model code\n                      <br>CS7115<\/p>\n                    <p>Date of registration&nbsp;\n                      <br>1987-04-29<\/p>\n                    <p>Colour\n                      <br>MGREEN<\/p>\n                    <p>User\n                      <br>001<\/p>\n                    <p>Deregistered\n                      <br>AVREG V0918<\/p>\n                    <p>Vehicle body\n                      <br>1 TRAKTOR<\/p>\n                    <p>Length\n                      <br>4,30 m&nbsp;<\/p>\n                    <p>Width\n                      <br>2,25\n                      <br>\n                    <\/p>\n                    <p>Antal passagerare\n                      <br>1<\/p>\n                    <p>Numbers of axles\n                      <br>2<\/p>\n                    <p>Wheelbase\n                      <br>2,38<\/p>\n                    <p>Tyre dimension front\n                      <br>13,6R24\n                      <br>\n                    <\/p>\n                    <p>Tyre dimension back\n                      <br>18,4R34<\/p>\n                    <p>Gar axelbelastning\n                      <br>3100+5000<\/p>\n                    <p>Power in kW\n                      <br>80 (109 hk)<\/p>\n                    <p>Power standard\n                      <br>Din<\/p>\n                    <p>Fuel tank capacity\n                      <br>106<\/p>\n                    <p>Fuel&nbsp;\n                      <br>DIESEL<\/p>\n                    <p>Transmission\n                      <br>MAN\/TILS<\/p>\n                    <p>Curb weight (kg)\n                      <br>4450<\/p>\n                    <p>Totalvikt kg\n                      <br>7000<\/p>\n                    <p>Hitch type&nbsp;\n                      <br>BYGEL&nbsp;<\/p>\n                    <p>Clutch pedal travel\n                      <br>3,15<\/p>\n                    <p>Additional information&nbsp;\n                      <br>YES\n                      <br>T21A DRIVE AXLES 1+1. T71J COMMUNICATION RADIO. BRACKET WITH ALTERNATIVE COUPLING DISTANCE OF 3.10 M. HOOK COUPLING DISTANCE OF 2.85 M. FRONT HYDRAULICS AND HOLDER FOR TOOL MOUNT.<\/p>\n                  <\/div>\n                <\/div>\n              <\/div>\n            <\/div>\n          <\/div>\n          <div class=\"h-column h-column-container d-flex h-col-lg-auto h-col-md-auto h-col-auto style-2527-outer style-local-1209-c13-outer\">\n            <div data-colibri-id=\"1209-c13\" class=\"d-flex h-flex-basis h-column__inner h-ui-empty-state-container h-px-lg-2 h-px-md-2 h-px-2 v-inner-lg-2 v-inner-md-2 v-inner-2 style-2527 style-local-1209-c13 position-relative\">\n              <!---->\n              <!---->\n              <div class=\"w-100 h-y-container h-column__content h-column__v-align flex-basis-100\">\n                <!---->\n              <\/div>\n            <\/div>\n          <\/div>\n        <\/div>\n      <\/div>\n    <\/div>\n  <\/div>\n<\/div>","protected":false},"excerpt":{"rendered":"<p>HT tung 4 ic844 \/t TRAKTOR CASE INTERNATIONAL 844 axl Case Internationals traktorer har ett gediget och v\u00e4lf\u00f6rtj\u00e4nt rykte som b\u00e5de mycket drifts\u00e4kra och komfortabla. Med fyrhjulsdrift och en 4,4l fyrcylindring motor ger den sega och dragstarka 109 hk. F\u00f6rutom att vara seg, stark, och m\u00e5ngsidig, har den dessutom moderniteter som komforthytt med klimatkontroll.&nbsp; Inom [&hellip;]<\/p>\n","protected":false},"author":1,"featured_media":0,"parent":0,"menu_order":0,"comment_status":"closed","ping_status":"closed","template":"page-templates\/full-width-page.php","meta":{"_kadence_starter_templates_imported_post":false,"footnotes":""},"class_list":["post-1209","page","type-page","status-publish","hentry"],"yoast_head":"<!-- This site is optimized with the Yoast SEO plugin v27.4 - https:\/\/yoast.com\/product\/yoast-seo-wordpress\/ -->\n<title>Traktor case international 844 axl - Kalixlinjens museum<\/title>\n<meta name=\"robots\" content=\"index, follow, max-snippet:-1, max-image-preview:large, max-video-preview:-1\" \/>\n<link rel=\"canonical\" href=\"https:\/\/kalixlinjen.se\/en\/traktor-case-international-844-axl\/\" \/>\n<meta property=\"og:locale\" content=\"en_GB\" \/>\n<meta property=\"og:type\" content=\"article\" \/>\n<meta property=\"og:title\" content=\"Traktor case international 844 axl - Kalixlinjens museum\" \/>\n<meta property=\"og:description\" content=\"HT tung 4 ic844 \/t TRAKTOR CASE INTERNATIONAL 844 axl Case Internationals traktorer har ett gediget och v\u00e4lf\u00f6rtj\u00e4nt rykte som b\u00e5de mycket drifts\u00e4kra och komfortabla. Med fyrhjulsdrift och en 4,4l fyrcylindring motor ger den sega och dragstarka 109 hk. F\u00f6rutom att vara seg, stark, och m\u00e5ngsidig, har den dessutom moderniteter som komforthytt med klimatkontroll.&nbsp; Inom [&hellip;]\" \/>\n<meta property=\"og:url\" content=\"https:\/\/kalixlinjen.se\/en\/traktor-case-international-844-axl\/\" \/>\n<meta property=\"og:site_name\" content=\"Kalixlinjens museum\" \/>\n<meta property=\"article:publisher\" content=\"https:\/\/www.facebook.com\/kalixlinjensmuseum\" \/>\n<meta property=\"article:modified_time\" content=\"2024-10-21T13:45:06+00:00\" \/>\n<meta name=\"twitter:card\" content=\"summary_large_image\" \/>\n<meta name=\"twitter:label1\" content=\"Estimated reading time\" \/>\n\t<meta name=\"twitter:data1\" content=\"2 minutes\" \/>\n<script type=\"application\/ld+json\" class=\"yoast-schema-graph\">{\"@context\":\"https:\\\/\\\/schema.org\",\"@graph\":[{\"@type\":\"WebPage\",\"@id\":\"https:\\\/\\\/kalixlinjen.se\\\/traktor-case-international-844-axl\\\/\",\"url\":\"https:\\\/\\\/kalixlinjen.se\\\/traktor-case-international-844-axl\\\/\",\"name\":\"Traktor case international 844 axl - Kalixlinjens museum\",\"isPartOf\":{\"@id\":\"https:\\\/\\\/kalixlinjen.se\\\/#website\"},\"datePublished\":\"2023-04-18T11:39:46+00:00\",\"dateModified\":\"2024-10-21T13:45:06+00:00\",\"breadcrumb\":{\"@id\":\"https:\\\/\\\/kalixlinjen.se\\\/traktor-case-international-844-axl\\\/#breadcrumb\"},\"inLanguage\":\"en-GB\",\"potentialAction\":[{\"@type\":\"ReadAction\",\"target\":[\"https:\\\/\\\/kalixlinjen.se\\\/traktor-case-international-844-axl\\\/\"]}]},{\"@type\":\"BreadcrumbList\",\"@id\":\"https:\\\/\\\/kalixlinjen.se\\\/traktor-case-international-844-axl\\\/#breadcrumb\",\"itemListElement\":[{\"@type\":\"ListItem\",\"position\":1,\"name\":\"Hem\",\"item\":\"https:\\\/\\\/kalixlinjen.se\\\/\"},{\"@type\":\"ListItem\",\"position\":2,\"name\":\"Traktor case international 844 axl\"}]},{\"@type\":\"WebSite\",\"@id\":\"https:\\\/\\\/kalixlinjen.se\\\/#website\",\"url\":\"https:\\\/\\\/kalixlinjen.se\\\/\",\"name\":\"Kalixlinjens museum\",\"description\":\"St\u00f6rst och hemligast!\",\"publisher\":{\"@id\":\"https:\\\/\\\/kalixlinjen.se\\\/#organization\"},\"potentialAction\":[{\"@type\":\"SearchAction\",\"target\":{\"@type\":\"EntryPoint\",\"urlTemplate\":\"https:\\\/\\\/kalixlinjen.se\\\/?s={search_term_string}\"},\"query-input\":{\"@type\":\"PropertyValueSpecification\",\"valueRequired\":true,\"valueName\":\"search_term_string\"}}],\"inLanguage\":\"en-GB\"},{\"@type\":\"Organization\",\"@id\":\"https:\\\/\\\/kalixlinjen.se\\\/#organization\",\"name\":\"Kalixlinjens museum\",\"url\":\"https:\\\/\\\/kalixlinjen.se\\\/\",\"logo\":{\"@type\":\"ImageObject\",\"inLanguage\":\"en-GB\",\"@id\":\"https:\\\/\\\/kalixlinjen.se\\\/#\\\/schema\\\/logo\\\/image\\\/\",\"url\":\"https:\\\/\\\/kalixlinjen.se\\\/wp-content\\\/uploads\\\/2022\\\/11\\\/cropped-cropped-cropped-cropped-loggo.png\",\"contentUrl\":\"https:\\\/\\\/kalixlinjen.se\\\/wp-content\\\/uploads\\\/2022\\\/11\\\/cropped-cropped-cropped-cropped-loggo.png\",\"width\":512,\"height\":512,\"caption\":\"Kalixlinjens museum\"},\"image\":{\"@id\":\"https:\\\/\\\/kalixlinjen.se\\\/#\\\/schema\\\/logo\\\/image\\\/\"},\"sameAs\":[\"https:\\\/\\\/www.facebook.com\\\/kalixlinjensmuseum\",\"https:\\\/\\\/www.instagram.com\\\/kalixlinjens_museum\\\/\"]}]}<\/script>\n<!-- \/ Yoast SEO plugin. -->","yoast_head_json":{"title":"Traktor case international 844 axl - Kalixlinjens museum","robots":{"index":"index","follow":"follow","max-snippet":"max-snippet:-1","max-image-preview":"max-image-preview:large","max-video-preview":"max-video-preview:-1"},"canonical":"https:\/\/kalixlinjen.se\/en\/traktor-case-international-844-axl\/","og_locale":"en_GB","og_type":"article","og_title":"Traktor case international 844 axl - Kalixlinjens museum","og_description":"HT tung 4 ic844 \/t TRAKTOR CASE INTERNATIONAL 844 axl Case Internationals traktorer har ett gediget och v\u00e4lf\u00f6rtj\u00e4nt rykte som b\u00e5de mycket drifts\u00e4kra och komfortabla. Med fyrhjulsdrift och en 4,4l fyrcylindring motor ger den sega och dragstarka 109 hk. F\u00f6rutom att vara seg, stark, och m\u00e5ngsidig, har den dessutom moderniteter som komforthytt med klimatkontroll.&nbsp; Inom [&hellip;]","og_url":"https:\/\/kalixlinjen.se\/en\/traktor-case-international-844-axl\/","og_site_name":"Kalixlinjens museum","article_publisher":"https:\/\/www.facebook.com\/kalixlinjensmuseum","article_modified_time":"2024-10-21T13:45:06+00:00","twitter_card":"summary_large_image","twitter_misc":{"Estimated reading time":"2 minutes"},"schema":{"@context":"https:\/\/schema.org","@graph":[{"@type":"WebPage","@id":"https:\/\/kalixlinjen.se\/traktor-case-international-844-axl\/","url":"https:\/\/kalixlinjen.se\/traktor-case-international-844-axl\/","name":"Traktor case international 844 axl - Kalixlinjens museum","isPartOf":{"@id":"https:\/\/kalixlinjen.se\/#website"},"datePublished":"2023-04-18T11:39:46+00:00","dateModified":"2024-10-21T13:45:06+00:00","breadcrumb":{"@id":"https:\/\/kalixlinjen.se\/traktor-case-international-844-axl\/#breadcrumb"},"inLanguage":"en-GB","potentialAction":[{"@type":"ReadAction","target":["https:\/\/kalixlinjen.se\/traktor-case-international-844-axl\/"]}]},{"@type":"BreadcrumbList","@id":"https:\/\/kalixlinjen.se\/traktor-case-international-844-axl\/#breadcrumb","itemListElement":[{"@type":"ListItem","position":1,"name":"Hem","item":"https:\/\/kalixlinjen.se\/"},{"@type":"ListItem","position":2,"name":"Traktor case international 844 axl"}]},{"@type":"WebSite","@id":"https:\/\/kalixlinjen.se\/#website","url":"https:\/\/kalixlinjen.se\/","name":"The Kalix line museum","description":"St\u00f6rst och hemligast!","publisher":{"@id":"https:\/\/kalixlinjen.se\/#organization"},"potentialAction":[{"@type":"SearchAction","target":{"@type":"EntryPoint","urlTemplate":"https:\/\/kalixlinjen.se\/?s={search_term_string}"},"query-input":{"@type":"PropertyValueSpecification","valueRequired":true,"valueName":"search_term_string"}}],"inLanguage":"en-GB"},{"@type":"Organization","@id":"https:\/\/kalixlinjen.se\/#organization","name":"The Kalix line museum","url":"https:\/\/kalixlinjen.se\/","logo":{"@type":"ImageObject","inLanguage":"en-GB","@id":"https:\/\/kalixlinjen.se\/#\/schema\/logo\/image\/","url":"https:\/\/kalixlinjen.se\/wp-content\/uploads\/2022\/11\/cropped-cropped-cropped-cropped-loggo.png","contentUrl":"https:\/\/kalixlinjen.se\/wp-content\/uploads\/2022\/11\/cropped-cropped-cropped-cropped-loggo.png","width":512,"height":512,"caption":"Kalixlinjens museum"},"image":{"@id":"https:\/\/kalixlinjen.se\/#\/schema\/logo\/image\/"},"sameAs":["https:\/\/www.facebook.com\/kalixlinjensmuseum","https:\/\/www.instagram.com\/kalixlinjens_museum\/"]}]}},"_links":{"self":[{"href":"https:\/\/kalixlinjen.se\/en\/wp-json\/wp\/v2\/pages\/1209","targetHints":{"allow":["GET"]}}],"collection":[{"href":"https:\/\/kalixlinjen.se\/en\/wp-json\/wp\/v2\/pages"}],"about":[{"href":"https:\/\/kalixlinjen.se\/en\/wp-json\/wp\/v2\/types\/page"}],"author":[{"embeddable":true,"href":"https:\/\/kalixlinjen.se\/en\/wp-json\/wp\/v2\/users\/1"}],"replies":[{"embeddable":true,"href":"https:\/\/kalixlinjen.se\/en\/wp-json\/wp\/v2\/comments?post=1209"}],"version-history":[{"count":8,"href":"https:\/\/kalixlinjen.se\/en\/wp-json\/wp\/v2\/pages\/1209\/revisions"}],"predecessor-version":[{"id":5540,"href":"https:\/\/kalixlinjen.se\/en\/wp-json\/wp\/v2\/pages\/1209\/revisions\/5540"}],"wp:attachment":[{"href":"https:\/\/kalixlinjen.se\/en\/wp-json\/wp\/v2\/media?parent=1209"}],"curies":[{"name":"wp","href":"https:\/\/api.w.org\/{rel}","templated":true}]}}